

{"id":14561,"date":"2021-01-28T23:32:18","date_gmt":"2021-01-28T22:32:18","guid":{"rendered":"https:\/\/www.darksky.ch\/dsx\/?page_id=14561"},"modified":"2025-08-05T17:15:53","modified_gmt":"2025-08-05T15:15:53","slug":"ce-qui-nous-interesse","status":"publish","type":"page","link":"https:\/\/www.darksky.ch\/dss\/fr\/ce-qui-nous-interesse\/","title":{"rendered":"Ce qui nous int\u00e9resse"},"content":{"rendered":"<p style=\"text-align: left;\"><a href=\"https:\/\/www.darksky.ch\/dss\/fr\/\"><img loading=\"lazy\" decoding=\"async\" class=\"size-full wp-image-12008 aligncenter\" src=\"https:\/\/www.darksky.ch\/dss\/wp-content\/uploads\/2020\/04\/3A_DSC5934-sans_diffuseur_4k-scaled.jpg\" alt=\"Jupiter close to Antares, Scorpio; Saturn in Sagittarius, galactic center of the Milky Way. Phoenician Juniper silhouette at horizon on El Hierro. No soft focus applied.\" width=\"2560\" height=\"1707\" srcset=\"https:\/\/www.darksky.ch\/dss\/wp-content\/uploads\/2020\/04\/3A_DSC5934-sans_diffuseur_4k-scaled.jpg 2560w, https:\/\/www.darksky.ch\/dss\/wp-content\/uploads\/2020\/04\/3A_DSC5934-sans_diffuseur_4k-300x200.jpg 300w, https:\/\/www.darksky.ch\/dss\/wp-content\/uploads\/2020\/04\/3A_DSC5934-sans_diffuseur_4k-1020x680.jpg 1020w, https:\/\/www.darksky.ch\/dss\/wp-content\/uploads\/2020\/04\/3A_DSC5934-sans_diffuseur_4k-1536x1024.jpg 1536w, https:\/\/www.darksky.ch\/dss\/wp-content\/uploads\/2020\/04\/3A_DSC5934-sans_diffuseur_4k-2048x1365.jpg 2048w, https:\/\/www.darksky.ch\/dss\/wp-content\/uploads\/2020\/04\/3A_DSC5934-sans_diffuseur_4k-1200x800.jpg 1200w\" sizes=\"auto, (max-width: 709px) 85vw, (max-width: 909px) 67vw, (max-width: 1362px) 62vw, 840px\" \/><\/a><\/p>\n<p>Selon de nouvelles estimations, la Terre existerait depuis 4,567 milliards d&#8217;ann\u00e9es. La vie s&#8217;y est d\u00e9velopp\u00e9e depuis 3,5\u00a0milliards d&#8217;ann\u00e9es: des organismes unicellulaires, puis multicellulaires, de tout petits organismes v\u00e9g\u00e9taux, enfin les premiers animaux. Ils ont \u00e9volu\u00e9 depuis le d\u00e9but pour r\u00e9ussir \u00e0 vivre de jour ou de nuit. La croyance qu&#8217;il y a plus d&#8217;esp\u00e8ces diurnes que d&#8217;esp\u00e8ces nocturnes est erron\u00e9e.<\/p>\n<p>Il y a 170 ans, un mammif\u00e8re diurne a invent\u00e9 la lumi\u00e8re \u00e9lectrique. La lumi\u00e8re artificielle a permis la s\u00e9curit\u00e9, le confort et l&#8217;\u00e9panouissement \u00e9conomique. C&#8217;\u00e9tait en m\u00eame temps le pr\u00e9lude \u00e0 une v\u00e9ritable colonisation de la nuit par l\u2019\u00eatre humain. Dans les pays industrialis\u00e9s, le manque de r\u00e9flexion a souvent conduit \u00e0 des \u00e9clairages inutiles et excessifs des villes et des paysages. De nos jours, nous en sommes incommod\u00e9s. Et nous ne voyons plus les \u00e9toiles!<\/p>\n<p>Les animaux nocturnes et leurs r\u00e9seaux \u00e9cologiques complexes ont \u00e9volu\u00e9 g\u00e9n\u00e9tiquement au cours de milliards d&#8217;ann\u00e9es. Avec chaque cellule de leur corps, les animaux, grands ou petits, se sont r\u00e9gl\u00e9s par rapport \u00e0 l\u2019obscurit\u00e9. La lune et les astres les ont toujours guid\u00e9s. La lumi\u00e8re artificielle est nocive pour de nombreuses esp\u00e8ces et a un effet destructeur sur les interactions \u00e9cologiques de diff\u00e9rentes esp\u00e8ces animales ou v\u00e9g\u00e9tales. Pour nous, les \u00eatres humains, cela signifie \u00abAutant de lumi\u00e8re que n\u00e9cessaire, mais aussi peu que possible\u00bb.<\/p>\n<p>Voil\u00e0 \u00e0 quoi nous \u0153uvrons chez DarkSky Switzerland.<\/p>\n","protected":false},"excerpt":{"rendered":"<p>Selon de nouvelles estimations, la Terre existerait depuis 4,567 milliards d&#8217;ann\u00e9es. La vie s&#8217;y est d\u00e9velopp\u00e9e depuis 3,5\u00a0milliards d&#8217;ann\u00e9es: des organismes unicellulaires, puis multicellulaires, de tout petits organismes v\u00e9g\u00e9taux, enfin les premiers animaux. Ils ont \u00e9volu\u00e9 depuis le d\u00e9but pour r\u00e9ussir \u00e0 vivre de jour ou de nuit. La croyance qu&#8217;il y a plus d&#8217;esp\u00e8ces &hellip; <a href=\"https:\/\/www.darksky.ch\/dss\/fr\/ce-qui-nous-interesse\/\" class=\"more-link\">Continue reading<span class=\"screen-reader-text\"> &#8220;Ce qui nous int\u00e9resse&#8221;<\/span><\/a><\/p>\n","protected":false},"author":2,"featured_media":0,"parent":0,"menu_order":0,"comment_status":"closed","ping_status":"closed","template":"","meta":{"_acf_changed":false,"footnotes":""},"class_list":["post-14561","page","type-page","status-publish","hentry"],"acf":[],"_links":{"self":[{"href":"https:\/\/www.darksky.ch\/dss\/fr\/wp-json\/wp\/v2\/pages\/14561","targetHints":{"allow":["GET"]}}],"collection":[{"href":"https:\/\/www.darksky.ch\/dss\/fr\/wp-json\/wp\/v2\/pages"}],"about":[{"href":"https:\/\/www.darksky.ch\/dss\/fr\/wp-json\/wp\/v2\/types\/page"}],"author":[{"embeddable":true,"href":"https:\/\/www.darksky.ch\/dss\/fr\/wp-json\/wp\/v2\/users\/2"}],"replies":[{"embeddable":true,"href":"https:\/\/www.darksky.ch\/dss\/fr\/wp-json\/wp\/v2\/comments?post=14561"}],"version-history":[{"count":3,"href":"https:\/\/www.darksky.ch\/dss\/fr\/wp-json\/wp\/v2\/pages\/14561\/revisions"}],"predecessor-version":[{"id":16294,"href":"https:\/\/www.darksky.ch\/dss\/fr\/wp-json\/wp\/v2\/pages\/14561\/revisions\/16294"}],"wp:attachment":[{"href":"https:\/\/www.darksky.ch\/dss\/fr\/wp-json\/wp\/v2\/media?parent=14561"}],"curies":[{"name":"wp","href":"https:\/\/api.w.org\/{rel}","templated":true}]}}