

{"id":14862,"date":"2020-12-15T17:43:59","date_gmt":"2020-12-15T16:43:59","guid":{"rendered":"https:\/\/www.darksky.ch\/dsx\/?page_id=14862"},"modified":"2025-04-09T18:05:11","modified_gmt":"2025-04-09T16:05:11","slug":"archives","status":"publish","type":"page","link":"https:\/\/www.darksky.ch\/dss\/fr\/archives\/","title":{"rendered":"Archives"},"content":{"rendered":"<div class=\"page\" title=\"Page 1\">\n<div class=\"layoutArea\">\n<div class=\"column\">\n<p>Nous sommes fiers de nos archives! Le document le plus ancien fait \u00e9tat de la fondation de DarkSky Switzerland en 1996. D\u00e8s le d\u00e9but, l\u2019association a \u00e9t\u00e9 en contact \u00e9troit avec diverses soci\u00e9t\u00e9s d&#8217;astronomie, puis tr\u00e8s vite avec des organisations de protection des animaux qui constataient les effets nuisibles de la pollution lumineuse, par exemple sur l\u2019avifaune.<\/p>\n<p>Si vous d\u00e9sirez vous plonger dans les annales de l&#8217;association un apr\u00e8s-midi pluvieux, vous trouverez \u00e0 coup s\u00fbr de quoi lire.<\/p>\n<\/div>\n<\/div>\n<\/div>\n","protected":false},"excerpt":{"rendered":"<p>Nous sommes fiers de nos archives! Le document le plus ancien fait \u00e9tat de la fondation de DarkSky Switzerland en 1996. D\u00e8s le d\u00e9but, l\u2019association a \u00e9t\u00e9 en contact \u00e9troit avec diverses soci\u00e9t\u00e9s d&#8217;astronomie, puis tr\u00e8s vite avec des organisations de protection des animaux qui constataient les effets nuisibles de la pollution lumineuse, par exemple &hellip; <a href=\"https:\/\/www.darksky.ch\/dss\/fr\/archives\/\" class=\"more-link\">Continue reading<span class=\"screen-reader-text\"> &#8220;Archives&#8221;<\/span><\/a><\/p>\n","protected":false},"author":2,"featured_media":0,"parent":0,"menu_order":0,"comment_status":"closed","ping_status":"closed","template":"page-archive.php","meta":{"_acf_changed":false,"footnotes":""},"class_list":["post-14862","page","type-page","status-publish","hentry"],"acf":[],"_links":{"self":[{"href":"https:\/\/www.darksky.ch\/dss\/fr\/wp-json\/wp\/v2\/pages\/14862","targetHints":{"allow":["GET"]}}],"collection":[{"href":"https:\/\/www.darksky.ch\/dss\/fr\/wp-json\/wp\/v2\/pages"}],"about":[{"href":"https:\/\/www.darksky.ch\/dss\/fr\/wp-json\/wp\/v2\/types\/page"}],"author":[{"embeddable":true,"href":"https:\/\/www.darksky.ch\/dss\/fr\/wp-json\/wp\/v2\/users\/2"}],"replies":[{"embeddable":true,"href":"https:\/\/www.darksky.ch\/dss\/fr\/wp-json\/wp\/v2\/comments?post=14862"}],"version-history":[{"count":1,"href":"https:\/\/www.darksky.ch\/dss\/fr\/wp-json\/wp\/v2\/pages\/14862\/revisions"}],"predecessor-version":[{"id":14863,"href":"https:\/\/www.darksky.ch\/dss\/fr\/wp-json\/wp\/v2\/pages\/14862\/revisions\/14863"}],"wp:attachment":[{"href":"https:\/\/www.darksky.ch\/dss\/fr\/wp-json\/wp\/v2\/media?parent=14862"}],"curies":[{"name":"wp","href":"https:\/\/api.w.org\/{rel}","templated":true}]}}