

{"id":14864,"date":"2021-01-27T14:31:55","date_gmt":"2021-01-27T13:31:55","guid":{"rendered":"https:\/\/www.darksky.ch\/dsx\/?page_id=14864"},"modified":"2025-05-29T14:59:45","modified_gmt":"2025-05-29T12:59:45","slug":"mentions-legales","status":"publish","type":"page","link":"https:\/\/www.darksky.ch\/dss\/fr\/mentions-legales\/","title":{"rendered":"Mentions l\u00e9gales"},"content":{"rendered":"<p>DarkSky Switzerland (DarkSky) est une association \u00e0 but non lucratif de droit suisse.<br \/>\nLa Pr\u00e9sidence, en la personne de Dr Eliott Guenat, assume la direction du Comit\u00e9 directeur.<br \/>\nLe Bureau, sous la responsabilit\u00e9 de Dr Lukas Schuler, dirige l&#8217;association.<\/p>\n<p><strong>Adresse postale<\/strong><br \/>\nDarkSky Switzerland<br \/>\nFriedenstrasse 7a<br \/>\n8304 Wallisellen<\/p>\n<p><strong>Si\u00e8ge statutaire<br \/>\n<\/strong>DarkSky Switzerland<br \/>\nFriedenstrasse 7a<br \/>\n8304 Wallisellen<\/p>\n<p><strong>Courriel<\/strong><br \/>\noffice@darksky.ch<\/p>\n<p><strong>T\u00e9l\u00e9phone<\/strong><br \/>\n044 796 17 70<\/p>\n<p><strong>Liens d&#8217;int\u00e9r\u00eat (affiliations)<\/strong><br \/>\nDarkSky Switzerland est une branche de <a href=\"https:\/\/www.darksky.org\/\">DarkSky<\/a> <a href=\"https:\/\/www.darksky.org\/\">International <\/a>(depuis 1998)<br \/>\nDarkSky Switzerland est membre de <a href=\"https:\/\/naturschutz.ch\/\">naturschutz.ch<\/a> (depuis 2019)<br \/>\nDarkSky Switzerland collabore avec d&#8217;autres associations environnementales en fonction de leurs pr\u00e9occupations, telles que <a href=\"https:\/\/naturfreunde.ch\">les Amis de la Nature Suisse<\/a>, <a href=\"https:\/\/abeilles.ch\/a-propos-de-nous\/\">apisuisse<\/a>, <a href=\"https:\/\/pronatura.ch\">Pro Natura<\/a>, <a href=\"https:\/\/birdlife.ch\">Birdlife<\/a>, <a href=\"https:\/\/mountainwilderness.ch\/\">Mountain Wilderness<\/a>, <a href=\"https:\/\/wwf.ch\">WWF<\/a>.<\/p>\n<p><strong>Obligations<br \/>\n<\/strong>La constitution de l&#8217;association est d\u00e9finie dans ses statuts.<br \/>\nLes comptes annuels sont soumis au contr\u00f4le de deux r\u00e9viseurs.<br \/>\nLors de chaque assembl\u00e9e g\u00e9n\u00e9rale, les membres votent sur les questions statutaires et \u00e9conomiques (comptes annuels, budget).<br \/>\nLes membres sp\u00e9cialistes de la planification de l&#8217;\u00e9clairage s&#8217;engagent volontairement \u00e0 appliquer la norme SIA 491.<br \/>\nDarkSky Switzerland rend compte chaque ann\u00e9e du d\u00e9veloppement en cours de l&#8217;association et des oppositions r\u00e9solues \u00e0 l&#8217;organisation fa\u00eeti\u00e8re DarkSky International et \u00e0 l&#8217;<a href=\"https:\/\/www.bafu.admin.ch\">OFEV<\/a>.<\/p>\n<p><strong>Droits<\/strong><br \/>\nDepuis le 1.6.2019, DarkSky Switzerland dispose du droit de recours des associations conform\u00e9ment \u00e0 la loi sur la protection de l&#8217;environnement et \u00e0 la loi sur la protection de la nature et du paysage. \u00c0 des fins de pr\u00e9servation de la nature, notre association est habilit\u00e9e \u00e0 faire opposition contre des projets de construction susceptibles de g\u00e9n\u00e9rer des immissions lumineuses.<\/p>\n<p><strong>Site internet<br \/>\n<\/strong>Cr\u00e9\u00e9 avec <a href=\"https:\/\/wordpress.org\/\">WordPress<\/a>, <a href=\"https:\/\/wpml.org\">WPML<\/a>, et Services de <a href=\"https:\/\/www.xirrus.ch\">xirrus GmbH<\/a><\/p>\n<p><strong>Protection des donn\u00e9es<br \/>\n<\/strong>Les donn\u00e9es personnelles ne sont collect\u00e9es que si vous le souhaitez.<br \/>\nLes lettres d&#8217;information internes \u00e0 l&#8217;association utilisent les courriels saisis.<br \/>\nTous les utilisateurs sont inform\u00e9s du stockage des cookies.<br \/>\nDarkSky Switzerland renonce d\u00e9lib\u00e9r\u00e9ment au tracking.<\/p>\n","protected":false},"excerpt":{"rendered":"<p>DarkSky Switzerland (DarkSky) est une association \u00e0 but non lucratif de droit suisse. La Pr\u00e9sidence, en la personne de Dr Eliott Guenat, assume la direction du Comit\u00e9 directeur. Le Bureau, sous la responsabilit\u00e9 de Dr Lukas Schuler, dirige l&#8217;association. Adresse postale DarkSky Switzerland Friedenstrasse 7a 8304 Wallisellen Si\u00e8ge statutaire DarkSky Switzerland Friedenstrasse 7a 8304 Wallisellen &hellip; <a href=\"https:\/\/www.darksky.ch\/dss\/fr\/mentions-legales\/\" class=\"more-link\">Continue reading<span class=\"screen-reader-text\"> &#8220;Mentions l\u00e9gales&#8221;<\/span><\/a><\/p>\n","protected":false},"author":2,"featured_media":0,"parent":0,"menu_order":1,"comment_status":"closed","ping_status":"closed","template":"","meta":{"_acf_changed":false,"footnotes":""},"class_list":["post-14864","page","type-page","status-publish","hentry"],"acf":[],"_links":{"self":[{"href":"https:\/\/www.darksky.ch\/dss\/fr\/wp-json\/wp\/v2\/pages\/14864","targetHints":{"allow":["GET"]}}],"collection":[{"href":"https:\/\/www.darksky.ch\/dss\/fr\/wp-json\/wp\/v2\/pages"}],"about":[{"href":"https:\/\/www.darksky.ch\/dss\/fr\/wp-json\/wp\/v2\/types\/page"}],"author":[{"embeddable":true,"href":"https:\/\/www.darksky.ch\/dss\/fr\/wp-json\/wp\/v2\/users\/2"}],"replies":[{"embeddable":true,"href":"https:\/\/www.darksky.ch\/dss\/fr\/wp-json\/wp\/v2\/comments?post=14864"}],"version-history":[{"count":13,"href":"https:\/\/www.darksky.ch\/dss\/fr\/wp-json\/wp\/v2\/pages\/14864\/revisions"}],"predecessor-version":[{"id":15848,"href":"https:\/\/www.darksky.ch\/dss\/fr\/wp-json\/wp\/v2\/pages\/14864\/revisions\/15848"}],"wp:attachment":[{"href":"https:\/\/www.darksky.ch\/dss\/fr\/wp-json\/wp\/v2\/media?parent=14864"}],"curies":[{"name":"wp","href":"https:\/\/api.w.org\/{rel}","templated":true}]}}