

{"id":14941,"date":"2021-01-29T00:28:18","date_gmt":"2021-01-28T23:28:18","guid":{"rendered":"https:\/\/www.darksky.ch\/dsx\/?page_id=14941"},"modified":"2025-06-06T18:37:01","modified_gmt":"2025-06-06T16:37:01","slug":"agir-vous-memes","status":"publish","type":"page","link":"https:\/\/www.darksky.ch\/dss\/fr\/agir-vous-memes\/","title":{"rendered":"Agir"},"content":{"rendered":"<h2><strong>Faites le premier pas &#8211; vous avez le champ libre<\/strong> !<\/h2>\n<p>En bref, \u00e9clairez autant que n\u00e9cessaire, mais aussi peu que possible! Une porte d&#8217;entr\u00e9e n&#8217;a pas besoin d&#8217;\u00eatre \u00e9clair\u00e9e comme en plein jour, n\u2019est-ce pas ? Les lampes solaires sont sympathiques, mais sont-elles n\u00e9cessaires ? La nature et l\u2019\u00eatre humain doivent se pr\u00e9server autant l\u2019une que l\u2019autre non seulement du bruit, mais aussi disposer d\u2019un repos visuel nocturne.<br \/>\nConsultez notre <a href=\"https:\/\/www.darksky.ch\/dss\/fr\/a-savoir\/la-nuit-a-besoin-de-son-obscurite\/\">d\u00e9pliant<\/a> sur un \u00e9clairage appropri\u00e9. Peut-\u00eatre d\u00e9sirez-vous attirer l&#8217;attention de vos voisins sur la pollution lumineuse ? Nous vous envoyons volontiers quelques exemplaires \u00e0 distribuer !<\/p>\n<h2><strong>Un \u00e9clairage vous d\u00e9range-t-il sur votre lieu de r\u00e9sidence<\/strong> ?<\/h2>\n<p>Vous lirez <a href=\"https:\/\/www.darksky.ch\/dss\/de\/handeln\/behelligte-anwohner\/\">ici<\/a> comment n\u00e9gocier efficacement avec les pollueurs, quelles autorit\u00e9s sont comp\u00e9tentes pour traiter votre demande, ainsi que le cadre juridique en vigueur.<\/p>\n<h2><strong>\u00cates-vous propri\u00e9taire d&#8217;une maison ou g\u00e9rant\u00b7e d&#8217;un bien immobilier\u00a0<\/strong>?<\/h2>\n<p>Nous vous mettons en contact avec des prestataires de services \u00e0 m\u00eame de planifier, mesurer et analyser l\u2019\u00e9clairage de mani\u00e8re professionnelle.<br \/>\nVous trouverez ici une fiche d\u2019information pour <a href=\"https:\/\/www.darksky.ch\/dss\/fr\/agir\/les-proprietaires\/\">Les propri\u00e9taires et g\u00e9rant\u00b7e\u00b7s d\u2019immeubles<\/a> avec de nombreuses illustrations pour un \u00e9clairage appropri\u00e9 des biens immobiliers.<\/p>\n<h2><strong>Souhaitez-vous agir en tant que citoyen ou citoyenne sensible \u00e0 la pollution lumineuse<\/strong>?<\/h2>\n<ul>\n<li>R\u00e9digez une lettre de lecteur.<\/li>\n<li>Adressez-vous \u00e0 votre commune\/canton et attirez l&#8217;attention sur le probl\u00e8me.<\/li>\n<li>Adressez-vous \u00e0 des membres de votre parti ou \u00e0 des personnes \u00e9lues de votre commune, de votre canton ou de la Conf\u00e9d\u00e9ration.<\/li>\n<li>Si vous avez du temps et de la pers\u00e9v\u00e9rance, vous pouvez \u00e9galement prendre vous-m\u00eame une initiative environnementale dans votre commune, de pr\u00e9f\u00e9rence en tant que groupe d\u2019int\u00e9r\u00eat.<\/li>\n<\/ul>\n<p>Et enfin :<br \/>\n<a href=\"https:\/\/www.darksky.ch\/dss\/fr\/darksky-switzerland\/devenir-membre\/\">Devenez membre de DarkSky Switzerland<\/a> &#8211; afin de donner encore plus de poids \u00e0 votre action!<\/p>\n<div class=\"map\"><h2 id=\"total\">Membres<\/h2><div class=\"mapselect\" id=\"initiativeSelector\" value=\"0\"><\/div><p id=\"mapinfo\">\u00a0<\/p><svg viewBox=\"0 0 800 600\">\n<defs>\n<linearGradient id=\"matrixLinearGradient\"\nx1=\"100%\" y1=\"0%\"\nx2=\"100%\" y2=\"100%\"\nspreadMethod=\"pad\">\n<stop id=\"startFarbe\" offset=\"0%\" stop-color=\"#eeeeee\" stop-opacity=\"1\"><\/stop>\n<stop id=\"stopFarbe\" offset=\"100%\" stop-color=\"#ffffff\" stop-opacity=\"1\"><\/stop>\n<\/linearGradient>\n<\/defs> \n    \t     <rect width=\"30\" height=\"500\" x=\"770\" y=\"50\" style=\"fill:#eeeeee;stroke-width:1;stroke:black\"\/>\n    \t     <rect id=\"barometer\" width=\"30\" height=\"500\" x=\"770\" y=\"50\" style=\"stroke-width:2;stroke:black\" \/>\n  \t\t\t <text id=\"aim\" x=\"770\" y=\"35\" class=\"small\"><\/text>\n      <\/svg><\/div>\n<p>Ou faites-nous simplement un <a href=\"https:\/\/www.darksky.ch\/dss\/fr\/darksky-switzerland\/faire-un-don\/\">don<\/a>.<\/p>\n","protected":false},"excerpt":{"rendered":"<p>Faites le premier pas &#8211; vous avez le champ libre ! En bref, \u00e9clairez autant que n\u00e9cessaire, mais aussi peu que possible! Une porte d&#8217;entr\u00e9e n&#8217;a pas besoin d&#8217;\u00eatre \u00e9clair\u00e9e comme en plein jour, n\u2019est-ce pas ? Les lampes solaires sont sympathiques, mais sont-elles n\u00e9cessaires ? La nature et l\u2019\u00eatre humain doivent se pr\u00e9server autant &hellip; <a href=\"https:\/\/www.darksky.ch\/dss\/fr\/agir-vous-memes\/\" class=\"more-link\">Continue reading<span class=\"screen-reader-text\"> &#8220;Agir&#8221;<\/span><\/a><\/p>\n","protected":false},"author":2,"featured_media":0,"parent":0,"menu_order":0,"comment_status":"closed","ping_status":"closed","template":"","meta":{"_acf_changed":false,"footnotes":""},"class_list":["post-14941","page","type-page","status-publish","hentry"],"acf":[],"_links":{"self":[{"href":"https:\/\/www.darksky.ch\/dss\/fr\/wp-json\/wp\/v2\/pages\/14941","targetHints":{"allow":["GET"]}}],"collection":[{"href":"https:\/\/www.darksky.ch\/dss\/fr\/wp-json\/wp\/v2\/pages"}],"about":[{"href":"https:\/\/www.darksky.ch\/dss\/fr\/wp-json\/wp\/v2\/types\/page"}],"author":[{"embeddable":true,"href":"https:\/\/www.darksky.ch\/dss\/fr\/wp-json\/wp\/v2\/users\/2"}],"replies":[{"embeddable":true,"href":"https:\/\/www.darksky.ch\/dss\/fr\/wp-json\/wp\/v2\/comments?post=14941"}],"version-history":[{"count":12,"href":"https:\/\/www.darksky.ch\/dss\/fr\/wp-json\/wp\/v2\/pages\/14941\/revisions"}],"predecessor-version":[{"id":16180,"href":"https:\/\/www.darksky.ch\/dss\/fr\/wp-json\/wp\/v2\/pages\/14941\/revisions\/16180"}],"wp:attachment":[{"href":"https:\/\/www.darksky.ch\/dss\/fr\/wp-json\/wp\/v2\/media?parent=14941"}],"curies":[{"name":"wp","href":"https:\/\/api.w.org\/{rel}","templated":true}]}}