

{"id":14976,"date":"2021-01-29T00:29:54","date_gmt":"2021-01-28T23:29:54","guid":{"rendered":"https:\/\/www.darksky.ch\/dsx\/?page_id=14976"},"modified":"2025-05-12T10:06:31","modified_gmt":"2025-05-12T08:06:31","slug":"actualites","status":"publish","type":"page","link":"https:\/\/www.darksky.ch\/dss\/fr\/actualites\/","title":{"rendered":"Actualit\u00e9s"},"content":{"rendered":"\n<div class=\"wp-block-columns is-layout-flex wp-container-core-columns-is-layout-9d6595d7 wp-block-columns-is-layout-flex\">\n<div class=\"wp-block-column is-layout-flow wp-block-column-is-layout-flow\">\n<div id=\"aktuell\"><h3>Le papillon de nuit actuel<\/h3>\n<ul><li><a href=\"https:\/\/www.darksky.ch\/dss\/fr\/2025\/12\/le-papillon-de-nuit-2025\/\">Le Papillon de Nuit 2025<\/a><br\/><br clear=\"both\"\/><\/li><\/ul><h3>Nous souhaitons attirer votre attention sur<\/h3>\n<ul><li><a href=\"https:\/\/www.darksky.ch\/dss\/fr\/2026\/03\/assemblee-generale-2026-a-olten\/\">Assembl\u00e9e g\u00e9n\u00e9rale 2026 \u00e0 Olten<\/a><br\/><br clear=\"both\"\/><\/li><li><a href=\"https:\/\/www.darksky.ch\/dss\/fr\/2026\/01\/rts-un-nouvel-eclairage-rougeatre-a-lausanne-pour-mieux-proteger-la-faune\/\">RTS \u2013 Un nouvel \u00e9clairage rouge\u00e2tre \u00e0 Lausanne pour mieux prot\u00e9ger la faune<\/a><br\/><br clear=\"both\"\/><\/li><li><a href=\"https:\/\/www.darksky.ch\/dss\/fr\/2025\/12\/le-papillon-de-nuit-2025\/\">Le Papillon de Nuit 2025<\/a><br\/><br clear=\"both\"\/><\/li><\/ul><\/div>\n<\/div>\n\n\n\n<div class=\"wp-block-column is-layout-flow wp-block-column-is-layout-flow\">\n<h3>Astro-Actualit\u00e9s de la SAG-SAS<\/h3>\n\n\n<ul class=\"wp-block-rss\"><li class='wp-block-rss__item'><div class='wp-block-rss__item-title'><a href='https:\/\/de.wikipedia.org\/wiki\/Mondphase#new_tab'>23.05.2026 \u2013 Erstes Viertel um 13:11 MESZ im L\u00f6wen<\/a><\/div><\/li><li class='wp-block-rss__item'><div class='wp-block-rss__item-title'><a href='https:\/\/events.sag-sas.ch\/event\/warum-suchen-wir-nach-leben-auf-dem-mars\/#new_tab'>22.05.2026 \u2013 Warum suchen wir nach Leben auf dem Mars? \u2013 Vortrag in Z\u00fcrich<\/a><\/div><\/li><li class='wp-block-rss__item'><div class='wp-block-rss__item-title'><a href='https:\/\/de.wikipedia.org\/wiki\/Mondphase#new_tab'>16.05.2026 \u2013 Neumond um 22:01 MESZ im Widder<\/a><\/div><\/li><li class='wp-block-rss__item'><div class='wp-block-rss__item-title'><a href='https:\/\/events.sag-sas.ch\/event\/aoasky-wtt-trifft-fruhlingsteleskoptreffen\/#new_tab'>15.-17.05.2026 \u2013 AOAsky-WTT trifft Fr\u00fchlingsteleskoptreffen (Langis, OW)<\/a><\/div><\/li><li class='wp-block-rss__item'><div class='wp-block-rss__item-title'><a href='https:\/\/events.sag-sas.ch\/event\/solais-auffahrtslager-2026\/#new_tab'>13.-17.05.2026 \u2013 SOLAIS Auffahrtslager 2026<\/a><\/div><\/li><\/ul><\/div>\n<\/div>\n","protected":false},"excerpt":{"rendered":"<p>Astro-Actualit\u00e9s de la SAG-SAS<\/p>\n","protected":false},"author":2,"featured_media":0,"parent":0,"menu_order":0,"comment_status":"closed","ping_status":"closed","template":"","meta":{"_acf_changed":false,"footnotes":""},"class_list":["post-14976","page","type-page","status-publish","hentry"],"acf":[],"_links":{"self":[{"href":"https:\/\/www.darksky.ch\/dss\/fr\/wp-json\/wp\/v2\/pages\/14976","targetHints":{"allow":["GET"]}}],"collection":[{"href":"https:\/\/www.darksky.ch\/dss\/fr\/wp-json\/wp\/v2\/pages"}],"about":[{"href":"https:\/\/www.darksky.ch\/dss\/fr\/wp-json\/wp\/v2\/types\/page"}],"author":[{"embeddable":true,"href":"https:\/\/www.darksky.ch\/dss\/fr\/wp-json\/wp\/v2\/users\/2"}],"replies":[{"embeddable":true,"href":"https:\/\/www.darksky.ch\/dss\/fr\/wp-json\/wp\/v2\/comments?post=14976"}],"version-history":[{"count":4,"href":"https:\/\/www.darksky.ch\/dss\/fr\/wp-json\/wp\/v2\/pages\/14976\/revisions"}],"predecessor-version":[{"id":15347,"href":"https:\/\/www.darksky.ch\/dss\/fr\/wp-json\/wp\/v2\/pages\/14976\/revisions\/15347"}],"wp:attachment":[{"href":"https:\/\/www.darksky.ch\/dss\/fr\/wp-json\/wp\/v2\/media?parent=14976"}],"curies":[{"name":"wp","href":"https:\/\/api.w.org\/{rel}","templated":true}]}}