

{"id":15082,"date":"2025-04-11T16:47:59","date_gmt":"2025-04-11T14:47:59","guid":{"rendered":"https:\/\/www.darksky.ch\/dsx\/?page_id=15082"},"modified":"2025-04-11T16:50:46","modified_gmt":"2025-04-11T14:50:46","slug":"philippa-golling","status":"publish","type":"page","link":"https:\/\/www.darksky.ch\/dss\/fr\/darksky-switzerland\/comite-directeur\/philippa-golling\/","title":{"rendered":"Philippa Golling"},"content":{"rendered":"<figure id=\"attachment_14462\" aria-describedby=\"caption-attachment-14462\" style=\"width: 300px\" class=\"wp-caption alignright\"><a href=\"https:\/\/www.darksky.ch\/dss\/wp-content\/uploads\/2025\/02\/Philippa_Golling.jpg\"><img loading=\"lazy\" decoding=\"async\" class=\"wp-image-14462 size-full\" src=\"https:\/\/www.darksky.ch\/dss\/wp-content\/uploads\/2025\/02\/Philippa_Golling.jpg\" alt=\"\" width=\"300\" height=\"300\" srcset=\"https:\/\/www.darksky.ch\/dss\/wp-content\/uploads\/2025\/02\/Philippa_Golling.jpg 300w, https:\/\/www.darksky.ch\/dss\/wp-content\/uploads\/2025\/02\/Philippa_Golling-150x150.jpg 150w\" sizes=\"auto, (max-width: 300px) 85vw, 300px\" \/><\/a><figcaption id=\"caption-attachment-14462\" class=\"wp-caption-text\">Philippa Golling<\/figcaption><\/figure>\n<p>Dr. med. Philippa Golling est m\u00e9decin sp\u00e9cialis\u00e9e en dermatologie et fait un master en sant\u00e9 publique.<br \/>\nElle vit dans le pays de Glaris et s&#8217;int\u00e9resse aux nuits sombres et saines.<br \/>\nElle a lanc\u00e9 la campagne \u00ab Glaris \u00e9toil\u00e9e \u00bb en collaboration avec des organisations locales, a particip\u00e9 activement \u00e0 la retraite 2023 de DarkSky Switzerland et a \u00e9t\u00e9 \u00e9lue au comit\u00e9 directeur de DarkSky Switzerland lors de l&#8217;assembl\u00e9e g\u00e9n\u00e9rale de 2024.<\/p>\n","protected":false},"excerpt":{"rendered":"<p>Dr. med. Philippa Golling est m\u00e9decin sp\u00e9cialis\u00e9e en dermatologie et fait un master en sant\u00e9 publique. Elle vit dans le pays de Glaris et s&#8217;int\u00e9resse aux nuits sombres et saines. Elle a lanc\u00e9 la campagne \u00ab Glaris \u00e9toil\u00e9e \u00bb en collaboration avec des organisations locales, a particip\u00e9 activement \u00e0 la retraite 2023 de DarkSky Switzerland &hellip; <a href=\"https:\/\/www.darksky.ch\/dss\/fr\/darksky-switzerland\/comite-directeur\/philippa-golling\/\" class=\"more-link\">Continue reading<span class=\"screen-reader-text\"> &#8220;Philippa Golling&#8221;<\/span><\/a><\/p>\n","protected":false},"author":2,"featured_media":0,"parent":182,"menu_order":0,"comment_status":"closed","ping_status":"closed","template":"","meta":{"_acf_changed":false,"footnotes":""},"class_list":["post-15082","page","type-page","status-publish","hentry"],"acf":[],"_links":{"self":[{"href":"https:\/\/www.darksky.ch\/dss\/fr\/wp-json\/wp\/v2\/pages\/15082","targetHints":{"allow":["GET"]}}],"collection":[{"href":"https:\/\/www.darksky.ch\/dss\/fr\/wp-json\/wp\/v2\/pages"}],"about":[{"href":"https:\/\/www.darksky.ch\/dss\/fr\/wp-json\/wp\/v2\/types\/page"}],"author":[{"embeddable":true,"href":"https:\/\/www.darksky.ch\/dss\/fr\/wp-json\/wp\/v2\/users\/2"}],"replies":[{"embeddable":true,"href":"https:\/\/www.darksky.ch\/dss\/fr\/wp-json\/wp\/v2\/comments?post=15082"}],"version-history":[{"count":1,"href":"https:\/\/www.darksky.ch\/dss\/fr\/wp-json\/wp\/v2\/pages\/15082\/revisions"}],"predecessor-version":[{"id":15083,"href":"https:\/\/www.darksky.ch\/dss\/fr\/wp-json\/wp\/v2\/pages\/15082\/revisions\/15083"}],"up":[{"embeddable":true,"href":"https:\/\/www.darksky.ch\/dss\/fr\/wp-json\/wp\/v2\/pages\/182"}],"wp:attachment":[{"href":"https:\/\/www.darksky.ch\/dss\/fr\/wp-json\/wp\/v2\/media?parent=15082"}],"curies":[{"name":"wp","href":"https:\/\/api.w.org\/{rel}","templated":true}]}}