

{"id":152,"date":"2016-06-16T17:36:53","date_gmt":"2016-06-16T15:36:53","guid":{"rendered":"http:\/\/www.darksky.ch\/dsx\/fr\/?page_id=152"},"modified":"2025-05-09T16:34:45","modified_gmt":"2025-05-09T14:34:45","slug":"darksky-switzerland","status":"publish","type":"page","link":"https:\/\/www.darksky.ch\/dss\/fr\/darksky-switzerland\/","title":{"rendered":"DarkSky Switzerland"},"content":{"rendered":"<p>Tout sur l&#8217;association DarkSky Switzerland.<\/p>\n<ul class=\"lcp_catlist\" id=\"lcp_instance_0\"><li><a href=\"https:\/\/www.darksky.ch\/dss\/fr\/2026\/03\/assemblee-generale-2026-a-olten\/\">Assembl\u00e9e g\u00e9n\u00e9rale 2026 \u00e0 Olten<\/a><\/li><li><a href=\"https:\/\/www.darksky.ch\/dss\/fr\/2026\/01\/rts-un-nouvel-eclairage-rougeatre-a-lausanne-pour-mieux-proteger-la-faune\/\">RTS \u2013 Un nouvel \u00e9clairage rouge\u00e2tre \u00e0 Lausanne pour mieux prot\u00e9ger la faune<\/a><\/li><li><a href=\"https:\/\/www.darksky.ch\/dss\/fr\/2025\/12\/le-papillon-de-nuit-2025\/\">Le Papillon de Nuit 2025<\/a><\/li><li><a href=\"https:\/\/www.darksky.ch\/dss\/fr\/2025\/12\/scnat-savoir-hotspot-52-25-precieuse-obscurite\/\">scnat savoir \u2013\u00a0HOTSPOT 52\/25 Pr\u00e9cieuse obscurit\u00e9<\/a><\/li><li><a href=\"https:\/\/www.darksky.ch\/dss\/fr\/2025\/12\/rts-la-pollution-lumineuse-perturbe-l%ca%b9horloge-des-fleurs-sauvages\/\">RTS \u2013 La pollution lumineuse perturbe l\u02b9horloge des fleurs sauvages<\/a><\/li><li><a href=\"https:\/\/www.darksky.ch\/dss\/fr\/2025\/11\/under-one-sky-conference-mondiale\/\">Under One Sky conf\u00e9rence mondiale<\/a><\/li><li><a href=\"https:\/\/www.darksky.ch\/dss\/fr\/2025\/10\/corsier-sur-vevey-journee-festive\/\">Corsier-sur-Vevey \u2013 Journ\u00e9e festive<\/a><\/li><li><a href=\"https:\/\/www.darksky.ch\/dss\/fr\/2025\/10\/rts-sept-parcs-lausannois-plonges-dans-lobscurite-pour-la-biodiversite\/\">RTS \u2013 Sept parcs lausannois plong\u00e9s dans l\u2019obscurit\u00e9 pour la biodiversit\u00e9<\/a><\/li><li><a href=\"https:\/\/www.darksky.ch\/dss\/fr\/2025\/06\/rts-la-pollution-lumineuse-urbaine-perturbe-le-cycle-des-plantes-et-menace-la-biodiversite\/\">RTS \u2013 La pollution lumineuse urbaine perturbe le cycle des plantes et menace la biodiversit\u00e9<\/a><\/li><li><a href=\"https:\/\/www.darksky.ch\/dss\/fr\/2025\/06\/suisse-rando-propose-de-nombreuses-randonnees-nocturnes-les-12-et-13-juillet\/\">Suisse Rando propose de nombreuses randonn\u00e9es nocturnes les 12 et 13 juillet<\/a><\/li><\/ul>\n<div><\/div>\n","protected":false},"excerpt":{"rendered":"<p>Tout sur l&#8217;association DarkSky Switzerland.<\/p>\n","protected":false},"author":2,"featured_media":0,"parent":0,"menu_order":0,"comment_status":"closed","ping_status":"closed","template":"","meta":{"_acf_changed":false,"footnotes":""},"class_list":["post-152","page","type-page","status-publish","hentry"],"acf":[],"_links":{"self":[{"href":"https:\/\/www.darksky.ch\/dss\/fr\/wp-json\/wp\/v2\/pages\/152","targetHints":{"allow":["GET"]}}],"collection":[{"href":"https:\/\/www.darksky.ch\/dss\/fr\/wp-json\/wp\/v2\/pages"}],"about":[{"href":"https:\/\/www.darksky.ch\/dss\/fr\/wp-json\/wp\/v2\/types\/page"}],"author":[{"embeddable":true,"href":"https:\/\/www.darksky.ch\/dss\/fr\/wp-json\/wp\/v2\/users\/2"}],"replies":[{"embeddable":true,"href":"https:\/\/www.darksky.ch\/dss\/fr\/wp-json\/wp\/v2\/comments?post=152"}],"version-history":[{"count":5,"href":"https:\/\/www.darksky.ch\/dss\/fr\/wp-json\/wp\/v2\/pages\/152\/revisions"}],"predecessor-version":[{"id":15187,"href":"https:\/\/www.darksky.ch\/dss\/fr\/wp-json\/wp\/v2\/pages\/152\/revisions\/15187"}],"wp:attachment":[{"href":"https:\/\/www.darksky.ch\/dss\/fr\/wp-json\/wp\/v2\/media?parent=152"}],"curies":[{"name":"wp","href":"https:\/\/api.w.org\/{rel}","templated":true}]}}