

{"id":156,"date":"2016-06-17T14:07:25","date_gmt":"2016-06-17T12:07:25","guid":{"rendered":"http:\/\/www.darksky.ch\/dsx\/fr\/?page_id=156"},"modified":"2017-03-23T16:38:42","modified_gmt":"2017-03-23T15:38:42","slug":"evenements","status":"publish","type":"page","link":"https:\/\/www.darksky.ch\/dss\/fr\/darksky-switzerland\/evenements\/","title":{"rendered":"Ev\u00e9nements"},"content":{"rendered":"<h3>Ev\u00e9nements pour nos membres<\/h3>\n<ul class=\"lcp_catlist\" id=\"lcp_instance_0\"><li><a href=\"https:\/\/www.darksky.ch\/dss\/fr\/2026\/03\/assemblee-generale-2026-a-olten\/\">Assembl\u00e9e g\u00e9n\u00e9rale 2026 \u00e0 Olten<\/a><\/li><li><a href=\"https:\/\/www.darksky.ch\/dss\/fr\/2025\/05\/25-ans-de-darksky-switzerland\/\">25 ans de DarkSky Switzerland<\/a><\/li><li><a href=\"https:\/\/www.darksky.ch\/dss\/fr\/2025\/05\/visite-de-la-centrale-de-pompage-turbinage-de-limmern-dans-le-canton-de-glaris-le-25-mai-2025\/\">Visite de la centrale de pompage-turbinage de Limmern, dans le canton de Glaris, le 25 mai 2025<\/a><\/li><li><a href=\"https:\/\/www.darksky.ch\/dss\/fr\/2025\/05\/visite-du-space-eye-dans-le-parc-naturel-de-gantrisch-le-21-juin-2025\/\">Visite du Space Eye dans le Parc Naturel de Gantrisch, le 21 juin 2025<\/a><\/li><li><a href=\"https:\/\/www.darksky.ch\/dss\/fr\/2025\/03\/invitation-a-lassemblee-generale-2025\/\">Invitation \u00e0 l&#8217;assembl\u00e9e g\u00e9n\u00e9rale 2025<\/a><\/li><li><a href=\"https:\/\/www.darksky.ch\/dss\/fr\/2024\/04\/invitation-a-lassemblee-generale-2024\/\">Invitation \u00e0 l&#8217;assembl\u00e9e g\u00e9n\u00e9rale 2024<\/a><\/li><li><a href=\"https:\/\/www.darksky.ch\/dss\/fr\/2023\/04\/assemblee-generale-mercredi-26-avril-2023-a-olten\/\">Assembl\u00e9e g\u00e9n\u00e9rale Mercredi 26 avril 2023 \u00e0 Olten<\/a><\/li><li><a href=\"https:\/\/www.darksky.ch\/dss\/fr\/2021\/06\/assemblee-generale-2021-le-24-juin-a-aarau\/\">Assembl\u00e9e g\u00e9n\u00e9rale 2021 le 24 juin \u00e0 Aarau<\/a><\/li><li><a href=\"https:\/\/www.darksky.ch\/dss\/fr\/2020\/10\/evenement-de-lautomne-2020\/\">\u00c9v\u00e9nement de l\u2018automne 2020<\/a><\/li><li><a href=\"https:\/\/www.darksky.ch\/dss\/fr\/2020\/02\/assemblee-generale-de-dark-sky-switzerland-2020\/\">Assembl\u00e9e g\u00e9n\u00e9rale de Dark-Sky Switzerland 2020<\/a><\/li><\/ul>\n<hr \/>\n<h3>Autres \u00e9v\u00e9nements<\/h3>\n<ul class=\"lcp_catlist\" id=\"lcp_instance_0\"><li><a href=\"https:\/\/www.darksky.ch\/dss\/fr\/2025\/11\/under-one-sky-conference-mondiale\/\">Under One Sky conf\u00e9rence mondiale<\/a><\/li><li><a href=\"https:\/\/www.darksky.ch\/dss\/fr\/2025\/10\/corsier-sur-vevey-journee-festive\/\">Corsier-sur-Vevey \u2013 Journ\u00e9e festive<\/a><\/li><li><a href=\"https:\/\/www.darksky.ch\/dss\/fr\/2025\/06\/suisse-rando-propose-de-nombreuses-randonnees-nocturnes-les-12-et-13-juillet\/\">Suisse Rando propose de nombreuses randonn\u00e9es nocturnes les 12 et 13 juillet<\/a><\/li><li><a href=\"https:\/\/www.darksky.ch\/dss\/fr\/2025\/05\/visite-du-space-eye-dans-le-parc-naturel-de-gantrisch-le-21-juin-2025\/\">Visite du Space Eye dans le Parc Naturel de Gantrisch, le 21 juin 2025<\/a><\/li><li><a href=\"https:\/\/www.darksky.ch\/dss\/fr\/2021\/09\/association-pour-le-droit-de-lenvironnement-conference-dautomne-emissions-lumineuses-instruments-juridiques-visant-a-eviter-la-lumiere-indesirable-dans-lenviro\/\">Association pour le droit de l\u2019environnement \u2013 Conf\u00e9rence d&#8217;automne: Emissions lumineuses \u2013 Instruments juridiques visant \u00e0 \u00e9viter la lumi\u00e8re ind\u00e9sirable dans l\u2019environnement<\/a><\/li><li><a href=\"https:\/\/www.darksky.ch\/dss\/fr\/2020\/02\/lausanne-les-idees-vertes-mettent-la-lumiere-sur-leclairage-public\/\">Lausanne \u2013 Les id\u00e9es vertes mettent la lumi\u00e8re sur l&#8217;\u00e9clairage public<\/a><\/li><li><a href=\"https:\/\/www.darksky.ch\/dss\/fr\/2020\/01\/globe-at-night-compter-les-etoiles-pour-la-science-en-plein-air-la-nuit-dans-le-monde-entier-sur-les-appareils-mobiles\/\">Globe at Night \u2013 Compter les \u00e9toiles pour la science (en plein air, la nuit, dans le monde entier sur les appareils mobiles)<\/a><\/li><li><a href=\"https:\/\/www.darksky.ch\/dss\/fr\/2019\/12\/retour-sur-la-nuit-est-belle\/\">Retour sur La Nuit Est Belle<\/a><\/li><li><a href=\"https:\/\/www.darksky.ch\/dss\/fr\/2019\/09\/tramelan-fete-de-la-nuit-le-20-septembre\/\">Tramelan \u2013 F\u00eate de la Nuit le 20 septembre<\/a><\/li><li><a href=\"https:\/\/www.darksky.ch\/dss\/fr\/2019\/07\/26-septembre-2019-extinction-exceptionnelle-du-grand-geneve\/\">26 Septembre 2019 &#8211; Extinction exceptionnelle du Grand Gen\u00e8ve<\/a><\/li><\/ul>\n<p>&nbsp;<\/p>\n","protected":false},"excerpt":{"rendered":"<p>Ev\u00e9nements pour nos membres Autres \u00e9v\u00e9nements &nbsp;<\/p>\n","protected":false},"author":2,"featured_media":0,"parent":152,"menu_order":3,"comment_status":"closed","ping_status":"closed","template":"","meta":{"_acf_changed":false,"footnotes":""},"class_list":["post-156","page","type-page","status-publish","hentry"],"acf":[],"_links":{"self":[{"href":"https:\/\/www.darksky.ch\/dss\/fr\/wp-json\/wp\/v2\/pages\/156","targetHints":{"allow":["GET"]}}],"collection":[{"href":"https:\/\/www.darksky.ch\/dss\/fr\/wp-json\/wp\/v2\/pages"}],"about":[{"href":"https:\/\/www.darksky.ch\/dss\/fr\/wp-json\/wp\/v2\/types\/page"}],"author":[{"embeddable":true,"href":"https:\/\/www.darksky.ch\/dss\/fr\/wp-json\/wp\/v2\/users\/2"}],"replies":[{"embeddable":true,"href":"https:\/\/www.darksky.ch\/dss\/fr\/wp-json\/wp\/v2\/comments?post=156"}],"version-history":[{"count":9,"href":"https:\/\/www.darksky.ch\/dss\/fr\/wp-json\/wp\/v2\/pages\/156\/revisions"}],"predecessor-version":[{"id":6831,"href":"https:\/\/www.darksky.ch\/dss\/fr\/wp-json\/wp\/v2\/pages\/156\/revisions\/6831"}],"up":[{"embeddable":true,"href":"https:\/\/www.darksky.ch\/dss\/fr\/wp-json\/wp\/v2\/pages\/152"}],"wp:attachment":[{"href":"https:\/\/www.darksky.ch\/dss\/fr\/wp-json\/wp\/v2\/media?parent=156"}],"curies":[{"name":"wp","href":"https:\/\/api.w.org\/{rel}","templated":true}]}}