

{"id":166,"date":"2016-06-17T14:08:17","date_gmt":"2016-06-17T12:08:17","guid":{"rendered":"http:\/\/www.darksky.ch\/dsx\/fr\/?page_id=166"},"modified":"2019-11-24T20:13:33","modified_gmt":"2019-11-24T19:13:33","slug":"contact","status":"publish","type":"page","link":"https:\/\/www.darksky.ch\/dss\/fr\/darksky-switzerland\/contact\/","title":{"rendered":"Contact"},"content":{"rendered":"<p>Au plaisir du comit\u00e9 directeur de Dark-Sky Switzerland, Eliott Guenat, habitant \u00e0 Neuch\u00e2tel, a commenc\u00e9 \u00e0 travailler avec nous \u00e0 l&#8217;\u00e9t\u00e9 2018 et a rejoint officiellement le comit\u00e9 au printemps 2019.\u00a0Eliott est la personne de contact pour la Suisse romande.<br \/>\n<a href=\"mailto:bureau@darksky.ch?subject=Demande \u00e0 Dark-Sky\">bureau@darksky.ch<\/a><\/p>\n<p>&nbsp;<\/p>\n<p>&nbsp;<\/p>\n","protected":false},"excerpt":{"rendered":"<p>Au plaisir du comit\u00e9 directeur de Dark-Sky Switzerland, Eliott Guenat, habitant \u00e0 Neuch\u00e2tel, a commenc\u00e9 \u00e0 travailler avec nous \u00e0 l&#8217;\u00e9t\u00e9 2018 et a rejoint officiellement le comit\u00e9 au printemps 2019.\u00a0Eliott est la personne de contact pour la Suisse romande. bureau@darksky.ch &nbsp; &nbsp;<\/p>\n","protected":false},"author":2,"featured_media":0,"parent":152,"menu_order":7,"comment_status":"closed","ping_status":"closed","template":"","meta":{"_acf_changed":false,"footnotes":""},"class_list":["post-166","page","type-page","status-publish","hentry"],"acf":[],"_links":{"self":[{"href":"https:\/\/www.darksky.ch\/dss\/fr\/wp-json\/wp\/v2\/pages\/166","targetHints":{"allow":["GET"]}}],"collection":[{"href":"https:\/\/www.darksky.ch\/dss\/fr\/wp-json\/wp\/v2\/pages"}],"about":[{"href":"https:\/\/www.darksky.ch\/dss\/fr\/wp-json\/wp\/v2\/types\/page"}],"author":[{"embeddable":true,"href":"https:\/\/www.darksky.ch\/dss\/fr\/wp-json\/wp\/v2\/users\/2"}],"replies":[{"embeddable":true,"href":"https:\/\/www.darksky.ch\/dss\/fr\/wp-json\/wp\/v2\/comments?post=166"}],"version-history":[{"count":22,"href":"https:\/\/www.darksky.ch\/dss\/fr\/wp-json\/wp\/v2\/pages\/166\/revisions"}],"predecessor-version":[{"id":11421,"href":"https:\/\/www.darksky.ch\/dss\/fr\/wp-json\/wp\/v2\/pages\/166\/revisions\/11421"}],"up":[{"embeddable":true,"href":"https:\/\/www.darksky.ch\/dss\/fr\/wp-json\/wp\/v2\/pages\/152"}],"wp:attachment":[{"href":"https:\/\/www.darksky.ch\/dss\/fr\/wp-json\/wp\/v2\/media?parent=166"}],"curies":[{"name":"wp","href":"https:\/\/api.w.org\/{rel}","templated":true}]}}