

{"id":170,"date":"2016-06-17T14:07:44","date_gmt":"2016-06-17T12:07:44","guid":{"rendered":"http:\/\/www.darksky.ch\/dsx\/fr\/?page_id=170"},"modified":"2025-12-02T09:51:59","modified_gmt":"2025-12-02T08:51:59","slug":"devenir-membre","status":"publish","type":"page","link":"https:\/\/www.darksky.ch\/dss\/fr\/darksky-switzerland\/devenir-membre\/","title":{"rendered":"Devenir membre"},"content":{"rendered":"<p><strong><span class=\"Apple-style-span\">Merci d&#8217;avoir choisi de devenir membre de DarkSky Switzerland<\/span>.<br \/>\n<\/strong>En adh\u00e9rant \u00e0 DarkSky Switzerland vous soutenez la cohabitation durable entre l&#8217;homme et la nature. Votre contribution permet \u00e0 DarkSky Switzerland de mener \u00e0 bien son travail de pr\u00e9vention et d&#8217;information aupr\u00e8s de la population sur la pollution lumineuse, et pour un \u00e9clairage ext\u00e9rieur plus efficace.<\/p>\n<p><em>\u00c0 propos: les dons aux organisations \u00e0 but non lucratif peuvent \u00eatre d\u00e9duits des imp\u00f4ts dans les cantons (AG, AI, AR, BL, GL, NW, OW, SG, SO, UR et ZH) o\u00f9 ces derni\u00e8res sont reconnues! Dans d&#8217;autres cantons, l&#8217;exon\u00e9ration fiscale est g\u00e9n\u00e9ralement accept\u00e9e. Si ce n&#8217;est pas le cas, il convient de souligner que DarkSky Switzerland est d\u00e9j\u00e0 reconnue comme organisation d&#8217;utilit\u00e9 publique dans de nombreux cantons et qu&#8217;elle compte des membres dans toutes les r\u00e9gions du pays (voir la carte de la Suisse dans la rubrique \u00ab <a href=\"https:\/\/www.darksky.ch\/dss\/fr\/agir-vous-memes\/\" target=\"_blank\" rel=\"noopener\">Agir vous-m\u00eames<\/a> \u00bb, tout en bas).<\/em><\/p>\n<p><span class=\"Apple-style-span\">Veuillez remplir le formulaire suivant<\/span>. <span class=\"Apple-style-span\">Les champs marqu\u00e9s d&#8217;une \u00e9toile (*) sont obligatoires<\/span>.<\/p>\n<p>Veuillez faire attention au <a href=\"https:\/\/www.darksky.ch\/dss\/fr\/darksky-switzerland\/statuts\/\" target=\"_blank\" rel=\"noopener noreferrer\">statuts<\/a> de Dark-Sky Switzerland. <span class=\"Apple-style-span\">En cas de probl\u00e8me, veuillez nous contacter<\/span>\u00a0au <a href=\"http:\/\/www.darksky.ch\/dss\/fr\/darksky-switzerland\/bureau\/\">bureau<\/a>.<\/p>\n\n<div class=\"wpcf7 no-js\" id=\"wpcf7-f5120-o1\" lang=\"de-DE\" dir=\"ltr\" data-wpcf7-id=\"5120\">\n<div class=\"screen-reader-response\"><p role=\"status\" aria-live=\"polite\" aria-atomic=\"true\"><\/p> <ul><\/ul><\/div>\n<form action=\"\/dss\/fr\/wp-json\/wp\/v2\/pages\/170#wpcf7-f5120-o1\" method=\"post\" class=\"wpcf7-form init\" aria-label=\"Kontaktformular\" novalidate=\"novalidate\" data-status=\"init\">\n<fieldset class=\"hidden-fields-container\"><input type=\"hidden\" name=\"_wpcf7\" value=\"5120\" \/><input type=\"hidden\" name=\"_wpcf7_version\" value=\"6.1.5\" \/><input type=\"hidden\" name=\"_wpcf7_locale\" value=\"de_DE\" \/><input type=\"hidden\" name=\"_wpcf7_unit_tag\" value=\"wpcf7-f5120-o1\" \/><input type=\"hidden\" name=\"_wpcf7_container_post\" value=\"0\" \/><input type=\"hidden\" name=\"_wpcf7_posted_data_hash\" value=\"\" \/>\n<\/fieldset>\n<p><span id=\"wpcf7-69d26863b8708-wrapper\" class=\"wpcf7-form-control-wrap karsumpel-41-wrap\" style=\"display:none !important; visibility:hidden !important;\"><label for=\"wpcf7-69d26863b8708-field\" class=\"hp-message\">Bitte lasse dieses Feld leer.<\/label><input id=\"wpcf7-69d26863b8708-field\"  class=\"wpcf7-form-control wpcf7-text quadriga\" type=\"text\" name=\"karsumpel-41\" value=\"\" size=\"40\" tabindex=\"-1\" autocomplete=\"new-password\" \/><\/span>\n<\/p>\n<fieldset>\n\t<legend>Affiliation demand\u00e9e\n\t<\/legend>\n\t<p>Choisissez s.v.p. :<br \/>\n<span class=\"wpcf7-form-control-wrap\" data-name=\"radio-685\"><span class=\"wpcf7-form-control wpcf7-radio\"><span class=\"wpcf7-list-item first last\"><input type=\"radio\" name=\"radio-685\" value=\"Membre CHF 50.\u2013 par an\" checked=\"checked\" \/><span class=\"wpcf7-list-item-label\">Membre CHF 50.\u2013 par an<\/span><\/span><\/span><\/span><br \/>\n<span class=\"wpcf7-form-control-wrap\" data-name=\"radio-685\"><span class=\"wpcf7-form-control wpcf7-radio\"><span class=\"wpcf7-list-item first last\"><input type=\"radio\" name=\"radio-685\" value=\"Membre planificateur-\u00e9clairagiste CHF 100.\u2013 par an\" \/><span class=\"wpcf7-list-item-label\">Membre planificateur-\u00e9clairagiste CHF 100.\u2013 par an<\/span><\/span><\/span><\/span><br \/>\n\u00a0\u00a0\u00a0\u00a0\u00a0\u00a0 (Veuillez respecter les <a target='_blank' href='http:\/\/www.darksky.ch\/dss\/wp-content\/uploads\/2017\/02\/Consentement_planificateur-eclairagiste.pdf'>Consentement pour planificateur-\u00e9clairagistes<\/a>)<br \/>\n<span class=\"wpcf7-form-control-wrap\" data-name=\"radio-685\"><span class=\"wpcf7-form-control wpcf7-radio\"><span class=\"wpcf7-list-item first last\"><input type=\"radio\" name=\"radio-685\" value=\"Membre donateur d\u00e8s CHF 100.\u2013 par an\" \/><span class=\"wpcf7-list-item-label\">Membre donateur d\u00e8s CHF 100.\u2013 par an<\/span><\/span><\/span><\/span><br \/>\n<span class=\"wpcf7-form-control-wrap\" data-name=\"radio-685\"><span class=\"wpcf7-form-control wpcf7-radio\"><span class=\"wpcf7-list-item first last\"><input type=\"radio\" name=\"radio-685\" value=\"Membre jeune CHF 25.\u2013 par ann\u00e9e (jusqu&#039;\u00e0 18 ans)\" \/><span class=\"wpcf7-list-item-label\">Membre jeune CHF 25.\u2013 par ann\u00e9e (jusqu&#039;\u00e0 18 ans)<\/span><\/span><\/span><\/span><br \/>\n<span class=\"wpcf7-form-control-wrap\" data-name=\"radio-685\"><span class=\"wpcf7-form-control wpcf7-radio\"><span class=\"wpcf7-list-item first last\"><input type=\"radio\" name=\"radio-685\" value=\"Membre collectif (jusqu&#039;\u00e0 20 membres): CHF 100.\u2013 par an\" \/><span class=\"wpcf7-list-item-label\">Membre collectif (jusqu&#039;\u00e0 20 membres): CHF 100.\u2013 par an<\/span><\/span><\/span><\/span><br \/>\n<span class=\"wpcf7-form-control-wrap\" data-name=\"radio-685\"><span class=\"wpcf7-form-control wpcf7-radio\"><span class=\"wpcf7-list-item first last\"><input type=\"radio\" name=\"radio-685\" value=\"Membre collectif (de 21 \u00e0 100 membres): CHF 200.\u2013 par an\" \/><span class=\"wpcf7-list-item-label\">Membre collectif (de 21 \u00e0 100 membres): CHF 200.\u2013 par an<\/span><\/span><\/span><\/span><br \/>\n<span class=\"wpcf7-form-control-wrap\" data-name=\"radio-685\"><span class=\"wpcf7-form-control wpcf7-radio\"><span class=\"wpcf7-list-item first last\"><input type=\"radio\" name=\"radio-685\" value=\"Membre collectif (plus de 100 membres): CHF 300.\u2013 par an\" \/><span class=\"wpcf7-list-item-label\">Membre collectif (plus de 100 membres): CHF 300.\u2013 par an<\/span><\/span><\/span><\/span><br \/>\n<span class=\"wpcf7-form-control-wrap\" data-name=\"radio-685\"><span class=\"wpcf7-form-control wpcf7-radio\"><span class=\"wpcf7-list-item first last\"><input type=\"radio\" name=\"radio-685\" value=\"Villes et communes: Prix en CHF sur demande, minimum CHF 300.\u2013 par an\" \/><span class=\"wpcf7-list-item-label\">Villes et communes: Prix en CHF sur demande, minimum CHF 300.\u2013 par an<\/span><\/span><\/span><\/span>\n\t<\/p>\n\t<p>Donn\u00e9es personnelles:\n\t<\/p>\n\t<p>Titre:<br \/>\n<span class=\"wpcf7-form-control-wrap\" data-name=\"radio-688\"><span class=\"wpcf7-form-control wpcf7-radio\"><span class=\"wpcf7-list-item first\"><label><input type=\"radio\" name=\"radio-688\" value=\"Madame\" checked=\"checked\" \/><span class=\"wpcf7-list-item-label\">Madame<\/span><\/label><\/span><span class=\"wpcf7-list-item last\"><label><input type=\"radio\" name=\"radio-688\" value=\"Monsieur\" \/><span class=\"wpcf7-list-item-label\">Monsieur<\/span><\/label><\/span><\/span><\/span><br \/>\n<label> Nom : *<br \/>\n<span class=\"wpcf7-form-control-wrap\" data-name=\"your-name\"><input size=\"40\" maxlength=\"400\" class=\"wpcf7-form-control wpcf7-text\" aria-invalid=\"false\" value=\"\" type=\"text\" name=\"your-name\" \/><\/span> <\/label><br \/>\n<label> Pr\u00e9nom : *<br \/>\n<span class=\"wpcf7-form-control-wrap\" data-name=\"your-vorname\"><input size=\"40\" maxlength=\"400\" class=\"wpcf7-form-control wpcf7-text\" aria-invalid=\"false\" value=\"\" type=\"text\" name=\"your-vorname\" \/><\/span> <\/label><br \/>\n<label> Soci\u00e9t\u00e9\/Commune :<br \/>\n<span class=\"wpcf7-form-control-wrap\" data-name=\"firma-gesellschaft\"><input size=\"40\" maxlength=\"400\" class=\"wpcf7-form-control wpcf7-text\" aria-invalid=\"false\" value=\"\" type=\"text\" name=\"firma-gesellschaft\" \/><\/span> <\/label><br \/>\n<label> Rue et num\u00e9ro : *<br \/>\n<span class=\"wpcf7-form-control-wrap\" data-name=\"strasse-nr\"><input size=\"40\" maxlength=\"400\" class=\"wpcf7-form-control wpcf7-text\" aria-invalid=\"false\" value=\"\" type=\"text\" name=\"strasse-nr\" \/><\/span> <\/label><br \/>\n<label> Case postale :<br \/>\n<span class=\"wpcf7-form-control-wrap\" data-name=\"postfach\"><input size=\"40\" maxlength=\"400\" class=\"wpcf7-form-control wpcf7-text\" aria-invalid=\"false\" value=\"\" type=\"text\" name=\"postfach\" \/><\/span> <\/label><br \/>\n<label> Num\u00e9ro postal (NPA) : *<br \/>\n<span class=\"wpcf7-form-control-wrap\" data-name=\"number-556\"><input class=\"wpcf7-form-control wpcf7-number wpcf7-validates-as-number\" min=\"1000\" max=\"99999\" aria-invalid=\"false\" value=\"\" type=\"number\" name=\"number-556\" \/><\/span> <\/label><br \/>\n<label> Lieu : *<br \/>\n<span class=\"wpcf7-form-control-wrap\" data-name=\"ort\"><input size=\"40\" maxlength=\"400\" class=\"wpcf7-form-control wpcf7-text\" aria-invalid=\"false\" value=\"\" type=\"text\" name=\"ort\" \/><\/span> <\/label><br \/>\n<label> T\u00e9l\u00e9phone :<br \/>\n<span class=\"wpcf7-form-control-wrap\" data-name=\"telefon\"><input size=\"40\" maxlength=\"400\" class=\"wpcf7-form-control wpcf7-text\" aria-invalid=\"false\" value=\"\" type=\"text\" name=\"telefon\" \/><\/span> <\/label><br \/>\n<label> E-mail : *<br \/>\n<span class=\"wpcf7-form-control-wrap\" data-name=\"your-email\"><input size=\"40\" maxlength=\"400\" class=\"wpcf7-form-control wpcf7-email wpcf7-text wpcf7-validates-as-email\" aria-invalid=\"false\" value=\"\" type=\"email\" name=\"your-email\" \/><\/span> <\/label><br \/>\n<label> Date de naissance :<br \/>\n<span class=\"wpcf7-form-control-wrap\" data-name=\"geburtsdatum\"><input size=\"40\" maxlength=\"400\" class=\"wpcf7-form-control wpcf7-text\" aria-invalid=\"false\" value=\"\" type=\"text\" name=\"geburtsdatum\" \/><\/span> <\/label><br \/>\nfacture par eMail :<br \/>\n<span class=\"wpcf7-form-control-wrap\" data-name=\"radio-862\"><span class=\"wpcf7-form-control wpcf7-radio\"><span class=\"wpcf7-list-item first\"><label><input type=\"radio\" name=\"radio-862\" value=\"Je souhaite recevoir des factures par e-mail (PDF)\" \/><span class=\"wpcf7-list-item-label\">Je souhaite recevoir des factures par e-mail (PDF)<\/span><\/label><\/span><span class=\"wpcf7-list-item last\"><label><input type=\"radio\" name=\"radio-862\" value=\"Refus\u00e9 : envoyez-moi la facture par courrier.\" \/><span class=\"wpcf7-list-item-label\">Refus\u00e9 : envoyez-moi la facture par courrier.<\/span><\/label><\/span><\/span><\/span><br \/>\n<label> Message<br \/>\n<span class=\"wpcf7-form-control-wrap\" data-name=\"mitteilung\"><textarea cols=\"40\" rows=\"5\" maxlength=\"2000\" class=\"wpcf7-form-control wpcf7-textarea\" aria-invalid=\"false\" name=\"mitteilung\"><\/textarea><\/span> <\/label>\n\t<\/p>\n<\/fieldset>\n<fieldset>\n\t<legend>Adresse de facturation (seulement pour l'affiliation en cadeau):\n\t<\/legend>\n\t<p>Titre:<br \/>\n<span class=\"wpcf7-form-control-wrap\" data-name=\"radio-689\"><span class=\"wpcf7-form-control wpcf7-radio\"><span class=\"wpcf7-list-item first\"><label><input type=\"radio\" name=\"radio-689\" value=\"Madame\" checked=\"checked\" \/><span class=\"wpcf7-list-item-label\">Madame<\/span><\/label><\/span><span class=\"wpcf7-list-item last\"><label><input type=\"radio\" name=\"radio-689\" value=\"Monsieur\" \/><span class=\"wpcf7-list-item-label\">Monsieur<\/span><\/label><\/span><\/span><\/span><br \/>\n<label> Nom:<br \/>\n<span class=\"wpcf7-form-control-wrap\" data-name=\"your-name-rechnung\"><input size=\"40\" maxlength=\"400\" class=\"wpcf7-form-control wpcf7-text\" aria-invalid=\"false\" value=\"\" type=\"text\" name=\"your-name-rechnung\" \/><\/span> <\/label><br \/>\n<label> Pr\u00e9nom:<br \/>\n<span class=\"wpcf7-form-control-wrap\" data-name=\"your-vorname-rechnung\"><input size=\"40\" maxlength=\"400\" class=\"wpcf7-form-control wpcf7-text\" aria-invalid=\"false\" value=\"\" type=\"text\" name=\"your-vorname-rechnung\" \/><\/span> <\/label><br \/>\n<label> Rue et num\u00e9ro:<br \/>\n<span class=\"wpcf7-form-control-wrap\" data-name=\"strasse-nr-rechnung\"><input size=\"40\" maxlength=\"400\" class=\"wpcf7-form-control wpcf7-text\" aria-invalid=\"false\" value=\"\" type=\"text\" name=\"strasse-nr-rechnung\" \/><\/span> <\/label><br \/>\n<label> Case postale:<br \/>\n<span class=\"wpcf7-form-control-wrap\" data-name=\"postfach-rechnung\"><input size=\"40\" maxlength=\"400\" class=\"wpcf7-form-control wpcf7-text\" aria-invalid=\"false\" value=\"\" type=\"text\" name=\"postfach-rechnung\" \/><\/span> <\/label><br \/>\n<label> NPA:<br \/>\n<span class=\"wpcf7-form-control-wrap\" data-name=\"number-557\"><input class=\"wpcf7-form-control wpcf7-number wpcf7-validates-as-number\" min=\"1000\" max=\"99999\" aria-invalid=\"false\" value=\"\" type=\"number\" name=\"number-557\" \/><\/span> <\/label><br \/>\n<label> Lieu:<br \/>\n<span class=\"wpcf7-form-control-wrap\" data-name=\"ort-rechnung\"><input size=\"40\" maxlength=\"400\" class=\"wpcf7-form-control wpcf7-text\" aria-invalid=\"false\" value=\"\" type=\"text\" name=\"ort-rechnung\" \/><\/span> <\/label><br \/>\n<label> T\u00e9l\u00e9phone:<br \/>\n<span class=\"wpcf7-form-control-wrap\" data-name=\"telefon-rechnung\"><input size=\"40\" maxlength=\"400\" class=\"wpcf7-form-control wpcf7-text\" aria-invalid=\"false\" value=\"\" type=\"text\" name=\"telefon-rechnung\" \/><\/span> <\/label><br \/>\n<label> E-mail:<br \/>\n<span class=\"wpcf7-form-control-wrap\" data-name=\"your-email-rechnung\"><input size=\"40\" maxlength=\"400\" class=\"wpcf7-form-control wpcf7-email wpcf7-text wpcf7-validates-as-email\" aria-invalid=\"false\" value=\"\" type=\"email\" name=\"your-email-rechnung\" \/><\/span> <\/label>\n\t<\/p>\n<\/fieldset>\n<p><input class=\"wpcf7-form-control wpcf7-submit has-spinner\" type=\"submit\" value=\"Envoyer\" \/>\n<\/p><div class=\"wpcf7-response-output\" aria-hidden=\"true\"><\/div>\n<\/form>\n<\/div>\n\n<p>&nbsp;<\/p>\n","protected":false},"excerpt":{"rendered":"<p>Merci d&#8217;avoir choisi de devenir membre de DarkSky Switzerland. En adh\u00e9rant \u00e0 DarkSky Switzerland vous soutenez la cohabitation durable entre l&#8217;homme et la nature. Votre contribution permet \u00e0 DarkSky Switzerland de mener \u00e0 bien son travail de pr\u00e9vention et d&#8217;information aupr\u00e8s de la population sur la pollution lumineuse, et pour un \u00e9clairage ext\u00e9rieur plus efficace. &hellip; <a href=\"https:\/\/www.darksky.ch\/dss\/fr\/darksky-switzerland\/devenir-membre\/\" class=\"more-link\">Continue reading<span class=\"screen-reader-text\"> &#8220;Devenir membre&#8221;<\/span><\/a><\/p>\n","protected":false},"author":2,"featured_media":0,"parent":152,"menu_order":4,"comment_status":"closed","ping_status":"closed","template":"","meta":{"_acf_changed":false,"footnotes":""},"class_list":["post-170","page","type-page","status-publish","hentry"],"acf":[],"_links":{"self":[{"href":"https:\/\/www.darksky.ch\/dss\/fr\/wp-json\/wp\/v2\/pages\/170","targetHints":{"allow":["GET"]}}],"collection":[{"href":"https:\/\/www.darksky.ch\/dss\/fr\/wp-json\/wp\/v2\/pages"}],"about":[{"href":"https:\/\/www.darksky.ch\/dss\/fr\/wp-json\/wp\/v2\/types\/page"}],"author":[{"embeddable":true,"href":"https:\/\/www.darksky.ch\/dss\/fr\/wp-json\/wp\/v2\/users\/2"}],"replies":[{"embeddable":true,"href":"https:\/\/www.darksky.ch\/dss\/fr\/wp-json\/wp\/v2\/comments?post=170"}],"version-history":[{"count":18,"href":"https:\/\/www.darksky.ch\/dss\/fr\/wp-json\/wp\/v2\/pages\/170\/revisions"}],"predecessor-version":[{"id":16486,"href":"https:\/\/www.darksky.ch\/dss\/fr\/wp-json\/wp\/v2\/pages\/170\/revisions\/16486"}],"up":[{"embeddable":true,"href":"https:\/\/www.darksky.ch\/dss\/fr\/wp-json\/wp\/v2\/pages\/152"}],"wp:attachment":[{"href":"https:\/\/www.darksky.ch\/dss\/fr\/wp-json\/wp\/v2\/media?parent=170"}],"curies":[{"name":"wp","href":"https:\/\/api.w.org\/{rel}","templated":true}]}}