

{"id":174,"date":"2016-06-17T14:08:01","date_gmt":"2016-06-17T12:08:01","guid":{"rendered":"http:\/\/www.darksky.ch\/dsx\/fr\/?page_id=174"},"modified":"2025-12-02T10:04:46","modified_gmt":"2025-12-02T09:04:46","slug":"faire-un-don","status":"publish","type":"page","link":"https:\/\/www.darksky.ch\/dss\/fr\/darksky-switzerland\/faire-un-don\/","title":{"rendered":"Faire un don"},"content":{"rendered":"<p>Vous ne souhaitez pas devenir adh\u00e9rent, bienfaiteur ou sponsor, mais simplement nous soutenir? Nous en sommes tr\u00e8s heureux!<\/p>\n<p><em>Vous pouvez adresser votre don \u00e0<\/em><br \/>\nCompte ch\u00e8que postal 85-190167-2<br \/>\nIBAN\u00a0CH1109000000851901672 \u00a0imprim\u00e9:\u00a0CH11 0900 0000 8519 0167 2<\/p>\n<p><em>Destinataire<\/em><br \/>\nDarkSky Switzerland, Friedenstrasse 7a, 8304 Wallisellen, Suisse<\/p>\n<p><em>Objet du paiement<\/em><br \/>\nDonation sans\u00a0adh\u00e9sion<\/p>\n<p>Quelques informations concernant nos d\u00e9penses:<\/p>\n<ul>\n<li>Notre directrice re\u00e7oit une modeste compensation pour l&#8217;administration et l&#8217;information aux personnes priv\u00e9es, aux autorit\u00e9s et aux m\u00e9dias.<\/li>\n<li>Les co\u00fbts de mat\u00e9riel comprennent les\u00a0frais d&#8217;exp\u00e9dition, d&#8217;impression, les innovations\u00a0techniques et les acquisitions.<\/li>\n<li>Le comit\u00e9, qui travaille b\u00e9n\u00e9volement, organise chaque ann\u00e9e un workshop afin d&#8217;aborder en profondeur les questions actuelles de DarkSky et faire avancer nos projets et nos strat\u00e9gies. Ces week-ends sont financ\u00e9s par l&#8217;association.<\/li>\n<li>Nous organisons pour les adh\u00e9rents l&#8217;Assembl\u00e9e g\u00e9n\u00e9rale et jusqu&#8217;\u00e0 deux \u00e9v\u00e8nements par an, ces derniers g\u00e9n\u00e9ralement gratuits pour les participants.<\/li>\n<li>La lettre d&#8217;information\u00a0Le papillon de Nuit para\u00eet chaque ann\u00e9e en octobre, traduite dans plusieurs langues, et est envoy\u00e9e aux adh\u00e9rents. Les co\u00fbts\u00a0comprennent le travail de mise en page, la traduction et les frais d&#8217;impression.<\/li>\n<li>Des \u00e9v\u00e8nements particuliers, tels que la\u00a0<a href=\"http:\/\/www.darksky.ch\/dss\/fr\/2016\/11\/chevalier-de-la-nuit-2016\/\">c\u00e9l\u00e9bration du 20e anniversaire le 18 novembre 2016, avec la remise d&#8217;un prix<\/a>, repr\u00e9sentent un co\u00fbt plus important.<\/li>\n<li>La participation \u00e0 des journ\u00e9es de l&#8217;environnement ou\u00a0\u00e0 d&#8217;autres \u00e9v\u00e8nements occasionne parfois des d\u00e9penses pour la cr\u00e9ation ou la remise d&#8217;objets (installations) qui permettent d&#8217;expliquer et d&#8217;illustrer physiquement nos pr\u00e9occupations.<\/li>\n<li>DarkSky Switzerland a soutenu et contribu\u00e9 financi\u00e8rement \u00e0 la conception et au travail de commission de la norme SIA 491 .<\/li>\n<li>\u00c0 l&#8217;initiative et avec l&#8217;aide de DarkSky Switzerland, la norme SIA 491 a \u00e9galement \u00e9t\u00e9 traduite en italien.<\/li>\n<li><em>\u00c0 propos: les dons aux organisations \u00e0 but non lucratif peuvent \u00eatre d\u00e9duits des imp\u00f4ts dans les cantons (AG, AI, AR, BL, GL, NW, OW, SG, SO, UR et ZH) o\u00f9 ces derni\u00e8res sont reconnues! Dans d\u2019autres cantons, l\u2019exon\u00e9ration fiscale est g\u00e9n\u00e9ralement accept\u00e9e. Si ce n\u2019est pas le cas, il convient de souligner que DarkSky Switzerland est d\u00e9j\u00e0 reconnue comme organisation d\u2019utilit\u00e9 publique dans de nombreux cantons et qu\u2019elle compte des membres dans toutes les r\u00e9gions du pays (voir la carte de la Suisse dans la rubrique \u00ab <a href=\"https:\/\/www.darksky.ch\/dss\/fr\/agir-vous-memes\/\" target=\"_blank\" rel=\"noopener\">Agir vous-m\u00eames<\/a> \u00bb, tout en bas).<\/em><\/li>\n<\/ul>\n<p>Votre don est le bienvenu pour soutenir ces d\u00e9penses r\u00e9guli\u00e8res, ou\u00a0d&#8217;autres plus exceptionnelles, au cours des mois et des ann\u00e9es \u00e0 venir. Il peut \u00eatre publi\u00e9 sur notre page\u00a0<a href=\"http:\/\/www.darksky.ch\/dss\/fr\/partenaires\/sponsors-et-donateurs\/\" target=\"_blank\" rel=\"noopener noreferrer\">sponsors<\/a>\u00a0si vous le souhaitez.<\/p>\n","protected":false},"excerpt":{"rendered":"<p>Vous ne souhaitez pas devenir adh\u00e9rent, bienfaiteur ou sponsor, mais simplement nous soutenir? Nous en sommes tr\u00e8s heureux! Vous pouvez adresser votre don \u00e0 Compte ch\u00e8que postal 85-190167-2 IBAN\u00a0CH1109000000851901672 \u00a0imprim\u00e9:\u00a0CH11 0900 0000 8519 0167 2 Destinataire DarkSky Switzerland, Friedenstrasse 7a, 8304 Wallisellen, Suisse Objet du paiement Donation sans\u00a0adh\u00e9sion Quelques informations concernant nos d\u00e9penses: Notre directrice &hellip; <a href=\"https:\/\/www.darksky.ch\/dss\/fr\/darksky-switzerland\/faire-un-don\/\" class=\"more-link\">Continue reading<span class=\"screen-reader-text\"> &#8220;Faire un don&#8221;<\/span><\/a><\/p>\n","protected":false},"author":2,"featured_media":0,"parent":152,"menu_order":6,"comment_status":"closed","ping_status":"closed","template":"","meta":{"_acf_changed":false,"footnotes":""},"class_list":["post-174","page","type-page","status-publish","hentry"],"acf":[],"_links":{"self":[{"href":"https:\/\/www.darksky.ch\/dss\/fr\/wp-json\/wp\/v2\/pages\/174","targetHints":{"allow":["GET"]}}],"collection":[{"href":"https:\/\/www.darksky.ch\/dss\/fr\/wp-json\/wp\/v2\/pages"}],"about":[{"href":"https:\/\/www.darksky.ch\/dss\/fr\/wp-json\/wp\/v2\/types\/page"}],"author":[{"embeddable":true,"href":"https:\/\/www.darksky.ch\/dss\/fr\/wp-json\/wp\/v2\/users\/2"}],"replies":[{"embeddable":true,"href":"https:\/\/www.darksky.ch\/dss\/fr\/wp-json\/wp\/v2\/comments?post=174"}],"version-history":[{"count":13,"href":"https:\/\/www.darksky.ch\/dss\/fr\/wp-json\/wp\/v2\/pages\/174\/revisions"}],"predecessor-version":[{"id":16488,"href":"https:\/\/www.darksky.ch\/dss\/fr\/wp-json\/wp\/v2\/pages\/174\/revisions\/16488"}],"up":[{"embeddable":true,"href":"https:\/\/www.darksky.ch\/dss\/fr\/wp-json\/wp\/v2\/pages\/152"}],"wp:attachment":[{"href":"https:\/\/www.darksky.ch\/dss\/fr\/wp-json\/wp\/v2\/media?parent=174"}],"curies":[{"name":"wp","href":"https:\/\/api.w.org\/{rel}","templated":true}]}}