

{"id":178,"date":"2016-06-17T14:03:30","date_gmt":"2016-06-17T12:03:30","guid":{"rendered":"http:\/\/www.darksky.ch\/dsx\/fr\/?page_id=178"},"modified":"2017-03-23T16:58:54","modified_gmt":"2017-03-23T15:58:54","slug":"a-propos-de-dark-sky","status":"publish","type":"page","link":"https:\/\/www.darksky.ch\/dss\/fr\/darksky-switzerland\/a-propos-de-dark-sky\/","title":{"rendered":"\u00c0 propos de Dark-Sky"},"content":{"rendered":"<p>L&#8217;\u00abInternational Dark-Sky Association\u00bb (IDA) est localis\u00e9e aux Etats-unis et fournit\u00a0le cadre international aux organisations locales,\u00a0g\u00e9n\u00e9ralement associ\u00e9es \u00e0 un pays, telles que\u00a0Dark-Sky Switzerland.<\/p>\n<p><strong>Dark-Sky Switzerland<\/strong>\u00a0est membre ind\u00e9pendant de l&#8217;IDA et s&#8217;occupe du probl\u00e8me de la <a href=\"http:\/\/www.darksky.ch\/dss\/fr\/a-savoir\/la-pollution-lumineuse\/\">pollution lumineuse<\/a> en Suisse.<\/p>\n<p><strong>Dark-Sky Switzerland<\/strong>\u00a0est une association ind\u00e9pendante de droit suisse, neutre politiquement et religieusement.<\/p>\n","protected":false},"excerpt":{"rendered":"<p>L&#8217;\u00abInternational Dark-Sky Association\u00bb (IDA) est localis\u00e9e aux Etats-unis et fournit\u00a0le cadre international aux organisations locales,\u00a0g\u00e9n\u00e9ralement associ\u00e9es \u00e0 un pays, telles que\u00a0Dark-Sky Switzerland. Dark-Sky Switzerland\u00a0est membre ind\u00e9pendant de l&#8217;IDA et s&#8217;occupe du probl\u00e8me de la pollution lumineuse en Suisse. Dark-Sky Switzerland\u00a0est une association ind\u00e9pendante de droit suisse, neutre politiquement et religieusement.<\/p>\n","protected":false},"author":2,"featured_media":0,"parent":152,"menu_order":0,"comment_status":"closed","ping_status":"closed","template":"","meta":{"_acf_changed":false,"footnotes":""},"class_list":["post-178","page","type-page","status-publish","hentry"],"acf":[],"_links":{"self":[{"href":"https:\/\/www.darksky.ch\/dss\/fr\/wp-json\/wp\/v2\/pages\/178","targetHints":{"allow":["GET"]}}],"collection":[{"href":"https:\/\/www.darksky.ch\/dss\/fr\/wp-json\/wp\/v2\/pages"}],"about":[{"href":"https:\/\/www.darksky.ch\/dss\/fr\/wp-json\/wp\/v2\/types\/page"}],"author":[{"embeddable":true,"href":"https:\/\/www.darksky.ch\/dss\/fr\/wp-json\/wp\/v2\/users\/2"}],"replies":[{"embeddable":true,"href":"https:\/\/www.darksky.ch\/dss\/fr\/wp-json\/wp\/v2\/comments?post=178"}],"version-history":[{"count":6,"href":"https:\/\/www.darksky.ch\/dss\/fr\/wp-json\/wp\/v2\/pages\/178\/revisions"}],"predecessor-version":[{"id":6841,"href":"https:\/\/www.darksky.ch\/dss\/fr\/wp-json\/wp\/v2\/pages\/178\/revisions\/6841"}],"up":[{"embeddable":true,"href":"https:\/\/www.darksky.ch\/dss\/fr\/wp-json\/wp\/v2\/pages\/152"}],"wp:attachment":[{"href":"https:\/\/www.darksky.ch\/dss\/fr\/wp-json\/wp\/v2\/media?parent=178"}],"curies":[{"name":"wp","href":"https:\/\/api.w.org\/{rel}","templated":true}]}}