

{"id":182,"date":"2016-06-17T14:05:44","date_gmt":"2016-06-17T12:05:44","guid":{"rendered":"http:\/\/www.darksky.ch\/dsx\/fr\/?page_id=182"},"modified":"2023-03-30T20:47:17","modified_gmt":"2023-03-30T18:47:17","slug":"comite-directeur","status":"publish","type":"page","link":"https:\/\/www.darksky.ch\/dss\/fr\/darksky-switzerland\/comite-directeur\/","title":{"rendered":"Comit\u00e9 directeur"},"content":{"rendered":"<figure id=\"attachment_13836\" aria-describedby=\"caption-attachment-13836\" style=\"width: 1920px\" class=\"wp-caption aligncenter\"><a href=\"https:\/\/www.darksky.ch\/dss\/wp-content\/uploads\/2023\/02\/Vorstand_Milchstrasse_neu_web.jpg\"><img loading=\"lazy\" decoding=\"async\" class=\"wp-image-13836 size-full\" src=\"https:\/\/www.darksky.ch\/dss\/wp-content\/uploads\/2023\/02\/Vorstand_Milchstrasse_neu_web.jpg\" alt=\"\" width=\"1920\" height=\"1080\" \/><\/a><figcaption id=\"caption-attachment-13836\" class=\"wp-caption-text\">Comit\u00e9 directeur de g.\u00e0 d. : Eliott Guenat, Liliana Sch\u00f6nberger, Martin Rais, D\u00e9borah Sangsue, Stefano Klett, Lukas Schuler, Roland Bodenmann et Kurt Wirth.<\/figcaption><\/figure>\n<table style=\"width: 545px;\">\n<tbody>\n<tr>\n<td style=\"width: 155px;\">\n<p><figure id=\"attachment_13153\" aria-describedby=\"caption-attachment-13153\" style=\"width: 200px\" class=\"wp-caption aligncenter\"><a href=\"http:\/\/www.darksky.ch\/dss\/wp-content\/uploads\/2021\/12\/Lukas_Schuler_67_300x300.jpg\"><img loading=\"lazy\" decoding=\"async\" class=\"wp-image-13153\" src=\"http:\/\/www.darksky.ch\/dss\/wp-content\/uploads\/2021\/12\/Lukas_Schuler_67_300x300.jpg\" alt=\"\" width=\"200\" height=\"200\" \/><\/a><figcaption id=\"caption-attachment-13153\" class=\"wp-caption-text\">Lukas Schuler, pr\u00e9sident<\/figcaption><\/figure><\/td>\n<td style=\"width: 390px; vertical-align: bottom;\"><strong> <a href=\"http:\/\/www.darksky.ch\/dss\/fr\/dark-sky-switzerland\/comite-directeur\/lukas-schuler\/\"> Lukas Schuler<br \/>\n<\/a>domaines: sciences, analyses<\/strong><\/td>\n<\/tr>\n<tr>\n<td style=\"width: 155px;\">\n<p><figure id=\"attachment_13157\" aria-describedby=\"caption-attachment-13157\" style=\"width: 200px\" class=\"wp-caption aligncenter\"><a href=\"http:\/\/www.darksky.ch\/dss\/wp-content\/uploads\/2021\/12\/Stefano_Klett_92_300x300.jpg\"><img loading=\"lazy\" decoding=\"async\" class=\"wp-image-13157\" src=\"http:\/\/www.darksky.ch\/dss\/wp-content\/uploads\/2021\/12\/Stefano_Klett_92_300x300.jpg\" alt=\"\" width=\"200\" height=\"200\" \/><\/a><figcaption id=\"caption-attachment-13157\" class=\"wp-caption-text\">Stefano Klett, vice-pr\u00e9sident et directeur de la \u00abSezione Ticino\u00bb<\/figcaption><\/figure><\/td>\n<td style=\"width: 390px; vertical-align: bottom;\"><strong> <a href=\"http:\/\/www.darksky.ch\/dss\/fr\/dark-sky-switzerland\/vorstand\/stefano-klett\/\"> Stefano Klett<br \/>\n<\/a>domaines: Suisse italienne, contacts avec la romandie<br \/>\n<\/strong><\/td>\n<\/tr>\n<tr>\n<td style=\"width: 155px;\">\n<p><figure id=\"attachment_13226\" aria-describedby=\"caption-attachment-13226\" style=\"width: 200px\" class=\"wp-caption aligncenter\"><a href=\"http:\/\/www.darksky.ch\/dss\/wp-content\/uploads\/2021\/12\/Kurt_Wirth_26_300x300.jpg\"><img loading=\"lazy\" decoding=\"async\" class=\"wp-image-13226\" src=\"http:\/\/www.darksky.ch\/dss\/wp-content\/uploads\/2021\/12\/Kurt_Wirth_26_300x300.jpg\" alt=\"\" width=\"200\" height=\"200\" \/><\/a><figcaption id=\"caption-attachment-13226\" class=\"wp-caption-text\">Kurt Wirth<\/figcaption><\/figure><\/td>\n<td style=\"width: 390px; vertical-align: bottom;\"><strong> <a href=\"http:\/\/www.darksky.ch\/dss\/fr\/dark-sky-switzerland\/vorstand\/kurt-wirth\/\"> Kurt Wirth<br \/>\n<\/a>domaines: constructions<\/strong><\/td>\n<\/tr>\n<tr>\n<td style=\"width: 155px;\">\n<p><figure id=\"attachment_13156\" aria-describedby=\"caption-attachment-13156\" style=\"width: 200px\" class=\"wp-caption aligncenter\"><a href=\"http:\/\/www.darksky.ch\/dss\/wp-content\/uploads\/2021\/12\/Roland_Bodenmann_77_300x300.jpg\"><img loading=\"lazy\" decoding=\"async\" class=\"wp-image-13156\" src=\"http:\/\/www.darksky.ch\/dss\/wp-content\/uploads\/2021\/12\/Roland_Bodenmann_77_300x300.jpg\" alt=\"\" width=\"200\" height=\"200\" \/><\/a><figcaption id=\"caption-attachment-13156\" class=\"wp-caption-text\">Roland Bodenmann<\/figcaption><\/figure><\/td>\n<td style=\"width: 390px; vertical-align: bottom;\"><strong><a href=\"http:\/\/www.darksky.ch\/dss\/fr\/dark-sky-switzerland\/vorstand\/roland-bodenmann\/\">Roland Bodenmann<br \/>\n<\/a>domaines: conception \u00e9clairage<\/strong><\/td>\n<\/tr>\n<tr>\n<td style=\"width: 155px;\">\n<p><figure id=\"attachment_13151\" aria-describedby=\"caption-attachment-13151\" style=\"width: 200px\" class=\"wp-caption aligncenter\"><a href=\"http:\/\/www.darksky.ch\/dss\/wp-content\/uploads\/2021\/12\/Eliott_Guenat_31_300x300.jpg\"><img loading=\"lazy\" decoding=\"async\" class=\"wp-image-13151\" src=\"http:\/\/www.darksky.ch\/dss\/wp-content\/uploads\/2021\/12\/Eliott_Guenat_31_300x300.jpg\" alt=\"\" width=\"200\" height=\"200\" \/><\/a><figcaption id=\"caption-attachment-13151\" class=\"wp-caption-text\">Eliott Guenat<\/figcaption><\/figure><\/td>\n<td style=\"width: 390px; vertical-align: bottom;\"><strong><a href=\"http:\/\/www.darksky.ch\/dss\/fr\/dark-sky-switzerland\/comite-directeur\/eliott-guenat\/\">Eliott Guenat<\/a><br \/>\n<\/strong><strong>domaines: Suisse romande<\/strong><\/td>\n<\/tr>\n<tr>\n<td style=\"width: 155px;\">\n<p><figure id=\"attachment_13152\" aria-describedby=\"caption-attachment-13152\" style=\"width: 200px\" class=\"wp-caption aligncenter\"><a href=\"http:\/\/www.darksky.ch\/dss\/wp-content\/uploads\/2021\/12\/Liliana_Schoenberger_17_300x300.jpg\"><img loading=\"lazy\" decoding=\"async\" class=\"wp-image-13152\" src=\"http:\/\/www.darksky.ch\/dss\/wp-content\/uploads\/2021\/12\/Liliana_Schoenberger_17_300x300.jpg\" alt=\"\" width=\"200\" height=\"200\" \/><\/a><figcaption id=\"caption-attachment-13152\" class=\"wp-caption-text\">Liliana Sch\u00f6nberger<\/figcaption><\/figure><\/td>\n<td style=\"width: 390px; vertical-align: bottom;\"><strong><a href=\"http:\/\/www.darksky.ch\/dss\/fr\/dark-sky-switzerland\/comite-directeur\/liliana-schoenberger\/\" target=\"_blank\" rel=\"noopener\">Liliana Sch\u00f6nberger<\/a><br \/>\ndomaines: planification espace, ornithologie<\/strong><\/td>\n<\/tr>\n<tr>\n<td style=\"width: 155px;\">\n<p><figure id=\"attachment_13150\" aria-describedby=\"caption-attachment-13150\" style=\"width: 200px\" class=\"wp-caption aligncenter\"><a href=\"http:\/\/www.darksky.ch\/dss\/wp-content\/uploads\/2021\/12\/Deborah_Sangsue_44_300x300.jpg\"><img loading=\"lazy\" decoding=\"async\" class=\"wp-image-13150\" src=\"http:\/\/www.darksky.ch\/dss\/wp-content\/uploads\/2021\/12\/Deborah_Sangsue_44_300x300.jpg\" alt=\"\" width=\"200\" height=\"200\" \/><\/a><figcaption id=\"caption-attachment-13150\" class=\"wp-caption-text\">D\u00e9borah Sangsue<\/figcaption><\/figure><\/td>\n<td style=\"width: 390px; vertical-align: bottom;\"><strong><a href=\"http:\/\/www.darksky.ch\/dss\/fr\/dark-sky-switzerland\/comite-directeur\/deborah-sangsue\/\" target=\"_blank\" rel=\"noopener\">D\u00e9borah Sangsue<\/a><br \/>\ndomaines: Droit, Suisse romande<\/strong><\/td>\n<\/tr>\n<tr>\n<td style=\"width: 155px;\">\n<p><figure id=\"attachment_13155\" aria-describedby=\"caption-attachment-13155\" style=\"width: 200px\" class=\"wp-caption aligncenter\"><a href=\"http:\/\/www.darksky.ch\/dss\/wp-content\/uploads\/2021\/12\/Martin_Rais_49_300x300.jpg\"><img loading=\"lazy\" decoding=\"async\" class=\"wp-image-13155\" src=\"http:\/\/www.darksky.ch\/dss\/wp-content\/uploads\/2021\/12\/Martin_Rais_49_300x300.jpg\" alt=\"\" width=\"200\" height=\"200\" \/><\/a><figcaption id=\"caption-attachment-13155\" class=\"wp-caption-text\">Martin Rais<\/figcaption><\/figure><\/td>\n<td style=\"width: 390px; vertical-align: bottom;\"><strong><a href=\"http:\/\/www.darksky.ch\/dss\/fr\/dark-sky-switzerland\/comite-directeur\/martin-rais\/\" target=\"_blank\" rel=\"noopener\">Martin Rais<\/a><br \/>\ndomaines: Environnement, Suisse romande<\/strong><\/td>\n<\/tr>\n<\/tbody>\n<\/table>\n","protected":false},"excerpt":{"rendered":"<p>Lukas Schuler domaines: sciences, analyses Stefano Klett domaines: Suisse italienne, contacts avec la romandie Kurt Wirth domaines: constructions Roland Bodenmann domaines: conception \u00e9clairage Eliott Guenat domaines: Suisse romande Liliana Sch\u00f6nberger domaines: planification espace, ornithologie D\u00e9borah Sangsue domaines: Droit, Suisse romande Martin Rais domaines: Environnement, Suisse romande<\/p>\n","protected":false},"author":2,"featured_media":0,"parent":152,"menu_order":2,"comment_status":"closed","ping_status":"closed","template":"","meta":{"_acf_changed":false,"footnotes":""},"class_list":["post-182","page","type-page","status-publish","hentry"],"acf":[],"_links":{"self":[{"href":"https:\/\/www.darksky.ch\/dss\/fr\/wp-json\/wp\/v2\/pages\/182","targetHints":{"allow":["GET"]}}],"collection":[{"href":"https:\/\/www.darksky.ch\/dss\/fr\/wp-json\/wp\/v2\/pages"}],"about":[{"href":"https:\/\/www.darksky.ch\/dss\/fr\/wp-json\/wp\/v2\/types\/page"}],"author":[{"embeddable":true,"href":"https:\/\/www.darksky.ch\/dss\/fr\/wp-json\/wp\/v2\/users\/2"}],"replies":[{"embeddable":true,"href":"https:\/\/www.darksky.ch\/dss\/fr\/wp-json\/wp\/v2\/comments?post=182"}],"version-history":[{"count":16,"href":"https:\/\/www.darksky.ch\/dss\/fr\/wp-json\/wp\/v2\/pages\/182\/revisions"}],"predecessor-version":[{"id":14033,"href":"https:\/\/www.darksky.ch\/dss\/fr\/wp-json\/wp\/v2\/pages\/182\/revisions\/14033"}],"up":[{"embeddable":true,"href":"https:\/\/www.darksky.ch\/dss\/fr\/wp-json\/wp\/v2\/pages\/152"}],"wp:attachment":[{"href":"https:\/\/www.darksky.ch\/dss\/fr\/wp-json\/wp\/v2\/media?parent=182"}],"curies":[{"name":"wp","href":"https:\/\/api.w.org\/{rel}","templated":true}]}}