

{"id":186,"date":"2016-06-16T17:37:02","date_gmt":"2016-06-16T15:37:02","guid":{"rendered":"http:\/\/www.darksky.ch\/dsx\/fr\/?page_id=186"},"modified":"2019-09-08T13:42:40","modified_gmt":"2019-09-08T11:42:40","slug":"activites","status":"publish","type":"page","link":"https:\/\/www.darksky.ch\/dss\/fr\/activites\/","title":{"rendered":"Activit\u00e9s"},"content":{"rendered":"<p>Vous pouvez faire appel \u00e0 nos comp\u00e9tences.<\/p>\n<ul class=\"lcp_catlist\" id=\"lcp_instance_0\"><li><a href=\"https:\/\/www.darksky.ch\/dss\/fr\/2016\/01\/calculateur-pour-estimer-les-economies-denergie-dans-leclairage-public\/\">Calculateur pour estimer les \u00e9conomies d&#8217;\u00e9nergie dans l&#8217;\u00e9clairage public<\/a><\/li><\/ul>\n<div><\/div>\n","protected":false},"excerpt":{"rendered":"<p>Vous pouvez faire appel \u00e0 nos comp\u00e9tences.<\/p>\n","protected":false},"author":2,"featured_media":0,"parent":0,"menu_order":6,"comment_status":"closed","ping_status":"closed","template":"","meta":{"_acf_changed":false,"footnotes":""},"class_list":["post-186","page","type-page","status-publish","hentry"],"acf":[],"_links":{"self":[{"href":"https:\/\/www.darksky.ch\/dss\/fr\/wp-json\/wp\/v2\/pages\/186","targetHints":{"allow":["GET"]}}],"collection":[{"href":"https:\/\/www.darksky.ch\/dss\/fr\/wp-json\/wp\/v2\/pages"}],"about":[{"href":"https:\/\/www.darksky.ch\/dss\/fr\/wp-json\/wp\/v2\/types\/page"}],"author":[{"embeddable":true,"href":"https:\/\/www.darksky.ch\/dss\/fr\/wp-json\/wp\/v2\/users\/2"}],"replies":[{"embeddable":true,"href":"https:\/\/www.darksky.ch\/dss\/fr\/wp-json\/wp\/v2\/comments?post=186"}],"version-history":[{"count":5,"href":"https:\/\/www.darksky.ch\/dss\/fr\/wp-json\/wp\/v2\/pages\/186\/revisions"}],"predecessor-version":[{"id":11214,"href":"https:\/\/www.darksky.ch\/dss\/fr\/wp-json\/wp\/v2\/pages\/186\/revisions\/11214"}],"wp:attachment":[{"href":"https:\/\/www.darksky.ch\/dss\/fr\/wp-json\/wp\/v2\/media?parent=186"}],"curies":[{"name":"wp","href":"https:\/\/api.w.org\/{rel}","templated":true}]}}