

{"id":190,"date":"2016-06-17T12:07:53","date_gmt":"2016-06-17T10:07:53","guid":{"rendered":"http:\/\/www.darksky.ch\/dsx\/fr\/?page_id=190"},"modified":"2017-03-23T19:12:43","modified_gmt":"2017-03-23T18:12:43","slug":"articles","status":"publish","type":"page","link":"https:\/\/www.darksky.ch\/dss\/fr\/activites\/articles\/","title":{"rendered":"Articles"},"content":{"rendered":"<p>Les auteurs de Dark-Sky Switzerland \u00e9crivent aussi parfois des articles dans des revues sp\u00e9cialis\u00e9es.<\/p>\n<p>Exemples:<\/p>\n<ul class=\"lcp_catlist\" id=\"lcp_instance_0\"><li><a href=\"https:\/\/www.darksky.ch\/dss\/fr\/2026\/03\/assemblee-generale-2026-a-olten\/\">Assembl\u00e9e g\u00e9n\u00e9rale 2026 \u00e0 Olten<\/a><\/li><li><a href=\"https:\/\/www.darksky.ch\/dss\/fr\/2026\/01\/rts-un-nouvel-eclairage-rougeatre-a-lausanne-pour-mieux-proteger-la-faune\/\">RTS \u2013 Un nouvel \u00e9clairage rouge\u00e2tre \u00e0 Lausanne pour mieux prot\u00e9ger la faune<\/a><\/li><li><a href=\"https:\/\/www.darksky.ch\/dss\/fr\/2025\/12\/le-papillon-de-nuit-2025\/\">Le Papillon de Nuit 2025<\/a><\/li><li><a href=\"https:\/\/www.darksky.ch\/dss\/fr\/2025\/12\/scnat-savoir-hotspot-52-25-precieuse-obscurite\/\">scnat savoir \u2013\u00a0HOTSPOT 52\/25 Pr\u00e9cieuse obscurit\u00e9<\/a><\/li><li><a href=\"https:\/\/www.darksky.ch\/dss\/fr\/2025\/12\/rts-la-pollution-lumineuse-perturbe-l%ca%b9horloge-des-fleurs-sauvages\/\">RTS \u2013 La pollution lumineuse perturbe l\u02b9horloge des fleurs sauvages<\/a><\/li><li><a href=\"https:\/\/www.darksky.ch\/dss\/fr\/2025\/11\/under-one-sky-conference-mondiale\/\">Under One Sky conf\u00e9rence mondiale<\/a><\/li><li><a href=\"https:\/\/www.darksky.ch\/dss\/fr\/2025\/10\/corsier-sur-vevey-journee-festive\/\">Corsier-sur-Vevey \u2013 Journ\u00e9e festive<\/a><\/li><li><a href=\"https:\/\/www.darksky.ch\/dss\/fr\/2025\/10\/rts-sept-parcs-lausannois-plonges-dans-lobscurite-pour-la-biodiversite\/\">RTS \u2013 Sept parcs lausannois plong\u00e9s dans l\u2019obscurit\u00e9 pour la biodiversit\u00e9<\/a><\/li><li><a href=\"https:\/\/www.darksky.ch\/dss\/fr\/2025\/06\/rts-la-pollution-lumineuse-urbaine-perturbe-le-cycle-des-plantes-et-menace-la-biodiversite\/\">RTS \u2013 La pollution lumineuse urbaine perturbe le cycle des plantes et menace la biodiversit\u00e9<\/a><\/li><li><a href=\"https:\/\/www.darksky.ch\/dss\/fr\/2025\/06\/suisse-rando-propose-de-nombreuses-randonnees-nocturnes-les-12-et-13-juillet\/\">Suisse Rando propose de nombreuses randonn\u00e9es nocturnes les 12 et 13 juillet<\/a><\/li><\/ul><ul class='lcp_paginator'><li class='lcp_currentpage'>1<\/li><li><a href='https:\/\/www.darksky.ch\/dss\/fr\/wp-json\/wp\/v2\/pages\/190?lcp_page0=2#lcp_instance_0' title='2'>2<\/a><\/li><li><a href='https:\/\/www.darksky.ch\/dss\/fr\/wp-json\/wp\/v2\/pages\/190?lcp_page0=3#lcp_instance_0' title='3'>3<\/a><\/li><li><a href='https:\/\/www.darksky.ch\/dss\/fr\/wp-json\/wp\/v2\/pages\/190?lcp_page0=4#lcp_instance_0' title='4'>4<\/a><\/li><li><a href='https:\/\/www.darksky.ch\/dss\/fr\/wp-json\/wp\/v2\/pages\/190?lcp_page0=5#lcp_instance_0' title='5'>5<\/a><\/li><li><a href='https:\/\/www.darksky.ch\/dss\/fr\/wp-json\/wp\/v2\/pages\/190?lcp_page0=6#lcp_instance_0' title='6'>6<\/a><\/li><span class='lcp_elipsis'>...<\/span><li><a href='https:\/\/www.darksky.ch\/dss\/fr\/wp-json\/wp\/v2\/pages\/190?lcp_page0=34#lcp_instance_0' title='34'>34<\/a><\/li><li><a href='https:\/\/www.darksky.ch\/dss\/fr\/wp-json\/wp\/v2\/pages\/190?lcp_page0=2#lcp_instance_0' title='2' class='lcp_nextlink'>&gt;&gt;<\/a><\/li><\/ul>\n<div><\/div>\n","protected":false},"excerpt":{"rendered":"<p>Les auteurs de Dark-Sky Switzerland \u00e9crivent aussi parfois des articles dans des revues sp\u00e9cialis\u00e9es. Exemples:<\/p>\n","protected":false},"author":2,"featured_media":0,"parent":186,"menu_order":2,"comment_status":"closed","ping_status":"closed","template":"","meta":{"_acf_changed":false,"footnotes":""},"class_list":["post-190","page","type-page","status-publish","hentry"],"acf":[],"_links":{"self":[{"href":"https:\/\/www.darksky.ch\/dss\/fr\/wp-json\/wp\/v2\/pages\/190","targetHints":{"allow":["GET"]}}],"collection":[{"href":"https:\/\/www.darksky.ch\/dss\/fr\/wp-json\/wp\/v2\/pages"}],"about":[{"href":"https:\/\/www.darksky.ch\/dss\/fr\/wp-json\/wp\/v2\/types\/page"}],"author":[{"embeddable":true,"href":"https:\/\/www.darksky.ch\/dss\/fr\/wp-json\/wp\/v2\/users\/2"}],"replies":[{"embeddable":true,"href":"https:\/\/www.darksky.ch\/dss\/fr\/wp-json\/wp\/v2\/comments?post=190"}],"version-history":[{"count":5,"href":"https:\/\/www.darksky.ch\/dss\/fr\/wp-json\/wp\/v2\/pages\/190\/revisions"}],"predecessor-version":[{"id":6867,"href":"https:\/\/www.darksky.ch\/dss\/fr\/wp-json\/wp\/v2\/pages\/190\/revisions\/6867"}],"up":[{"embeddable":true,"href":"https:\/\/www.darksky.ch\/dss\/fr\/wp-json\/wp\/v2\/pages\/186"}],"wp:attachment":[{"href":"https:\/\/www.darksky.ch\/dss\/fr\/wp-json\/wp\/v2\/media?parent=190"}],"curies":[{"name":"wp","href":"https:\/\/api.w.org\/{rel}","templated":true}]}}