

{"id":204,"date":"2016-06-16T21:21:38","date_gmt":"2016-06-16T19:21:38","guid":{"rendered":"http:\/\/www.darksky.ch\/dsx\/fr\/?page_id=204"},"modified":"2019-09-27T15:01:48","modified_gmt":"2019-09-27T13:01:48","slug":"conferences","status":"publish","type":"page","link":"https:\/\/www.darksky.ch\/dss\/fr\/activites\/conferences\/","title":{"rendered":"Conf\u00e9rences"},"content":{"rendered":"<p>Vous souhaitez organiser une conf\u00e9rence dans votre commune ou dans votre entreprise ou lors d&#8217;un \u00e9v\u00e9nement particulier? N&#8217;h\u00e9sitez pas \u00e0 prendre contact assez t\u00f4t afin que nous puissions r\u00e9server une date.<\/p>\n<p>Exemple de r\u00e9sum\u00e9 de conf\u00e9rence :<\/p>\n<p><strong>La pollution lumineuse en Suisse : situation et perspectives<\/strong>.<\/p>\n<p>La pollution lumineuse est la lumi\u00e8re artificielle nuisible ou incommodante pour l&#8217;homme et pour l&#8217;environnement. Celle-ci pose probl\u00e8me non seulement pour l&#8217;astronomie, mais aussi pour les animaux nocturnes comme les papillons de nuit, les lucioles, ou les oiseaux migrateurs. Des mesures techniques simples existent, et permettent de r\u00e9aliser de substantielles \u00e9conomies, mais la m\u00e9connaissance du probl\u00e8me chez les \u00e9lus et les professionnels de l&#8217;\u00e9clairage freine leur mise en oeuvre. La conf\u00e9rence sera l&#8217;occasion de faire le point sur la situation en Suisse romande, avec de nombreuses photos \u00e0 l&#8217;appui.<\/p>\n<p><strong>Les conf\u00e9renciers :<\/strong><\/p>\n<p>Eliott Guenat est ing\u00e9nieur EPFL en g\u00e9nie m\u00e9canique, sp\u00e9cialis\u00e9 en \u00e9nergie. Il r\u00e9alise en ce moment une th\u00e8se de doctorat \u00e0 l&#8217;antenne Neuch\u00e2teloise de l&#8217;EPFL sur ce m\u00eame th\u00e8me. Eliott a rejoint Dark-Sky Switzerland en 2018.<\/p>\n<p>Arnaud Zufferey est ing\u00e9nieur EPFL en informatique. Il est titulaire d&#8217;un Master of Advanced Studies (MAS) EPFL en environnement : sciences, ing\u00e9nierie et management ainsi que d&#8217;un CAS en optimisation \u00e9nerg\u00e9tique. Il est devenu\u00a0un membre d&#8217;honneur avec Dark-Sky Switzerland pour ses efforts depuis quatorze ans.\u00a0Arnaud Zufferey a d\u00e9missionn\u00e9\u00a0notre organisation en \u00e9t\u00e9 2017.<\/p>\n<p><strong>Conf\u00e9rences pass\u00e9es :<\/strong><\/p>\n<table style=\"width: 100%; height: 980px;\">\n<tbody>\n<tr>\n<td style=\"width: 10.21671826625387%;\">2019-9<\/td>\n<td style=\"width: 27.86377708978328%;\"><span class=\"Apple-style-span\">La Nuit est Belle<\/span><\/td>\n<td style=\"width: 15.170278637770899%;\"><span class=\"Apple-style-span\">Ch\u00eane-Bougeries<\/span><\/td>\n<td style=\"width: 32.35294117647059%;\">Pollution lumineuse: Causes et effets<\/td>\n<td style=\"width: 14.241486068111456%;\">Eliott Guenat<\/td>\n<\/tr>\n<tr>\n<td style=\"width: 10.21671826625387%;\">2019-9<\/td>\n<td style=\"width: 27.86377708978328%;\"><span class=\"Apple-style-span\">F\u00eate de la Nuit<\/span><\/td>\n<td style=\"width: 15.170278637770899%;\"><span class=\"Apple-style-span\">Tramelan<\/span><\/td>\n<td style=\"width: 32.35294117647059%;\">Pollution lumineuse: Causes et effets<\/td>\n<td style=\"width: 14.241486068111456%;\">Eliott Guenat<\/td>\n<\/tr>\n<tr>\n<td style=\"width: 10.21671826625387%;\">2019-3<\/td>\n<td style=\"width: 27.86377708978328%;\"><span class=\"Apple-style-span\">CEPM<\/span><\/td>\n<td style=\"width: 15.170278637770899%;\"><span class=\"Apple-style-span\">Morges<\/span><\/td>\n<td style=\"width: 32.35294117647059%;\">Pr\u00e9venir la pollution lumineuse<\/td>\n<td style=\"width: 14.241486068111456%;\">Eliott Guenat<\/td>\n<\/tr>\n<tr>\n<td style=\"width: 10.21671826625387%;\">2019-3<\/td>\n<td style=\"width: 27.86377708978328%;\"><span class=\"Apple-style-span\">Festival du Film Vert<\/span><\/td>\n<td style=\"width: 15.170278637770899%;\"><span class=\"Apple-style-span\">Sierre<\/span><\/td>\n<td style=\"width: 32.35294117647059%;\">Pollution lumineuse et nature<\/td>\n<td style=\"width: 14.241486068111456%;\">Eliott Guenat<\/td>\n<\/tr>\n<tr style=\"height: 56px;\">\n<td style=\"width: 10.21671826625387%; height: 56px;\">2018 &#8211; 9<\/td>\n<td style=\"width: 27.86377708978328%; height: 56px;\"><span class=\"Apple-style-span\">ECOFORUM\u00a0Evologia<\/span><\/td>\n<td style=\"width: 15.170278637770899%; height: 56px;\"><span class=\"Apple-style-span\">Cernier<\/span><\/td>\n<td style=\"width: 32.35294117647059%; height: 56px;\">Pollution lumineuse: Causes et effets<\/td>\n<td style=\"width: 14.241486068111456%; height: 56px;\">Eliott Guenat<\/td>\n<\/tr>\n<tr style=\"height: 56px;\">\n<td style=\"width: 10.21671826625387%; height: 56px;\">2017-4<\/td>\n<td style=\"width: 27.86377708978328%; height: 56px;\"><span class=\"Apple-style-span\">Yverdon energies<\/span><\/td>\n<td style=\"width: 15.170278637770899%; height: 56px;\"><span class=\"Apple-style-span\">Yverdon-les-Bains<\/span><\/td>\n<td style=\"width: 32.35294117647059%; height: 56px;\">Diminuer la pollution lumineuse<\/td>\n<td style=\"width: 14.241486068111456%; height: 56px;\">Arnaud Zufferey<\/td>\n<\/tr>\n<tr style=\"height: 84px;\">\n<td style=\"width: 10.21671826625387%; height: 84px;\">2016-9<\/td>\n<td style=\"width: 27.86377708978328%; height: 84px;\"><span class=\"Apple-style-span\">Mieux vivre \u00e0 V\u00e9troz<\/span><\/td>\n<td style=\"width: 15.170278637770899%; height: 84px;\">V\u00e9troz<\/td>\n<td style=\"width: 32.35294117647059%; height: 84px;\">La pollution lumineuse:<br \/>\nSituation et perspectives<\/td>\n<td style=\"width: 14.241486068111456%; height: 84px;\">Arnaud Zufferey<\/td>\n<\/tr>\n<tr style=\"height: 84px;\">\n<td style=\"width: 10.21671826625387%; height: 84px;\">2013-6<\/td>\n<td style=\"width: 27.86377708978328%; height: 84px;\">sanu<\/td>\n<td style=\"width: 15.170278637770899%; height: 84px;\">Fribourg<\/td>\n<td style=\"width: 32.35294117647059%; height: 84px;\">L\u2019importance de la lumi\u00e8re\u00a0pour l\u2019\u00eatre humain<\/td>\n<td style=\"width: 14.241486068111456%; height: 84px;\">Lukas Schuler, pr\u00e9sident<\/td>\n<\/tr>\n<tr style=\"height: 56px;\">\n<td style=\"width: 10.21671826625387%; height: 56px;\">2008-10<\/td>\n<td style=\"width: 27.86377708978328%; height: 56px;\"><span class=\"Apple-style-span\">fauna.vs<\/span><\/td>\n<td style=\"width: 15.170278637770899%; height: 56px;\">Sierre<\/td>\n<td style=\"width: 32.35294117647059%; height: 56px;\">La pollution lumineuse<\/td>\n<td style=\"width: 14.241486068111456%; height: 56px;\">Arnaud Zufferey<\/td>\n<\/tr>\n<tr style=\"height: 56px;\">\n<td style=\"width: 10.21671826625387%; height: 56px;\">2008-1<\/td>\n<td style=\"width: 27.86377708978328%; height: 56px;\"><span class=\"Apple-style-span\">cercle des sciences du chablais<\/span><\/td>\n<td style=\"width: 15.170278637770899%; height: 56px;\">Aigle<\/td>\n<td style=\"width: 32.35294117647059%; height: 56px;\">La pollution lumineuse<\/td>\n<td style=\"width: 14.241486068111456%; height: 56px;\">Arnaud Zufferey<\/td>\n<\/tr>\n<tr style=\"height: 84px;\">\n<td style=\"width: 10.21671826625387%; height: 84px;\">2007-11<\/td>\n<td style=\"width: 27.86377708978328%; height: 84px;\"><span class=\"Apple-style-span\">Salle communale<\/span><\/td>\n<td style=\"width: 15.170278637770899%; height: 84px;\">Le Noirmont, JU<\/td>\n<td style=\"width: 32.35294117647059%; height: 84px;\">La pollution lumineuse<\/td>\n<td style=\"width: 14.241486068111456%; height: 84px;\">Arnaud Zufferey<\/td>\n<\/tr>\n<tr style=\"height: 56px;\">\n<td style=\"width: 10.21671826625387%; height: 56px;\">2007-5<\/td>\n<td style=\"width: 27.86377708978328%; height: 56px;\"><span class=\"Apple-style-span\">HES-SO, dans le cadre des Soleillades<\/span><\/td>\n<td style=\"width: 15.170278637770899%; height: 56px;\">Sierre<\/td>\n<td style=\"width: 32.35294117647059%; height: 56px;\">La pollution lumineuse<\/td>\n<td style=\"width: 14.241486068111456%; height: 56px;\">Arnaud Zufferey<\/td>\n<\/tr>\n<tr style=\"height: 84px;\">\n<td style=\"width: 10.21671826625387%; height: 84px;\">2007-3<\/td>\n<td style=\"width: 27.86377708978328%; height: 84px;\">\u00a0Soci\u00e9t\u00e9 Astronomiques de Gen\u00e8ve<\/td>\n<td style=\"width: 15.170278637770899%; height: 84px;\"><span class=\"Apple-style-span\">Gen\u00e8ve<\/span><\/td>\n<td style=\"width: 32.35294117647059%; height: 84px;\"><a href=\"http:\/\/www.darksky.ch\/dss\/wp-content\/uploads\/2016\/06\/2007-pl-conf.pdf\"><span class=\"Apple-style-span\">La pollution lumineuse en Valais, situation et perspectives<\/span><\/a><\/td>\n<td style=\"width: 14.241486068111456%; height: 84px;\">Arnaud Zufferey<\/td>\n<\/tr>\n<tr style=\"height: 56px;\">\n<td style=\"width: 10.21671826625387%; height: 56px;\">2007-2<\/td>\n<td style=\"width: 27.86377708978328%; height: 56px;\"><span class=\"Apple-style-span\">La Murithienne<br \/>\nColl\u00e8ge de la Planta<\/span><\/td>\n<td style=\"width: 15.170278637770899%; height: 56px;\">Sion<\/td>\n<td style=\"width: 32.35294117647059%; height: 56px;\">La pollution lumineuse<\/td>\n<td style=\"width: 14.241486068111456%; height: 56px;\">Arnaud Zufferey<\/td>\n<\/tr>\n<tr style=\"height: 56px;\">\n<td style=\"width: 10.21671826625387%; height: 56px;\">2007-1<\/td>\n<td style=\"width: 27.86377708978328%; height: 56px;\">Aula UniMail<\/td>\n<td style=\"width: 15.170278637770899%; height: 56px;\">Neuch\u00e2tel<\/td>\n<td style=\"width: 32.35294117647059%; height: 56px;\">La pollution lumineuse<\/td>\n<td style=\"width: 14.241486068111456%; height: 56px;\">Arnaud Zufferey<\/td>\n<\/tr>\n<tr style=\"height: 56px;\">\n<td style=\"width: 10.21671826625387%; height: 56px;\">2006-12<\/td>\n<td style=\"width: 27.86377708978328%; height: 56px;\">HES<\/td>\n<td style=\"width: 15.170278637770899%; height: 56px;\"><span class=\"Apple-style-span\">Yverdon<\/span><\/td>\n<td style=\"width: 32.35294117647059%; height: 56px;\">La pollution lumineuse<\/td>\n<td style=\"width: 14.241486068111456%; height: 56px;\">Arnaud Zufferey<\/td>\n<\/tr>\n<tr style=\"height: 84px;\">\n<td style=\"width: 10.21671826625387%; height: 84px;\">2006-6<\/td>\n<td style=\"width: 27.86377708978328%; height: 84px;\"><span class=\"Apple-style-span\">EPFL<br \/>\nGRC 01<br \/>\n<\/span><\/td>\n<td style=\"width: 15.170278637770899%; height: 84px;\"><span class=\"Apple-style-span\">Lausanne<\/span><\/td>\n<td style=\"width: 32.35294117647059%; height: 84px;\"><a href=\"http:\/\/www.darksky.ch\/dss\/wp-content\/uploads\/2016\/06\/2006-pl-conf-english.pdf\">Light pollution<\/a><br \/>\ns\u00e9minaire ISTE (en anglais)<\/td>\n<td style=\"width: 14.241486068111456%; height: 84px;\">Arnaud Zufferey<\/td>\n<\/tr>\n<tr style=\"height: 56px;\">\n<td style=\"width: 10.21671826625387%; height: 56px;\">2006-5<\/td>\n<td style=\"width: 27.86377708978328%; height: 56px;\"><span class=\"Apple-style-span\">salle supersaxo<\/span><\/td>\n<td style=\"width: 15.170278637770899%; height: 56px;\"><span class=\"Apple-style-span\">Sion<\/span><\/td>\n<td style=\"width: 32.35294117647059%; height: 56px;\">La pollution lumineuse<\/td>\n<td style=\"width: 14.241486068111456%; height: 56px;\">Arnaud Zufferey<\/td>\n<\/tr>\n<tr style=\"height: 56px;\">\n<td style=\"width: 10.21671826625387%; height: 56px;\">2006-2<\/td>\n<td style=\"width: 27.86377708978328%; height: 56px;\"><span class=\"Apple-style-span\">SAVAR<\/span><\/td>\n<td style=\"width: 15.170278637770899%; height: 56px;\"><span class=\"Apple-style-span\">Sion<\/span><\/td>\n<td style=\"width: 32.35294117647059%; height: 56px;\">La pollution lumineuse<\/td>\n<td style=\"width: 14.241486068111456%; height: 56px;\">Arnaud Zufferey<\/td>\n<\/tr>\n<\/tbody>\n<\/table>\n<p>&nbsp;<\/p>\n","protected":false},"excerpt":{"rendered":"<p>Vous souhaitez organiser une conf\u00e9rence dans votre commune ou dans votre entreprise ou lors d&#8217;un \u00e9v\u00e9nement particulier? N&#8217;h\u00e9sitez pas \u00e0 prendre contact assez t\u00f4t afin que nous puissions r\u00e9server une date. Exemple de r\u00e9sum\u00e9 de conf\u00e9rence : La pollution lumineuse en Suisse : situation et perspectives. La pollution lumineuse est la lumi\u00e8re artificielle nuisible ou &hellip; <a href=\"https:\/\/www.darksky.ch\/dss\/fr\/activites\/conferences\/\" class=\"more-link\">Continue reading<span class=\"screen-reader-text\"> &#8220;Conf\u00e9rences&#8221;<\/span><\/a><\/p>\n","protected":false},"author":2,"featured_media":0,"parent":186,"menu_order":1,"comment_status":"closed","ping_status":"closed","template":"","meta":{"_acf_changed":false,"footnotes":""},"class_list":["post-204","page","type-page","status-publish","hentry"],"acf":[],"_links":{"self":[{"href":"https:\/\/www.darksky.ch\/dss\/fr\/wp-json\/wp\/v2\/pages\/204","targetHints":{"allow":["GET"]}}],"collection":[{"href":"https:\/\/www.darksky.ch\/dss\/fr\/wp-json\/wp\/v2\/pages"}],"about":[{"href":"https:\/\/www.darksky.ch\/dss\/fr\/wp-json\/wp\/v2\/types\/page"}],"author":[{"embeddable":true,"href":"https:\/\/www.darksky.ch\/dss\/fr\/wp-json\/wp\/v2\/users\/2"}],"replies":[{"embeddable":true,"href":"https:\/\/www.darksky.ch\/dss\/fr\/wp-json\/wp\/v2\/comments?post=204"}],"version-history":[{"count":32,"href":"https:\/\/www.darksky.ch\/dss\/fr\/wp-json\/wp\/v2\/pages\/204\/revisions"}],"predecessor-version":[{"id":11284,"href":"https:\/\/www.darksky.ch\/dss\/fr\/wp-json\/wp\/v2\/pages\/204\/revisions\/11284"}],"up":[{"embeddable":true,"href":"https:\/\/www.darksky.ch\/dss\/fr\/wp-json\/wp\/v2\/pages\/186"}],"wp:attachment":[{"href":"https:\/\/www.darksky.ch\/dss\/fr\/wp-json\/wp\/v2\/media?parent=204"}],"curies":[{"name":"wp","href":"https:\/\/api.w.org\/{rel}","templated":true}]}}