

{"id":212,"date":"2016-06-16T17:37:21","date_gmt":"2016-06-16T15:37:21","guid":{"rendered":"http:\/\/www.darksky.ch\/dsx\/fr\/?page_id=212"},"modified":"2017-01-26T17:15:51","modified_gmt":"2017-01-26T16:15:51","slug":"succes","status":"publish","type":"page","link":"https:\/\/www.darksky.ch\/dss\/fr\/succes\/","title":{"rendered":"Succ\u00e8s"},"content":{"rendered":"<p>Notre engagement n&#8217;a jamais \u00e9t\u00e9 inutile. Des succ\u00e8s ont accompagn\u00e9 notre parcours et renforcent notre motivation.<\/p>\n<ul class=\"lcp_catlist\" id=\"lcp_instance_0\"><li><a href=\"https:\/\/www.darksky.ch\/dss\/fr\/2020\/10\/plus-de-nuit-pour-wallisellen\/\">\u00abPlus de nuit pour Wallisellen\u00bb<\/a><\/li><li><a href=\"https:\/\/www.darksky.ch\/dss\/fr\/2018\/12\/la-petition-elucider-la-disparition-des-insectes-forte-de-165512-signatures-a-ete-remise\/\">La p\u00e9tition \u00ab Elucider la disparition des insectes \u00bb forte de 165&#8217;512 signatures a \u00e9t\u00e9 remise<\/a><\/li><li><a href=\"https:\/\/www.darksky.ch\/dss\/fr\/2016\/11\/chevalier-de-la-nuit-2016\/\">Chevalier de la nuit (2016)<\/a><\/li><li><a href=\"https:\/\/www.darksky.ch\/dss\/fr\/2015\/02\/la-petition-pour-la-sauvegarde-de-la-nuit-dans-lespace-alpin-a-ete-remise-avec-succes\/\">La p\u00e9tition \u00abPour la sauvegarde de la nuit dans l&#8217;espace alpin\u00bb a \u00e9t\u00e9 remise avec succ\u00e8s<\/a><\/li><li><a href=\"https:\/\/www.darksky.ch\/dss\/fr\/2013\/03\/norme-sia-491-sn-586-491-sia-4912013\/\">Norme SIA 491: SN 586 491 SIA 491:2013<\/a><\/li><li><a href=\"https:\/\/www.darksky.ch\/dss\/fr\/2008\/04\/11-04-2008-la-commune-de-coldrerio-devient-membre-honoraire-de-dark-sky-switzerland\/\">11.04.2008 La commune de Coldrerio devient membre honoraire de Dark-Sky Switzerland<\/a><\/li><li><a href=\"https:\/\/www.darksky.ch\/dss\/fr\/2004\/10\/le-vice-president-de-dark-sky-switzerland-obtient-le-prix-europeen-pour-la-protection-de-lenvironnement\/\">Le vice-pr\u00e9sident de Dark-Sky Switzerland obtient le prix europ\u00e9en pour la protection de l&#8217;environnement<\/a><\/li><\/ul>\n<div><\/div>\n","protected":false},"excerpt":{"rendered":"<p>Notre engagement n&#8217;a jamais \u00e9t\u00e9 inutile. Des succ\u00e8s ont accompagn\u00e9 notre parcours et renforcent notre motivation.<\/p>\n","protected":false},"author":2,"featured_media":0,"parent":0,"menu_order":4,"comment_status":"closed","ping_status":"closed","template":"","meta":{"_acf_changed":false,"footnotes":""},"class_list":["post-212","page","type-page","status-publish","hentry"],"acf":[],"_links":{"self":[{"href":"https:\/\/www.darksky.ch\/dss\/fr\/wp-json\/wp\/v2\/pages\/212","targetHints":{"allow":["GET"]}}],"collection":[{"href":"https:\/\/www.darksky.ch\/dss\/fr\/wp-json\/wp\/v2\/pages"}],"about":[{"href":"https:\/\/www.darksky.ch\/dss\/fr\/wp-json\/wp\/v2\/types\/page"}],"author":[{"embeddable":true,"href":"https:\/\/www.darksky.ch\/dss\/fr\/wp-json\/wp\/v2\/users\/2"}],"replies":[{"embeddable":true,"href":"https:\/\/www.darksky.ch\/dss\/fr\/wp-json\/wp\/v2\/comments?post=212"}],"version-history":[{"count":6,"href":"https:\/\/www.darksky.ch\/dss\/fr\/wp-json\/wp\/v2\/pages\/212\/revisions"}],"predecessor-version":[{"id":6280,"href":"https:\/\/www.darksky.ch\/dss\/fr\/wp-json\/wp\/v2\/pages\/212\/revisions\/6280"}],"wp:attachment":[{"href":"https:\/\/www.darksky.ch\/dss\/fr\/wp-json\/wp\/v2\/media?parent=212"}],"curies":[{"name":"wp","href":"https:\/\/api.w.org\/{rel}","templated":true}]}}