

{"id":221,"date":"2016-06-17T14:24:21","date_gmt":"2016-06-17T12:24:21","guid":{"rendered":"http:\/\/www.darksky.ch\/dsx\/fr\/?page_id=221"},"modified":"2025-05-11T19:22:47","modified_gmt":"2025-05-11T17:22:47","slug":"sponsors-et-donateurs","status":"publish","type":"page","link":"https:\/\/www.darksky.ch\/dss\/fr\/partenaires\/sponsors-et-donateurs\/","title":{"rendered":"Sponsors et donateurs"},"content":{"rendered":"<p>Sponsors\u00a0et donateurs\u00a0actuels qui ont accept\u00e9 d&#8217;\u00eatre mentionn\u00e9s:<\/p>\n<h4>PERSONnEs<\/h4>\n<p>Marianne Biedermann de\u00a0Zurich<br \/>\nUrsula Brunner de\u00a0Zurich<br \/>\nChristine Dobler Gross de\u00a0Zurich<br \/>\nLukas Schuler de\u00a0Wallisellen<\/p>\n<div>\n<h4>ORGANISATIONs<\/h4>\n<\/div>\n<table style=\"background-color: #ffffff;\">\n<tbody>\n<tr>\n<td style=\"vertical-align: middle; height: 28px; width: 170px;\"><img loading=\"lazy\" decoding=\"async\" class=\"wp-image-6372 aligncenter\" src=\"http:\/\/www.darksky.ch\/dss\/wp-content\/uploads\/2016\/06\/logo_hefti-hess-martignioni-300x87.png\" alt=\"logo_hefti-hess-martignioni\" width=\"100\" height=\"29\" \/><\/td>\n<td style=\"vertical-align: middle; height: 28px;\">HEFTI. HESS. MARTIGNONI. Aarau SA<\/td>\n<\/tr>\n<tr>\n<td style=\"vertical-align: middle; width: 170px;\"><img decoding=\"async\" class=\"aligncenter\" style=\"width: 57px;\" src=\"http:\/\/www.darksky.ch\/dss\/wp-content\/uploads\/2016\/06\/wwf-logo.jpg\" alt=\"wwf-logo\" align=\"middle\" \/><\/td>\n<td style=\"vertical-align: middle; height: 5px;\">WWF Suisse, section de Z\u00fcrich<\/td>\n<\/tr>\n<tr>\n<td style=\"vertical-align: middle; width: 170px;\"><img loading=\"lazy\" decoding=\"async\" class=\"aligncenter wp-image-7660 size-full\" src=\"http:\/\/www.darksky.ch\/dss\/wp-content\/uploads\/2016\/06\/umwelt-zs-logo.gif\" alt=\"\" width=\"158\" height=\"56\" \/><\/td>\n<td style=\"vertical-align: middle; height: 5px;\">Conf\u00e9rence des directeurs de l&#8217;environnement des cantons de la Suisse\u00a0centrales<\/td>\n<\/tr>\n<\/tbody>\n<\/table>\n<p>Par le pass\u00e9, nous avons re\u00e7u le soutien de:<\/p>\n<p>La Societ\u00e9 Astronomique Suisse (SAS)<br \/>\nastroinfo.ch (vendu)<br \/>\nTheo Meyer\u2020 (Meyer &amp; Partner) de\u00a0St\u00e4fa<\/p>\n<p>Voulez-vous\u00a0aussi devenir membre?<br \/>\nCliquez simplement sur le lien \u00ab<a href=\"http:\/\/www.darksky.ch\/dss\/fr\/dark-sky-switzerland\/devenir-membre\/\">devenir membre<\/a>\u00bb et inscrivez-vous.<\/p>\n<p>Souhaitez-vous faire un don?<br \/>\nCliquez simplement sur le lien \u00ab<a href=\"http:\/\/www.darksky.ch\/dss\/fr\/dark-sky-switzerland\/faire-un-don\/\">Faire un don<\/a>\u00bb et consultez\u00a0nos suggestions.<\/p>\n<p>&nbsp;<\/p>\n","protected":false},"excerpt":{"rendered":"<p>Sponsors\u00a0et donateurs\u00a0actuels qui ont accept\u00e9 d&#8217;\u00eatre mentionn\u00e9s: PERSONnEs Marianne Biedermann de\u00a0Zurich Ursula Brunner de\u00a0Zurich Christine Dobler Gross de\u00a0Zurich Lukas Schuler de\u00a0Wallisellen ORGANISATIONs HEFTI. HESS. MARTIGNONI. Aarau SA WWF Suisse, section de Z\u00fcrich Conf\u00e9rence des directeurs de l&#8217;environnement des cantons de la Suisse\u00a0centrales Par le pass\u00e9, nous avons re\u00e7u le soutien de: La Societ\u00e9 Astronomique Suisse &hellip; <a href=\"https:\/\/www.darksky.ch\/dss\/fr\/partenaires\/sponsors-et-donateurs\/\" class=\"more-link\">Continue reading<span class=\"screen-reader-text\"> &#8220;Sponsors et donateurs&#8221;<\/span><\/a><\/p>\n","protected":false},"author":2,"featured_media":0,"parent":217,"menu_order":0,"comment_status":"closed","ping_status":"closed","template":"","meta":{"_acf_changed":false,"footnotes":""},"class_list":["post-221","page","type-page","status-publish","hentry"],"acf":[],"_links":{"self":[{"href":"https:\/\/www.darksky.ch\/dss\/fr\/wp-json\/wp\/v2\/pages\/221","targetHints":{"allow":["GET"]}}],"collection":[{"href":"https:\/\/www.darksky.ch\/dss\/fr\/wp-json\/wp\/v2\/pages"}],"about":[{"href":"https:\/\/www.darksky.ch\/dss\/fr\/wp-json\/wp\/v2\/types\/page"}],"author":[{"embeddable":true,"href":"https:\/\/www.darksky.ch\/dss\/fr\/wp-json\/wp\/v2\/users\/2"}],"replies":[{"embeddable":true,"href":"https:\/\/www.darksky.ch\/dss\/fr\/wp-json\/wp\/v2\/comments?post=221"}],"version-history":[{"count":23,"href":"https:\/\/www.darksky.ch\/dss\/fr\/wp-json\/wp\/v2\/pages\/221\/revisions"}],"predecessor-version":[{"id":15302,"href":"https:\/\/www.darksky.ch\/dss\/fr\/wp-json\/wp\/v2\/pages\/221\/revisions\/15302"}],"up":[{"embeddable":true,"href":"https:\/\/www.darksky.ch\/dss\/fr\/wp-json\/wp\/v2\/pages\/217"}],"wp:attachment":[{"href":"https:\/\/www.darksky.ch\/dss\/fr\/wp-json\/wp\/v2\/media?parent=221"}],"curies":[{"name":"wp","href":"https:\/\/api.w.org\/{rel}","templated":true}]}}