

{"id":234,"date":"2016-06-16T20:32:06","date_gmt":"2016-06-16T18:32:06","guid":{"rendered":"http:\/\/www.darksky.ch\/dsx\/fr\/?page_id=234"},"modified":"2017-03-23T18:26:58","modified_gmt":"2017-03-23T17:26:58","slug":"eclairer-correctement","status":"publish","type":"page","link":"https:\/\/www.darksky.ch\/dss\/fr\/agir\/eclairer-correctement\/","title":{"rendered":"\u00c9clairer correctement"},"content":{"rendered":"<p><strong>(d&#8217;apr\u00e8s la norme sia 491)<\/strong><\/p>\n<p>Commencez\u00a0d\u00e8s maintenant! Utilisez-vous des \u00e9clairages ext\u00e9rieurs? Ou pr\u00e9voyez-vous de r\u00e9aliser un \u00e9clairage? Suivez quelques r\u00e8gles simples.<\/p>\n<p>La norme sia 491 a pour objectif la\u00a0<strong>\u00abpr\u00e9vention des \u00e9missions inutiles de lumi\u00e8re \u00e0 l&#8217;ext\u00e9rieur\u00bb<\/strong>. Elle doit r\u00e9duire la part des \u00e9missions lumineuses ind\u00e9sirables de l&#8217;ensemble du flux lumineux, afin que la nature et l&#8217;homme ne soient pas touch\u00e9s par les effets\u00a0\u00e9ventuellement nocifs\u00a0de la lumi\u00e8re.<\/p>\n<p>Les r\u00e8gles suivantes r\u00e9sument les pr\u00e9occupations premi\u00e8res de la norme.<\/p>\n<p><a href=\"http:\/\/www.darksky.ch\/dss\/fr\/agir\/eclairer-correctement\/necessite\/\"><strong>R\u00e8gle 1: La lumi\u00e8re est-elle vraiment\u00a0n\u00e9cessaire?<\/strong><\/a><br \/>\nPour tout \u00e9clairage ext\u00e9rieur, posez-vous la question fondamentale de sa r\u00e9elle n\u00e9cessit\u00e9.<br \/>\n<a href=\"http:\/\/www.darksky.ch\/dss\/fr\/agir\/eclairer-correctement\/orientation-des-eclairages\/\"><strong>R\u00e8gle 2: \u00c9clairer de haut en bas<\/strong><\/a><br \/>\nEn \u00e9clairant vers le sol, vous \u00e9vitez que la lumi\u00e8re soit \u00e9mise dans l&#8217;atmosph\u00e8re.<br \/>\n<strong><a href=\"http:\/\/www.darksky.ch\/dss\/fr\/agir\/eclairer-correctement\/couverture-des-eclairages\/\">R\u00e8gle 3: Couvrir\u00a0les \u00e9clairages<\/a><\/strong><br \/>\nVeillez\u00a0\u00e0 \u00e9quiper\u00a0les lampes d&#8217;\u00e9crans ou de r\u00e9flecteurs, le mieux\u00a0\u00e9tant que la source de lumi\u00e8re ne soit pas visible.<br \/>\n<a href=\"http:\/\/www.darksky.ch\/dss\/fr\/agir\/eclairer-correctement\/intensite-lumineuse-et-type-declairage\/\"><strong>R\u00e8gle 4:\u00a0Adapter la\u00a0puissance et le type d&#8217;\u00e9clairage<\/strong><\/a><br \/>\nChoisissez la bonne\u00a0intensit\u00e9 d&#8217;\u00e9clairage. Et veillez \u00e0 adapter le type d&#8217;\u00e9clairage \u00e0 la situation.<br \/>\n<a href=\"http:\/\/www.darksky.ch\/dss\/fr\/agir\/eclairer-correctement\/limitation-dans-le-temps\/\"><strong>R\u00e8gle 5:\u00a0Limiter la dur\u00e9e d&#8217;\u00e9clairage<\/strong><\/a><br \/>\nPeu d&#8217;\u00e9clairages doivent r\u00e9ellement fonctionner pendant toute la nuit. Limitez dans le temps la dur\u00e9e d&#8217;\u00e9clairage de fa\u00e7on raisonnable.<\/p>\n<p>La\u00a0norme SIA 491 retient\u00a0la p\u00e9riode de sommeil comme limite de temps, et d&#8217;autres normes d\u00e9j\u00e0 existantes en mati\u00e8re d&#8217;\u00e9clairage pour ce qui est de la n\u00e9cessit\u00e9 de lumi\u00e8re, qui\u00a0ne devra\u00a0toutefois pas outrepasser le principe\u00a0<em>autant que n\u00e9cessaire, aussi peu que possible<\/em>.<\/p>\n<p>La normee SIA 491 ne contient aucune valeur limite pour les immissions de lumi\u00e8re (mot-cl\u00e9: intrusion de lumi\u00e8re dans le logement). Il en existe d\u00e9j\u00e0 en Allemagne et en Autriche, et elle sont discut\u00e9es en Suisse.<\/p>\n<p>N\u00e9anmoins, le Tribunal f\u00e9d\u00e9ral s&#8217;est\u00a0d\u00e9j\u00e0 prononc\u00e9 plusieurs fois en faveur de riverains importun\u00e9s ou de la nature (\u00bb <a href=\"http:\/\/www.darksky.ch\/dss\/fr\/agir\/decisions-de-justice\/\" target=\"_blank\">D\u00e9cisions de justice<\/a>).<\/p>\n<p>Suivant le principe de pr\u00e9caution, les autorit\u00e9s sont tenues d&#8217;\u00e9viter les \u00e9missions inutiles de lumi\u00e8re.<\/p>\n","protected":false},"excerpt":{"rendered":"<p>(d&#8217;apr\u00e8s la norme sia 491) Commencez\u00a0d\u00e8s maintenant! Utilisez-vous des \u00e9clairages ext\u00e9rieurs? Ou pr\u00e9voyez-vous de r\u00e9aliser un \u00e9clairage? Suivez quelques r\u00e8gles simples. La norme sia 491 a pour objectif la\u00a0\u00abpr\u00e9vention des \u00e9missions inutiles de lumi\u00e8re \u00e0 l&#8217;ext\u00e9rieur\u00bb. Elle doit r\u00e9duire la part des \u00e9missions lumineuses ind\u00e9sirables de l&#8217;ensemble du flux lumineux, afin que la nature et &hellip; <a href=\"https:\/\/www.darksky.ch\/dss\/fr\/agir\/eclairer-correctement\/\" class=\"more-link\">Continue reading<span class=\"screen-reader-text\"> &#8220;\u00c9clairer correctement&#8221;<\/span><\/a><\/p>\n","protected":false},"author":2,"featured_media":0,"parent":225,"menu_order":0,"comment_status":"closed","ping_status":"closed","template":"","meta":{"_acf_changed":false,"footnotes":""},"class_list":["post-234","page","type-page","status-publish","hentry"],"acf":[],"_links":{"self":[{"href":"https:\/\/www.darksky.ch\/dss\/fr\/wp-json\/wp\/v2\/pages\/234","targetHints":{"allow":["GET"]}}],"collection":[{"href":"https:\/\/www.darksky.ch\/dss\/fr\/wp-json\/wp\/v2\/pages"}],"about":[{"href":"https:\/\/www.darksky.ch\/dss\/fr\/wp-json\/wp\/v2\/types\/page"}],"author":[{"embeddable":true,"href":"https:\/\/www.darksky.ch\/dss\/fr\/wp-json\/wp\/v2\/users\/2"}],"replies":[{"embeddable":true,"href":"https:\/\/www.darksky.ch\/dss\/fr\/wp-json\/wp\/v2\/comments?post=234"}],"version-history":[{"count":15,"href":"https:\/\/www.darksky.ch\/dss\/fr\/wp-json\/wp\/v2\/pages\/234\/revisions"}],"predecessor-version":[{"id":6858,"href":"https:\/\/www.darksky.ch\/dss\/fr\/wp-json\/wp\/v2\/pages\/234\/revisions\/6858"}],"up":[{"embeddable":true,"href":"https:\/\/www.darksky.ch\/dss\/fr\/wp-json\/wp\/v2\/pages\/225"}],"wp:attachment":[{"href":"https:\/\/www.darksky.ch\/dss\/fr\/wp-json\/wp\/v2\/media?parent=234"}],"curies":[{"name":"wp","href":"https:\/\/api.w.org\/{rel}","templated":true}]}}