

{"id":239,"date":"2016-06-16T21:05:37","date_gmt":"2016-06-16T19:05:37","guid":{"rendered":"http:\/\/www.darksky.ch\/dsx\/fr\/?page_id=239"},"modified":"2025-05-29T13:14:39","modified_gmt":"2025-05-29T11:14:39","slug":"decisions-de-justice","status":"publish","type":"page","link":"https:\/\/www.darksky.ch\/dss\/fr\/agir\/decisions-de-justice\/","title":{"rendered":"D\u00e9cisions de justice"},"content":{"rendered":"<p>Le Tribunal f\u00e9d\u00e9ral a trait\u00e9 \u00e0 plusieurs reprises les questions d&#8217;\u00e9missions et d&#8217;immissions lumineuses:<\/p>\n<ul>\n<li><strong>Lumi\u00e8re de l&#8217;int\u00e9rieur vers l&#8217;ext\u00e9rieur<\/strong> H\u00f4pital \u00e0 M\u00fcnsterlingen, M\u00fcnsterlingen TG<br \/>\n<a href=\"https:\/\/www.bger.ch\/ext\/eurospider\/live\/de\/php\/aza\/http\/index.php?lang=de&amp;type=highlight_simple_similar_documents&amp;page=1&amp;from_date=01.01.2005&amp;to_date=&amp;sort=relevance&amp;insertion_date=&amp;top_subcollection_aza=all&amp;docid=atf%3A%2F%2F123-II-256&amp;rank=8&amp;azaclir=aza&amp;highlight_docid=aza%3A%2F%2F21-09-2018-1C_475-2017&amp;number_of_ranks=272\" target=\"_blank\" rel=\"noopener noreferrer\">1C_475\/2017<\/a>\u00a0(6.2 et 6.3), 21.9.2018<\/li>\n<li><strong>\u00c9clairage de rue,<\/strong> Zuzwil SG<br \/>\n<a href=\"https:\/\/www.servat.unibe.ch\/dfr\/bger\/2017\/171109_1C_198-2017.html\" target=\"_blank\" rel=\"noopener noreferrer\">1C_198\/2017<\/a>, 9.11.2017<\/li>\n<li><strong>\u00c9blouissement d\u00fb \u00e0 la r\u00e9verb\u00e9ration de la lumi\u00e8re du soleil,<\/strong> Olten SO<br \/>\n<a href=\"https:\/\/www.bger.ch\/ext\/eurospider\/live\/fr\/php\/aza\/http\/index.php?highlight_docid=aza%3A%2F%2F06-05-2015-1C_740-2013&amp;lang=fr&amp;type=show_document&amp;zoom=YES&amp;\" target=\"_blank\" rel=\"noopener noreferrer\">1C_740\/2013<\/a>, 6.5.2015<\/li>\n<li><strong>Gare\u00a0<\/strong>d&#8217;Oberrieden, Oberrieden ZH<br \/>\n<a href=\"https:\/\/www.bger.ch\/ext\/eurospider\/live\/it\/php\/aza\/http\/index.php?highlight_docid=aza:\/\/02-04-2014-1C_602-2012&amp;lang=fr&amp;zoom=&amp;type=show_document\" target=\"_blank\" rel=\"noopener noreferrer\">1C_602\/2012<\/a>, 2.4.2014<\/li>\n<li><strong>\u00c9clairage de No\u00ebl<\/strong>, M\u00f6hlin AG<br \/>\n<a href=\"http:\/\/relevancy.bger.ch\/php\/clir\/http\/index.php?lang=de&amp;type=show_document&amp;page=1&amp;from_date=&amp;to_date=&amp;from_year=1954&amp;to_year=2019&amp;sort=relevance&amp;insertion_date=&amp;from_date_push=&amp;top_subcollection_clir=bge&amp;query_words=&amp;part=all&amp;de_fr=&amp;de_it=&amp;fr_de=&amp;fr_it=&amp;it_de=&amp;it_fr=&amp;orig=&amp;translation=&amp;rank=0&amp;highlight_docid=atf%3A%2F%2F140-II-33%3Ade&amp;number_of_ranks=0&amp;azaclir=clir\" target=\"_blank\" rel=\"noopener noreferrer\">BGE 140 II 33<\/a>, 12.12.2013<\/li>\n<li><strong>Sculpture non conforme \u00e0 la zone<\/strong>, Lostorf SO<br \/>\n<a href=\"https:\/\/www.bger.ch\/ext\/eurospider\/live\/de\/php\/aza\/http\/index.php?lang=de&amp;type=show_document&amp;highlight_docid=aza:\/\/29-01-2013-1C_529-2012\" rel=\"noopener\">1C_529\/2012<\/a>, 29.1.2013<\/li>\n<li><b><\/b><strong>\u00c9blouissement d\u00fb \u00e0 la r\u00e9verb\u00e9ration de la lumi\u00e8re du soleil<\/strong>, Burgdorf BE<br \/>\n<a href=\"https:\/\/www.bger.ch\/ext\/eurospider\/live\/de\/php\/aza\/http\/index.php?lang=de&amp;type=show_document&amp;highlight_docid=aza:\/\/09-02-2012-1C_177-2011\" target=\"_blank\" rel=\"noopener noreferrer\">1C_177\/2011<\/a>, 9.2.2012<\/li>\n<li><strong>Intrusion de lumi\u00e8re dans le\u00a0logement<\/strong>, Wallisellen ZH<br \/>\n<a href=\"https:\/\/www.servat.unibe.ch\/dfr\/bger\/2010\/100928_1C_216-2010.html\" target=\"_blank\" rel=\"noopener noreferrer\">1C_216\/2010<\/a>, 28.9.2010<\/li>\n<li><strong>\u00c9clairage de terrain de sport<\/strong>, Lachen SZ<br \/>\n<a href=\"http:\/\/relevancy.bger.ch\/php\/aza\/http\/index.php?highlight_docid=aza%3A%2F%2F13-10-2009-1C_105-2009&amp;lang=de&amp;type=show_document\" target=\"_blank\" rel=\"noopener noreferrer\">1C_105\/2009<\/a>, 13.10.2009<\/li>\n<li><strong>Installations publicitaires<\/strong>, Z\u00fcrich<br \/>\n<span class=\"Apple-style-span\"><a href=\"https:\/\/www.bger.ch\/ext\/eurospider\/live\/de\/php\/aza\/http\/index.php?lang=de&amp;type=highlight_simple_similar_documents&amp;page=11&amp;from_date=&amp;to_date=&amp;sort=relevance&amp;insertion_date=&amp;top_subcollection_aza=all&amp;docid=aza%3A%2F%2F21-01-2011-1C_24-2011&amp;rank=107&amp;azaclir=aza&amp;highlight_docid=aza%3A%2F%2F08-01-2008-1C_12-2007&amp;number_of_ranks=2682\" target=\"_blank\" rel=\"noopener noreferrer\">1C_12\/2007<\/a>, 8.1.2008<\/span><\/li>\n<li><strong>\u00c9clairage en montagne<\/strong>\u00a0Pilatus, Luzern<br \/>\n<a href=\"https:\/\/www.bger.ch\/ext\/eurospider\/live\/de\/php\/clir\/http\/index.php?highlight_docid=atf%3A%2F%2F123-II-256%3Ade&amp;lang=fr&amp;zoom=&amp;type=show_document\" target=\"_blank\" rel=\"noopener noreferrer\">BGE 123 II 256<\/a>, 16.4.1997<\/li>\n<\/ul>\n<p>&nbsp;<\/p>\n","protected":false},"excerpt":{"rendered":"<p>Le Tribunal f\u00e9d\u00e9ral a trait\u00e9 \u00e0 plusieurs reprises les questions d&#8217;\u00e9missions et d&#8217;immissions lumineuses: Lumi\u00e8re de l&#8217;int\u00e9rieur vers l&#8217;ext\u00e9rieur H\u00f4pital \u00e0 M\u00fcnsterlingen, M\u00fcnsterlingen TG 1C_475\/2017\u00a0(6.2 et 6.3), 21.9.2018 \u00c9clairage de rue, Zuzwil SG 1C_198\/2017, 9.11.2017 \u00c9blouissement d\u00fb \u00e0 la r\u00e9verb\u00e9ration de la lumi\u00e8re du soleil, Olten SO 1C_740\/2013, 6.5.2015 Gare\u00a0d&#8217;Oberrieden, Oberrieden ZH 1C_602\/2012, 2.4.2014 \u00c9clairage &hellip; <a href=\"https:\/\/www.darksky.ch\/dss\/fr\/agir\/decisions-de-justice\/\" class=\"more-link\">Continue reading<span class=\"screen-reader-text\"> &#8220;D\u00e9cisions de justice&#8221;<\/span><\/a><\/p>\n","protected":false},"author":2,"featured_media":0,"parent":225,"menu_order":5,"comment_status":"closed","ping_status":"closed","template":"","meta":{"_acf_changed":false,"footnotes":""},"class_list":["post-239","page","type-page","status-publish","hentry"],"acf":[],"_links":{"self":[{"href":"https:\/\/www.darksky.ch\/dss\/fr\/wp-json\/wp\/v2\/pages\/239","targetHints":{"allow":["GET"]}}],"collection":[{"href":"https:\/\/www.darksky.ch\/dss\/fr\/wp-json\/wp\/v2\/pages"}],"about":[{"href":"https:\/\/www.darksky.ch\/dss\/fr\/wp-json\/wp\/v2\/types\/page"}],"author":[{"embeddable":true,"href":"https:\/\/www.darksky.ch\/dss\/fr\/wp-json\/wp\/v2\/users\/2"}],"replies":[{"embeddable":true,"href":"https:\/\/www.darksky.ch\/dss\/fr\/wp-json\/wp\/v2\/comments?post=239"}],"version-history":[{"count":18,"href":"https:\/\/www.darksky.ch\/dss\/fr\/wp-json\/wp\/v2\/pages\/239\/revisions"}],"predecessor-version":[{"id":15787,"href":"https:\/\/www.darksky.ch\/dss\/fr\/wp-json\/wp\/v2\/pages\/239\/revisions\/15787"}],"up":[{"embeddable":true,"href":"https:\/\/www.darksky.ch\/dss\/fr\/wp-json\/wp\/v2\/pages\/225"}],"wp:attachment":[{"href":"https:\/\/www.darksky.ch\/dss\/fr\/wp-json\/wp\/v2\/media?parent=239"}],"curies":[{"name":"wp","href":"https:\/\/api.w.org\/{rel}","templated":true}]}}