

{"id":243,"date":"2016-06-16T20:43:35","date_gmt":"2016-06-16T18:43:35","guid":{"rendered":"http:\/\/www.darksky.ch\/dsx\/fr\/?page_id=243"},"modified":"2018-02-22T17:05:44","modified_gmt":"2018-02-22T16:05:44","slug":"normes-declairage","status":"publish","type":"page","link":"https:\/\/www.darksky.ch\/dss\/fr\/agir\/normes-declairage\/","title":{"rendered":"Normes d\u2018\u00e9clairage"},"content":{"rendered":"<p><b>SN 586 491:2013 <\/b><b>\u00a0<\/b>Norme de construction SIA 491<\/p>\n<p>La <a href=\"http:\/\/www.darksky.ch\/dss\/fr\/2013\/03\/sia-norm-491-sn-586-491-sia-4912013\/\">norme SIA 491<\/a> a \u00e9t\u00e9 introduite au 1er mars 2013. Elle repose sur les <a href=\"http:\/\/www.darksky.ch\/dss\/fr\/agir\/eclairer-correctement\/\">bases<\/a> qui ont \u00e9t\u00e9 d\u00e9velopp\u00e9es d\u00e9j\u00e0 en 2002 par Ren\u00e9 Kobler pour Dark-Sky Switzerland.<\/p>\n<p>Les normes suppl\u00e9mentaires et des recommandations pour l\u2019\u00e9valuation des \u00e9clairages ext\u00e9rieurs sont:<\/p>\n<p>SN EN 12464-2:2014: \u00c9clairage des lieux de travail \u2013 Partie 2: <strong>Lieux de travail ext\u00e9rieurs.<\/strong><\/p>\n<p>SN EN 12193:2008:\u00a0SN EN 12193:2008: Lumi\u00e8re et \u00e9clairage \u2013 <strong>\u00c9clairage des installations sportives<\/strong><\/p>\n<p>SN TR 13201-1:2016: Rapport technique\u00a0<strong>\u00c9clairage des routes<\/strong>\u00a0\u2013 Partie\u00a01: Guide de s\u00e9lection des\u00a0<strong>Classes d&#8217;\u00e9clairage<\/strong><\/p>\n<div>\n<p>SN TR 13201-2:2016: <strong>\u00c9clairage des routes<\/strong>\u00a0\u2013 Partie\u00a02: <strong>Performances<\/strong><\/p>\n<div>\n<p>SN TR 13201-3:2016: <strong>\u00c9clairage des routes<\/strong>\u00a0\u2013 Partie\u00a03: <strong>Calcul des performances<\/strong><\/p>\n<p>SN TR 13201-4:2016: <strong>\u00c9clairage des routes<\/strong>\u00a0\u2013 Partie\u00a04: M\u00e9thodes de\u00a0<strong>Mesures des performances<\/strong>\u00a0d&#8217;installations d&#8217;\u00e9clairage des routes.<\/p>\n<\/div>\n<div>\n<div>SN TR 13201-5:2016: <strong>\u00c9clairage des routes<\/strong>\u00a0\u2013 Partie\u00a05:\u00a0<strong>Indicateurs d\u2019efficacit\u00e9 \u00e9nerg\u00e9tique<\/strong><\/div>\n<div><\/div>\n<\/div>\n<div>\n<p>CIE 150:2017: Guide on the Limitation of the Effects of Obtrusive Light from Outdoor Lighting Installations (Guide pour la limitation des effets g\u00eanants des dispositifs d\u2019\u00e9clairage ext\u00e9rieur).<\/p>\n<\/div>\n<\/div>\n<p>CIE 126-1997: Guidelines for Minimizing Sky Glow.<\/p>\n<p>Voir la page <a href=\"http:\/\/slg.ch\/fr\/publications\/normes-et-directives\">Normes et directives<\/a> de la SLG.<\/p>\n","protected":false},"excerpt":{"rendered":"<p>SN 586 491:2013 \u00a0Norme de construction SIA 491 La norme SIA 491 a \u00e9t\u00e9 introduite au 1er mars 2013. Elle repose sur les bases qui ont \u00e9t\u00e9 d\u00e9velopp\u00e9es d\u00e9j\u00e0 en 2002 par Ren\u00e9 Kobler pour Dark-Sky Switzerland. Les normes suppl\u00e9mentaires et des recommandations pour l\u2019\u00e9valuation des \u00e9clairages ext\u00e9rieurs sont: SN EN 12464-2:2014: \u00c9clairage des lieux &hellip; <a href=\"https:\/\/www.darksky.ch\/dss\/fr\/agir\/normes-declairage\/\" class=\"more-link\">Continue reading<span class=\"screen-reader-text\"> &#8220;Normes d\u2018\u00e9clairage&#8221;<\/span><\/a><\/p>\n","protected":false},"author":2,"featured_media":0,"parent":225,"menu_order":2,"comment_status":"closed","ping_status":"closed","template":"","meta":{"_acf_changed":false,"footnotes":""},"class_list":["post-243","page","type-page","status-publish","hentry"],"acf":[],"_links":{"self":[{"href":"https:\/\/www.darksky.ch\/dss\/fr\/wp-json\/wp\/v2\/pages\/243","targetHints":{"allow":["GET"]}}],"collection":[{"href":"https:\/\/www.darksky.ch\/dss\/fr\/wp-json\/wp\/v2\/pages"}],"about":[{"href":"https:\/\/www.darksky.ch\/dss\/fr\/wp-json\/wp\/v2\/types\/page"}],"author":[{"embeddable":true,"href":"https:\/\/www.darksky.ch\/dss\/fr\/wp-json\/wp\/v2\/users\/2"}],"replies":[{"embeddable":true,"href":"https:\/\/www.darksky.ch\/dss\/fr\/wp-json\/wp\/v2\/comments?post=243"}],"version-history":[{"count":9,"href":"https:\/\/www.darksky.ch\/dss\/fr\/wp-json\/wp\/v2\/pages\/243\/revisions"}],"predecessor-version":[{"id":8706,"href":"https:\/\/www.darksky.ch\/dss\/fr\/wp-json\/wp\/v2\/pages\/243\/revisions\/8706"}],"up":[{"embeddable":true,"href":"https:\/\/www.darksky.ch\/dss\/fr\/wp-json\/wp\/v2\/pages\/225"}],"wp:attachment":[{"href":"https:\/\/www.darksky.ch\/dss\/fr\/wp-json\/wp\/v2\/media?parent=243"}],"curies":[{"name":"wp","href":"https:\/\/api.w.org\/{rel}","templated":true}]}}