

{"id":247,"date":"2016-06-16T21:00:36","date_gmt":"2016-06-16T19:00:36","guid":{"rendered":"http:\/\/www.darksky.ch\/dsx\/fr\/?page_id=247"},"modified":"2025-10-31T14:52:30","modified_gmt":"2025-10-31T13:52:30","slug":"planificateurs-eclairagistes-concepteur-declairage-membres-professionelles","status":"publish","type":"page","link":"https:\/\/www.darksky.ch\/dss\/fr\/agir\/planificateurs-eclairagistes-concepteur-declairage-membres-professionelles\/","title":{"rendered":"Planificateurs-\u00e9clairagistes (concepteur d&#8217;\u00e9clairage, membres professionelles)"},"content":{"rendered":"<p>Dark-Sky Switzerland\u00a0a introduit\u00a0une\u00a0affiliation speciale pour les\u00a0concepteur d&#8217;\u00e9clairage (SLG).<\/p>\n<p>Les planificateur-\u00e9clairagistes ajout\u00e9 <a href=\"http:\/\/www.darksky.ch\/dss\/wp-content\/uploads\/2018\/09\/Consentement_planificateur-eclairagiste.pdf\" target=\"_blank\" rel=\"noopener noreferrer\">se sont oblig\u00e9s<\/a>, et fonts leur travail accordant.<\/p>\n<div>\n<p>depuis 2016 :<\/p>\n<p><strong>Roland Bodenmann<\/strong>, Hefti. Hess. Martignoni. Aarau AG (HHM-Gruppe Schweiz) und correLight GmbH.<br \/>\nRoland Bodenmann ist\u00a0<a href=\"http:\/\/www.darksky.ch\/dss\/fr\/dark-sky-switzerland\/comite-directeur\/roland-bodenmann\/\">Vorstandsmitglied<\/a>\u00a0bei Dark-Sky Switzerland. Er hat sich in einer Selbstdeklaration\u00a0bereits vor Einf\u00fchrung\u00a0der Kategorie zur Einhaltung SIA Norm 491 verpflichtet und macht seine Kunden immer darauf aufmerksam.<\/p>\n<p>depuis 2017 :<\/p>\n<p><strong>Manuel Meier<\/strong>, Burri public elements,\u00a0Glattbrugg<\/p>\n<p><strong>Mike Helbling<\/strong>, Astra LED GmbH, Gossau SG<\/p>\n<p>depuis 2018 :<\/p>\n<p><strong>Fabian Gillieron, <\/strong>Soluxa Suisse SA, Marin-Epagnier<\/p>\n<p><strong>Matthias Meier<\/strong>, Walter Salm, Meier &amp; Partner AG, Z\u00fcrich<\/p>\n<p><strong>Sandra Gl\u00e4ttli<\/strong>, Gruner AG, Basel<\/p>\n<p><strong>Guy Pilet<\/strong>, Ecla-Led S\u00e0rl,\u00a0Bussigny<\/p>\n<p><strong>Andreas Aebi<\/strong>, Neue Werkstatt AG, Winterthur<\/p>\n<p>depuis 2019 :<\/p>\n<p><strong>Martin Baumann<\/strong>, Grafik &amp; Gravuren GmbH, Baar<\/p>\n<p><strong>Ralf Stucki<\/strong>, Swiss Precision Lighting AG, Murten<\/p>\n<p>depuis 2020 :<\/p>\n<p><strong>Reto Marty<\/strong>, nachtaktiv GmbH, Z\u00fcrich<\/p>\n<p>depuis 2021 :<\/p>\n<p><strong>Matthias Vogelsang<\/strong>, Partner Ingenieure AG, Bern<\/p>\n<p><strong>Erich Vogt<\/strong>, ERVOTECH AG, Wangen SZ<\/p>\n<p><strong>Marco De Faveri<\/strong>, Trilux AG, Zofingen<\/p>\n<p><strong>Romano Dorsa<\/strong>, SwissDomestica di Romano Dorsa Sagl, Brusio<\/p>\n<p>depuis 2022 :<\/p>\n<p><strong>Meta Romanens<\/strong>, Nooon by Meta Romanens, Z\u00fcrich<\/p>\n<p>depuis 2023 :<br \/>\n<strong><br \/>\nVincent Huguelet<\/strong>, L\u00e9man Engineering SA, Cossonay-Ville<strong><br \/>\nMarkus Jaun<\/strong>, Servitron GmbH, Uttigen<\/p>\n<p>depuis 2024 :<\/p>\n<p><strong>Luana Lampis<\/strong>, Breganzona<strong><br \/>\nAlexander Mathys<\/strong>, Mathys Partner GmbH, Z\u00fcrich<\/p>\n<p>depuis 2025 :<\/p>\n<p><strong>Pietro d&#8217;Amato<\/strong>, d\u2019amato+partner a brand of V4Light AG, Riedholz<\/p>\n<p>Veuillez contacter Dark-Sky Switzerland pour d&#8217;autres <a href=\"http:\/\/www.darksky.ch\/dss\/fr\/dark-sky-switzerland\/devenir-membre\/\" target=\"_blank\" rel=\"noopener noreferrer\">planificateur-\u00e9clairagistes int\u00e9ress\u00e9s<\/a>.<\/p>\n<div><\/div>\n<\/div>\n","protected":false},"excerpt":{"rendered":"<p>Dark-Sky Switzerland\u00a0a introduit\u00a0une\u00a0affiliation speciale pour les\u00a0concepteur d&#8217;\u00e9clairage (SLG). Les planificateur-\u00e9clairagistes ajout\u00e9 se sont oblig\u00e9s, et fonts leur travail accordant. depuis 2016 : Roland Bodenmann, Hefti. Hess. Martignoni. Aarau AG (HHM-Gruppe Schweiz) und correLight GmbH. Roland Bodenmann ist\u00a0Vorstandsmitglied\u00a0bei Dark-Sky Switzerland. Er hat sich in einer Selbstdeklaration\u00a0bereits vor Einf\u00fchrung\u00a0der Kategorie zur Einhaltung SIA Norm 491 verpflichtet und &hellip; <a href=\"https:\/\/www.darksky.ch\/dss\/fr\/agir\/planificateurs-eclairagistes-concepteur-declairage-membres-professionelles\/\" class=\"more-link\">Continue reading<span class=\"screen-reader-text\"> &#8220;Planificateurs-\u00e9clairagistes (concepteur d&#8217;\u00e9clairage, membres professionelles)&#8221;<\/span><\/a><\/p>\n","protected":false},"author":2,"featured_media":0,"parent":225,"menu_order":4,"comment_status":"closed","ping_status":"closed","template":"","meta":{"_acf_changed":false,"footnotes":""},"class_list":["post-247","page","type-page","status-publish","hentry"],"acf":[],"_links":{"self":[{"href":"https:\/\/www.darksky.ch\/dss\/fr\/wp-json\/wp\/v2\/pages\/247","targetHints":{"allow":["GET"]}}],"collection":[{"href":"https:\/\/www.darksky.ch\/dss\/fr\/wp-json\/wp\/v2\/pages"}],"about":[{"href":"https:\/\/www.darksky.ch\/dss\/fr\/wp-json\/wp\/v2\/types\/page"}],"author":[{"embeddable":true,"href":"https:\/\/www.darksky.ch\/dss\/fr\/wp-json\/wp\/v2\/users\/2"}],"replies":[{"embeddable":true,"href":"https:\/\/www.darksky.ch\/dss\/fr\/wp-json\/wp\/v2\/comments?post=247"}],"version-history":[{"count":21,"href":"https:\/\/www.darksky.ch\/dss\/fr\/wp-json\/wp\/v2\/pages\/247\/revisions"}],"predecessor-version":[{"id":16361,"href":"https:\/\/www.darksky.ch\/dss\/fr\/wp-json\/wp\/v2\/pages\/247\/revisions\/16361"}],"up":[{"embeddable":true,"href":"https:\/\/www.darksky.ch\/dss\/fr\/wp-json\/wp\/v2\/pages\/225"}],"wp:attachment":[{"href":"https:\/\/www.darksky.ch\/dss\/fr\/wp-json\/wp\/v2\/media?parent=247"}],"curies":[{"name":"wp","href":"https:\/\/api.w.org\/{rel}","templated":true}]}}