

{"id":252,"date":"2016-06-16T20:40:09","date_gmt":"2016-06-16T18:40:09","guid":{"rendered":"http:\/\/www.darksky.ch\/dsx\/fr\/?page_id=252"},"modified":"2019-07-19T17:06:52","modified_gmt":"2019-07-19T15:06:52","slug":"bases-juridiques","status":"publish","type":"page","link":"https:\/\/www.darksky.ch\/dss\/fr\/agir\/bases-juridiques\/","title":{"rendered":"Bases l\u00e9gales"},"content":{"rendered":"<div class=\"csc-header csc-header-n1\">\n<p><b>R\u00e9glementation et lois<\/b><\/p>\n<\/div>\n<p>Synth\u00e8se de la Conf\u00e9d\u00e9ration (OFEV) concernant la pollution lumineuse:<\/p>\n<ul>\n<li><a class=\"external-link-new-window\" title=\"Opens external link in new window\" href=\"https:\/\/www.bafu.admin.ch\/bafu\/fr\/home\/themes\/electrosmog\/droit.html\" target=\"_blank\" rel=\"noopener noreferrer\">Bases l\u00e9gales<br \/>\n<\/a><a href=\"https:\/\/www.admin.ch\/opc\/fr\/classified-compilation\/19830267\/index.html#id-2\">LPE 2.1. Art. 11<\/a><\/li>\n<li><a class=\"external-link-new-window\" title=\"Opens external link in new window\" href=\"https:\/\/www.bafu.admin.ch\/bafu\/fr\/home\/themes\/electrosmog\/info-specialistes\/emissions-lumineuses--pollution-lumineuse-\/mesures-contre-la-pollution-lumineuse.html\" target=\"_blank\" rel=\"noopener noreferrer\">Recommandations des autorit\u00e9s et mesures<\/a>\u00a0(Conf\u00e9d\u00e9ration, cantons, communes)<\/li>\n<\/ul>\n<p>Dans la pratique, le Tribunal f\u00e9d\u00e9ral s\u2019appuie sur la <a href=\"http:\/\/www.darksky.ch\/dss\/fr\/2013\/03\/sia-norm-491-sn-586-491-sia-4912013\/\">norme de construction SIA 491<\/a>.\u00a0Il a fix\u00e9 que dans l\u2019int\u00e9r\u00eat public, le repos nocturne entre 22h et 6h s\u2019applique \u00e9galement en mati\u00e8re d\u2019\u00e9clairage.<\/p>\n<p class=\"bodytext\">Extrait de la Loi sur la protection de l\u2019environnement concernant le principe de pr\u00e9caution:<\/p>\n<p class=\"bodytext\"><b>Art. 1<\/b>\u00a0But<\/p>\n<p class=\"bodytext\"><sup>2<\/sup>\u00a0Les atteintes qui pourraient devenir nuisibles ou incommodantes seront r\u00e9duites \u00e0 titre pr\u00e9ventif et assez t\u00f4t.<\/p>\n<p class=\"bodytext\"><b>Art. 7<\/b>\u00a0D\u00e9finition<\/p>\n<p class=\"bodytext\"><sup>1<\/sup>\u00a0Par atteintes, on entend les rayons [..].<\/p>\n<p class=\"bodytext\"><sup>2<\/sup>\u00a0Les rayons sont d\u00e9nomm\u00e9s \u00e9missions au sortir des installations, immissions au lieu de leur effet.<\/p>\n<p class=\"bodytext\"><b>Art. 11<\/b>\u00a0Principe<\/p>\n<p class=\"bodytext\"><sup>1<\/sup>\u00a0Les rayons sont limit\u00e9s par des mesures prises \u00e0 la source (limitation des \u00e9missions).<\/p>\n<p class=\"bodytext\"><sup>2<\/sup>\u00a0Ind\u00e9pendamment des nuisances existantes, il importe, \u00e0 titre pr\u00e9ventif, de limiter les \u00e9missions dans la mesure que permettent l\u2019\u00e9tat de la technique et les conditions d\u2019exploitation et pour autant que cela soit \u00e9conomiquement supportable.<\/p>\n<p class=\"bodytext\">3\u00a0Les \u00e9missions seront limit\u00e9es plus s\u00e9v\u00e8rement s\u2019il appert ou s\u2019il y a lieu de pr\u00e9sumer que les atteintes, eu \u00e9gard \u00e0 la charge actuelle de l\u2019environnement, seront nuisibles ou incommodantes.<\/p>\n<p>&nbsp;<\/p>\n<p><strong>La loi f\u00e9d\u00e9rale sur la protection contre les dangers li\u00e9s au rayonnement non ionisant et au son\u00a0<\/strong>et l\u2019ordonnance entraient en vigueur le 1er juin 2019.<\/p>\n<p>\u00bb <a href=\"https:\/\/www.bag.admin.ch\/bag\/fr\/home\/gesund-leben\/umwelt-und-gesundheit\/strahlung-radioaktivitaet-schall\/nissg.html\" target=\"_blank\" rel=\"noopener noreferrer\">Ordonnance relative \u00e0 la LRNIS (O-LRNIS)<\/a><\/p>\n","protected":false},"excerpt":{"rendered":"<p>R\u00e9glementation et lois Synth\u00e8se de la Conf\u00e9d\u00e9ration (OFEV) concernant la pollution lumineuse: Bases l\u00e9gales LPE 2.1. Art. 11 Recommandations des autorit\u00e9s et mesures\u00a0(Conf\u00e9d\u00e9ration, cantons, communes) Dans la pratique, le Tribunal f\u00e9d\u00e9ral s\u2019appuie sur la norme de construction SIA 491.\u00a0Il a fix\u00e9 que dans l\u2019int\u00e9r\u00eat public, le repos nocturne entre 22h et 6h s\u2019applique \u00e9galement en &hellip; <a href=\"https:\/\/www.darksky.ch\/dss\/fr\/agir\/bases-juridiques\/\" class=\"more-link\">Continue reading<span class=\"screen-reader-text\"> &#8220;Bases l\u00e9gales&#8221;<\/span><\/a><\/p>\n","protected":false},"author":2,"featured_media":0,"parent":225,"menu_order":1,"comment_status":"closed","ping_status":"closed","template":"","meta":{"_acf_changed":false,"footnotes":""},"class_list":["post-252","page","type-page","status-publish","hentry"],"acf":[],"_links":{"self":[{"href":"https:\/\/www.darksky.ch\/dss\/fr\/wp-json\/wp\/v2\/pages\/252","targetHints":{"allow":["GET"]}}],"collection":[{"href":"https:\/\/www.darksky.ch\/dss\/fr\/wp-json\/wp\/v2\/pages"}],"about":[{"href":"https:\/\/www.darksky.ch\/dss\/fr\/wp-json\/wp\/v2\/types\/page"}],"author":[{"embeddable":true,"href":"https:\/\/www.darksky.ch\/dss\/fr\/wp-json\/wp\/v2\/users\/2"}],"replies":[{"embeddable":true,"href":"https:\/\/www.darksky.ch\/dss\/fr\/wp-json\/wp\/v2\/comments?post=252"}],"version-history":[{"count":17,"href":"https:\/\/www.darksky.ch\/dss\/fr\/wp-json\/wp\/v2\/pages\/252\/revisions"}],"predecessor-version":[{"id":11003,"href":"https:\/\/www.darksky.ch\/dss\/fr\/wp-json\/wp\/v2\/pages\/252\/revisions\/11003"}],"up":[{"embeddable":true,"href":"https:\/\/www.darksky.ch\/dss\/fr\/wp-json\/wp\/v2\/pages\/225"}],"wp:attachment":[{"href":"https:\/\/www.darksky.ch\/dss\/fr\/wp-json\/wp\/v2\/media?parent=252"}],"curies":[{"name":"wp","href":"https:\/\/api.w.org\/{rel}","templated":true}]}}