

{"id":256,"date":"2016-06-16T20:57:38","date_gmt":"2016-06-16T18:57:38","guid":{"rendered":"http:\/\/www.darksky.ch\/dsx\/fr\/?page_id=256"},"modified":"2018-01-20T12:47:39","modified_gmt":"2018-01-20T11:47:39","slug":"engagement","status":"publish","type":"page","link":"https:\/\/www.darksky.ch\/dss\/fr\/agir\/engagement\/","title":{"rendered":"Engagement"},"content":{"rendered":"<p>Les autorit\u00e9s publiques, ma\u00eetres d\u2019ouvrage, architectes, concepteurs et entrepreneurs sont sollicit\u00e9s!<\/p>\n<p>Dark-Sky Switzerland est pr\u00eat \u00e0 partager des informations et \u00e0 collaborer \u00e0\u00a0<a href=\"\/dsx\/?p=372\">l&#8217;\u00e9laboration de cours de la part de ces cat\u00e9gories professionnelles<\/a>.<\/p>\n<p>En outre, nous avons lanc\u00e9 en 2016 une nouvelle\u00a0<a href=\"http:\/\/www.darksky.ch\/dss\/fr\/dark-sky-switzerland\/devenir-membre\/\" target=\"_blank\" rel=\"noopener\">formule d&#8217;adh\u00e9sion \u00e0 Dark-Sky Switzerland pour les planificateurs d&#8217;\u00e9clairages<\/a>.\u00a0Nous souhaitons ainsi susciter l\u2019engagement de cette profession aux principes de Dark-Sky, de sorte que leurs clients puissent compter sur une\u00a0conception de qualit\u00e9.<\/p>\n<p>Il convient \u00e9galement de tenir compte des recommandations de l&#8217;Office f\u00e9d\u00e9ral de l&#8217;environnement (OFEV) sur la conservation de la <a href=\"https:\/\/www.bafu.admin.ch\/bafu\/fr\/home\/themes\/biodiversite.html\" target=\"_blank\" rel=\"noopener\">biodiversit\u00e9<\/a>, en particulier des mesures de protection des chauves-souris, du chapitre 1.3.6 (Emissions lumineuses et sonores) et 2.1.3 (Optimisation de l&#8217;\u00e9clairage) et de l&#8217;annexe B1 (Ponts fauniques).<br \/>\n\u00bb\u00a0<a href=\"https:\/\/www.bafu.admin.ch\/dam\/bafu\/fr\/dokumente\/biodiversitaet\/externe-studien-berichte\/fledermausschutz-verkehrsinfrastrukturen.pdf.download.pdf\/Base-de-travail_Chauves-souris-et-infrastructures-de-transport_10.08.17.pdf\" target=\"_blank\" rel=\"noopener\">Conservation des chauves-souris et infrastructures de transport 10.8.2017<\/a> (pdf).<\/p>\n<p>&nbsp;<\/p>\n","protected":false},"excerpt":{"rendered":"<p>Les autorit\u00e9s publiques, ma\u00eetres d\u2019ouvrage, architectes, concepteurs et entrepreneurs sont sollicit\u00e9s! Dark-Sky Switzerland est pr\u00eat \u00e0 partager des informations et \u00e0 collaborer \u00e0\u00a0l&#8217;\u00e9laboration de cours de la part de ces cat\u00e9gories professionnelles. En outre, nous avons lanc\u00e9 en 2016 une nouvelle\u00a0formule d&#8217;adh\u00e9sion \u00e0 Dark-Sky Switzerland pour les planificateurs d&#8217;\u00e9clairages.\u00a0Nous souhaitons ainsi susciter l\u2019engagement de cette &hellip; <a href=\"https:\/\/www.darksky.ch\/dss\/fr\/agir\/engagement\/\" class=\"more-link\">Continue reading<span class=\"screen-reader-text\"> &#8220;Engagement&#8221;<\/span><\/a><\/p>\n","protected":false},"author":2,"featured_media":0,"parent":225,"menu_order":3,"comment_status":"closed","ping_status":"closed","template":"","meta":{"_acf_changed":false,"footnotes":""},"class_list":["post-256","page","type-page","status-publish","hentry"],"acf":[],"_links":{"self":[{"href":"https:\/\/www.darksky.ch\/dss\/fr\/wp-json\/wp\/v2\/pages\/256","targetHints":{"allow":["GET"]}}],"collection":[{"href":"https:\/\/www.darksky.ch\/dss\/fr\/wp-json\/wp\/v2\/pages"}],"about":[{"href":"https:\/\/www.darksky.ch\/dss\/fr\/wp-json\/wp\/v2\/types\/page"}],"author":[{"embeddable":true,"href":"https:\/\/www.darksky.ch\/dss\/fr\/wp-json\/wp\/v2\/users\/2"}],"replies":[{"embeddable":true,"href":"https:\/\/www.darksky.ch\/dss\/fr\/wp-json\/wp\/v2\/comments?post=256"}],"version-history":[{"count":8,"href":"https:\/\/www.darksky.ch\/dss\/fr\/wp-json\/wp\/v2\/pages\/256\/revisions"}],"predecessor-version":[{"id":8349,"href":"https:\/\/www.darksky.ch\/dss\/fr\/wp-json\/wp\/v2\/pages\/256\/revisions\/8349"}],"up":[{"embeddable":true,"href":"https:\/\/www.darksky.ch\/dss\/fr\/wp-json\/wp\/v2\/pages\/225"}],"wp:attachment":[{"href":"https:\/\/www.darksky.ch\/dss\/fr\/wp-json\/wp\/v2\/media?parent=256"}],"curies":[{"name":"wp","href":"https:\/\/api.w.org\/{rel}","templated":true}]}}