

{"id":260,"date":"2016-06-16T17:37:36","date_gmt":"2016-06-16T15:37:36","guid":{"rendered":"http:\/\/www.darksky.ch\/dsx\/fr\/?page_id=260"},"modified":"2017-03-23T18:39:00","modified_gmt":"2017-03-23T17:39:00","slug":"a-savoir","status":"publish","type":"page","link":"https:\/\/www.darksky.ch\/dss\/fr\/a-savoir\/","title":{"rendered":"\u00c0 savoir"},"content":{"rendered":"<p>Tout sur le c\u00f4t\u00e9 obscur de la lumi\u00e8re.<\/p>\n<ul class=\"lcp_catlist\" id=\"lcp_instance_0\"><li><a href=\"https:\/\/www.darksky.ch\/dss\/fr\/2026\/01\/rts-un-nouvel-eclairage-rougeatre-a-lausanne-pour-mieux-proteger-la-faune\/\">RTS \u2013 Un nouvel \u00e9clairage rouge\u00e2tre \u00e0 Lausanne pour mieux prot\u00e9ger la faune<\/a><\/li><li><a href=\"https:\/\/www.darksky.ch\/dss\/fr\/2025\/12\/le-papillon-de-nuit-2025\/\">Le Papillon de Nuit 2025<\/a><\/li><li><a href=\"https:\/\/www.darksky.ch\/dss\/fr\/2025\/12\/scnat-savoir-hotspot-52-25-precieuse-obscurite\/\">scnat savoir \u2013\u00a0HOTSPOT 52\/25 Pr\u00e9cieuse obscurit\u00e9<\/a><\/li><li><a href=\"https:\/\/www.darksky.ch\/dss\/fr\/2025\/12\/rts-la-pollution-lumineuse-perturbe-l%ca%b9horloge-des-fleurs-sauvages\/\">RTS \u2013 La pollution lumineuse perturbe l\u02b9horloge des fleurs sauvages<\/a><\/li><li><a href=\"https:\/\/www.darksky.ch\/dss\/fr\/2025\/10\/rts-sept-parcs-lausannois-plonges-dans-lobscurite-pour-la-biodiversite\/\">RTS \u2013 Sept parcs lausannois plong\u00e9s dans l\u2019obscurit\u00e9 pour la biodiversit\u00e9<\/a><\/li><li><a href=\"https:\/\/www.darksky.ch\/dss\/fr\/2025\/06\/rts-la-pollution-lumineuse-urbaine-perturbe-le-cycle-des-plantes-et-menace-la-biodiversite\/\">RTS \u2013 La pollution lumineuse urbaine perturbe le cycle des plantes et menace la biodiversit\u00e9<\/a><\/li><li><a href=\"https:\/\/www.darksky.ch\/dss\/fr\/2025\/05\/rts-linvitee-du-12h30-leonie-rose-marion-presente-son-exposition-relever-la-nuit-sur-la-pollution-lumineuse\/\">RTS \u2013 L&#8217;invit\u00e9e du 12h30 : L\u00e9onie Rose Marion pr\u00e9sente son exposition &#8220;Relever la nuit&#8221; sur la pollution lumineuse<\/a><\/li><li><a href=\"https:\/\/www.darksky.ch\/dss\/fr\/2025\/04\/rts-brouhaha-la-pollution-lumineuse\/\">RTS \u2013 Brouhaha: La pollution lumineuse<\/a><\/li><li><a href=\"https:\/\/www.darksky.ch\/dss\/fr\/2025\/03\/rts-la-pollution-lumineuse-rend-les-mesanges-insomniaques\/\">RTS \u2013 La pollution lumineuse rend les m\u00e9sanges insomniaques<\/a><\/li><li><a href=\"https:\/\/www.darksky.ch\/dss\/fr\/2024\/11\/le-papillon-de-nuit-2024\/\">Le Papillon de Nuit 2024<\/a><\/li><\/ul>\n<p>&nbsp;<\/p>\n","protected":false},"excerpt":{"rendered":"<p>Tout sur le c\u00f4t\u00e9 obscur de la lumi\u00e8re. &nbsp;<\/p>\n","protected":false},"author":2,"featured_media":0,"parent":0,"menu_order":0,"comment_status":"closed","ping_status":"closed","template":"","meta":{"_acf_changed":false,"footnotes":""},"class_list":["post-260","page","type-page","status-publish","hentry"],"acf":[],"_links":{"self":[{"href":"https:\/\/www.darksky.ch\/dss\/fr\/wp-json\/wp\/v2\/pages\/260","targetHints":{"allow":["GET"]}}],"collection":[{"href":"https:\/\/www.darksky.ch\/dss\/fr\/wp-json\/wp\/v2\/pages"}],"about":[{"href":"https:\/\/www.darksky.ch\/dss\/fr\/wp-json\/wp\/v2\/types\/page"}],"author":[{"embeddable":true,"href":"https:\/\/www.darksky.ch\/dss\/fr\/wp-json\/wp\/v2\/users\/2"}],"replies":[{"embeddable":true,"href":"https:\/\/www.darksky.ch\/dss\/fr\/wp-json\/wp\/v2\/comments?post=260"}],"version-history":[{"count":6,"href":"https:\/\/www.darksky.ch\/dss\/fr\/wp-json\/wp\/v2\/pages\/260\/revisions"}],"predecessor-version":[{"id":6861,"href":"https:\/\/www.darksky.ch\/dss\/fr\/wp-json\/wp\/v2\/pages\/260\/revisions\/6861"}],"wp:attachment":[{"href":"https:\/\/www.darksky.ch\/dss\/fr\/wp-json\/wp\/v2\/media?parent=260"}],"curies":[{"name":"wp","href":"https:\/\/api.w.org\/{rel}","templated":true}]}}