

{"id":264,"date":"2016-06-16T20:22:53","date_gmt":"2016-06-16T18:22:53","guid":{"rendered":"http:\/\/www.darksky.ch\/dsx\/fr\/?page_id=264"},"modified":"2017-04-03T01:03:24","modified_gmt":"2017-04-02T23:03:24","slug":"la-lumiere","status":"publish","type":"page","link":"https:\/\/www.darksky.ch\/dss\/fr\/a-savoir\/la-lumiere\/","title":{"rendered":"La lumi\u00e8re"},"content":{"rendered":"<h3>Qu\u2019est-ce-que la lumi\u00e8re?<\/h3>\n<p>La lumi\u00e8re est une forme d&#8217;\u00e9nergie. La transmission de cette \u00e9nergie s\u2019effectue sous forme de rayonnement. La lumi\u00e8re ne correspond qu\u2018\u00e0 une petite partie du spectre de l\u2019ensemble du rayonnement, qui s\u2019\u00e9tend du rayonnement cosmique de courte longueur d\u2019onde \u00e0 l\u2019\u00e9nergie \u00e9lectrique produite par l\u2019homme.<\/p>\n<p><img loading=\"lazy\" decoding=\"async\" class=\"aligncenter size-large wp-image-6639\" src=\"http:\/\/www.darksky.ch\/dss\/wp-content\/uploads\/2016\/06\/Spectre_complet-1020x154.png\" alt=\"\" width=\"840\" height=\"127\" srcset=\"https:\/\/www.darksky.ch\/dss\/wp-content\/uploads\/2016\/06\/Spectre_complet-1020x154.png 1020w, https:\/\/www.darksky.ch\/dss\/wp-content\/uploads\/2016\/06\/Spectre_complet-300x45.png 300w, https:\/\/www.darksky.ch\/dss\/wp-content\/uploads\/2016\/06\/Spectre_complet.png 1117w\" sizes=\"auto, (max-width: 709px) 85vw, (max-width: 909px) 67vw, (max-width: 1362px) 62vw, 840px\" \/><\/p>\n<p>L\u2018atmosph\u00e8re de la Terre laisse passer le spectre de rayonnement optique de la lumi\u00e8re qui s\u2019\u00e9tend des longueurs d\u2019ondes \u03bb = 100 nm (ultraviolet) \u00e0 \u03bb = 1 mm (infrarouge).<\/p>\n<p>Le spectre de lumi\u00e8re visible par l\u2019homme (arc-en-ciel) s\u2019\u00e9tend entre les longueurs d\u2019onde \u03bb = 380 et 780 nm, avec une vision maximale \u00e0 \u03bb = 555 nm.<\/p>\n<p><img loading=\"lazy\" decoding=\"async\" class=\"aligncenter size-large wp-image-6640\" src=\"http:\/\/www.darksky.ch\/dss\/wp-content\/uploads\/2016\/06\/Spectre_VIS-1020x439.png\" alt=\"\" width=\"840\" height=\"362\" srcset=\"https:\/\/www.darksky.ch\/dss\/wp-content\/uploads\/2016\/06\/Spectre_VIS-1020x439.png 1020w, https:\/\/www.darksky.ch\/dss\/wp-content\/uploads\/2016\/06\/Spectre_VIS-300x129.png 300w, https:\/\/www.darksky.ch\/dss\/wp-content\/uploads\/2016\/06\/Spectre_VIS.png 1098w\" sizes=\"auto, (max-width: 709px) 85vw, (max-width: 909px) 67vw, (max-width: 1362px) 62vw, 840px\" \/><\/p>\n<p>La lumi\u00e8re color\u00e9e ne montre qu\u2019une fraction du spectre, la lumi\u00e8re blanche contient beaucoup plus, voir toutes les parties du spectre.<\/p>\n<p><a href=\"http:\/\/www.darksky.ch\/dss\/wp-content\/uploads\/2016\/06\/Na_2000K.png\"><img loading=\"lazy\" decoding=\"async\" class=\"aligncenter wp-image-5276 size-full\" title=\"Spektrum Natriumdampf 2000K @ Roland Bodenmann\" src=\"http:\/\/www.darksky.ch\/dss\/wp-content\/uploads\/2016\/06\/Na_2000K.png\" alt=\"Natriumdampflampe Spektrum \u00a9 Netzwerk Licht\" width=\"620\" height=\"310\" srcset=\"https:\/\/www.darksky.ch\/dss\/wp-content\/uploads\/2016\/06\/Na_2000K.png 620w, https:\/\/www.darksky.ch\/dss\/wp-content\/uploads\/2016\/06\/Na_2000K-300x150.png 300w\" sizes=\"auto, (max-width: 620px) 85vw, 620px\" \/><\/a><\/p>\n<p><em>Le spectre d\u2019une lampe \u00e0 vapeur de sodium appara\u00eet \u00e0 nos yeux jaune-orange. Temp\u00e9rature de couleur 2000K.<\/em><\/p>\n<p><a href=\"http:\/\/www.darksky.ch\/dss\/wp-content\/uploads\/2016\/06\/LED_2200K.png\"><img loading=\"lazy\" decoding=\"async\" class=\"aligncenter wp-image-5277 size-full\" title=\"Spektrum LED 2200K @ Roland Bodenmann\" src=\"http:\/\/www.darksky.ch\/dss\/wp-content\/uploads\/2016\/06\/LED_2200K.png\" alt=\"LED 2200K \u00a9 Netzwerk Licht\" width=\"620\" height=\"310\" srcset=\"https:\/\/www.darksky.ch\/dss\/wp-content\/uploads\/2016\/06\/LED_2200K.png 620w, https:\/\/www.darksky.ch\/dss\/wp-content\/uploads\/2016\/06\/LED_2200K-300x150.png 300w\" sizes=\"auto, (max-width: 620px) 85vw, 620px\" \/><\/a><\/p>\n<p><em>Le spectre de cette lampe LED nous appara\u00eet blanc avec un ton dans le jaune clair. Temp\u00e9rature de couleur 2200K. Par d\u00e9finition, blanc-chaud \u2248 3\u2019000K. Cette lampe est plus chaude.<\/em><\/p>\n<p><a href=\"http:\/\/www.darksky.ch\/dss\/wp-content\/uploads\/2016\/06\/LED_5200K.png\"><img loading=\"lazy\" decoding=\"async\" class=\"aligncenter wp-image-5278 size-full\" title=\"Spektrum LED 5200K \u00a9 Roland Bodenmann\" src=\"http:\/\/www.darksky.ch\/dss\/wp-content\/uploads\/2016\/06\/LED_5200K.png\" alt=\"LED 5200K \u00a9 Netzwerk Licht\" width=\"620\" height=\"310\" srcset=\"https:\/\/www.darksky.ch\/dss\/wp-content\/uploads\/2016\/06\/LED_5200K.png 620w, https:\/\/www.darksky.ch\/dss\/wp-content\/uploads\/2016\/06\/LED_5200K-300x150.png 300w\" sizes=\"auto, (max-width: 620px) 85vw, 620px\" \/><\/a><\/p>\n<p><em>Le spectre d&#8217;une lampe LED blanc-froid appara\u00eet blanc \u00e0 nos yeux, avec un ton \u00e9blouissant ou vif dans le bleu. Temp\u00e9rature de couleur 5200K.<\/em><\/p>\n<p>Les ondes des sources de lumi\u00e8re incandescentes oscillent dans toutes les directions. Quand la lumi\u00e8re ne se n\u2019oscille que dans un plan, elle est totalement polaris\u00e9e. La lumi\u00e8re polaris\u00e9e se produit par interaction avec des surfaces sur lesquelles elle se refl\u00e8te ou se propage. Il y a ainsi une polarisation naturelle de la lumi\u00e8re refl\u00e9t\u00e9e sur la surface de l\u2019eau ou de la lumi\u00e8re bleue diffus\u00e9e dans le ciel. Certaines esp\u00e8ces (par ex. les abeilles) utilisent cette propri\u00e9t\u00e9 pour leur orientation. Et les photographes utilisent un filtre polarisant pour supprimer la lumi\u00e8re polaris\u00e9e, de sorte que le contraste du ciel ou des surfaces brillantes apparaisse mieux.<\/p>\n<h4>Onde ou particules?<\/h4>\n<p>Toutes les propri\u00e9t\u00e9s de la lumi\u00e8re ne s\u2019expliquent pas des ondes. C\u2019est pourquoi il existe une autre repr\u00e9sentation de la lumi\u00e8re sous forme de particules. Elle est propag\u00e9e\u00a0sous forme de quanta (un quantum de lumi\u00e8re correspond \u00e0 une quantit\u00e9 de lumi\u00e8re de fr\u00e9quence donn\u00e9e, ou d&#8217;\u00e9nergie) appel\u00e9s photon. Les particules de lumi\u00e8res, donc les photons eux-m\u00eames, sont invisibles. Les photons ne sont rendus visibles que par interaction avec un r\u00e9cepteur (r\u00e9tine, puce de capteur, film, papier photo, mati\u00e8re, gaz). Cela signifie que nous ne voyons jamais la lumi\u00e8re dans le vide, et dans l\u2019air seulement si elle se r\u00e9pand sur l\u2019azote, l\u2019eau, ou rencontre la r\u00e9tine de nos yeux.<\/p>\n<p>Les photons se d\u00e9placent en ligne droite jusqu\u2019\u00e0 ce qu\u2019ils rencontrent un obstacle et interagissent avec autre chose. Autrement dit : les rayons lumineux sont rectilignes et non courb\u00e9s. D\u2019apr\u00e8s Albert Einstein, il existe cependant une exception : en pr\u00e9sence d\u2019objets de masse importante (par ex. notre Soleil), les photons sont d\u00e9vi\u00e9s par la force gravitationnelle. Il est possible de leur attribuer une masse relative, m\u00eame s\u2019ils n\u2019ont aucune masse au repos.<\/p>\n<p>La lumi\u00e8re bleue a une longueur d\u2019onde courte et une fr\u00e9quence haute.<br \/>\nLa lumi\u00e8re rouge a une longueur d\u2019onde longue et une fr\u00e9quence basse.<br \/>\nPar cons\u00e9quent, la lumi\u00e8re bleue a une \u00e9nergie plus \u00e9lev\u00e9e que la lumi\u00e8re rouge.<\/p>\n<h3>Comment mesurer et comparer la lumi\u00e8re?<\/h3>\n<p>D\u2019une fa\u00e7on g\u00e9n\u00e9rale, pour mesurer la lumi\u00e8re, il faut capter et compter les photons. Les appareils num\u00e9riques ne font rien d\u2019autre dans leurs puces de capteurs (le plus souvent CCD = Charged-Coupled Device). Le fonctionnement est le m\u00eame qu\u2019une cellule photovolta\u00efque. Mais au lieu de produire de l\u2019\u00e9lectricit\u00e9 directement \u00e0 partir de lumi\u00e8re, elles collectent les \u00e9lectrons et les restituent ensuite par pixel. Auparavant, c\u2019\u00e9tait le film photo analogique qui captait les photons dans une r\u00e9action chimique avec des ions d\u2019argent.<\/p>\n<h4>Flux lumineux<\/h4>\n<p>Le <strong>Flux lumineux \u03a6\u00a0<\/strong>correspond au flux \u00e9nerg\u00e9tique ou puissance rayonn\u00e9e d\u2019une source lumineuse et est mesur\u00e9 en <strong>Lumen [lm]<\/strong>. Lors de l\u2018achat d\u2019une lampe, cette donn\u00e9e est indiqu\u00e9e sur l\u2019emballage.<\/p>\n<p><a href=\"http:\/\/www.darksky.ch\/dss\/wp-content\/uploads\/2016\/06\/Lichtstrom.png\"><img loading=\"lazy\" decoding=\"async\" class=\"aligncenter wp-image-5296 size-full\" title=\"Lichtstrom @ Roland Bodenmann\" src=\"http:\/\/www.darksky.ch\/dss\/wp-content\/uploads\/2016\/06\/Lichtstrom.png\" alt=\"lichtstrom\" width=\"255\" height=\"277\" \/><\/a><\/p>\n<h4>Intensit\u00e9 lumineuse<\/h4>\n<p>On peut exprimer <strong>l&#8217;intensit\u00e9 lumineuse\u00a0<\/strong>d\u2019une source de lumi\u00e8re ponctuelle <strong>en candela [cd]<\/strong>. La candela (\u201ebougie\u201c en latin) est une unit\u00e9 de base du Syst\u00e8me international SI.<\/p>\n<p><a href=\"http:\/\/www.darksky.ch\/dss\/wp-content\/uploads\/2016\/06\/Lichtstaerke.png\"><img loading=\"lazy\" decoding=\"async\" class=\"aligncenter wp-image-5297 size-full\" title=\"Lichtst\u00e4rke @ Roland Bodenmann\" src=\"http:\/\/www.darksky.ch\/dss\/wp-content\/uploads\/2016\/06\/Lichtstaerke.png\" alt=\"lichtstaerke\" width=\"370\" height=\"494\" srcset=\"https:\/\/www.darksky.ch\/dss\/wp-content\/uploads\/2016\/06\/Lichtstaerke.png 370w, https:\/\/www.darksky.ch\/dss\/wp-content\/uploads\/2016\/06\/Lichtstaerke-225x300.png 225w\" sizes=\"auto, (max-width: 370px) 85vw, 370px\" \/><\/a><\/p>\n<p>Une source lumineuse ponctuelle d\u20191 candela qui rayonne de mani\u00e8re constante dans un angle solide d\u20191 st\u00e9radian [sr] (soit sur une aire d\u2019un m\u00e8tre carr\u00e9 \u00e0 la surface d\u2019une sph\u00e8re de rayon \u00e9gal \u00e0 un m\u00e8tre) produit exactement un flux lumineux de 1 lm = 1 cd\u00b7sr.<\/p>\n<h4>\u00c9clairement lumineux<\/h4>\n<p>Si un flux lumineux rencontre une surface plane A, <strong>l&#8217;\u00e9clairement lumineux E exprim\u00e9 en lux [lx] <\/strong>est d\u00e9fini par<strong>\u00a0E = \u03a6\u00a0\/ A<\/strong>, soit en<strong>\u00a0[lm\/m<sup>2<\/sup>]<\/strong>.<\/p>\n<p><a href=\"http:\/\/www.darksky.ch\/dss\/wp-content\/uploads\/2016\/06\/Beleuchtungsstaerke.png\"><img loading=\"lazy\" decoding=\"async\" class=\"aligncenter wp-image-5298 size-full\" title=\"Beleuchtungsst\u00e4rke @ Roland Bodenmann\" src=\"http:\/\/www.darksky.ch\/dss\/wp-content\/uploads\/2016\/06\/Beleuchtungsstaerke.png\" alt=\"beleuchtungsstaerke\" width=\"541\" height=\"329\" srcset=\"https:\/\/www.darksky.ch\/dss\/wp-content\/uploads\/2016\/06\/Beleuchtungsstaerke.png 541w, https:\/\/www.darksky.ch\/dss\/wp-content\/uploads\/2016\/06\/Beleuchtungsstaerke-300x182.png 300w\" sizes=\"auto, (max-width: 541px) 85vw, 541px\" \/><\/a>Un luxm\u00e8tre mesure l\u2019\u00e9clairement lumineux (le plus souvent sur un angle d\u2019incidence allant jusqu\u2018\u00e0 180\u00b0) et est utilis\u00e9 par les photographes pour mesurer la lumi\u00e8re re\u00e7ue en un point donn\u00e9.<\/p>\n<p>Dans les normes d\u2019\u00e9valuation des besoins ou des nuisances, les valeurs <strong>E<sub>h<\/sub><\/strong> ou <strong>E<sub>v<\/sub><\/strong> sont souvent exig\u00e9es. Elles d\u00e9signent respectivement l\u2019\u00e9clairement lumineux sur des surfaces horizontales (par ex. des passages pi\u00e9tons) ou verticales (fen\u00eatre de chambre \u00e0 coucher).<\/p>\n<p>La lumi\u00e8re qui tombe sur une surface \u00e9clair\u00e9e, donc l\u2019\u00e9clairement lumineux, n\u2019est pas identique \u00e0 la lumi\u00e8re qui est refl\u00e9t\u00e9e par un plan. Un terrain de football, par exemple, a une r\u00e9flectivit\u00e9 d\u2019environ 0.2, ce qui signifie qu\u2019un cinqui\u00e8me seulement de la lumi\u00e8re exig\u00e9e dans la norme est perceptible sur la pelouse.<\/p>\n<h4>Luminance<\/h4>\n<p>Si nous voulons mesurer la quantit\u00e9 de lumi\u00e8re refl\u00e9t\u00e9e par cette surface, nous devons mesurer la <strong>luminance L d\u2019unit\u00e9 [cd\/m<sup>2<\/sup>]<\/strong> de la pelouse, ou <strong>intensit\u00e9 lumineuse par unit\u00e9 de surface<\/strong>.<\/p>\n<p><a href=\"http:\/\/www.darksky.ch\/dss\/wp-content\/uploads\/2016\/06\/Leuchtdichte.png\"><img loading=\"lazy\" decoding=\"async\" class=\"aligncenter wp-image-5299 size-full\" title=\"Leuchtdichte @ Roland Bodenmann\" src=\"http:\/\/www.darksky.ch\/dss\/wp-content\/uploads\/2016\/06\/Leuchtdichte.png\" alt=\"leuchtdichte\" width=\"542\" height=\"313\" srcset=\"https:\/\/www.darksky.ch\/dss\/wp-content\/uploads\/2016\/06\/Leuchtdichte.png 542w, https:\/\/www.darksky.ch\/dss\/wp-content\/uploads\/2016\/06\/Leuchtdichte-300x173.png 300w\" sizes=\"auto, (max-width: 542px) 85vw, 542px\" \/><\/a><\/p>\n<p>L\u2019appareil servant \u00e0 la mesure de la luminance peut cibler la lumi\u00e8re d\u2019une source r\u00e9fl\u00e9chissante ou rayonnante et l\u2019estimer \u00e0 l\u2019int\u00e9rieur d\u2019un petit angle (1\u00b0). En r\u00e9p\u00e9tant la mesure, la pr\u00e9cision statistique augmente. Il faut aussi \u00e9viter, par exemple, qu\u2019une lumi\u00e8re ext\u00e9rieure vienne interf\u00e9rer dans la mesure.<\/p>\n<p>L&#8217;<strong>efficacit\u00e9 d&#8217;une source lumineuse est exprim\u00e9e en Lumen par Watt [lm\/Watt]<\/strong>. Elle indique seulement la quantit\u00e9 de lumi\u00e8re qui est obtenue par la puissance \u00e9lectrique issue d\u2019une prise de courant. Malheureusement, une efficacit\u00e9 lumineuse plus \u00e9lev\u00e9e ne signifie pas automatiquement que la lumi\u00e8re est mieux adapt\u00e9e pour l\u2019environnement. Cela n\u2019est vrai que pour la consommation \u00e9lectrique, si l\u2019on peut produire avec moins d\u2019\u00e9nergie \u00e9lectrique la m\u00eame quantit\u00e9 de lumi\u00e8re qu\u2019avant. Ce n\u2019est cependant bien souvent pas vrai en ce qui concerne le spectre, puisque des LED plus efficaces produisent une lumi\u00e8re bleue froide.<\/p>\n<h3>La vision humaine (de jour)<\/h3>\n<p>L\u2019\u0153il humain en bonne sant\u00e9 poss\u00e8de des photor\u00e9cepteurs pour les diff\u00e9rentes couleurs de la lumi\u00e8re (rouge, vert, bleu). Les daltoniens ne poss\u00e8dent pas tous les r\u00e9cepteurs, c\u2019est pourquoi ils per\u00e7oivent le monde avec moins de nuances et distinguent plus difficilement certaines couleurs.<\/p>\n<p>Mais un \u0153il en bonne sant\u00e9 aussi ne per\u00e7oit pas toutes les couleurs d\u2019un arc-en-ciel de fa\u00e7on \u00e9gale.<\/p>\n<p><a href=\"http:\/\/www.darksky.ch\/dss\/wp-content\/uploads\/2016\/06\/Vlambda.png\"><img loading=\"lazy\" decoding=\"async\" class=\"aligncenter wp-image-5288 size-full\" title=\"Tagsehen Empfindlichkeitskurve @ Lukas Schuler\" src=\"http:\/\/www.darksky.ch\/dss\/wp-content\/uploads\/2016\/06\/Vlambda.png\" alt=\"vlambda\" width=\"806\" height=\"499\" srcset=\"https:\/\/www.darksky.ch\/dss\/wp-content\/uploads\/2016\/06\/Vlambda.png 806w, https:\/\/www.darksky.ch\/dss\/wp-content\/uploads\/2016\/06\/Vlambda-300x186.png 300w\" sizes=\"auto, (max-width: 806px) 85vw, 806px\" \/><\/a><\/p>\n<p><em>Le r\u00e9cepteur de vert est plus sensible que ceux du rouge et du bleu. La nature qui nous entoure et qui nous est vitale est essentiellement compos\u00e9e de couleur verte. Cela nous a peut-\u00eatre aid\u00e9 \u00e0 d\u00e9couvrir plus facilement des terres fertiles et des fourrages verts.<\/em><\/p>\n<p>Les appareils de mesure de la lumi\u00e8re utilis\u00e9s dans les techniques d&#8217;\u00e9clairage et leur conception sont en r\u00e8gles g\u00e9n\u00e9rales calibr\u00e9s par rapport \u00e0 cette sensibilit\u00e9 particuli\u00e8re de l\u2019\u0153il humain \u00e0 la lumi\u00e8re du jour.<\/p>\n<p>D\u2019autres capteurs, par exemple les puces d\u2019appareils photos, d\u00e9tectent souvent plus la zone du spectre correspondant aux grandes longueurs d\u2019ondes, donc le rayonnement infrarouge (comme les dispositifs de vision nocturne).<\/p>\n<p>Il faut donc toujours veiller \u00e0 ce que les donn\u00e9es de mesure soient correctement enregistr\u00e9es, filtr\u00e9es et compar\u00e9es.<\/p>\n<h3>Quand la lumi\u00e8re d\u00e9range-t-elle?<\/h3>\n<p><strong>En premier lieu si elle \u00e9blouit directement (\u00e9blouissement).<\/strong><br \/>\n<strong>Ensuite si elle \u00e9blouit indirectement (\u00e9blouissement par r\u00e9flexion).<\/strong><\/p>\n<h4>\u00c9blouissement<\/h4>\n<p>La vision est ressentie comme inconfortable (\u00e9blouissement d\u2019inconfort ou psychologique) ou la visibilit\u00e9 est irr\u00e9m\u00e9diablement r\u00e9duite (\u00e9blouissement invalidant ou physiologique). Les causes sont une r\u00e9partition d\u00e9favorable de la luminance ou un contraste trop \u00e9lev\u00e9.<\/p>\n<h4>\u00c9blouissement invalidant<\/h4>\n<p>L\u2019\u00e9blouissement invalidant diminue la vision sans que cela soit associ\u00e9 avec une sensation d\u00e9sagr\u00e9able. Il s\u2019agit par exemple de cas extr\u00eames de dommages oculaires caus\u00e9s lorsque l\u2019on regarde directement le Soleil ou un faisceau laser, ce qui endommage de fa\u00e7on irr\u00e9parable la r\u00e9tine et a pour cons\u00e9quence une perte mesurable de la vision.<\/p>\n<h4>\u00c9blouissement d&#8217;inconfort<\/h4>\n<p>L&#8217;<strong>\u00e9blouissement d&#8217;inconfort<\/strong>\u00a0provoque une sensation d\u00e9sagr\u00e9able, sans que cela s\u2019accompagne d\u2019une diff\u00e9rence mesurable de capacit\u00e9 visuelle. Toutefois, le probl\u00e8me fondamental est la diff\u00e9rence \u00e9lev\u00e9e de luminance des sources de lumi\u00e8res, qui entra\u00eene une trop grande stimulation des r\u00e9cepteurs de la r\u00e9tine et g\u00e9n\u00e8re des images r\u00e9manentes. Tout le monde a fait l\u2019exp\u00e9rience d\u2019avoir regard\u00e9 par erreur le Soleil directement et de constater en fermant les paupi\u00e8res qu\u2019une image r\u00e9manente du Soleil appara\u00eet de toutes les couleurs, jusqu\u2019\u00e0 ce que le ph\u00e9nom\u00e8ne finisse par s\u2019estomper.<\/p>\n<h4>R\u00e9flexion<\/h4>\n<p>Des surfaces r\u00e9fl\u00e9chissantes occasionnent parfois des \u00e9blouissements ind\u00e9sirables, de telle sorte que l\u2019objet r\u00e9fl\u00e9chissant n\u2019est presque plus correctement reconnaissable.<\/p>\n<p>L\u2019\u00e9blouissement est aussi un gros probl\u00e8me dans le cas de v\u00e9hicules circulant en sens inverse. En g\u00eanant la vision, cela met en danger la <strong>s\u00e9curit\u00e9 routi\u00e8re.<\/strong><\/p>\n<p>&nbsp;<\/p>\n<p><strong>La lumi\u00e8re perturbe l\u2019endormissement et le sommeil<\/strong>, car nous avons besoin d\u2019une obscurit\u00e9 profonde autour de nous pour bien dormir. La majorit\u00e9 des plaintes envoy\u00e9es \u00e0 Dark-Sky le sont quand la chambre \u00e0 coucher est touch\u00e9e. On parle ici de sant\u00e9 et cela concerne tout le monde.<\/p>\n<p>Tant en ce qui concerne <strong>l&#8217;\u00e9blouissement (r\u00e9flexe pupillaire)<\/strong> que le <strong>sommeil (horloge interne), les hommes comme les mammif\u00e8res sont sensibles \u00e0 la lumi\u00e8re bleue.<\/strong><\/p>\n<p>Les animaux nocturnes s\u2019orientent surtout par rapport \u00e0 la lumi\u00e8re bleue, car c\u2019est celle que l\u2019on rencontre dans l\u2019obscurit\u00e9 naturelle (ciel, lune, \u00e9toiles).<\/p>\n<p>La lumi\u00e8re bleue se diffuse \u00e9galement plus fortement dans l\u2019atmosph\u00e8re (de jour, le ciel appara\u00eet bleu).<\/p>\n<p><strong>Dans bien des aspects, la lumi\u00e8re bleue est plus perturbante que la lumi\u00e8re rouge.<\/strong><\/p>\n<p>Il se peut cependant que d\u2019autres organismes, utilisant d\u2019autres types de vision, soient sensibles \u00e0 d\u2019autres types de lumi\u00e8re. Par exemple, les verts luisants femelles brillent en jaune-vert. Par cons\u00e9quent les m\u00e2les sont le plus souvent attir\u00e9s par la lumi\u00e8re verte de plus faible intensit\u00e9, mais ils \u00e9vitent totalement la lumi\u00e8re vive o\u00f9 ils ne per\u00e7oivent plus les femelles (voir <a href=\"http:\/\/www.gluehwuermchen.ch\/archiv\/infoschweiz\/pool_beob_gwp\/2016_floodlight_glowworm_lusti_ineichen.pdf\" target=\"_blank\">Ineichen, Lusti 2016<\/a>).<\/p>\n<p><em>Dark-Sky Switzerland: C\u2019est pourquoi l\u2019extinction de la lumi\u00e8re, c\u2019est \u00e0 dire aucune lumi\u00e8re au mauvais endroit au mauvais moment, est la solution la plus simple et la plus efficace au probl\u00e8me environnemental de la <a href=\"http:\/\/www.darksky.ch\/dss\/fr\/a-savoir\/la-pollution-lumineuse\/\">pollution lumineuse<\/a>.<\/em><\/p>\n<p>Nous remercions notre membre de comit\u00e9 Roland Bodenmann du R\u00e9seau lumi\u00e8re (Netzwerk Licht) pour les graphiques et sa participation \u00e0 cette page.<\/p>\n<p>&nbsp;<\/p>\n","protected":false},"excerpt":{"rendered":"<p>Qu\u2019est-ce-que la lumi\u00e8re? La lumi\u00e8re est une forme d&#8217;\u00e9nergie. La transmission de cette \u00e9nergie s\u2019effectue sous forme de rayonnement. La lumi\u00e8re ne correspond qu\u2018\u00e0 une petite partie du spectre de l\u2019ensemble du rayonnement, qui s\u2019\u00e9tend du rayonnement cosmique de courte longueur d\u2019onde \u00e0 l\u2019\u00e9nergie \u00e9lectrique produite par l\u2019homme. L\u2018atmosph\u00e8re de la Terre laisse passer le &hellip; <a href=\"https:\/\/www.darksky.ch\/dss\/fr\/a-savoir\/la-lumiere\/\" class=\"more-link\">Continue reading<span class=\"screen-reader-text\"> &#8220;La lumi\u00e8re&#8221;<\/span><\/a><\/p>\n","protected":false},"author":2,"featured_media":0,"parent":260,"menu_order":0,"comment_status":"closed","ping_status":"closed","template":"","meta":{"_acf_changed":false,"footnotes":""},"class_list":["post-264","page","type-page","status-publish","hentry"],"acf":[],"_links":{"self":[{"href":"https:\/\/www.darksky.ch\/dss\/fr\/wp-json\/wp\/v2\/pages\/264","targetHints":{"allow":["GET"]}}],"collection":[{"href":"https:\/\/www.darksky.ch\/dss\/fr\/wp-json\/wp\/v2\/pages"}],"about":[{"href":"https:\/\/www.darksky.ch\/dss\/fr\/wp-json\/wp\/v2\/types\/page"}],"author":[{"embeddable":true,"href":"https:\/\/www.darksky.ch\/dss\/fr\/wp-json\/wp\/v2\/users\/2"}],"replies":[{"embeddable":true,"href":"https:\/\/www.darksky.ch\/dss\/fr\/wp-json\/wp\/v2\/comments?post=264"}],"version-history":[{"count":15,"href":"https:\/\/www.darksky.ch\/dss\/fr\/wp-json\/wp\/v2\/pages\/264\/revisions"}],"predecessor-version":[{"id":6994,"href":"https:\/\/www.darksky.ch\/dss\/fr\/wp-json\/wp\/v2\/pages\/264\/revisions\/6994"}],"up":[{"embeddable":true,"href":"https:\/\/www.darksky.ch\/dss\/fr\/wp-json\/wp\/v2\/pages\/260"}],"wp:attachment":[{"href":"https:\/\/www.darksky.ch\/dss\/fr\/wp-json\/wp\/v2\/media?parent=264"}],"curies":[{"name":"wp","href":"https:\/\/api.w.org\/{rel}","templated":true}]}}