

{"id":268,"date":"2016-06-16T20:11:33","date_gmt":"2016-06-16T18:11:33","guid":{"rendered":"http:\/\/www.darksky.ch\/dsx\/fr\/?page_id=268"},"modified":"2019-07-19T17:02:57","modified_gmt":"2019-07-19T15:02:57","slug":"la-pollution-lumineuse","status":"publish","type":"page","link":"https:\/\/www.darksky.ch\/dss\/fr\/a-savoir\/la-pollution-lumineuse\/","title":{"rendered":"La pollution lumineuse"},"content":{"rendered":"<div id=\"c70\" class=\"csc-default\">\n<p class=\"bodytext\">La pollution lumineuse d\u00e9signe l\u2019\u00e9clairement artificiel du ciel nocturne et l\u2019effet perturbateur de la lumi\u00e8re sur l\u2019homme et la nature.<\/p>\n<p class=\"bodytext\">Le terme \u00ab\u00a0pollution lumineuse\u00a0\u00bb est une traduction directe de l\u2019anglais (Light pollution). Il s\u2019agit d\u2019une forme reconnue de pollution environnementale au m\u00eame titre que la pollution atmosph\u00e9rique ou de l\u2019eau.<\/p>\n<p class=\"bodytext\">La pollution lumineuse peut \u00eatre significativement r\u00e9duite en respectant quelques r\u00e8gles simples, telles que celles exig\u00e9es par\u00a0la <a href=\"http:\/\/www.darksky.ch\/dss\/fr\/2013\/03\/norme-sia-491-sn-586-491-sia-4912013\/\">norme SIA 491<\/a>.<\/p>\n<figure id=\"attachment_6407\" aria-describedby=\"caption-attachment-6407\" style=\"width: 450px\" class=\"wp-caption aligncenter\"><a href=\"http:\/\/www.darksky.ch\/dss\/wp-content\/uploads\/2016\/06\/limitedelaville_francais.gif\"><img loading=\"lazy\" decoding=\"async\" class=\"wp-image-6407 size-full\" src=\"http:\/\/www.darksky.ch\/dss\/wp-content\/uploads\/2016\/06\/limitedelaville_francais.gif\" alt=\"limitedelaville_francais\" width=\"450\" height=\"281\" \/><\/a><figcaption id=\"caption-attachment-6407\" class=\"wp-caption-text\">La lumi\u00e8re ne s&#8217;arr\u00eate pas aux limites des villes. Elle se propage librement dans l&#8217;atmosph\u00e8re et ainsi \u00e9claire \u00e9galement des zones \u00e9loign\u00e9es des villes (Animation: G. Schwarz)<\/figcaption><\/figure>\n<\/div>\n<div id=\"c70\" class=\"csc-default\">\n<div id=\"c205\" class=\"csc-default\">\n<div class=\"csc-textpic csc-textpic-left csc-textpic-above\">\n<div class=\"csc-textpic-text\">\n<div><strong>La pollution lumineuse dans le monde<\/strong><\/div>\n<div>\n<figure id=\"attachment_436\" aria-describedby=\"caption-attachment-436\" style=\"width: 840px\" class=\"wp-caption alignnone\"><img loading=\"lazy\" decoding=\"async\" class=\"size-large wp-image-436\" src=\"http:\/\/www.darksky.ch\/dss\/wp-content\/uploads\/2016\/06\/737848main_earth_night_rotate_lrg_full-1020x574.jpg\" alt=\"NASA Erde bei Nacht\" width=\"840\" height=\"473\" srcset=\"https:\/\/www.darksky.ch\/dss\/wp-content\/uploads\/2016\/06\/737848main_earth_night_rotate_lrg_full-1020x574.jpg 1020w, https:\/\/www.darksky.ch\/dss\/wp-content\/uploads\/2016\/06\/737848main_earth_night_rotate_lrg_full-300x169.jpg 300w, https:\/\/www.darksky.ch\/dss\/wp-content\/uploads\/2016\/06\/737848main_earth_night_rotate_lrg_full-1200x675.jpg 1200w, https:\/\/www.darksky.ch\/dss\/wp-content\/uploads\/2016\/06\/737848main_earth_night_rotate_lrg_full.jpg 1920w\" sizes=\"auto, (max-width: 709px) 85vw, (max-width: 909px) 67vw, (max-width: 1362px) 62vw, 840px\" \/><figcaption id=\"caption-attachment-436\" class=\"wp-caption-text\">NASA La Terre de nuit<\/figcaption><\/figure>\n<\/div>\n<div>La pollution lumineuse est un ph\u00e9nom\u00e8ne mondial. Des recompositions \u00e0 partir d\u2019images satellites montrent de fa\u00e7on impressionnante avec quelle force\u00a0les \u00e9missions de lumi\u00e8res s&#8217;\u00e9tendent, surtout dans les pays industrialis\u00e9s, et illuminent la nuit.<\/div>\n<div><\/div>\n<div><strong>La pollution lumineuse en Europe<\/strong><\/div>\n<div>\n<figure id=\"attachment_437\" aria-describedby=\"caption-attachment-437\" style=\"width: 840px\" class=\"wp-caption alignnone\"><img loading=\"lazy\" decoding=\"async\" class=\"size-large wp-image-437\" src=\"http:\/\/www.darksky.ch\/dss\/wp-content\/uploads\/2016\/06\/Falchi_Light_Pollution_Europe_2015-1020x994.jpg\" alt=\"Lichtverschmutzung (Aufhellung des Nachthimmels im Zenit) nach Falchi et al. in Europa, 2015\" width=\"840\" height=\"819\" srcset=\"https:\/\/www.darksky.ch\/dss\/wp-content\/uploads\/2016\/06\/Falchi_Light_Pollution_Europe_2015-1020x994.jpg 1020w, https:\/\/www.darksky.ch\/dss\/wp-content\/uploads\/2016\/06\/Falchi_Light_Pollution_Europe_2015-300x292.jpg 300w, https:\/\/www.darksky.ch\/dss\/wp-content\/uploads\/2016\/06\/Falchi_Light_Pollution_Europe_2015.jpg 1060w\" sizes=\"auto, (max-width: 709px) 85vw, (max-width: 909px) 67vw, (max-width: 1362px) 62vw, 840px\" \/><figcaption id=\"caption-attachment-437\" class=\"wp-caption-text\">Pollution lumineuse en Europe (\u00e9claircissement du ciel nocturne au z\u00e9nith) d&#8217;apr\u00e8s Falchi et al., 2015<\/figcaption><\/figure>\n<\/div>\n<div>Cette repr\u00e9sentation en fausses couleurs de l\u2019Europe montre clairement que la pollution lumineuse est fortement prononc\u00e9e au niveau des grands centres urbains. Alors qu\u2019en Espagne certaines zones sont encore \u00e9pargn\u00e9es par la pollution lumineuse, des \u00e9missions massives de lumi\u00e8re sont visibles en particulier en Grande-Bretagne, dans les \u00e9tats du Benelux, l\u2019Allemagne et l\u2019Italie. La Suisse souffre \u00e9galement d\u2019une pollution lumineuse mod\u00e9r\u00e9e \u00e0 forte. Un ciel naturellement sombre n\u2019existe que dans les zones repr\u00e9sent\u00e9es en noir.<\/div>\n<div><\/div>\n<div><strong>La pollution lumineuse en Suisse<\/strong><\/div>\n<div><\/div>\n<div>\n<figure id=\"attachment_441\" aria-describedby=\"caption-attachment-441\" style=\"width: 840px\" class=\"wp-caption alignnone\"><img loading=\"lazy\" decoding=\"async\" class=\"size-large wp-image-441\" src=\"http:\/\/www.darksky.ch\/dss\/wp-content\/uploads\/2016\/06\/CH-artificial-sky-brightness-atlas-2015-1020x721.jpg\" alt=\"Die Aufhellung des Nachthimmels durch Kunstlicht in der Schweiz (Daten vom Weltatlas von Falchi et al.).\" width=\"840\" height=\"594\" srcset=\"https:\/\/www.darksky.ch\/dss\/wp-content\/uploads\/2016\/06\/CH-artificial-sky-brightness-atlas-2015-1020x721.jpg 1020w, https:\/\/www.darksky.ch\/dss\/wp-content\/uploads\/2016\/06\/CH-artificial-sky-brightness-atlas-2015-300x212.jpg 300w, https:\/\/www.darksky.ch\/dss\/wp-content\/uploads\/2016\/06\/CH-artificial-sky-brightness-atlas-2015-1200x848.jpg 1200w\" sizes=\"auto, (max-width: 709px) 85vw, (max-width: 909px) 67vw, (max-width: 1362px) 62vw, 840px\" \/><figcaption id=\"caption-attachment-441\" class=\"wp-caption-text\">\u00c9clairement du ciel nocturne par la lumi\u00e8re artificielle en Suisse (donn\u00e9es issues de l&#8217;atlas mondial de Falchi et al., adaptation par Stefano Klett, Dark-Sky Switzerland).<\/figcaption><\/figure>\n<p>&nbsp;<\/p>\n<p>La Suisse aussi souffre de la pollution lumineuse \u2013 plus qu\u2019on ne voudrait le croire. Certes, le ciel \u00e9toil\u00e9 est nettement\u00a0plus facile \u00e0 observer dans les montagnes que dans le Plateau central ou l\u2019agglom\u00e9ration des villes. N\u00e9anmoins, il n\u2019existe plus d\u2019endroit en Suisse o\u00f9 observer l\u2019obscurit\u00e9 nocturne naturelle.<\/p>\n<\/div>\n<\/div>\n<\/div>\n<\/div>\n<div id=\"c103\" class=\"csc-default\">Interpr\u00e9tation de la carte: taches bleues fonc\u00e9es dans les Alpes (\u00e9claircissement du ciel nocturne entre 8 et 16%), couleur pourpre des centre-urbains de Zurich, Gen\u00e8ve, B\u00e2le, Lausanne (\u00e9claircissement du ciel nocturne de 1020 \u00e0 2050%)!<\/div>\n<div class=\"csc-default\"><\/div>\n<div id=\"c98\" class=\"csc-default\"><\/div>\n<\/div>\n","protected":false},"excerpt":{"rendered":"<p>La pollution lumineuse d\u00e9signe l\u2019\u00e9clairement artificiel du ciel nocturne et l\u2019effet perturbateur de la lumi\u00e8re sur l\u2019homme et la nature. Le terme \u00ab\u00a0pollution lumineuse\u00a0\u00bb est une traduction directe de l\u2019anglais (Light pollution). Il s\u2019agit d\u2019une forme reconnue de pollution environnementale au m\u00eame titre que la pollution atmosph\u00e9rique ou de l\u2019eau. La pollution lumineuse peut \u00eatre &hellip; <a href=\"https:\/\/www.darksky.ch\/dss\/fr\/a-savoir\/la-pollution-lumineuse\/\" class=\"more-link\">Continue reading<span class=\"screen-reader-text\"> &#8220;La pollution lumineuse&#8221;<\/span><\/a><\/p>\n","protected":false},"author":2,"featured_media":0,"parent":260,"menu_order":0,"comment_status":"closed","ping_status":"closed","template":"","meta":{"_acf_changed":false,"footnotes":""},"class_list":["post-268","page","type-page","status-publish","hentry"],"acf":[],"_links":{"self":[{"href":"https:\/\/www.darksky.ch\/dss\/fr\/wp-json\/wp\/v2\/pages\/268","targetHints":{"allow":["GET"]}}],"collection":[{"href":"https:\/\/www.darksky.ch\/dss\/fr\/wp-json\/wp\/v2\/pages"}],"about":[{"href":"https:\/\/www.darksky.ch\/dss\/fr\/wp-json\/wp\/v2\/types\/page"}],"author":[{"embeddable":true,"href":"https:\/\/www.darksky.ch\/dss\/fr\/wp-json\/wp\/v2\/users\/2"}],"replies":[{"embeddable":true,"href":"https:\/\/www.darksky.ch\/dss\/fr\/wp-json\/wp\/v2\/comments?post=268"}],"version-history":[{"count":11,"href":"https:\/\/www.darksky.ch\/dss\/fr\/wp-json\/wp\/v2\/pages\/268\/revisions"}],"predecessor-version":[{"id":11001,"href":"https:\/\/www.darksky.ch\/dss\/fr\/wp-json\/wp\/v2\/pages\/268\/revisions\/11001"}],"up":[{"embeddable":true,"href":"https:\/\/www.darksky.ch\/dss\/fr\/wp-json\/wp\/v2\/pages\/260"}],"wp:attachment":[{"href":"https:\/\/www.darksky.ch\/dss\/fr\/wp-json\/wp\/v2\/media?parent=268"}],"curies":[{"name":"wp","href":"https:\/\/api.w.org\/{rel}","templated":true}]}}