

{"id":278,"date":"2012-06-16T13:40:20","date_gmt":"2012-06-16T11:40:20","guid":{"rendered":"http:\/\/www.darksky.ch\/dsx\/fr\/?page_id=278"},"modified":"2018-01-06T16:00:20","modified_gmt":"2018-01-06T15:00:20","slug":"vision","status":"publish","type":"page","link":"https:\/\/www.darksky.ch\/dss\/fr\/buts\/vision\/","title":{"rendered":"Vision"},"content":{"rendered":"<p>Dark-Sky Switzerland (DSS) est une organisation \u00e0 but non-lucratif qui fournit des informations sur l\u2019utilisation harmonieuse de la lumi\u00e8re artificielle. L\u2019association s\u2019engage en faveur d\u2019une approche consciente de la lumi\u00e8re, en phase avec l\u2019Homme et la nature. Son engagement a pour objectifs la pr\u00e9servation de la diversit\u00e9 biologique et du paysage nocturne naturel, et l\u2019usage cibl\u00e9 des ressources.<\/p>\n<div id=\"main\">\n<div id=\"col3\">\n<div id=\"col3_content\" class=\"clearfix\">\n<div id=\"c76\" class=\"csc-default\">\n<p>Dark-Sky Switzerland met l\u2019accent sur la r\u00e9duction de la pollution lumineuse, avec pour but la protection de l\u2019homme, de la faune et de la flore. DSS suscite des changements de comportement social au travers d\u2019une information constructive, objective et d\u2019un travail de sensibilisation. DSS peut compter sur le travail b\u00e9n\u00e9vole de ses adh\u00e9rents qui s\u2019engagent avec enthousiasme et joie de vivre en faveur des pr\u00e9occupations de l\u2019association. DSS accorde \u00e9galement des mandats pour certaines missions qu\u2019elle ne pourrait pas accomplir seule.<\/p>\n<p>La force de DSS r\u00e9side dans l\u2019avantage pour un large public d\u2019un am\u00e9nagement de l\u2019environnement par l\u2019homme qui soit plus respectueux de la qualit\u00e9 de vie. Elle offre une assistance et \u00e9tablit un pont avec les organismes sp\u00e9cialis\u00e9s. Elle est financ\u00e9e par les cotisations de ses membres et par des donateurs.<\/p>\n<ul>\n<li>DSS s\u2018est \u00e9tablie en 2000 comme association autonome et ind\u00e9pendante.<\/li>\n<li>L\u2019\u00e9quipe de membres actifs de DSS se compose d&#8217;experts en \u00e9clairage, d&#8217;architectes, d&#8217;ing\u00e9nieurs en \u00e9lectricit\u00e9 et de l\u2019environnement, d&#8217;\u00e9conomistes, de scientifiques et de journalistes.<\/li>\n<li>DSS \u00e9tait membre de l\u2019Association Suisse pour l\u2019\u00e9clairage (<a class=\"external-link-new-window\" href=\"http:\/\/www.slg.ch\/\" target=\"_blank\" rel=\"noopener\">SLG<\/a>) jusqu&#8217;au 2017.<\/li>\n<li>Dark-Sky Switzerland a \u00e9t\u00e9 fond\u00e9 en 1996 comme groupe sp\u00e9cialis\u00e9 de la Soci\u00e9t\u00e9 Astronomique Suisse (<a class=\"external-link-new-window\" href=\"http:\/\/www.sag.ch\/\" target=\"_blank\" rel=\"noopener\">SAS<\/a>) et est depuis 1999 la section officielle de l\u2019International Dark-Sky Association (<a class=\"external-link-new-window\" href=\"http:\/\/www.darksky.org\/\" target=\"_blank\" rel=\"noopener\">IDA<\/a>) en Suisse.<\/li>\n<\/ul>\n<\/div>\n<\/div>\n<\/div>\n<\/div>\n","protected":false},"excerpt":{"rendered":"<p>Dark-Sky Switzerland (DSS) est une organisation \u00e0 but non-lucratif qui fournit des informations sur l\u2019utilisation harmonieuse de la lumi\u00e8re artificielle. L\u2019association s\u2019engage en faveur d\u2019une approche consciente de la lumi\u00e8re, en phase avec l\u2019Homme et la nature. Son engagement a pour objectifs la pr\u00e9servation de la diversit\u00e9 biologique et du paysage nocturne naturel, et l\u2019usage &hellip; <a href=\"https:\/\/www.darksky.ch\/dss\/fr\/buts\/vision\/\" class=\"more-link\">Continue reading<span class=\"screen-reader-text\"> &#8220;Vision&#8221;<\/span><\/a><\/p>\n","protected":false},"author":2,"featured_media":0,"parent":273,"menu_order":0,"comment_status":"closed","ping_status":"closed","template":"","meta":{"_acf_changed":false,"footnotes":""},"class_list":["post-278","page","type-page","status-publish","hentry"],"acf":[],"_links":{"self":[{"href":"https:\/\/www.darksky.ch\/dss\/fr\/wp-json\/wp\/v2\/pages\/278","targetHints":{"allow":["GET"]}}],"collection":[{"href":"https:\/\/www.darksky.ch\/dss\/fr\/wp-json\/wp\/v2\/pages"}],"about":[{"href":"https:\/\/www.darksky.ch\/dss\/fr\/wp-json\/wp\/v2\/types\/page"}],"author":[{"embeddable":true,"href":"https:\/\/www.darksky.ch\/dss\/fr\/wp-json\/wp\/v2\/users\/2"}],"replies":[{"embeddable":true,"href":"https:\/\/www.darksky.ch\/dss\/fr\/wp-json\/wp\/v2\/comments?post=278"}],"version-history":[{"count":6,"href":"https:\/\/www.darksky.ch\/dss\/fr\/wp-json\/wp\/v2\/pages\/278\/revisions"}],"predecessor-version":[{"id":8271,"href":"https:\/\/www.darksky.ch\/dss\/fr\/wp-json\/wp\/v2\/pages\/278\/revisions\/8271"}],"up":[{"embeddable":true,"href":"https:\/\/www.darksky.ch\/dss\/fr\/wp-json\/wp\/v2\/pages\/273"}],"wp:attachment":[{"href":"https:\/\/www.darksky.ch\/dss\/fr\/wp-json\/wp\/v2\/media?parent=278"}],"curies":[{"name":"wp","href":"https:\/\/api.w.org\/{rel}","templated":true}]}}