

{"id":286,"date":"2016-03-06T20:29:25","date_gmt":"2016-03-06T19:29:25","guid":{"rendered":"http:\/\/www.darksky.ch\/dsx\/fr\/?page_id=286"},"modified":"2020-05-13T19:51:20","modified_gmt":"2020-05-13T17:51:20","slug":"but","status":"publish","type":"page","link":"https:\/\/www.darksky.ch\/dss\/fr\/buts\/but\/","title":{"rendered":"But"},"content":{"rendered":"<p>Les buts de\u00a0Dark-Sky Switzerland tels qu&#8217;ils apparaissent dans les statuts:<\/p>\n<p><strong>Art. 2\u00a0But<\/strong><\/p>\n<p>1 L&#8217;association a pour buts de pr\u00e9server l&#8217;obscurit\u00e9 naturelle du ciel et de prot\u00e9ger le paysage nocturne. Ceci passe par la r\u00e9duction de la pollution lumineuse. La pollution lumineuse d\u00e9signe l\u2019\u00e9claircissement artificiel de l\u2019environnement nocturne. La plus grande priorit\u00e9 est l\u2019information du public.<br \/>\na. La pr\u00e9servation de l\u2019obscurit\u00e9 naturelle et du ciel nocturne et la protection du paysage nocturne servent en particulier \u00e0 prot\u00e9ger la flore et la faune indig\u00e8nes.<br \/>\nb. La pr\u00e9servation de l\u2019obscurit\u00e9 naturelle et du ciel nocturne et la protection du paysage nocturne contribuent \u00e0 l\u2019h\u00e9ritage culturel, au bien-\u00eatre et \u00e0 la sant\u00e9 des \u00eatres humains.<\/p>\n<p>2 L\u2019association DSS encourage le d\u00e9veloppement raisonnable et durable de l\u2019\u00e9clairage ext\u00e9rieur (consommation \u00e9lectrique, aspects spaciaux) et \u00e9met des recommandations.<\/p>\n<p>3 L&#8217;association est politiquement et confessionnellement neutre et sans but lucratif.<\/p>\n<p>&nbsp;<\/p>\n","protected":false},"excerpt":{"rendered":"<p>Les buts de\u00a0Dark-Sky Switzerland tels qu&#8217;ils apparaissent dans les statuts: Art. 2\u00a0But 1 L&#8217;association a pour buts de pr\u00e9server l&#8217;obscurit\u00e9 naturelle du ciel et de prot\u00e9ger le paysage nocturne. Ceci passe par la r\u00e9duction de la pollution lumineuse. La pollution lumineuse d\u00e9signe l\u2019\u00e9claircissement artificiel de l\u2019environnement nocturne. La plus grande priorit\u00e9 est l\u2019information du public. &hellip; <a href=\"https:\/\/www.darksky.ch\/dss\/fr\/buts\/but\/\" class=\"more-link\">Continue reading<span class=\"screen-reader-text\"> &#8220;But&#8221;<\/span><\/a><\/p>\n","protected":false},"author":2,"featured_media":0,"parent":273,"menu_order":1,"comment_status":"closed","ping_status":"closed","template":"","meta":{"_acf_changed":false,"footnotes":""},"class_list":["post-286","page","type-page","status-publish","hentry"],"acf":[],"_links":{"self":[{"href":"https:\/\/www.darksky.ch\/dss\/fr\/wp-json\/wp\/v2\/pages\/286","targetHints":{"allow":["GET"]}}],"collection":[{"href":"https:\/\/www.darksky.ch\/dss\/fr\/wp-json\/wp\/v2\/pages"}],"about":[{"href":"https:\/\/www.darksky.ch\/dss\/fr\/wp-json\/wp\/v2\/types\/page"}],"author":[{"embeddable":true,"href":"https:\/\/www.darksky.ch\/dss\/fr\/wp-json\/wp\/v2\/users\/2"}],"replies":[{"embeddable":true,"href":"https:\/\/www.darksky.ch\/dss\/fr\/wp-json\/wp\/v2\/comments?post=286"}],"version-history":[{"count":7,"href":"https:\/\/www.darksky.ch\/dss\/fr\/wp-json\/wp\/v2\/pages\/286\/revisions"}],"predecessor-version":[{"id":12184,"href":"https:\/\/www.darksky.ch\/dss\/fr\/wp-json\/wp\/v2\/pages\/286\/revisions\/12184"}],"up":[{"embeddable":true,"href":"https:\/\/www.darksky.ch\/dss\/fr\/wp-json\/wp\/v2\/pages\/273"}],"wp:attachment":[{"href":"https:\/\/www.darksky.ch\/dss\/fr\/wp-json\/wp\/v2\/media?parent=286"}],"curies":[{"name":"wp","href":"https:\/\/api.w.org\/{rel}","templated":true}]}}