

{"id":3287,"date":"2016-08-30T15:21:26","date_gmt":"2016-08-30T13:21:26","guid":{"rendered":"http:\/\/www.darksky.ch\/dsx\/fr\/?page_id=3287"},"modified":"2019-11-30T16:27:57","modified_gmt":"2019-11-30T15:27:57","slug":"la-nuit-a-besoin-de-son-obscurite","status":"publish","type":"page","link":"https:\/\/www.darksky.ch\/dss\/fr\/a-savoir\/la-nuit-a-besoin-de-son-obscurite\/","title":{"rendered":"La nuit a besoin de son obscurit\u00e9"},"content":{"rendered":"<p>La brochure de\u00a0Dark-Sky Switzerland porte ce titre pour de\u00a0bonnes raisons. Il pr\u00e9sente l&#8217;\u00e9tat actuel des connaissances dans une forme concise et compr\u00e9hensible par tous.<\/p>\n<p><img loading=\"lazy\" decoding=\"async\" class=\"alignright size-large wp-image-6633\" src=\"http:\/\/www.darksky.ch\/dss\/wp-content\/uploads\/2016\/08\/2017_brochure_rouler_fr-1020x272.jpg\" alt=\"\" width=\"840\" height=\"224\" srcset=\"https:\/\/www.darksky.ch\/dss\/wp-content\/uploads\/2016\/08\/2017_brochure_rouler_fr-1020x272.jpg 1020w, https:\/\/www.darksky.ch\/dss\/wp-content\/uploads\/2016\/08\/2017_brochure_rouler_fr-300x80.jpg 300w, https:\/\/www.darksky.ch\/dss\/wp-content\/uploads\/2016\/08\/2017_brochure_rouler_fr.jpg 1200w\" sizes=\"auto, (max-width: 709px) 85vw, (max-width: 909px) 67vw, (max-width: 1362px) 62vw, 840px\" \/><\/p>\n<p>&nbsp;<\/p>\n<p class=\"bodytext\">La\u00a0<a href=\"http:\/\/www.darksky.ch\/dss\/wp-content\/uploads\/2016\/08\/2017_Flyer_Dark-Sky_Switzerland_fr_preview.pdf\" target=\"_blank\" rel=\"noopener noreferrer\"><b>brochure Dark-Sky<\/b><\/a>\u00a0a d\u00e9j\u00e0 \u00e9t\u00e9 distribu\u00e9e \u00e0 plus de 30&#8217;000 foyers dans de nombreuses suisses et a \u00e9t\u00e9 tr\u00e8s bien accueillie du public.<\/p>\n<p class=\"bodytext\">Les associations et organisations qui souhaitent faire conna\u00eetre nos pr\u00e9occupations peuvent obtenir gratuitement des exemplaires en s&#8217;adressant \u00e0 notre\u00a0<a href=\"http:\/\/www.darksky.ch\/dss\/fr\/dark-sky-switzerland\/bureau\/\" target=\"_blank\" rel=\"noopener noreferrer\">bureau<\/a>\u00a0(max. 100).<\/p>\n<p class=\"bodytext\">Les communes et les industries productrices d&#8217;\u00e9lectricit\u00e9 qui auraient besoin d&#8217;un plus grand tirage peuvent le commander au prix de revient\u00a0(avec impression du logo si elles le souhaitent) aupr\u00e8s de Dark-Sky Switzerland. Notre <a href=\"http:\/\/www.darksky.ch\/dss\/fr\/dark-sky-switzerland\/bureau\/\">secr\u00e9tariat<\/a> vous donnera volontiers toutes les informations.<\/p>\n<p class=\"bodytext\">La brochure est actuellement disponible en allemand, italien et fran\u00e7ais.<\/p>\n<p class=\"bodytext\">\n","protected":false},"excerpt":{"rendered":"<p>La brochure de\u00a0Dark-Sky Switzerland porte ce titre pour de\u00a0bonnes raisons. Il pr\u00e9sente l&#8217;\u00e9tat actuel des connaissances dans une forme concise et compr\u00e9hensible par tous. &nbsp; La\u00a0brochure Dark-Sky\u00a0a d\u00e9j\u00e0 \u00e9t\u00e9 distribu\u00e9e \u00e0 plus de 30&#8217;000 foyers dans de nombreuses suisses et a \u00e9t\u00e9 tr\u00e8s bien accueillie du public. Les associations et organisations qui souhaitent faire conna\u00eetre &hellip; <a href=\"https:\/\/www.darksky.ch\/dss\/fr\/a-savoir\/la-nuit-a-besoin-de-son-obscurite\/\" class=\"more-link\">Continue reading<span class=\"screen-reader-text\"> &#8220;La nuit a besoin de son obscurit\u00e9&#8221;<\/span><\/a><\/p>\n","protected":false},"author":2,"featured_media":0,"parent":260,"menu_order":4,"comment_status":"closed","ping_status":"closed","template":"","meta":{"_acf_changed":false,"footnotes":""},"class_list":["post-3287","page","type-page","status-publish","hentry"],"acf":[],"_links":{"self":[{"href":"https:\/\/www.darksky.ch\/dss\/fr\/wp-json\/wp\/v2\/pages\/3287","targetHints":{"allow":["GET"]}}],"collection":[{"href":"https:\/\/www.darksky.ch\/dss\/fr\/wp-json\/wp\/v2\/pages"}],"about":[{"href":"https:\/\/www.darksky.ch\/dss\/fr\/wp-json\/wp\/v2\/types\/page"}],"author":[{"embeddable":true,"href":"https:\/\/www.darksky.ch\/dss\/fr\/wp-json\/wp\/v2\/users\/2"}],"replies":[{"embeddable":true,"href":"https:\/\/www.darksky.ch\/dss\/fr\/wp-json\/wp\/v2\/comments?post=3287"}],"version-history":[{"count":14,"href":"https:\/\/www.darksky.ch\/dss\/fr\/wp-json\/wp\/v2\/pages\/3287\/revisions"}],"predecessor-version":[{"id":11482,"href":"https:\/\/www.darksky.ch\/dss\/fr\/wp-json\/wp\/v2\/pages\/3287\/revisions\/11482"}],"up":[{"embeddable":true,"href":"https:\/\/www.darksky.ch\/dss\/fr\/wp-json\/wp\/v2\/pages\/260"}],"wp:attachment":[{"href":"https:\/\/www.darksky.ch\/dss\/fr\/wp-json\/wp\/v2\/media?parent=3287"}],"curies":[{"name":"wp","href":"https:\/\/api.w.org\/{rel}","templated":true}]}}