

{"id":3290,"date":"2016-08-31T11:05:08","date_gmt":"2016-08-31T09:05:08","guid":{"rendered":"http:\/\/www.darksky.ch\/dsx\/fr\/?page_id=3290"},"modified":"2020-02-15T16:10:29","modified_gmt":"2020-02-15T15:10:29","slug":"nous-soutenir","status":"publish","type":"page","link":"https:\/\/www.darksky.ch\/dss\/fr\/darksky-switzerland\/nous-soutenir\/","title":{"rendered":"Nous soutenir"},"content":{"rendered":"<p>Souhaitez-vous vous engager personnellement dans la lutte contre la\u00a0<a href=\"http:\/\/www.darksky.ch\/dss\/fr\/a-savoir\/la-pollution-lumineuse\/\" target=\"_blank\" rel=\"noopener noreferrer\">pollution lumineuse<\/a>?\u00a0L\u2019\u00e9quipe de Dark-Sky Switzerland se r\u00e9jouit de votre soutien.<\/p>\n<p>Voici quelques possibilit\u00e9s:<\/p>\n<ul>\n<li>Abordez le th\u00e8me de la\u00a0<a href=\"http:\/\/www.darksky.ch\/dss\/fr\/a-savoir\/la-pollution-lumineuse\/\" target=\"_blank\" rel=\"noopener noreferrer\">pollution lumineuse<\/a>\u00a0dans votre entourage.<\/li>\n<li>Distribuez aux personnes int\u00e9ress\u00e9es le nouveau <a href=\"http:\/\/www.darksky.ch\/dss\/fr\/a-savoir\/la-nuit-a-besoin-de-son-obscurite\/\">flyer Dark-Sky<\/a>.<\/li>\n<li>Distribuez aux personnes int\u00e9ress\u00e9es la\u00a0<a href=\"http:\/\/www.darksky.ch\/dss\/fr\/agir-maintenant\/bases-juridiques\/\">brochure gratuite de la Conf\u00e9d\u00e9ration<\/a>.<\/li>\n<\/ul>\n<p>Souhaitez-vous vous impliquer davantage? Dark-Sky Switzerland est toujours \u00e0 la recherche de b\u00e9n\u00e9voles pour participer \u00e0 ses \u00e9v\u00e9nements et\u00a0ses actions. Prenez contact avec notre <a href=\"http:\/\/www.darksky.ch\/dss\/fr\/dark-sky-switzerland\/contact\/\">contact pour la Suisse romande<\/a> et faites-vous inscrire sans engagement sur une liste de b\u00e9n\u00e9voles. Nous vous recontacterons personnellement au\u00a0besoin.<\/p>\n<p>&nbsp;<\/p>\n","protected":false},"excerpt":{"rendered":"<p>Souhaitez-vous vous engager personnellement dans la lutte contre la\u00a0pollution lumineuse?\u00a0L\u2019\u00e9quipe de Dark-Sky Switzerland se r\u00e9jouit de votre soutien. Voici quelques possibilit\u00e9s: Abordez le th\u00e8me de la\u00a0pollution lumineuse\u00a0dans votre entourage. Distribuez aux personnes int\u00e9ress\u00e9es le nouveau flyer Dark-Sky. Distribuez aux personnes int\u00e9ress\u00e9es la\u00a0brochure gratuite de la Conf\u00e9d\u00e9ration. Souhaitez-vous vous impliquer davantage? Dark-Sky Switzerland est toujours \u00e0 &hellip; <a href=\"https:\/\/www.darksky.ch\/dss\/fr\/darksky-switzerland\/nous-soutenir\/\" class=\"more-link\">Continue reading<span class=\"screen-reader-text\"> &#8220;Nous soutenir&#8221;<\/span><\/a><\/p>\n","protected":false},"author":2,"featured_media":0,"parent":152,"menu_order":5,"comment_status":"closed","ping_status":"closed","template":"","meta":{"_acf_changed":false,"footnotes":""},"class_list":["post-3290","page","type-page","status-publish","hentry"],"acf":[],"_links":{"self":[{"href":"https:\/\/www.darksky.ch\/dss\/fr\/wp-json\/wp\/v2\/pages\/3290","targetHints":{"allow":["GET"]}}],"collection":[{"href":"https:\/\/www.darksky.ch\/dss\/fr\/wp-json\/wp\/v2\/pages"}],"about":[{"href":"https:\/\/www.darksky.ch\/dss\/fr\/wp-json\/wp\/v2\/types\/page"}],"author":[{"embeddable":true,"href":"https:\/\/www.darksky.ch\/dss\/fr\/wp-json\/wp\/v2\/users\/2"}],"replies":[{"embeddable":true,"href":"https:\/\/www.darksky.ch\/dss\/fr\/wp-json\/wp\/v2\/comments?post=3290"}],"version-history":[{"count":12,"href":"https:\/\/www.darksky.ch\/dss\/fr\/wp-json\/wp\/v2\/pages\/3290\/revisions"}],"predecessor-version":[{"id":11710,"href":"https:\/\/www.darksky.ch\/dss\/fr\/wp-json\/wp\/v2\/pages\/3290\/revisions\/11710"}],"up":[{"embeddable":true,"href":"https:\/\/www.darksky.ch\/dss\/fr\/wp-json\/wp\/v2\/pages\/152"}],"wp:attachment":[{"href":"https:\/\/www.darksky.ch\/dss\/fr\/wp-json\/wp\/v2\/media?parent=3290"}],"curies":[{"name":"wp","href":"https:\/\/api.w.org\/{rel}","templated":true}]}}