

{"id":3379,"date":"2016-10-18T17:36:54","date_gmt":"2016-10-18T15:36:54","guid":{"rendered":"http:\/\/www.darksky.ch\/dsx\/fr\/?page_id=3379"},"modified":"2016-12-06T15:17:01","modified_gmt":"2016-12-06T14:17:01","slug":"communiques-de-presse","status":"publish","type":"page","link":"https:\/\/www.darksky.ch\/dss\/fr\/activites\/communiques-de-presse\/","title":{"rendered":"Communiqu\u00e9s de presse"},"content":{"rendered":"<ul class=\"lcp_catlist\" id=\"lcp_instance_0\"><li><a href=\"https:\/\/www.darksky.ch\/dss\/fr\/2024\/03\/premier-dark-sky-park-de-la-suisse-dans-le-parc-naturel-de-gantrisch\/\">Premier &#8220;Dark Sky Park&#8221; de la Suisse dans le parc naturel de Gantrisch<\/a><\/li><li><a href=\"https:\/\/www.darksky.ch\/dss\/fr\/2023\/12\/avis-de-darksky-switzerland-au-pere-noel-geant\/\">Avis de DarkSky Switzerland au P\u00e8re No\u00ebl G\u00e9ant<\/a><\/li><li><a href=\"https:\/\/www.darksky.ch\/dss\/fr\/2023\/09\/darksky-switzerland-organise-une-table-ronde-sur-la-pollution-lumineuse-a-sion\/\">DarkSky Switzerland organise une table ronde sur la Pollution Lumineuse \u00e0 Sion<\/a><\/li><li><a href=\"https:\/\/www.darksky.ch\/dss\/fr\/2020\/12\/communique-de-presse-le-conseil-national-veut-lutter-contre-la-disparition-des-insectes\/\">Communiqu\u00e9 de presse: Le Conseil national veut lutter contre la disparition des insectes<\/a><\/li><li><a href=\"https:\/\/www.darksky.ch\/dss\/fr\/2020\/03\/analyse-des-emissions-lumineuses-de-la-suisse-en-2019-la-pollution-lumineuse-continue-daugmenter\/\">Analyse des \u00e9missions lumineuses de la Suisse en 2019 &#8211; la pollution lumineuse continue d\u2019augmenter<\/a><\/li><li><a href=\"https:\/\/www.darksky.ch\/dss\/fr\/2019\/07\/la-suisse-est-anormalement-lumineuse-la-nuit\/\">La Suisse est anormalement lumineuse la nuit !<\/a><\/li><li><a href=\"https:\/\/www.darksky.ch\/dss\/fr\/2019\/06\/1-6-2019-un-pas-de-plus-pour-sauver-la-nuit\/\">1.6.2019 \u2013 Un pas de plus pour sauver la nuit<\/a><\/li><li><a href=\"https:\/\/www.darksky.ch\/dss\/fr\/2018\/12\/la-petition-elucider-la-disparition-des-insectes-forte-de-165512-signatures-a-ete-remise\/\">La p\u00e9tition \u00ab Elucider la disparition des insectes \u00bb forte de 165&#8217;512 signatures a \u00e9t\u00e9 remise<\/a><\/li><li><a href=\"https:\/\/www.darksky.ch\/dss\/fr\/2018\/09\/petition-elucider-la-disparition-des-insectes\/\">P\u00e9tition \u2013 Elucider la disparition des insectes<\/a><\/li><li><a href=\"https:\/\/www.darksky.ch\/dss\/fr\/2016\/10\/communique-de-presse-les-scientifiques-mettent-en-garde-des-led-efficaces-multiplient-bientot-la-pollution-lumineuse-par-deux\/\">20.10.2016: Les scientifiques mettent en garde: des LED efficaces multiplient bient\u00f4t la pollution lumineuse par deux<\/a><\/li><\/ul><ul class='lcp_paginator'><li class='lcp_currentpage'>1<\/li><li><a href='https:\/\/www.darksky.ch\/dss\/fr\/wp-json\/wp\/v2\/pages\/3379?lcp_page0=2#lcp_instance_0' title='2'>2<\/a><\/li><li><a href='https:\/\/www.darksky.ch\/dss\/fr\/wp-json\/wp\/v2\/pages\/3379?lcp_page0=2#lcp_instance_0' title='2' class='lcp_nextlink'>&gt;&gt;<\/a><\/li><\/ul>\n<p>&nbsp;<\/p>\n","protected":false},"excerpt":{"rendered":"<p>&nbsp;<\/p>\n","protected":false},"author":2,"featured_media":0,"parent":186,"menu_order":5,"comment_status":"closed","ping_status":"closed","template":"","meta":{"_acf_changed":false,"footnotes":""},"class_list":["post-3379","page","type-page","status-publish","hentry"],"acf":[],"_links":{"self":[{"href":"https:\/\/www.darksky.ch\/dss\/fr\/wp-json\/wp\/v2\/pages\/3379","targetHints":{"allow":["GET"]}}],"collection":[{"href":"https:\/\/www.darksky.ch\/dss\/fr\/wp-json\/wp\/v2\/pages"}],"about":[{"href":"https:\/\/www.darksky.ch\/dss\/fr\/wp-json\/wp\/v2\/types\/page"}],"author":[{"embeddable":true,"href":"https:\/\/www.darksky.ch\/dss\/fr\/wp-json\/wp\/v2\/users\/2"}],"replies":[{"embeddable":true,"href":"https:\/\/www.darksky.ch\/dss\/fr\/wp-json\/wp\/v2\/comments?post=3379"}],"version-history":[{"count":6,"href":"https:\/\/www.darksky.ch\/dss\/fr\/wp-json\/wp\/v2\/pages\/3379\/revisions"}],"predecessor-version":[{"id":5407,"href":"https:\/\/www.darksky.ch\/dss\/fr\/wp-json\/wp\/v2\/pages\/3379\/revisions\/5407"}],"up":[{"embeddable":true,"href":"https:\/\/www.darksky.ch\/dss\/fr\/wp-json\/wp\/v2\/pages\/186"}],"wp:attachment":[{"href":"https:\/\/www.darksky.ch\/dss\/fr\/wp-json\/wp\/v2\/media?parent=3379"}],"curies":[{"name":"wp","href":"https:\/\/api.w.org\/{rel}","templated":true}]}}