

{"id":3544,"date":"2016-08-30T16:17:25","date_gmt":"2016-08-30T14:17:25","guid":{"rendered":"http:\/\/www.darksky.ch\/dsx\/fr\/?page_id=3544"},"modified":"2017-01-26T14:33:55","modified_gmt":"2017-01-26T13:33:55","slug":"limpact-de-la-pollution-lumineuse","status":"publish","type":"page","link":"https:\/\/www.darksky.ch\/dss\/fr\/a-savoir\/limpact-de-la-pollution-lumineuse\/","title":{"rendered":"L&#8217;impact de la pollution lumineuse"},"content":{"rendered":"<p>Les effets de la pollution lumineuse sont multiples.<\/p>\n<table style=\"width: 431px\">\n<tbody>\n<tr style=\"height: 171px\">\n<td style=\"width: 201px;height: 171px\">\n<p><figure id=\"attachment_477\" aria-describedby=\"caption-attachment-477\" style=\"width: 200px\" class=\"wp-caption alignnone\"><a href=\"http:\/\/www.darksky.ch\/dss\/fr\/a-savoir\/limpact-de-la-pollution-lumineuse\/gefaehrdete-tierwelt\/\"><img loading=\"lazy\" decoding=\"async\" class=\"wp-image-477 size-full\" src=\"http:\/\/www.darksky.ch\/dss\/wp-content\/uploads\/2016\/08\/tierwelt.gif\" alt=\"tierwelt\" width=\"200\" height=\"200\" \/><\/a><figcaption id=\"caption-attachment-477\" class=\"wp-caption-text\"><a href=\"http:\/\/www.darksky.ch\/dss\/fr\/a-savoir\/limpact-de-la-pollution-lumineuse\/gefaehrdete-tierwelt\/\">La faune menac\u00e9e<\/a><\/figcaption><\/figure><\/td>\n<td style=\"width: 201px;height: 171px\">\n<p><figure id=\"attachment_473\" aria-describedby=\"caption-attachment-473\" style=\"width: 200px\" class=\"wp-caption alignnone\"><a href=\"http:\/\/www.darksky.ch\/dss\/fr\/a-savoir\/limpact-de-la-pollution-lumineuse\/gestresste-pflanzen\/\"><img loading=\"lazy\" decoding=\"async\" class=\"wp-image-473 size-full\" src=\"http:\/\/www.darksky.ch\/dss\/wp-content\/uploads\/2016\/08\/pflanzenwelt.gif\" alt=\"Gestresste Pflanzen\" width=\"200\" height=\"200\" \/><\/a><figcaption id=\"caption-attachment-473\" class=\"wp-caption-text\"><a href=\"http:\/\/www.darksky.ch\/dss\/fr\/a-savoir\/limpact-de-la-pollution-lumineuse\/gestresste-pflanzen\/\">Une v\u00e9g\u00e9tation stress\u00e9e<\/a><\/figcaption><\/figure><\/td>\n<\/tr>\n<tr style=\"height: 232px\">\n<td style=\"width: 201px;height: 232px\">\n<p><figure id=\"attachment_475\" aria-describedby=\"caption-attachment-475\" style=\"width: 200px\" class=\"wp-caption alignnone\"><a href=\"http:\/\/www.darksky.ch\/dss\/fr\/a-savoir\/limpact-de-la-pollution-lumineuse\/gesundheitsfolgen-beim-menschen\/\"><img loading=\"lazy\" decoding=\"async\" class=\"wp-image-475 size-full\" src=\"http:\/\/www.darksky.ch\/dss\/wp-content\/uploads\/2016\/08\/sleepless.gif\" alt=\"Gesundheitsfolgen beim Menschen\" width=\"200\" height=\"200\" \/><\/a><figcaption id=\"caption-attachment-475\" class=\"wp-caption-text\"><a href=\"http:\/\/www.darksky.ch\/dss\/fr\/a-savoir\/limpact-de-la-pollution-lumineuse\/gesundheitsfolgen-beim-menschen\/\">Les cons\u00e9quences sur la sant\u00e9 humaine<\/a><\/figcaption><\/figure><\/td>\n<td style=\"width: 201px;height: 232px\">\n<p><figure id=\"attachment_476\" aria-describedby=\"caption-attachment-476\" style=\"width: 200px\" class=\"wp-caption alignnone\"><a href=\"http:\/\/www.darksky.ch\/dss\/fr\/a-savoir\/limpact-de-la-pollution-lumineuse\/unnoetiger-strombezug\/\"><img loading=\"lazy\" decoding=\"async\" class=\"wp-image-476 size-full\" src=\"http:\/\/www.darksky.ch\/dss\/wp-content\/uploads\/2016\/08\/stromkosten.gif\" alt=\"Unn\u00f6tige Stromkosten\" width=\"200\" height=\"200\" \/><\/a><figcaption id=\"caption-attachment-476\" class=\"wp-caption-text\"><a href=\"http:\/\/www.darksky.ch\/dss\/fr\/a-savoir\/limpact-de-la-pollution-lumineuse\/unnoetiger-strombezug\/\">Une consommation \u00e9nerg\u00e9tique inutile<\/a><\/figcaption><\/figure><\/td>\n<\/tr>\n<tr style=\"height: 232px\">\n<td style=\"width: 201px;height: 232px\">\n<p><figure id=\"attachment_474\" aria-describedby=\"caption-attachment-474\" style=\"width: 200px\" class=\"wp-caption alignnone\"><a href=\"http:\/\/www.darksky.ch\/dss\/fr\/a-savoir\/limpact-de-la-pollution-lumineuse\/vermeintliche-sicherheit\/\"><img loading=\"lazy\" decoding=\"async\" class=\"wp-image-474 size-full\" src=\"http:\/\/www.darksky.ch\/dss\/wp-content\/uploads\/2016\/08\/sicherheit.gif\" alt=\"Vermeintliche Sicherheit\" width=\"200\" height=\"200\" \/><\/a><figcaption id=\"caption-attachment-474\" class=\"wp-caption-text\"><a href=\"http:\/\/www.darksky.ch\/dss\/fr\/a-savoir\/limpact-de-la-pollution-lumineuse\/vermeintliche-sicherheit\/\">Une s\u00e9curit\u00e9 trompeuse<\/a><\/figcaption><\/figure><\/td>\n<td style=\"width: 201px;height: 232px\">\n<p><figure id=\"attachment_472\" aria-describedby=\"caption-attachment-472\" style=\"width: 200px\" class=\"wp-caption alignnone\"><a href=\"http:\/\/www.darksky.ch\/dss\/fr\/a-savoir\/limpact-de-la-pollution-lumineuse\/kultureller-verlust\/\"><img loading=\"lazy\" decoding=\"async\" class=\"wp-image-472 size-full\" src=\"http:\/\/www.darksky.ch\/dss\/wp-content\/uploads\/2016\/08\/kultur.gif\" alt=\"Kultureller Verlust\" width=\"200\" height=\"200\" \/><\/a><figcaption id=\"caption-attachment-472\" class=\"wp-caption-text\"><a href=\"http:\/\/www.darksky.ch\/dss\/fr\/a-savoir\/limpact-de-la-pollution-lumineuse\/kultureller-verlust\/\">Une perte culturelle<\/a><\/figcaption><\/figure><\/td>\n<\/tr>\n<\/tbody>\n<\/table>\n<div class=\"mceTemp\"><b>\u00a0<\/b><\/div>\n<div class=\"mceTemp\"><\/div>\n","protected":false},"excerpt":{"rendered":"<p>Les effets de la pollution lumineuse sont multiples. \u00a0<\/p>\n","protected":false},"author":2,"featured_media":0,"parent":260,"menu_order":3,"comment_status":"closed","ping_status":"closed","template":"","meta":{"_acf_changed":false,"footnotes":""},"class_list":["post-3544","page","type-page","status-publish","hentry"],"acf":[],"_links":{"self":[{"href":"https:\/\/www.darksky.ch\/dss\/fr\/wp-json\/wp\/v2\/pages\/3544","targetHints":{"allow":["GET"]}}],"collection":[{"href":"https:\/\/www.darksky.ch\/dss\/fr\/wp-json\/wp\/v2\/pages"}],"about":[{"href":"https:\/\/www.darksky.ch\/dss\/fr\/wp-json\/wp\/v2\/types\/page"}],"author":[{"embeddable":true,"href":"https:\/\/www.darksky.ch\/dss\/fr\/wp-json\/wp\/v2\/users\/2"}],"replies":[{"embeddable":true,"href":"https:\/\/www.darksky.ch\/dss\/fr\/wp-json\/wp\/v2\/comments?post=3544"}],"version-history":[{"count":6,"href":"https:\/\/www.darksky.ch\/dss\/fr\/wp-json\/wp\/v2\/pages\/3544\/revisions"}],"predecessor-version":[{"id":11004,"href":"https:\/\/www.darksky.ch\/dss\/fr\/wp-json\/wp\/v2\/pages\/3544\/revisions\/11004"}],"up":[{"embeddable":true,"href":"https:\/\/www.darksky.ch\/dss\/fr\/wp-json\/wp\/v2\/pages\/260"}],"wp:attachment":[{"href":"https:\/\/www.darksky.ch\/dss\/fr\/wp-json\/wp\/v2\/media?parent=3544"}],"curies":[{"name":"wp","href":"https:\/\/api.w.org\/{rel}","templated":true}]}}