

{"id":4926,"date":"2016-10-23T16:51:42","date_gmt":"2016-10-23T14:51:42","guid":{"rendered":"http:\/\/www.darksky.ch\/dsx\/fr\/?page_id=4926"},"modified":"2017-03-23T19:09:51","modified_gmt":"2017-03-23T18:09:51","slug":"mesures-essais-et-analyses","status":"publish","type":"page","link":"https:\/\/www.darksky.ch\/dss\/fr\/activites\/mesures-essais-et-analyses\/","title":{"rendered":"Mesures, essais et analyses"},"content":{"rendered":"<p>Dark-Sky Switzerland effectue des mesures (luxm\u00e8tre, sky quality meter) et des analyses (analyses spatiales) qui permettent une vision objective des flux lumineux et des nuisances.<\/p>\n<ul class=\"lcp_catlist\" id=\"lcp_instance_0\"><li><a href=\"https:\/\/www.darksky.ch\/dss\/fr\/2016\/01\/calculateur-pour-estimer-les-economies-denergie-dans-leclairage-public\/\">Calculateur pour estimer les \u00e9conomies d&#8217;\u00e9nergie dans l&#8217;\u00e9clairage public<\/a><\/li><\/ul>\n<p>&nbsp;<\/p>\n","protected":false},"excerpt":{"rendered":"<p>Dark-Sky Switzerland effectue des mesures (luxm\u00e8tre, sky quality meter) et des analyses (analyses spatiales) qui permettent une vision objective des flux lumineux et des nuisances. &nbsp;<\/p>\n","protected":false},"author":2,"featured_media":0,"parent":186,"menu_order":7,"comment_status":"closed","ping_status":"closed","template":"","meta":{"_acf_changed":false,"footnotes":""},"class_list":["post-4926","page","type-page","status-publish","hentry"],"acf":[],"_links":{"self":[{"href":"https:\/\/www.darksky.ch\/dss\/fr\/wp-json\/wp\/v2\/pages\/4926","targetHints":{"allow":["GET"]}}],"collection":[{"href":"https:\/\/www.darksky.ch\/dss\/fr\/wp-json\/wp\/v2\/pages"}],"about":[{"href":"https:\/\/www.darksky.ch\/dss\/fr\/wp-json\/wp\/v2\/types\/page"}],"author":[{"embeddable":true,"href":"https:\/\/www.darksky.ch\/dss\/fr\/wp-json\/wp\/v2\/users\/2"}],"replies":[{"embeddable":true,"href":"https:\/\/www.darksky.ch\/dss\/fr\/wp-json\/wp\/v2\/comments?post=4926"}],"version-history":[{"count":9,"href":"https:\/\/www.darksky.ch\/dss\/fr\/wp-json\/wp\/v2\/pages\/4926\/revisions"}],"predecessor-version":[{"id":6865,"href":"https:\/\/www.darksky.ch\/dss\/fr\/wp-json\/wp\/v2\/pages\/4926\/revisions\/6865"}],"up":[{"embeddable":true,"href":"https:\/\/www.darksky.ch\/dss\/fr\/wp-json\/wp\/v2\/pages\/186"}],"wp:attachment":[{"href":"https:\/\/www.darksky.ch\/dss\/fr\/wp-json\/wp\/v2\/media?parent=4926"}],"curies":[{"name":"wp","href":"https:\/\/api.w.org\/{rel}","templated":true}]}}