

{"id":4988,"date":"2016-10-24T17:34:01","date_gmt":"2016-10-24T15:34:01","guid":{"rendered":"http:\/\/www.darksky.ch\/dsx\/fr\/?page_id=4988"},"modified":"2017-03-23T18:31:30","modified_gmt":"2017-03-23T17:31:30","slug":"videos","status":"publish","type":"page","link":"https:\/\/www.darksky.ch\/dss\/fr\/a-savoir\/videos\/","title":{"rendered":"Vid\u00e9os"},"content":{"rendered":"<p>Reportages et films sur la pollution lumineuse (parfois en anglais).<\/p>\n<ul class=\"lcp_catlist\" id=\"lcp_instance_0\"><li><a href=\"https:\/\/www.darksky.ch\/dss\/fr\/2024\/08\/rts-a-saint-prex-la-magie-des-fleurs-luminescentes-a-opere-pour-le-1er-aout\/\">RTS \u2013 A Saint-Prex, la magie des fleurs luminescentes a op\u00e9r\u00e9 pour le 1er Ao\u00fbt<\/a><\/li><li><a href=\"https:\/\/www.darksky.ch\/dss\/fr\/2020\/09\/arte-dormir-a-tout-prix\/\">ARTE \u2013 Dormir \u00e0 tout prix<\/a><\/li><li><a href=\"https:\/\/www.darksky.ch\/dss\/fr\/2020\/02\/canal-alpha-eureka-larc-jurassien-bon-eleve-dans-la-lutte-contre-la-pollution-lumineuse\/\">canal alpha \u2013 EUREKA \u2013 L\u2019Arc jurassien: bon \u00e9l\u00e8ve dans la lutte contre la pollution lumineuse?<\/a><\/li><li><a href=\"https:\/\/www.darksky.ch\/dss\/fr\/2019\/05\/arte-une-espece-a-part-part-1-linfime-et-linfini\/\">Arte \u2013 Une esp\u00e8ce \u00e0 part (part 1 &#8211; L&#8217;infime et l&#8217;infini)<\/a><\/li><li><a href=\"https:\/\/www.darksky.ch\/dss\/fr\/2018\/08\/vox-pop-arte-pollution-lumineuse-des-degats-sous-estimes\/\">Vox Pop Arte \u2013 Pollution lumineuse : des d\u00e9g\u00e2ts sous-estim\u00e9s<\/a><\/li><li><a href=\"https:\/\/www.darksky.ch\/dss\/fr\/2018\/08\/rts-couleur-dete-dans-le-parc-naturel-du-gantrisch\/\">RTS &#8211; Couleur d&#8217;\u00e9t\u00e9 dans le parc naturel du Gantrisch<\/a><\/li><li><a href=\"https:\/\/www.darksky.ch\/dss\/fr\/2018\/06\/arte-pollution-lumineuse-des-degats-sous-estimes-vox-pop\/\">Arte \u2013 Pollution lumineuse : des d\u00e9g\u00e2ts sous-estim\u00e9s &#8211; Vox pop<\/a><\/li><li><a href=\"https:\/\/www.darksky.ch\/dss\/fr\/2018\/05\/espace-des-sciences-pollution-lumineuse-et-biodiversite\/\">Espace des sciences \u2013 Pollution lumineuse et biodiversit\u00e9<\/a><\/li><li><a href=\"https:\/\/www.darksky.ch\/dss\/fr\/2018\/03\/observatoire-midi-pyrenees-darkskylab\/\">Observatoire Midi-Pyr\u00e9n\u00e9es \u2013 DarkSkyLab<\/a><\/li><li><a href=\"https:\/\/www.darksky.ch\/dss\/fr\/2018\/03\/universite-de-strasbourg-les-risques-lies-a-la-pollution-lumineuse\/\">Universit\u00e9 de Strasbourg \u2013 Les risques li\u00e9s \u00e0 la pollution lumineuse<\/a><\/li><\/ul><ul class='lcp_paginator'><li class='lcp_currentpage'>1<\/li><li><a href='https:\/\/www.darksky.ch\/dss\/fr\/wp-json\/wp\/v2\/pages\/4988?lcp_page0=2#lcp_instance_0' title='2'>2<\/a><\/li><li><a href='https:\/\/www.darksky.ch\/dss\/fr\/wp-json\/wp\/v2\/pages\/4988?lcp_page0=3#lcp_instance_0' title='3'>3<\/a><\/li><li><a href='https:\/\/www.darksky.ch\/dss\/fr\/wp-json\/wp\/v2\/pages\/4988?lcp_page0=4#lcp_instance_0' title='4'>4<\/a><\/li><li><a href='https:\/\/www.darksky.ch\/dss\/fr\/wp-json\/wp\/v2\/pages\/4988?lcp_page0=2#lcp_instance_0' title='2' class='lcp_nextlink'>&gt;&gt;<\/a><\/li><\/ul>\n<p>&nbsp;<\/p>\n","protected":false},"excerpt":{"rendered":"<p>Reportages et films sur la pollution lumineuse (parfois en anglais). &nbsp;<\/p>\n","protected":false},"author":2,"featured_media":0,"parent":260,"menu_order":6,"comment_status":"closed","ping_status":"closed","template":"","meta":{"_acf_changed":false,"footnotes":""},"class_list":["post-4988","page","type-page","status-publish","hentry"],"acf":[],"_links":{"self":[{"href":"https:\/\/www.darksky.ch\/dss\/fr\/wp-json\/wp\/v2\/pages\/4988","targetHints":{"allow":["GET"]}}],"collection":[{"href":"https:\/\/www.darksky.ch\/dss\/fr\/wp-json\/wp\/v2\/pages"}],"about":[{"href":"https:\/\/www.darksky.ch\/dss\/fr\/wp-json\/wp\/v2\/types\/page"}],"author":[{"embeddable":true,"href":"https:\/\/www.darksky.ch\/dss\/fr\/wp-json\/wp\/v2\/users\/2"}],"replies":[{"embeddable":true,"href":"https:\/\/www.darksky.ch\/dss\/fr\/wp-json\/wp\/v2\/comments?post=4988"}],"version-history":[{"count":7,"href":"https:\/\/www.darksky.ch\/dss\/fr\/wp-json\/wp\/v2\/pages\/4988\/revisions"}],"predecessor-version":[{"id":6860,"href":"https:\/\/www.darksky.ch\/dss\/fr\/wp-json\/wp\/v2\/pages\/4988\/revisions\/6860"}],"up":[{"embeddable":true,"href":"https:\/\/www.darksky.ch\/dss\/fr\/wp-json\/wp\/v2\/pages\/260"}],"wp:attachment":[{"href":"https:\/\/www.darksky.ch\/dss\/fr\/wp-json\/wp\/v2\/media?parent=4988"}],"curies":[{"name":"wp","href":"https:\/\/api.w.org\/{rel}","templated":true}]}}