

{"id":5739,"date":"2016-08-29T16:52:51","date_gmt":"2016-08-29T14:52:51","guid":{"rendered":"http:\/\/www.darksky.ch\/dsx\/fr\/?page_id=5739"},"modified":"2017-01-26T14:55:31","modified_gmt":"2017-01-26T13:55:31","slug":"lukas-schuler","status":"publish","type":"page","link":"https:\/\/www.darksky.ch\/dss\/fr\/darksky-switzerland\/comite-directeur\/lukas-schuler\/","title":{"rendered":"Lukas Schuler"},"content":{"rendered":"<figure id=\"attachment_401\" aria-describedby=\"caption-attachment-401\" style=\"width: 300px\" class=\"wp-caption alignright\"><img loading=\"lazy\" decoding=\"async\" class=\"wp-image-401 size-medium\" src=\"http:\/\/www.darksky.ch\/dss\/wp-content\/uploads\/2016\/08\/Lukas_Schuler-300x300.jpg\" alt=\"Lukas_Schuler\" width=\"300\" height=\"300\" srcset=\"https:\/\/www.darksky.ch\/dss\/wp-content\/uploads\/2016\/08\/Lukas_Schuler-300x300.jpg 300w, https:\/\/www.darksky.ch\/dss\/wp-content\/uploads\/2016\/08\/Lukas_Schuler-150x150.jpg 150w, https:\/\/www.darksky.ch\/dss\/wp-content\/uploads\/2016\/08\/Lukas_Schuler.jpg 533w\" sizes=\"auto, (max-width: 300px) 85vw, 300px\" \/><figcaption id=\"caption-attachment-401\" class=\"wp-caption-text\">Lukas Schuler<\/figcaption><\/figure>\n<p>Lukas Schuler est\u00a0Pr\u00e9sident d&#8217;honneur de Dark-Sky Switzerland depuis\u00a02013. Il a \u00e9t\u00e9 membre d\u00e8s les premi\u00e8res ann\u00e9es de l&#8217;association et a par la suite \u00e9t\u00e9 actif comme b\u00e9n\u00e9vole et membre du comit\u00e9 directeur.<\/p>\n<p>En tant que Pr\u00e9sident, Lukas Schuler insiste dans le travail de Dark-Sky Switzerland sur\u00a0l&#8217;importance de la norme\u00a0SIA 491 comme ligne directrice de l&#8217;argumentation en faveur d&#8217;une utilisation raisonnable de la lumi\u00e8re dans l&#8217;espace public. Il aborde le probl\u00e8me de fa\u00e7on concr\u00e8te et argumente face aux m\u00e9dias et aux services administratifs gr\u00e2ce \u00e0 son exp\u00e9rience des donn\u00e9es de mesures et du monde scientifique.<\/p>\n<p>Ses \u00e9tudes en\u00a0biochimie, l&#8217;enseignement de la chimie et l&#8217;obtention d&#8217;un\u00a0Doctorat en chimie physique ont d\u00e9velopp\u00e9 chez Lukas Schuler une pens\u00e9e analytique ainsi que des connaissances\u00a0didactiques et th\u00e9oriques. Il est devenu entrepreneur avec son\u00a0entreprise xirrus GmbH, active dans la chimie assist\u00e9e par ordinateur. L&#8217;entreprise\u00a0\u2013 en plus du d\u00e9veloppement de ses propres logiciels \u2013 r\u00e9alise des contrats\u00a0de recherche portant\u00a0sur\u00a0les compos\u00e9s complexes ou les interactions\u00a0de surfaces, dans des domaines allant des vernis et\u00a0des cosm\u00e9tiques jusqu&#8217;aux nanotechnologies.<\/p>\n<p>De par ses activit\u00e9s, les s\u00e9minaires, les travaux de recherche, les statistiques et les publications scientifiques lui sont des domaines familiers.<\/p>\n","protected":false},"excerpt":{"rendered":"<p>Lukas Schuler est\u00a0Pr\u00e9sident d&#8217;honneur de Dark-Sky Switzerland depuis\u00a02013. Il a \u00e9t\u00e9 membre d\u00e8s les premi\u00e8res ann\u00e9es de l&#8217;association et a par la suite \u00e9t\u00e9 actif comme b\u00e9n\u00e9vole et membre du comit\u00e9 directeur. En tant que Pr\u00e9sident, Lukas Schuler insiste dans le travail de Dark-Sky Switzerland sur\u00a0l&#8217;importance de la norme\u00a0SIA 491 comme ligne directrice de l&#8217;argumentation &hellip; <a href=\"https:\/\/www.darksky.ch\/dss\/fr\/darksky-switzerland\/comite-directeur\/lukas-schuler\/\" class=\"more-link\">Continue reading<span class=\"screen-reader-text\"> &#8220;Lukas Schuler&#8221;<\/span><\/a><\/p>\n","protected":false},"author":2,"featured_media":0,"parent":182,"menu_order":0,"comment_status":"closed","ping_status":"closed","template":"","meta":{"_acf_changed":false,"footnotes":""},"class_list":["post-5739","page","type-page","status-publish","hentry"],"acf":[],"_links":{"self":[{"href":"https:\/\/www.darksky.ch\/dss\/fr\/wp-json\/wp\/v2\/pages\/5739","targetHints":{"allow":["GET"]}}],"collection":[{"href":"https:\/\/www.darksky.ch\/dss\/fr\/wp-json\/wp\/v2\/pages"}],"about":[{"href":"https:\/\/www.darksky.ch\/dss\/fr\/wp-json\/wp\/v2\/types\/page"}],"author":[{"embeddable":true,"href":"https:\/\/www.darksky.ch\/dss\/fr\/wp-json\/wp\/v2\/users\/2"}],"replies":[{"embeddable":true,"href":"https:\/\/www.darksky.ch\/dss\/fr\/wp-json\/wp\/v2\/comments?post=5739"}],"version-history":[{"count":10,"href":"https:\/\/www.darksky.ch\/dss\/fr\/wp-json\/wp\/v2\/pages\/5739\/revisions"}],"predecessor-version":[{"id":6266,"href":"https:\/\/www.darksky.ch\/dss\/fr\/wp-json\/wp\/v2\/pages\/5739\/revisions\/6266"}],"up":[{"embeddable":true,"href":"https:\/\/www.darksky.ch\/dss\/fr\/wp-json\/wp\/v2\/pages\/182"}],"wp:attachment":[{"href":"https:\/\/www.darksky.ch\/dss\/fr\/wp-json\/wp\/v2\/media?parent=5739"}],"curies":[{"name":"wp","href":"https:\/\/api.w.org\/{rel}","templated":true}]}}