

{"id":5741,"date":"2016-08-30T11:49:52","date_gmt":"2016-08-30T09:49:52","guid":{"rendered":"http:\/\/www.darksky.ch\/dsx\/fr\/?page_id=5741"},"modified":"2017-01-21T12:37:16","modified_gmt":"2017-01-21T11:37:16","slug":"stefano-klett","status":"publish","type":"page","link":"https:\/\/www.darksky.ch\/dss\/fr\/darksky-switzerland\/comite-directeur\/stefano-klett\/","title":{"rendered":"Stefano Klett"},"content":{"rendered":"<figure id=\"attachment_402\" aria-describedby=\"caption-attachment-402\" style=\"width: 300px\" class=\"wp-caption alignright\"><img loading=\"lazy\" decoding=\"async\" class=\"size-medium wp-image-402\" src=\"http:\/\/www.darksky.ch\/dss\/wp-content\/uploads\/2016\/08\/Stefano_Klett-300x300.jpg\" alt=\"Stefano Klett, Vize-Pr\u00e4sident und Leiter Sezione Ticino\" width=\"300\" height=\"300\" srcset=\"https:\/\/www.darksky.ch\/dss\/wp-content\/uploads\/2016\/08\/Stefano_Klett-300x300.jpg 300w, https:\/\/www.darksky.ch\/dss\/wp-content\/uploads\/2016\/08\/Stefano_Klett-150x150.jpg 150w, https:\/\/www.darksky.ch\/dss\/wp-content\/uploads\/2016\/08\/Stefano_Klett.jpg 533w\" sizes=\"auto, (max-width: 300px) 85vw, 300px\" \/><figcaption id=\"caption-attachment-402\" class=\"wp-caption-text\">Stefano Klett, Vice-pr\u00e9sident et Directeur\u00a0Sezione Ticino<\/figcaption><\/figure>\n<p class=\"bodytext\">L&#8217;ing\u00e9nieur en informatique Stefano Klett est le fondateur de la section italophone de Dark-Sky Switzerland. Son engagement inlassable\u00a0dans\u00a0la protection du ciel nocturne a pay\u00e9: la commune de Coldrerio (TI) a \u00e9t\u00e9 la premi\u00e8re en Suisse \u00e0 d\u00e9clarer\u00a0obligatoire les Recommandations pour la pr\u00e9vention des \u00e9missions lumineuses\u00a0de l&#8217;Office f\u00e9d\u00e9ral de l&#8217;environnement. Une infraction est sanctionn\u00e9e par une amende.<\/p>\n<p class=\"bodytext\">Dans de nombreuses interviews et pr\u00e9sentations, Klett d\u00e9veloppe une image exacte\u00a0de la situation dans la r\u00e9gion\u00a0italophone et informe sans cesse des nouveaux probl\u00e8mes.<\/p>\n<p class=\"bodytext\">En concertation avec le chercheur Fabio Falchi, il a adapt\u00e9 \u00e0 partir de l&#8217;Atlas mondial la carte de la pollution lumineuse pour la Suisse.<\/p>\n","protected":false},"excerpt":{"rendered":"<p>L&#8217;ing\u00e9nieur en informatique Stefano Klett est le fondateur de la section italophone de Dark-Sky Switzerland. Son engagement inlassable\u00a0dans\u00a0la protection du ciel nocturne a pay\u00e9: la commune de Coldrerio (TI) a \u00e9t\u00e9 la premi\u00e8re en Suisse \u00e0 d\u00e9clarer\u00a0obligatoire les Recommandations pour la pr\u00e9vention des \u00e9missions lumineuses\u00a0de l&#8217;Office f\u00e9d\u00e9ral de l&#8217;environnement. Une infraction est sanctionn\u00e9e par une &hellip; <a href=\"https:\/\/www.darksky.ch\/dss\/fr\/darksky-switzerland\/comite-directeur\/stefano-klett\/\" class=\"more-link\">Continue reading<span class=\"screen-reader-text\"> &#8220;Stefano Klett&#8221;<\/span><\/a><\/p>\n","protected":false},"author":2,"featured_media":0,"parent":182,"menu_order":1,"comment_status":"closed","ping_status":"closed","template":"","meta":{"_acf_changed":false,"footnotes":""},"class_list":["post-5741","page","type-page","status-publish","hentry"],"acf":[],"_links":{"self":[{"href":"https:\/\/www.darksky.ch\/dss\/fr\/wp-json\/wp\/v2\/pages\/5741","targetHints":{"allow":["GET"]}}],"collection":[{"href":"https:\/\/www.darksky.ch\/dss\/fr\/wp-json\/wp\/v2\/pages"}],"about":[{"href":"https:\/\/www.darksky.ch\/dss\/fr\/wp-json\/wp\/v2\/types\/page"}],"author":[{"embeddable":true,"href":"https:\/\/www.darksky.ch\/dss\/fr\/wp-json\/wp\/v2\/users\/2"}],"replies":[{"embeddable":true,"href":"https:\/\/www.darksky.ch\/dss\/fr\/wp-json\/wp\/v2\/comments?post=5741"}],"version-history":[{"count":3,"href":"https:\/\/www.darksky.ch\/dss\/fr\/wp-json\/wp\/v2\/pages\/5741\/revisions"}],"predecessor-version":[{"id":6191,"href":"https:\/\/www.darksky.ch\/dss\/fr\/wp-json\/wp\/v2\/pages\/5741\/revisions\/6191"}],"up":[{"embeddable":true,"href":"https:\/\/www.darksky.ch\/dss\/fr\/wp-json\/wp\/v2\/pages\/182"}],"wp:attachment":[{"href":"https:\/\/www.darksky.ch\/dss\/fr\/wp-json\/wp\/v2\/media?parent=5741"}],"curies":[{"name":"wp","href":"https:\/\/api.w.org\/{rel}","templated":true}]}}