

{"id":5745,"date":"2016-08-30T12:05:31","date_gmt":"2016-08-30T10:05:31","guid":{"rendered":"http:\/\/www.darksky.ch\/dsx\/fr\/?page_id=5745"},"modified":"2017-01-26T14:26:25","modified_gmt":"2017-01-26T13:26:25","slug":"kurt-wirth","status":"publish","type":"page","link":"https:\/\/www.darksky.ch\/dss\/fr\/darksky-switzerland\/comite-directeur\/kurt-wirth\/","title":{"rendered":"Kurt Wirth"},"content":{"rendered":"<figure id=\"attachment_404\" aria-describedby=\"caption-attachment-404\" style=\"width: 300px\" class=\"wp-caption alignright\"><img loading=\"lazy\" decoding=\"async\" class=\"size-medium wp-image-404\" src=\"http:\/\/www.darksky.ch\/dss\/wp-content\/uploads\/2016\/08\/Kurt_Wirth-300x300.jpg\" alt=\"Kurt Wirth\" width=\"300\" height=\"300\" srcset=\"https:\/\/www.darksky.ch\/dss\/wp-content\/uploads\/2016\/08\/Kurt_Wirth-300x300.jpg 300w, https:\/\/www.darksky.ch\/dss\/wp-content\/uploads\/2016\/08\/Kurt_Wirth-150x150.jpg 150w, https:\/\/www.darksky.ch\/dss\/wp-content\/uploads\/2016\/08\/Kurt_Wirth.jpg 533w\" sizes=\"auto, (max-width: 300px) 85vw, 300px\" \/><figcaption id=\"caption-attachment-404\" class=\"wp-caption-text\">Kurt Wirth<\/figcaption><\/figure>\n<p>Kurt Wirth (n\u00e9 en 1958) est un planificateur-\u00e9lectricien de formation,\u00a0toujours en activit\u00e9 depuis son apprentissage. Il est \u00e9galement\u00a0formateur professionnel dipl\u00f4m\u00e9 et habilit\u00e9 \u00e0 conduire\u00a0des contr\u00f4les d&#8217;\u00e9clairages\u00a0priv\u00e9s. Il peut ainsi transmettre son savoir en mati\u00e8re de protection du ciel nocturne.<\/p>\n<p>Kurt Wirth est entr\u00e9 en contact avec Dark-Sky Switzerland alors qu&#8217;il exer\u00e7ait en tant que\u00a0planificateur\u00a0d&#8217;\u00e9clairages ext\u00e9rieurs lors de l&#8217;EXPO.02 \u00e0 Bienne. Un artiste fran\u00e7ais avait eu l&#8217;id\u00e9e insolite que certaines installations soient \u00e9clair\u00e9es de nuit comme en plein jour. Gr\u00e2ce aux interventions de\u00a0Dark-Sky Switzerland, la direction de l&#8217;EXPO a \u00e9t\u00e9\u00a0convaincue que ce concept devait \u00eatre retravaill\u00e9. Finalement, seules les c\u00e9l\u00e8bres Tours sont rest\u00e9es intactes.<\/p>\n<p>Dans sa commune de Geroldswil,\u00a0ainsi\u00a0que\u00a0dans toute la vall\u00e9e de la Limmat, Kurt Wirth oeuvre pour\u00a0faire diminuer\u00a0la pollution lumineuse. Une requ\u00eate\u00a0\u00e0 l&#8217;assembl\u00e9e municipale, son intervention\u00a0concernant les nouveaux terrains de sports de Geroldswil, ou\u00a0divers\u00a0demandes aupr\u00e8s d&#8217;entreprises rencontrent\u00a0toujours un succ\u00e8s.<\/p>\n","protected":false},"excerpt":{"rendered":"<p>Kurt Wirth (n\u00e9 en 1958) est un planificateur-\u00e9lectricien de formation,\u00a0toujours en activit\u00e9 depuis son apprentissage. Il est \u00e9galement\u00a0formateur professionnel dipl\u00f4m\u00e9 et habilit\u00e9 \u00e0 conduire\u00a0des contr\u00f4les d&#8217;\u00e9clairages\u00a0priv\u00e9s. Il peut ainsi transmettre son savoir en mati\u00e8re de protection du ciel nocturne. Kurt Wirth est entr\u00e9 en contact avec Dark-Sky Switzerland alors qu&#8217;il exer\u00e7ait en tant que\u00a0planificateur\u00a0d&#8217;\u00e9clairages ext\u00e9rieurs &hellip; <a href=\"https:\/\/www.darksky.ch\/dss\/fr\/darksky-switzerland\/comite-directeur\/kurt-wirth\/\" class=\"more-link\">Continue reading<span class=\"screen-reader-text\"> &#8220;Kurt Wirth&#8221;<\/span><\/a><\/p>\n","protected":false},"author":2,"featured_media":0,"parent":182,"menu_order":3,"comment_status":"closed","ping_status":"closed","template":"","meta":{"_acf_changed":false,"footnotes":""},"class_list":["post-5745","page","type-page","status-publish","hentry"],"acf":[],"_links":{"self":[{"href":"https:\/\/www.darksky.ch\/dss\/fr\/wp-json\/wp\/v2\/pages\/5745","targetHints":{"allow":["GET"]}}],"collection":[{"href":"https:\/\/www.darksky.ch\/dss\/fr\/wp-json\/wp\/v2\/pages"}],"about":[{"href":"https:\/\/www.darksky.ch\/dss\/fr\/wp-json\/wp\/v2\/types\/page"}],"author":[{"embeddable":true,"href":"https:\/\/www.darksky.ch\/dss\/fr\/wp-json\/wp\/v2\/users\/2"}],"replies":[{"embeddable":true,"href":"https:\/\/www.darksky.ch\/dss\/fr\/wp-json\/wp\/v2\/comments?post=5745"}],"version-history":[{"count":5,"href":"https:\/\/www.darksky.ch\/dss\/fr\/wp-json\/wp\/v2\/pages\/5745\/revisions"}],"predecessor-version":[{"id":6260,"href":"https:\/\/www.darksky.ch\/dss\/fr\/wp-json\/wp\/v2\/pages\/5745\/revisions\/6260"}],"up":[{"embeddable":true,"href":"https:\/\/www.darksky.ch\/dss\/fr\/wp-json\/wp\/v2\/pages\/182"}],"wp:attachment":[{"href":"https:\/\/www.darksky.ch\/dss\/fr\/wp-json\/wp\/v2\/media?parent=5745"}],"curies":[{"name":"wp","href":"https:\/\/api.w.org\/{rel}","templated":true}]}}