

{"id":5747,"date":"2016-08-30T12:07:27","date_gmt":"2016-08-30T10:07:27","guid":{"rendered":"http:\/\/www.darksky.ch\/dsx\/fr\/?page_id=5747"},"modified":"2017-04-13T07:57:52","modified_gmt":"2017-04-13T05:57:52","slug":"roland-bodenmann","status":"publish","type":"page","link":"https:\/\/www.darksky.ch\/dss\/fr\/darksky-switzerland\/comite-directeur\/roland-bodenmann\/","title":{"rendered":"Roland Bodenmann"},"content":{"rendered":"<figure id=\"attachment_405\" aria-describedby=\"caption-attachment-405\" style=\"width: 300px\" class=\"wp-caption alignright\"><img loading=\"lazy\" decoding=\"async\" class=\"size-medium wp-image-405\" src=\"http:\/\/www.darksky.ch\/dss\/wp-content\/uploads\/2016\/08\/Roland_Bodenmann-300x300.jpg\" alt=\"Roland Bodenmann\" width=\"300\" height=\"300\" srcset=\"https:\/\/www.darksky.ch\/dss\/wp-content\/uploads\/2016\/08\/Roland_Bodenmann-300x300.jpg 300w, https:\/\/www.darksky.ch\/dss\/wp-content\/uploads\/2016\/08\/Roland_Bodenmann-150x150.jpg 150w, https:\/\/www.darksky.ch\/dss\/wp-content\/uploads\/2016\/08\/Roland_Bodenmann.jpg 435w\" sizes=\"auto, (max-width: 300px) 85vw, 300px\" \/><figcaption id=\"caption-attachment-405\" class=\"wp-caption-text\">Roland Bodenmann<\/figcaption><\/figure>\n<p class=\"bodytext\">Roland Bodenmann (n\u00e9 en 1959) a d&#8217;abord appris le m\u00e9tier de planificateur \u00e9lectricien, puis a\u00a0suivi\u00a0une formation continue\u00a0de\u00a0planificateur \u00e9clairagiste SLG. En tant qu&#8217;associ\u00e9 d&#8217;une des plus grandes entreprises de g\u00e9nie \u00e9lectrique en Suisse al\u00e9manique, il dirige la division Planification d&#8217;\u00e9clairages. Il est membre de l&#8217;Association Suisse pour l&#8217;\u00e9clairage (SLG) et collabore\u00a0depuis 2012 au Groupe sp\u00e9cialis\u00e9 1 \u00c9clairage int\u00e9rieur.<\/p>\n<p class=\"bodytext\">Il consacre son temps libre en premier lie\u00a0\u00e0 sa partenaire et \u00e0 ses deux filles. Ensuite, \u00e0 chaque fois que cela est possible, il se d\u00e9place\u00a0comme herp\u00e9tologue amateur pour\u00a0collaborer \u00e0\u00a0diff\u00e9rents programmes de surveillance (biodiversit\u00e9, amphibiens, reptiles) dans les cantons AG et GR.<\/p>\n<p class=\"bodytext\">C&#8217;est au\u00a0travers de cet\u00a0int\u00e9r\u00eat pour la nature\u00a0que Roland Bodenmann s&#8217;est aussi fait remarquer de\u00a0l&#8217;association Dark-Sky Switzerland. Adh\u00e9rent\u00a0depuis 2004,\u00a0il a\u00a0d&#8217;abord \u00e9t\u00e9\u00a0li\u00e9 \u00e0 DSS avec bienveillance mais de fa\u00e7on passive.\u00a0En 2008, au\u00a0retour d&#8217;une pause de six mois sous la Croix du Sud, il est invit\u00e9 comme repr\u00e9sentant des planificateurs \u00e9clairagistes \u00e0 une table ronde sur le th\u00e8me de la \u00abpollution lumineuse\u00bb. Int\u00e9ress\u00e9, il y participe et se retrouve\u00a0tout \u00e0 coup\u00a0dans le r\u00f4le du \u00abpollueur\u00bb, qui croise le fer de fa\u00e7on rh\u00e9torique avec le pr\u00e9sident de l&#8217;\u00e9poque\u00a0de DSS. Cet incident va le sensibiliser et l&#8217;encourager \u00e0 se pencher\u00a0davantage au niveau\u00a0professionnel sur la question de l&#8217;\u00e9clairage ext\u00e9rieur.<\/p>\n<p class=\"bodytext\">En 2012, Roland Bodenmann d\u00e9cide de donner\u00a0une forme plus active \u00e0\u00a0sa relation avec\u00a0DSS, et il\u00a0est\u00a0\u00e9lu au comit\u00e9\u00a0directeur lors de l&#8217;AG 2013. Il apporte sa contribution dans l&#8217;information (pr\u00e9sentations, enseignement), la\u00a0pr\u00e9vention (conseil, concepts et plans) et comme interm\u00e9diaire avec SLG et les autorit\u00e9s (canton AG).<\/p>\n<p class=\"bodytext\">Il est depuis\u00a02014 membre d&#8217;un ex\u00e9cutif\u00a0communal.<\/p>\n","protected":false},"excerpt":{"rendered":"<p>Roland Bodenmann (n\u00e9 en 1959) a d&#8217;abord appris le m\u00e9tier de planificateur \u00e9lectricien, puis a\u00a0suivi\u00a0une formation continue\u00a0de\u00a0planificateur \u00e9clairagiste SLG. En tant qu&#8217;associ\u00e9 d&#8217;une des plus grandes entreprises de g\u00e9nie \u00e9lectrique en Suisse al\u00e9manique, il dirige la division Planification d&#8217;\u00e9clairages. Il est membre de l&#8217;Association Suisse pour l&#8217;\u00e9clairage (SLG) et collabore\u00a0depuis 2012 au Groupe sp\u00e9cialis\u00e9 1 &hellip; <a href=\"https:\/\/www.darksky.ch\/dss\/fr\/darksky-switzerland\/comite-directeur\/roland-bodenmann\/\" class=\"more-link\">Continue reading<span class=\"screen-reader-text\"> &#8220;Roland Bodenmann&#8221;<\/span><\/a><\/p>\n","protected":false},"author":2,"featured_media":0,"parent":182,"menu_order":4,"comment_status":"closed","ping_status":"closed","template":"","meta":{"_acf_changed":false,"footnotes":""},"class_list":["post-5747","page","type-page","status-publish","hentry"],"acf":[],"_links":{"self":[{"href":"https:\/\/www.darksky.ch\/dss\/fr\/wp-json\/wp\/v2\/pages\/5747","targetHints":{"allow":["GET"]}}],"collection":[{"href":"https:\/\/www.darksky.ch\/dss\/fr\/wp-json\/wp\/v2\/pages"}],"about":[{"href":"https:\/\/www.darksky.ch\/dss\/fr\/wp-json\/wp\/v2\/types\/page"}],"author":[{"embeddable":true,"href":"https:\/\/www.darksky.ch\/dss\/fr\/wp-json\/wp\/v2\/users\/2"}],"replies":[{"embeddable":true,"href":"https:\/\/www.darksky.ch\/dss\/fr\/wp-json\/wp\/v2\/comments?post=5747"}],"version-history":[{"count":4,"href":"https:\/\/www.darksky.ch\/dss\/fr\/wp-json\/wp\/v2\/pages\/5747\/revisions"}],"predecessor-version":[{"id":6269,"href":"https:\/\/www.darksky.ch\/dss\/fr\/wp-json\/wp\/v2\/pages\/5747\/revisions\/6269"}],"up":[{"embeddable":true,"href":"https:\/\/www.darksky.ch\/dss\/fr\/wp-json\/wp\/v2\/pages\/182"}],"wp:attachment":[{"href":"https:\/\/www.darksky.ch\/dss\/fr\/wp-json\/wp\/v2\/media?parent=5747"}],"curies":[{"name":"wp","href":"https:\/\/api.w.org\/{rel}","templated":true}]}}