

{"id":5753,"date":"2016-08-31T11:31:20","date_gmt":"2016-08-31T09:31:20","guid":{"rendered":"http:\/\/www.darksky.ch\/dsx\/fr\/?page_id=5753"},"modified":"2017-01-26T14:09:43","modified_gmt":"2017-01-26T13:09:43","slug":"necessite","status":"publish","type":"page","link":"https:\/\/www.darksky.ch\/dss\/fr\/agir\/eclairer-correctement\/necessite\/","title":{"rendered":"N\u00e9cessit\u00e9"},"content":{"rendered":"<figure id=\"attachment_537\" aria-describedby=\"caption-attachment-537\" style=\"width: 300px\" class=\"wp-caption alignleft\"><img loading=\"lazy\" decoding=\"async\" class=\"size-full wp-image-537\" src=\"http:\/\/www.darksky.ch\/dss\/wp-content\/uploads\/2016\/08\/licht_an_aus.gif\" alt=\"Nicht jedes Objekt braucht eine eigene Beleuchtung.\" width=\"300\" height=\"225\" \/><figcaption id=\"caption-attachment-537\" class=\"wp-caption-text\">Tous les objets n&#8217;ont pas besoin d&#8217;un \u00e9clairage.<\/figcaption><\/figure>\n<p><strong>Y-a-t-il imp\u00e9rativement besoin d&#8217;un \u00e9clairage?<\/strong><br \/>\nAvant\u00a0chaque projet, peu importe\u00a0sa taille, demandez-vous si un \u00e9clairage est r\u00e9ellement n\u00e9cessaire. Une lampe qui n&#8217;est pas install\u00e9e produit\u00a00 % de pollution lumineuse. Si l&#8217;\u00e9clairage est in\u00e9vitable, veillez \u00e0 respecter ces\u00a0<a href=\"http:\/\/www.darksky.ch\/dss\/fr\/agir\/eclairer-correctement\/\">quatre r\u00e8gles<\/a>.<\/p>\n<p>&nbsp;<\/p>\n","protected":false},"excerpt":{"rendered":"<p>Y-a-t-il imp\u00e9rativement besoin d&#8217;un \u00e9clairage? Avant\u00a0chaque projet, peu importe\u00a0sa taille, demandez-vous si un \u00e9clairage est r\u00e9ellement n\u00e9cessaire. Une lampe qui n&#8217;est pas install\u00e9e produit\u00a00 % de pollution lumineuse. Si l&#8217;\u00e9clairage est in\u00e9vitable, veillez \u00e0 respecter ces\u00a0quatre r\u00e8gles. &nbsp;<\/p>\n","protected":false},"author":2,"featured_media":0,"parent":234,"menu_order":0,"comment_status":"closed","ping_status":"closed","template":"","meta":{"_acf_changed":false,"footnotes":""},"class_list":["post-5753","page","type-page","status-publish","hentry"],"acf":[],"_links":{"self":[{"href":"https:\/\/www.darksky.ch\/dss\/fr\/wp-json\/wp\/v2\/pages\/5753","targetHints":{"allow":["GET"]}}],"collection":[{"href":"https:\/\/www.darksky.ch\/dss\/fr\/wp-json\/wp\/v2\/pages"}],"about":[{"href":"https:\/\/www.darksky.ch\/dss\/fr\/wp-json\/wp\/v2\/types\/page"}],"author":[{"embeddable":true,"href":"https:\/\/www.darksky.ch\/dss\/fr\/wp-json\/wp\/v2\/users\/2"}],"replies":[{"embeddable":true,"href":"https:\/\/www.darksky.ch\/dss\/fr\/wp-json\/wp\/v2\/comments?post=5753"}],"version-history":[{"count":5,"href":"https:\/\/www.darksky.ch\/dss\/fr\/wp-json\/wp\/v2\/pages\/5753\/revisions"}],"predecessor-version":[{"id":6259,"href":"https:\/\/www.darksky.ch\/dss\/fr\/wp-json\/wp\/v2\/pages\/5753\/revisions\/6259"}],"up":[{"embeddable":true,"href":"https:\/\/www.darksky.ch\/dss\/fr\/wp-json\/wp\/v2\/pages\/234"}],"wp:attachment":[{"href":"https:\/\/www.darksky.ch\/dss\/fr\/wp-json\/wp\/v2\/media?parent=5753"}],"curies":[{"name":"wp","href":"https:\/\/api.w.org\/{rel}","templated":true}]}}