

{"id":5755,"date":"2016-08-31T11:38:45","date_gmt":"2016-08-31T09:38:45","guid":{"rendered":"http:\/\/www.darksky.ch\/dsx\/fr\/?page_id=5755"},"modified":"2017-01-21T15:35:16","modified_gmt":"2017-01-21T14:35:16","slug":"orientation-des-eclairages","status":"publish","type":"page","link":"https:\/\/www.darksky.ch\/dss\/fr\/agir\/eclairer-correctement\/orientation-des-eclairages\/","title":{"rendered":"Orientation des \u00e9clairages"},"content":{"rendered":"<p>Il est fondamental de privil\u00e9gier une orientation allant du\u00a0haut vers le bas. Parce que la Terre est approximativement une sph\u00e8re, un faisceau de lumi\u00e8re horizontal, s&#8217;il n&#8217;est pas couvert, finira\u00a0bien au-del\u00e0 de l&#8217;horizon au z\u00e9nith, au-dessus d&#8217;un\u00a0autre endroit.<\/p>\n<p class=\"bodytext\"><strong><br \/>\n<img loading=\"lazy\" decoding=\"async\" class=\"size-full wp-image-544 aligncenter\" src=\"http:\/\/www.darksky.ch\/dss\/wp-content\/uploads\/2016\/08\/good_lamp.gif\" alt=\"good_lamp\" width=\"300\" height=\"225\" \/>L&#8217;\u00e9clairage correct<\/strong><br \/>\nCet \u00e9clairage est id\u00e9al, car il est dirig\u00e9 du vers le sol. La lumi\u00e8re arrive l\u00e0 o\u00f9 elle est le plus utile.<\/p>\n<p>&nbsp;<\/p>\n<p><strong><img loading=\"lazy\" decoding=\"async\" class=\"size-full wp-image-543 aligncenter\" src=\"http:\/\/www.darksky.ch\/dss\/wp-content\/uploads\/2016\/08\/bad_lamp.gif\" alt=\"bad_lamp\" width=\"300\" height=\"225\" \/>L&#8217;\u00e9clairage inefficace<\/strong><br \/>\nCes lampadaires illuminent\u00a0tout autour d&#8217;eux. De cette fa\u00e7on, la lumi\u00e8re est \u00e9mise aussi \u00e0 l&#8217;horizon, dans le ciel, o\u00f9 elle dispara\u00eet sans \u00eatre utilis\u00e9e.<\/p>\n","protected":false},"excerpt":{"rendered":"<p>Il est fondamental de privil\u00e9gier une orientation allant du\u00a0haut vers le bas. Parce que la Terre est approximativement une sph\u00e8re, un faisceau de lumi\u00e8re horizontal, s&#8217;il n&#8217;est pas couvert, finira\u00a0bien au-del\u00e0 de l&#8217;horizon au z\u00e9nith, au-dessus d&#8217;un\u00a0autre endroit. L&#8217;\u00e9clairage correct Cet \u00e9clairage est id\u00e9al, car il est dirig\u00e9 du vers le sol. La lumi\u00e8re arrive &hellip; <a href=\"https:\/\/www.darksky.ch\/dss\/fr\/agir\/eclairer-correctement\/orientation-des-eclairages\/\" class=\"more-link\">Continue reading<span class=\"screen-reader-text\"> &#8220;Orientation des \u00e9clairages&#8221;<\/span><\/a><\/p>\n","protected":false},"author":2,"featured_media":0,"parent":234,"menu_order":1,"comment_status":"closed","ping_status":"closed","template":"","meta":{"_acf_changed":false,"footnotes":""},"class_list":["post-5755","page","type-page","status-publish","hentry"],"acf":[],"_links":{"self":[{"href":"https:\/\/www.darksky.ch\/dss\/fr\/wp-json\/wp\/v2\/pages\/5755","targetHints":{"allow":["GET"]}}],"collection":[{"href":"https:\/\/www.darksky.ch\/dss\/fr\/wp-json\/wp\/v2\/pages"}],"about":[{"href":"https:\/\/www.darksky.ch\/dss\/fr\/wp-json\/wp\/v2\/types\/page"}],"author":[{"embeddable":true,"href":"https:\/\/www.darksky.ch\/dss\/fr\/wp-json\/wp\/v2\/users\/2"}],"replies":[{"embeddable":true,"href":"https:\/\/www.darksky.ch\/dss\/fr\/wp-json\/wp\/v2\/comments?post=5755"}],"version-history":[{"count":4,"href":"https:\/\/www.darksky.ch\/dss\/fr\/wp-json\/wp\/v2\/pages\/5755\/revisions"}],"predecessor-version":[{"id":6207,"href":"https:\/\/www.darksky.ch\/dss\/fr\/wp-json\/wp\/v2\/pages\/5755\/revisions\/6207"}],"up":[{"embeddable":true,"href":"https:\/\/www.darksky.ch\/dss\/fr\/wp-json\/wp\/v2\/pages\/234"}],"wp:attachment":[{"href":"https:\/\/www.darksky.ch\/dss\/fr\/wp-json\/wp\/v2\/media?parent=5755"}],"curies":[{"name":"wp","href":"https:\/\/api.w.org\/{rel}","templated":true}]}}