

{"id":5757,"date":"2016-08-31T11:42:06","date_gmt":"2016-08-31T09:42:06","guid":{"rendered":"http:\/\/www.darksky.ch\/dsx\/fr\/?page_id=5757"},"modified":"2017-01-21T15:37:20","modified_gmt":"2017-01-21T14:37:20","slug":"couverture-des-eclairages","status":"publish","type":"page","link":"https:\/\/www.darksky.ch\/dss\/fr\/agir\/eclairer-correctement\/couverture-des-eclairages\/","title":{"rendered":"Couverture des \u00e9clairages"},"content":{"rendered":"<p>En \u00e9quipant\u00a0les sources de lumi\u00e8re d&#8217;\u00e9crans ou de r\u00e9flecteurs, il est possible de canaliser\u00a0celle-ci de sorte qu&#8217;elle n&#8217;arrive\u00a0que l\u00e0 o\u00f9 elle est\u00a0n\u00e9cessaire. Il n&#8217;y a ainsi aucun\u00a0\u00abd\u00e9chet\u00a0de lumi\u00e8re\u00bb, ce qui repr\u00e9senterait un gaspillage d&#8217;\u00e9nergie.<br \/>\nLa couverture\u00a0des \u00e9clairages\u00a0permet aussi d&#8217;\u00e9viter les ph\u00e9nom\u00e8nes d&#8217;\u00e9blouissement par contact visuel involontaire avec les sources de lumi\u00e8re.<\/p>\n<p><img loading=\"lazy\" decoding=\"async\" class=\"size-full wp-image-551 aligncenter\" src=\"http:\/\/www.darksky.ch\/dss\/wp-content\/uploads\/2016\/08\/abschirmung_good.gif\" alt=\"abschirmung_good\" width=\"300\" height=\"225\" \/><strong>Couverture\u00a0correcte<\/strong><br \/>\nDans cet exemple, l&#8217;\u00e9clairage se fait correctement du haut vers le bas. De plus, on a veill\u00e9 ici \u00e0 ce que la lumi\u00e8re arrive seulement\u00a0\u00e0 l&#8217;endroit o\u00f9 elle est effectivement n\u00e9cessaire.<\/p>\n<p><strong><img loading=\"lazy\" decoding=\"async\" class=\"size-full wp-image-550 aligncenter\" src=\"http:\/\/www.darksky.ch\/dss\/wp-content\/uploads\/2016\/08\/abschirmung_bad.gif\" alt=\"abschirmung_bad\" width=\"300\" height=\"225\" \/><\/strong><strong>Couverture\u00a0inefficace<\/strong><br \/>\nDans la situation repr\u00e9sent\u00e9e\u00a0ici, le projecteur, d\u00e9pourvu d&#8217;\u00e9cran, \u00e9claire au hasard l&#8217;objet et au-del\u00e0 de celui-ci.<\/p>\n","protected":false},"excerpt":{"rendered":"<p>En \u00e9quipant\u00a0les sources de lumi\u00e8re d&#8217;\u00e9crans ou de r\u00e9flecteurs, il est possible de canaliser\u00a0celle-ci de sorte qu&#8217;elle n&#8217;arrive\u00a0que l\u00e0 o\u00f9 elle est\u00a0n\u00e9cessaire. Il n&#8217;y a ainsi aucun\u00a0\u00abd\u00e9chet\u00a0de lumi\u00e8re\u00bb, ce qui repr\u00e9senterait un gaspillage d&#8217;\u00e9nergie. La couverture\u00a0des \u00e9clairages\u00a0permet aussi d&#8217;\u00e9viter les ph\u00e9nom\u00e8nes d&#8217;\u00e9blouissement par contact visuel involontaire avec les sources de lumi\u00e8re. Couverture\u00a0correcte Dans cet exemple, &hellip; <a href=\"https:\/\/www.darksky.ch\/dss\/fr\/agir\/eclairer-correctement\/couverture-des-eclairages\/\" class=\"more-link\">Continue reading<span class=\"screen-reader-text\"> &#8220;Couverture des \u00e9clairages&#8221;<\/span><\/a><\/p>\n","protected":false},"author":2,"featured_media":0,"parent":234,"menu_order":2,"comment_status":"closed","ping_status":"closed","template":"","meta":{"_acf_changed":false,"footnotes":""},"class_list":["post-5757","page","type-page","status-publish","hentry"],"acf":[],"_links":{"self":[{"href":"https:\/\/www.darksky.ch\/dss\/fr\/wp-json\/wp\/v2\/pages\/5757","targetHints":{"allow":["GET"]}}],"collection":[{"href":"https:\/\/www.darksky.ch\/dss\/fr\/wp-json\/wp\/v2\/pages"}],"about":[{"href":"https:\/\/www.darksky.ch\/dss\/fr\/wp-json\/wp\/v2\/types\/page"}],"author":[{"embeddable":true,"href":"https:\/\/www.darksky.ch\/dss\/fr\/wp-json\/wp\/v2\/users\/2"}],"replies":[{"embeddable":true,"href":"https:\/\/www.darksky.ch\/dss\/fr\/wp-json\/wp\/v2\/comments?post=5757"}],"version-history":[{"count":6,"href":"https:\/\/www.darksky.ch\/dss\/fr\/wp-json\/wp\/v2\/pages\/5757\/revisions"}],"predecessor-version":[{"id":6208,"href":"https:\/\/www.darksky.ch\/dss\/fr\/wp-json\/wp\/v2\/pages\/5757\/revisions\/6208"}],"up":[{"embeddable":true,"href":"https:\/\/www.darksky.ch\/dss\/fr\/wp-json\/wp\/v2\/pages\/234"}],"wp:attachment":[{"href":"https:\/\/www.darksky.ch\/dss\/fr\/wp-json\/wp\/v2\/media?parent=5757"}],"curies":[{"name":"wp","href":"https:\/\/api.w.org\/{rel}","templated":true}]}}