

{"id":5759,"date":"2016-08-31T11:49:24","date_gmt":"2016-08-31T09:49:24","guid":{"rendered":"http:\/\/www.darksky.ch\/dsx\/fr\/?page_id=5759"},"modified":"2017-01-21T15:38:35","modified_gmt":"2017-01-21T14:38:35","slug":"intensite-lumineuse-et-type-declairage","status":"publish","type":"page","link":"https:\/\/www.darksky.ch\/dss\/fr\/agir\/eclairer-correctement\/intensite-lumineuse-et-type-declairage\/","title":{"rendered":"Intensit\u00e9 lumineuse et type d&#8217;\u00e9clairage"},"content":{"rendered":"<p>La part bleue des lumi\u00e8res LED a un effet n\u00e9gatif par exemple sur les chauves-souris (mammif\u00e8res) et les plantes. La\u00a0r\u00e9duction de la part bleue\u00a0est\u00a0en ce qui concerne\u00a0les LED est une mesure\u00a0judicieuse aussi pour les habitants de\u00a0quartiers r\u00e9sidentiels\u00a0(blanc-chaud, pas blanc-froid ou blanc-neutre), puisqu&#8217;elle peut sinon entra\u00eener\u00a0l&#8217;insomnie\u00a0(Schuler 2013).<\/p>\n<p><img loading=\"lazy\" decoding=\"async\" class=\"size-full wp-image-557 aligncenter\" src=\"http:\/\/www.darksky.ch\/dss\/wp-content\/uploads\/2016\/08\/lichtstark_good.gif\" alt=\"lichtstark_good\" width=\"300\" height=\"225\" \/><strong>Bon choix d&#8217;intensit\u00e9 lumineuse<\/strong><br \/>\nUne intensit\u00e9 lumineuse r\u00e9duite offre aussi la chance d&#8217;observer des d\u00e9tails.\u00a0Par ailleurs,\u00a0l&#8217;oeil humain s&#8217;accommode parfaitement de tr\u00e8s peu de lumi\u00e8re.<\/p>\n<p><strong><img loading=\"lazy\" decoding=\"async\" class=\"size-full wp-image-556 aligncenter\" src=\"http:\/\/www.darksky.ch\/dss\/wp-content\/uploads\/2016\/08\/lichtstark_bad.gif\" alt=\"lichtstark_bad\" width=\"300\" height=\"225\" \/><\/strong><strong>Mauvais\u00a0choix d&#8217;intensit\u00e9 lumineuse<\/strong><br \/>\nTrop de lumi\u00e8re peut d\u00e9truire l&#8217;ambiance. Dans cet exemple, l&#8217;objet de l&#8217;\u00e9clairage est\u00a0\u00abnoy\u00e9\u00bb dans le surplus de lumi\u00e8re.<\/p>\n<p>Une r\u00e9duction de la pollution lumineuse est possible, si seuls les objets strictement n\u00e9cessaires sont \u00e9clair\u00e9s et l&#8217;intensit\u00e9 lumineuse r\u00e9duite au minimum requis. La bonne couleur de lumi\u00e8re s&#8217;av\u00e8re avoir des effets positifs sur l&#8217;environnement. Il est recommand\u00e9 d&#8217;\u00e9viter les rayonnements UV et la lumi\u00e8re du domaine de longueurs d&#8217;ondes courtes et visibles, \u00e9pargnant ainsi au monde des insectes bon nombre de cons\u00e9quences n\u00e9fastes. En ce qui concerne les oiseaux migrateurs, on peut affirmer que la mauvaise visibilit\u00e9 et la pollution lumineuse se traduit par la d\u00e9sorientation, l&#8217;\u00e9puisement et la mort possible de ces animaux (F. Liechti, septembre 2013). Chez l&#8217;homme, il est reconnu que la lumi\u00e8re rouge a un effet significativement positif sur le maintien de l&#8217;adaptation de l&#8217;oeil \u00e0 l&#8217;obscurit\u00e9, tandis que la lumi\u00e8re bleue d\u00e9r\u00e8gle l&#8217;horloge interne (endormissement retard\u00e9) et cause l&#8217;\u00e9blouissement. Vu ainsi, les lampes \u00e0 vapeur de sodium \u00e9taient un bon choix<\/p>\n<p>&nbsp;<\/p>\n","protected":false},"excerpt":{"rendered":"<p>La part bleue des lumi\u00e8res LED a un effet n\u00e9gatif par exemple sur les chauves-souris (mammif\u00e8res) et les plantes. La\u00a0r\u00e9duction de la part bleue\u00a0est\u00a0en ce qui concerne\u00a0les LED est une mesure\u00a0judicieuse aussi pour les habitants de\u00a0quartiers r\u00e9sidentiels\u00a0(blanc-chaud, pas blanc-froid ou blanc-neutre), puisqu&#8217;elle peut sinon entra\u00eener\u00a0l&#8217;insomnie\u00a0(Schuler 2013). Bon choix d&#8217;intensit\u00e9 lumineuse Une intensit\u00e9 lumineuse r\u00e9duite offre &hellip; <a href=\"https:\/\/www.darksky.ch\/dss\/fr\/agir\/eclairer-correctement\/intensite-lumineuse-et-type-declairage\/\" class=\"more-link\">Continue reading<span class=\"screen-reader-text\"> &#8220;Intensit\u00e9 lumineuse et type d&#8217;\u00e9clairage&#8221;<\/span><\/a><\/p>\n","protected":false},"author":2,"featured_media":0,"parent":234,"menu_order":3,"comment_status":"closed","ping_status":"closed","template":"","meta":{"_acf_changed":false,"footnotes":""},"class_list":["post-5759","page","type-page","status-publish","hentry"],"acf":[],"_links":{"self":[{"href":"https:\/\/www.darksky.ch\/dss\/fr\/wp-json\/wp\/v2\/pages\/5759","targetHints":{"allow":["GET"]}}],"collection":[{"href":"https:\/\/www.darksky.ch\/dss\/fr\/wp-json\/wp\/v2\/pages"}],"about":[{"href":"https:\/\/www.darksky.ch\/dss\/fr\/wp-json\/wp\/v2\/types\/page"}],"author":[{"embeddable":true,"href":"https:\/\/www.darksky.ch\/dss\/fr\/wp-json\/wp\/v2\/users\/2"}],"replies":[{"embeddable":true,"href":"https:\/\/www.darksky.ch\/dss\/fr\/wp-json\/wp\/v2\/comments?post=5759"}],"version-history":[{"count":2,"href":"https:\/\/www.darksky.ch\/dss\/fr\/wp-json\/wp\/v2\/pages\/5759\/revisions"}],"predecessor-version":[{"id":6171,"href":"https:\/\/www.darksky.ch\/dss\/fr\/wp-json\/wp\/v2\/pages\/5759\/revisions\/6171"}],"up":[{"embeddable":true,"href":"https:\/\/www.darksky.ch\/dss\/fr\/wp-json\/wp\/v2\/pages\/234"}],"wp:attachment":[{"href":"https:\/\/www.darksky.ch\/dss\/fr\/wp-json\/wp\/v2\/media?parent=5759"}],"curies":[{"name":"wp","href":"https:\/\/api.w.org\/{rel}","templated":true}]}}