

{"id":5761,"date":"2016-08-31T11:56:49","date_gmt":"2016-08-31T09:56:49","guid":{"rendered":"http:\/\/www.darksky.ch\/dsx\/fr\/?page_id=5761"},"modified":"2017-01-21T15:39:51","modified_gmt":"2017-01-21T14:39:51","slug":"limitation-dans-le-temps","status":"publish","type":"page","link":"https:\/\/www.darksky.ch\/dss\/fr\/agir\/eclairer-correctement\/limitation-dans-le-temps\/","title":{"rendered":"Limitation dans le temps"},"content":{"rendered":"<p>Un luminaire \u00e9teint n&#8217;engendre aucune pollution lumineuse. Les enseignes lumineuses sont un exemple typique. L&#8217;impact publicitaire durant la seconde partie de la nuit est plus que discutable. La l\u00e9gislation concernant la protection contre le bruit d\u00e9finit deux p\u00e9riodes: la journ\u00e9e (de 6h \u00e0 22h) et la nuit (de 22h \u00e0 6h). Cette distinction a \u00e9t\u00e9 reprise par la norme SIA 491 pour la protection contre les \u00e9missions lumineuses, afin que la protection du repos nocturne soit coh\u00e9rente. (Kobler 2013)<\/p>\n<p>La s\u00e9curit\u00e9 au travail et la s\u00e9curit\u00e9 routi\u00e8re demeurent\u00a0garanties, c&#8217;est-\u00e0-dire que les \u00e9clairages indispensables \u00e0\u00a0la s\u00e9curit\u00e9 sont autoris\u00e9s\u00a0aussi pendant la p\u00e9riode de\u00a0repos nocturne &#8211;\u00a0autant que raisonnable.<br \/>\n<img loading=\"lazy\" decoding=\"async\" class=\"alignleft size-full wp-image-563\" src=\"http:\/\/www.darksky.ch\/dss\/wp-content\/uploads\/2016\/08\/zeitraum.gif\" alt=\"zeitraum\" width=\"300\" height=\"225\" \/><strong>Installez une minuterie<\/strong><br \/>\nDemandez-vous quel est le moment o\u00f9\u00a0la mise en marche d&#8217;un\u00a0\u00e9clairage est vraiment judicieuse. Une minuterie vous facilite le travail. Et \u00e9conomise avant-tout de l&#8217;\u00e9nergie. Il existe aussi des dispositifs intelligents de gestion automatique du passage aux heures d&#8217;\u00e9t\u00e9 et d&#8217;hiver ou prenant en compte les heures du cr\u00e9puscule.<\/p>\n","protected":false},"excerpt":{"rendered":"<p>Un luminaire \u00e9teint n&#8217;engendre aucune pollution lumineuse. Les enseignes lumineuses sont un exemple typique. L&#8217;impact publicitaire durant la seconde partie de la nuit est plus que discutable. La l\u00e9gislation concernant la protection contre le bruit d\u00e9finit deux p\u00e9riodes: la journ\u00e9e (de 6h \u00e0 22h) et la nuit (de 22h \u00e0 6h). Cette distinction a \u00e9t\u00e9 &hellip; <a href=\"https:\/\/www.darksky.ch\/dss\/fr\/agir\/eclairer-correctement\/limitation-dans-le-temps\/\" class=\"more-link\">Continue reading<span class=\"screen-reader-text\"> &#8220;Limitation dans le temps&#8221;<\/span><\/a><\/p>\n","protected":false},"author":2,"featured_media":0,"parent":234,"menu_order":4,"comment_status":"closed","ping_status":"closed","template":"","meta":{"_acf_changed":false,"footnotes":""},"class_list":["post-5761","page","type-page","status-publish","hentry"],"acf":[],"_links":{"self":[{"href":"https:\/\/www.darksky.ch\/dss\/fr\/wp-json\/wp\/v2\/pages\/5761","targetHints":{"allow":["GET"]}}],"collection":[{"href":"https:\/\/www.darksky.ch\/dss\/fr\/wp-json\/wp\/v2\/pages"}],"about":[{"href":"https:\/\/www.darksky.ch\/dss\/fr\/wp-json\/wp\/v2\/types\/page"}],"author":[{"embeddable":true,"href":"https:\/\/www.darksky.ch\/dss\/fr\/wp-json\/wp\/v2\/users\/2"}],"replies":[{"embeddable":true,"href":"https:\/\/www.darksky.ch\/dss\/fr\/wp-json\/wp\/v2\/comments?post=5761"}],"version-history":[{"count":4,"href":"https:\/\/www.darksky.ch\/dss\/fr\/wp-json\/wp\/v2\/pages\/5761\/revisions"}],"predecessor-version":[{"id":6210,"href":"https:\/\/www.darksky.ch\/dss\/fr\/wp-json\/wp\/v2\/pages\/5761\/revisions\/6210"}],"up":[{"embeddable":true,"href":"https:\/\/www.darksky.ch\/dss\/fr\/wp-json\/wp\/v2\/pages\/234"}],"wp:attachment":[{"href":"https:\/\/www.darksky.ch\/dss\/fr\/wp-json\/wp\/v2\/media?parent=5761"}],"curies":[{"name":"wp","href":"https:\/\/api.w.org\/{rel}","templated":true}]}}