

{"id":5763,"date":"2016-08-30T17:10:04","date_gmt":"2016-08-30T15:10:04","guid":{"rendered":"http:\/\/www.darksky.ch\/dsx\/fr\/?page_id=5763"},"modified":"2019-11-24T20:18:44","modified_gmt":"2019-11-24T19:18:44","slug":"gefaehrdete-tierwelt","status":"publish","type":"page","link":"https:\/\/www.darksky.ch\/dss\/fr\/a-savoir\/limpact-de-la-pollution-lumineuse\/gefaehrdete-tierwelt\/","title":{"rendered":"Une faune menac\u00e9e"},"content":{"rendered":"<p>La pollution lumineuse peut sensiblement perturber la vie des animaux nocturnes. Les oiseaux migrateurs succombent au cours de leur long voyage, et des insectes meurent massivement.<\/p>\n<p>Pour beaucoup d&#8217;esp\u00e8ces animales, l&#8217;obscurit\u00e9 est un \u00e9l\u00e9ment\u00a0vital. Au cours de l&#8217;\u00e9volution, elles se sont adapt\u00e9es au changement jour-nuit. Il existe\u00a0ainsi des animaux diurnes et nocturnes, qui ont donc adapt\u00e9 leur comportement aux variations de l&#8217;\u00e9clairement dans\u00a0leur environnement.<\/p>\n<p>Toute modification des conditions de la luminosit\u00e9 naturelle par un \u00e9clairage artificiel peut avoir des\u00a0cons\u00e9quences\u00a0\u00e9cologiques, et dans certaines circonstances r\u00e9duire\u00a0la biodiversit\u00e9. Les cons\u00e9quences de la lumi\u00e8re artificielle sur l&#8217;environnement ne sont pas toutes connues &#8211; et de loin. On doit donc s&#8217;attendre \u00e0 ce que de nouveaux effets\u00a0soient d\u00e9couverts\u00a0avec la multiplication\u00a0des\u00a0\u00e9tudes.<\/p>\n<p><strong>L&#8217;exemple des oiseaux migrateurs<\/strong><br \/>\nPour les oiseaux migrateurs aussi les effets de la lumi\u00e8re artificielle se font ressentir. Les milliards d&#8217;oiseaux, qui tous les ans migrent de nuit depuis l&#8217;Europe vers l&#8217;Afrique puis reviennent, s&#8217;orientent entre autres gr\u00e2ce aux \u00e9toiles. Ce comportement migratoire, programm\u00e9 g\u00e9n\u00e9tiquement, s&#8217;est construit au cours de millions d&#8217;ann\u00e9es. En revanche, l&#8217;invention de l&#8217;ampoule \u00e9lectrique ne date que de 150 ans.<\/p>\n<p>Les oiseaux sont donc aujourd&#8217;hui confront\u00e9s \u00e0 des conditions de luminosit\u00e9 totalement nouvelles. Surtout en cas de mauvaise visibilit\u00e9, ils sont attir\u00e9s par les sources de lumi\u00e8re et les halos entourant\u00a0les grandes villes, qui les d\u00e9vient de leur trajectoire. Cela conduit \u00e0 voir des oiseaux migrateurs venir percuter de nuit des immeubles de bureaux illumin\u00e9s, ou, d\u00e9sorient\u00e9s, tourner en vain et mourrir. Plus de 450 esp\u00e8ces d&#8217;oiseaux sont touch\u00e9es.<\/p>\n<p>En Suisse, la station ornithologique de Sempach s&#8217;est sp\u00e9cialis\u00e9e dans les effets\u00a0de la pollution lumineuse sur les oiseaux.<\/p>\n<figure id=\"attachment_481\" aria-describedby=\"caption-attachment-481\" style=\"width: 300px\" class=\"wp-caption alignnone\"><img loading=\"lazy\" decoding=\"async\" class=\"wp-image-481 size-medium\" src=\"http:\/\/www.darksky.ch\/dss\/wp-content\/uploads\/2016\/08\/zugvogel_orientierung-300x277.jpg\" alt=\"zugvogel_orientierung\" width=\"300\" height=\"277\" srcset=\"https:\/\/www.darksky.ch\/dss\/wp-content\/uploads\/2016\/08\/zugvogel_orientierung-300x277.jpg 300w, https:\/\/www.darksky.ch\/dss\/wp-content\/uploads\/2016\/08\/zugvogel_orientierung.jpg 649w\" sizes=\"auto, (max-width: 300px) 85vw, 300px\" \/><figcaption id=\"caption-attachment-481\" class=\"wp-caption-text\">Les oiseaux migrateurs s&#8217;orientent depuis des millions d&#8217;ann\u00e9es gr\u00e2ce \u00e0 la lumi\u00e8re naturelle du Soleil, de la Lune et des \u00e9toiles, ainsi qu&#8217;au champs magn\u00e9tique terrestre. La pollution lumineuse peut consid\u00e9rablement perturber leur orientation dans les r\u00e9gions\u00a0dens\u00e9ment peupl\u00e9es.<\/figcaption><\/figure>\n<p><strong>L&#8217;exemple des insectes<\/strong><br \/>\nLes insectes nocturnes (en particulier les papillons de nuit, neuropt\u00e8res, trichopt\u00e8res et col\u00e9opt\u00e8res) sont attir\u00e9s hors de leur habitat naturel par la lumi\u00e8re artificielle. Au lieu de rechercher de la nourriture, de s&#8217;accoupler ou de pondre leurs oeufs, ils \u00e9puisent leurs r\u00e9serves \u00e9nerg\u00e9tiques autour\u00a0des lampes ou\u00a0tombent, de\u00a0nuit, dans\u00a0la\u00a0passivit\u00e9\u00a0\u00e0\u00a0laquelle\u00a0ils\u00a0sont\u00a0habitu\u00e9s\u00a0le\u00a0jour. Le danger existe qu&#8217;ils restent prisonniers des sources\u00a0lumineuses, meurent d&#8217;\u00e9puisement, se br\u00fblent aux lampes souvent tr\u00e8s\u00a0chaudes ou deviennent les proies faciles des chauves-souris moins sensibles \u00e0 la lumi\u00e8re\u00a0(3 esp\u00e8ces\u00a0seulement sur les 30 r\u00e9pertori\u00e9es en Suisse), des araign\u00e9es,\u00a0etc&#8230;<\/p>\n<p>Des scientifiques allemands estiment que durant les mois d&#8217;\u00e9t\u00e9, chaque lampadaire\u00a0tue en moyenne 150 insectes par nuit. Ce qui signifie que, avec\u00a0les 6,8 millions de lampadaires\u00a0que compte l&#8217;Allemagne, plus d&#8217;un milliard d&#8217;insectes en moyenne sont\u00a0tu\u00e9s\u00a0chaque nuit. Extrapol\u00e9 \u00e0 toutes les sources lumineuses pr\u00e9sentes en Allemagne, ce serait pr\u00e8s de 100 milliards\u00a0d&#8217;insectes\u00a0nocturnes qui perdraient ainsi la vie chaque ann\u00e9e.<\/p>\n<p>Les estimations pour la Suisse font \u00e9tat\u00a0de 10 millions d&#8217;insectes en\u00a0moyenne qui meurent inutilement en \u00e9t\u00e9 chaque nuit. Durant toute la p\u00e9riode estivale, entre 1 et 5 milliards d&#8217;insectes p\u00e9riraient ainsi tr\u00e8s probablement \u00e0 cause des \u00e9clairages ext\u00e9rieurs.<\/p>\n<p>Les sources lumineuses pourraient ainsi conduire\u00a0\u00e0\u00a0la fragilisation continue de la faune entomologique. C&#8217;est avant tout les petites populations d&#8217;insectes et les populations menac\u00e9es qui devraient subir le plus les cons\u00e9quences d\u00e9sastreuses de\u00a0la lumi\u00e8re artificielle.<\/p>\n<figure id=\"attachment_482\" aria-describedby=\"caption-attachment-482\" style=\"width: 300px\" class=\"wp-caption alignleft\"><img loading=\"lazy\" decoding=\"async\" class=\"wp-image-482 size-medium\" src=\"http:\/\/www.darksky.ch\/dss\/wp-content\/uploads\/2016\/08\/gefangene_insekten-300x221.jpg\" alt=\"gefangene_insekten\" width=\"300\" height=\"221\" srcset=\"https:\/\/www.darksky.ch\/dss\/wp-content\/uploads\/2016\/08\/gefangene_insekten-300x221.jpg 300w, https:\/\/www.darksky.ch\/dss\/wp-content\/uploads\/2016\/08\/gefangene_insekten.jpg 800w\" sizes=\"auto, (max-width: 300px) 85vw, 300px\" \/><figcaption id=\"caption-attachment-482\" class=\"wp-caption-text\">Insectes pris au pi\u00e8ge dans un \u00e9clairage (image: Prof. Dr. Gerhard Eisenbeis, Universit\u00e9 de Mayence)<\/figcaption><\/figure>\n<figure id=\"attachment_483\" aria-describedby=\"caption-attachment-483\" style=\"width: 220px\" class=\"wp-caption alignleft\"><img loading=\"lazy\" decoding=\"async\" class=\"size-medium wp-image-483\" src=\"http:\/\/www.darksky.ch\/dss\/wp-content\/uploads\/2016\/08\/nachtfalter-amlicht-220x300.jpg\" alt=\"N\u00e4chtliche Beleuchtung wirkt sich weltweit als t\u00f6dliche Falle f\u00fcr Insekten aus darunter befinden sich auch bedrohte Arten.\" width=\"220\" height=\"300\" srcset=\"https:\/\/www.darksky.ch\/dss\/wp-content\/uploads\/2016\/08\/nachtfalter-amlicht-220x300.jpg 220w, https:\/\/www.darksky.ch\/dss\/wp-content\/uploads\/2016\/08\/nachtfalter-amlicht.jpg 358w\" sizes=\"auto, (max-width: 220px) 85vw, 220px\" \/><figcaption id=\"caption-attachment-483\" class=\"wp-caption-text\">Partout dans le monde, les \u00e9clairages de nuit sont des pi\u00e8ges mortels pour les insectes, dont beaucoup d&#8217;esp\u00e8ces menac\u00e9es.<\/figcaption><\/figure>\n<p>&nbsp;<\/p>\n<p>&nbsp;<\/p>\n<p>&nbsp;<\/p>\n<p>&nbsp;<\/p>\n<p>&nbsp;<\/p>\n<p>&nbsp;<\/p>\n<p>&nbsp;<\/p>\n<p>&nbsp;<\/p>\n<p>&nbsp;<\/p>\n<p>&nbsp;<\/p>\n<p><strong>Exemple\u00a0des puces d&#8217;eau<\/strong><br \/>\nLa puce d&#8217;eau est plut\u00f4t une esp\u00e8ce discr\u00e8te. Son r\u00f4le dans\u00a0le milieu aquatique naturel est pourtant d&#8217;autant plus important. Elle survit en se nourrissant des algues qui poussent dans les lacs et contribue ainsi \u00e0 contr\u00f4ler\u00a0leur prolif\u00e9ration.<\/p>\n<p>Toutefois, la puce d&#8217;eau est tr\u00e8s sensible \u00e0 la lumi\u00e8re. Elle r\u00e9appara\u00eet seulement de nuit \u00e0 la surface des lacs afin de s&#8217;y nourrir. Si la nuit est trop fortement \u00e9clair\u00e9e par\u00a0la pollution lumineuse, la puce d&#8217;eau ne vient plus accomplir son travail dans les couches sup\u00e9rieures des eaux, et les algues peuvent y prolif\u00e9rer librement. Dans le pire des cas, cela conduit \u00e0 un d\u00e9ficit en oxyg\u00e8ne des eaux.<\/p>\n<figure id=\"attachment_484\" aria-describedby=\"caption-attachment-484\" style=\"width: 800px\" class=\"wp-caption alignleft\"><img loading=\"lazy\" decoding=\"async\" class=\"wp-image-484 size-full\" src=\"http:\/\/www.darksky.ch\/dss\/wp-content\/uploads\/2016\/08\/wasserfloh.jpg\" alt=\"Bei nat\u00fcrlicher Dunkelheit (links) frisst der Wasserfloh bis in die obersten Wasserschichten die Algen weg. Wird die Nacht zu sehr aufgehellt, verschiebt sich die Aufstiegsgrenze nach unten (rechts). Die Folge: die Algen breiten sich ungehindert aus.\" width=\"800\" height=\"588\" srcset=\"https:\/\/www.darksky.ch\/dss\/wp-content\/uploads\/2016\/08\/wasserfloh.jpg 800w, https:\/\/www.darksky.ch\/dss\/wp-content\/uploads\/2016\/08\/wasserfloh-300x221.jpg 300w\" sizes=\"auto, (max-width: 800px) 85vw, 800px\" \/><figcaption id=\"caption-attachment-484\" class=\"wp-caption-text\">En conditions d&#8217;obscurit\u00e9 naturelle (gauche), la puce d&#8217;eau vient &#8220;d\u00e9barrasser&#8221;\u00a0la couche sup\u00e9rieure\u00a0des eaux des algues qui y sont pr\u00e9sentes . Si la nuit est tr\u00e8s \u00e9clair\u00e9e, la puce reste\u00a0dans les couches profondes\u00a0(droite). R\u00e9sutat: les algues se propagent librement.<\/figcaption><\/figure>\n<p>&nbsp;<\/p>\n<p>&nbsp;<\/p>\n<p>&nbsp;<\/p>\n<p>&nbsp;<\/p>\n","protected":false},"excerpt":{"rendered":"<p>La pollution lumineuse peut sensiblement perturber la vie des animaux nocturnes. Les oiseaux migrateurs succombent au cours de leur long voyage, et des insectes meurent massivement. Pour beaucoup d&#8217;esp\u00e8ces animales, l&#8217;obscurit\u00e9 est un \u00e9l\u00e9ment\u00a0vital. Au cours de l&#8217;\u00e9volution, elles se sont adapt\u00e9es au changement jour-nuit. Il existe\u00a0ainsi des animaux diurnes et nocturnes, qui ont donc &hellip; <a href=\"https:\/\/www.darksky.ch\/dss\/fr\/a-savoir\/limpact-de-la-pollution-lumineuse\/gefaehrdete-tierwelt\/\" class=\"more-link\">Continue reading<span class=\"screen-reader-text\"> &#8220;Une faune menac\u00e9e&#8221;<\/span><\/a><\/p>\n","protected":false},"author":2,"featured_media":0,"parent":3544,"menu_order":0,"comment_status":"closed","ping_status":"closed","template":"","meta":{"_acf_changed":false,"footnotes":""},"class_list":["post-5763","page","type-page","status-publish","hentry"],"acf":[],"_links":{"self":[{"href":"https:\/\/www.darksky.ch\/dss\/fr\/wp-json\/wp\/v2\/pages\/5763","targetHints":{"allow":["GET"]}}],"collection":[{"href":"https:\/\/www.darksky.ch\/dss\/fr\/wp-json\/wp\/v2\/pages"}],"about":[{"href":"https:\/\/www.darksky.ch\/dss\/fr\/wp-json\/wp\/v2\/types\/page"}],"author":[{"embeddable":true,"href":"https:\/\/www.darksky.ch\/dss\/fr\/wp-json\/wp\/v2\/users\/2"}],"replies":[{"embeddable":true,"href":"https:\/\/www.darksky.ch\/dss\/fr\/wp-json\/wp\/v2\/comments?post=5763"}],"version-history":[{"count":9,"href":"https:\/\/www.darksky.ch\/dss\/fr\/wp-json\/wp\/v2\/pages\/5763\/revisions"}],"predecessor-version":[{"id":11422,"href":"https:\/\/www.darksky.ch\/dss\/fr\/wp-json\/wp\/v2\/pages\/5763\/revisions\/11422"}],"up":[{"embeddable":true,"href":"https:\/\/www.darksky.ch\/dss\/fr\/wp-json\/wp\/v2\/pages\/3544"}],"wp:attachment":[{"href":"https:\/\/www.darksky.ch\/dss\/fr\/wp-json\/wp\/v2\/media?parent=5763"}],"curies":[{"name":"wp","href":"https:\/\/api.w.org\/{rel}","templated":true}]}}