

{"id":5765,"date":"2016-08-30T17:18:10","date_gmt":"2016-08-30T15:18:10","guid":{"rendered":"http:\/\/www.darksky.ch\/dsx\/fr\/?page_id=5765"},"modified":"2017-02-23T09:08:52","modified_gmt":"2017-02-23T08:08:52","slug":"gestresste-pflanzen","status":"publish","type":"page","link":"https:\/\/www.darksky.ch\/dss\/fr\/a-savoir\/limpact-de-la-pollution-lumineuse\/gestresste-pflanzen\/","title":{"rendered":"Une v\u00e9g\u00e9tation stress\u00e9e"},"content":{"rendered":"<div class=\"mceTemp\"><strong>La croissance des plantes perturb\u00e9e<\/strong><\/div>\n<p>La luminosit\u00e9 nocturne affecte la croissance des plantes. Les p\u00e9riodes de floraison peuvent \u00eatre d\u00e9cal\u00e9es dans le temps, et notamment occasionner des dommages d\u00fbs au gel.<\/p>\n<div class=\"csc-textpic-text\">\n<p class=\"bodytext\">La dur\u00e9e d&#8217;\u00e9clairement est d\u00e9terminante pour les processus de d\u00e9veloppement des v\u00e9g\u00e9taux. La dur\u00e9e du jour et de la nuit influence de plusieurs mani\u00e8res le d\u00e9but et la fin des p\u00e9riodes de dormance, le rythme de croissance, la floraison, la s\u00e9nescence, la chute des feuilles et la r\u00e9sistance au gel.<\/p>\n<p class=\"bodytext\">Bien que les effets de la lumi\u00e8re artificielle sur les plantes en milieu naturel soient encore largement inexplor\u00e9s, il existe des preuves d&#8217;\u00abeffets ind\u00e9sirables\u00bb. On peut par exemple observer que les \u00e9missions de lumi\u00e8re d\u00e9clenchent chez certaines plantes une pousse des feuilles ou une floraison trop pr\u00e9coces. Des nuits artificiellement plus courtes en automne peuvent aussi retarder la chute des feuilles  et le d\u00e9but de la dormance hivernale.<\/p>\n<p class=\"bodytext\">Tous ces effets peuvent conduire \u00e0 un risque de gel et \u00e0 un affaiblissement g\u00e9n\u00e9ral des plantes situ\u00e9es dans le rayon lumineux.<\/p>\n<figure id=\"attachment_488\" aria-describedby=\"caption-attachment-488\" style=\"width: 285px\" class=\"wp-caption alignnone\"><img loading=\"lazy\" decoding=\"async\" class=\"wp-image-488 size-full\" src=\"http:\/\/www.darksky.ch\/dss\/wp-content\/uploads\/2016\/08\/pflanzen.jpg\" alt=\"Nur die Bl\u00e4tter unter der Strassenlampe haben noch nicht gemerkt, dass es Herbst ist.\" width=\"285\" height=\"252\" \/><figcaption id=\"caption-attachment-488\" class=\"wp-caption-text\">Ici, seules les feuilles situ\u00e9es sous l&#8217;\u00e9clairage public n&#8217;ont pas remarqu\u00e9 l&#8217;arriv\u00e9e de l&#8217;automne.<\/figcaption><\/figure>\n<p>&nbsp;<\/p>\n<p class=\"bodytext\">\n<\/div>\n","protected":false},"excerpt":{"rendered":"<p>La croissance des plantes perturb\u00e9e La luminosit\u00e9 nocturne affecte la croissance des plantes. Les p\u00e9riodes de floraison peuvent \u00eatre d\u00e9cal\u00e9es dans le temps, et notamment occasionner des dommages d\u00fbs au gel. La dur\u00e9e d&#8217;\u00e9clairement est d\u00e9terminante pour les processus de d\u00e9veloppement des v\u00e9g\u00e9taux. La dur\u00e9e du jour et de la nuit influence de plusieurs mani\u00e8res &hellip; <a href=\"https:\/\/www.darksky.ch\/dss\/fr\/a-savoir\/limpact-de-la-pollution-lumineuse\/gestresste-pflanzen\/\" class=\"more-link\">Continue reading<span class=\"screen-reader-text\"> &#8220;Une v\u00e9g\u00e9tation stress\u00e9e&#8221;<\/span><\/a><\/p>\n","protected":false},"author":2,"featured_media":0,"parent":3544,"menu_order":1,"comment_status":"closed","ping_status":"closed","template":"","meta":{"_acf_changed":false,"footnotes":""},"class_list":["post-5765","page","type-page","status-publish","hentry"],"acf":[],"_links":{"self":[{"href":"https:\/\/www.darksky.ch\/dss\/fr\/wp-json\/wp\/v2\/pages\/5765","targetHints":{"allow":["GET"]}}],"collection":[{"href":"https:\/\/www.darksky.ch\/dss\/fr\/wp-json\/wp\/v2\/pages"}],"about":[{"href":"https:\/\/www.darksky.ch\/dss\/fr\/wp-json\/wp\/v2\/types\/page"}],"author":[{"embeddable":true,"href":"https:\/\/www.darksky.ch\/dss\/fr\/wp-json\/wp\/v2\/users\/2"}],"replies":[{"embeddable":true,"href":"https:\/\/www.darksky.ch\/dss\/fr\/wp-json\/wp\/v2\/comments?post=5765"}],"version-history":[{"count":10,"href":"https:\/\/www.darksky.ch\/dss\/fr\/wp-json\/wp\/v2\/pages\/5765\/revisions"}],"predecessor-version":[{"id":6232,"href":"https:\/\/www.darksky.ch\/dss\/fr\/wp-json\/wp\/v2\/pages\/5765\/revisions\/6232"}],"up":[{"embeddable":true,"href":"https:\/\/www.darksky.ch\/dss\/fr\/wp-json\/wp\/v2\/pages\/3544"}],"wp:attachment":[{"href":"https:\/\/www.darksky.ch\/dss\/fr\/wp-json\/wp\/v2\/media?parent=5765"}],"curies":[{"name":"wp","href":"https:\/\/api.w.org\/{rel}","templated":true}]}}