

{"id":5769,"date":"2016-08-30T17:39:47","date_gmt":"2016-08-30T15:39:47","guid":{"rendered":"http:\/\/www.darksky.ch\/dsx\/fr\/?page_id=5769"},"modified":"2017-04-03T01:03:50","modified_gmt":"2017-04-02T23:03:50","slug":"unnoetiger-strombezug","status":"publish","type":"page","link":"https:\/\/www.darksky.ch\/dss\/fr\/a-savoir\/limpact-de-la-pollution-lumineuse\/unnoetiger-strombezug\/","title":{"rendered":"Une consommation inutile d&#8217;\u00e9nergie"},"content":{"rendered":"<p>Les lampes allum\u00e9es inutilement consomment de l\u2019\u00e9nergie. Mais l\u2019\u00e9nergie n\u2019est pas gratuite. En \u00e9clairant de mani\u00e8re raisonnable, on peut \u00e9conomiser de l\u2019argent.<\/p>\n<div class=\"csc-textpic-text\">\n<p class=\"bodytext\"><em>Dark-Sky Switzerland: Un luminaire \u00e9teint consomme\u00a0le moins d&#8217;\u00e9nergie \u2013 en fait presque aucune.<\/em><\/p>\n<p>Pourquoi faisons-nous tous les jours aussi peu attention \u00e0 la consommation d\u2019\u00e9lectricit\u00e9\u00a0? Au Moyen-\u00e2ge, il fallait d\u00e9penser le salaire d\u2019une journ\u00e9e de travail pour acheter une bougie. On r\u00e9fl\u00e9chissait alors bien avant d\u2019allumer ou non une bougie.<\/p>\n<p>Aujourd\u2019hui, pour un salaire journalier moyen, on pourrait laisser une lampe LED briller\u00a0pendant 400 ans. Le prix de l\u2019\u00e9nergie \u00e9lectrique est de nos jours tr\u00e8s bas. Par cons\u00e9quent, les co\u00fbts par rapport \u00e0 d\u2019autres sources d\u2019\u00e9nergie (par ex. l\u2019essence) sont comparativement faibles.<\/p>\n<p>M\u00eame si le co\u00fbt de l\u2019\u00e9nergie est bas, \u00e9teindre reste\u00a0rentable. Plusieurs communes suisses ont d\u00e9j\u00e0 \u00e9conomis\u00e9 des milliers de Francs par an\u00a0en r\u00e9duisant l\u2019\u00e9clairage public.<\/p>\n<figure id=\"attachment_499\" aria-describedby=\"caption-attachment-499\" style=\"width: 300px\" class=\"wp-caption alignleft\"><img loading=\"lazy\" decoding=\"async\" class=\"size-full wp-image-499\" src=\"http:\/\/www.darksky.ch\/dss\/wp-content\/uploads\/2016\/08\/kerze.jpg\" alt=\"Die Menschen im Mittelalter haben sich sehr genau \u00fcberlegt, wann eine Kerze angez\u00fcndet wird und wann nicht. Heute gehen wir mit der Energie weitgehend gedankenlos um.\" width=\"300\" height=\"200\" \/><figcaption id=\"caption-attachment-499\" class=\"wp-caption-text\">Au Moyen-\u00e2ge, les hommes y r\u00e9fl\u00e9chissaient \u00e0 deux fois avant d&#8217;allumer ou non une bougie. Aujourd&#8217;hui, on utilise l&#8217;\u00e9nergie sans y penser.<\/figcaption><\/figure>\n<p>&nbsp;<\/p>\n<\/div>\n<div class=\"csc-textpic-imagewrap\"><\/div>\n<p>&nbsp;<\/p>\n","protected":false},"excerpt":{"rendered":"<p>Les lampes allum\u00e9es inutilement consomment de l\u2019\u00e9nergie. Mais l\u2019\u00e9nergie n\u2019est pas gratuite. En \u00e9clairant de mani\u00e8re raisonnable, on peut \u00e9conomiser de l\u2019argent. Dark-Sky Switzerland: Un luminaire \u00e9teint consomme\u00a0le moins d&#8217;\u00e9nergie \u2013 en fait presque aucune. Pourquoi faisons-nous tous les jours aussi peu attention \u00e0 la consommation d\u2019\u00e9lectricit\u00e9\u00a0? Au Moyen-\u00e2ge, il fallait d\u00e9penser le salaire d\u2019une &hellip; <a href=\"https:\/\/www.darksky.ch\/dss\/fr\/a-savoir\/limpact-de-la-pollution-lumineuse\/unnoetiger-strombezug\/\" class=\"more-link\">Continue reading<span class=\"screen-reader-text\"> &#8220;Une consommation inutile d&#8217;\u00e9nergie&#8221;<\/span><\/a><\/p>\n","protected":false},"author":2,"featured_media":0,"parent":3544,"menu_order":3,"comment_status":"closed","ping_status":"closed","template":"","meta":{"_acf_changed":false,"footnotes":""},"class_list":["post-5769","page","type-page","status-publish","hentry"],"acf":[],"_links":{"self":[{"href":"https:\/\/www.darksky.ch\/dss\/fr\/wp-json\/wp\/v2\/pages\/5769","targetHints":{"allow":["GET"]}}],"collection":[{"href":"https:\/\/www.darksky.ch\/dss\/fr\/wp-json\/wp\/v2\/pages"}],"about":[{"href":"https:\/\/www.darksky.ch\/dss\/fr\/wp-json\/wp\/v2\/types\/page"}],"author":[{"embeddable":true,"href":"https:\/\/www.darksky.ch\/dss\/fr\/wp-json\/wp\/v2\/users\/2"}],"replies":[{"embeddable":true,"href":"https:\/\/www.darksky.ch\/dss\/fr\/wp-json\/wp\/v2\/comments?post=5769"}],"version-history":[{"count":5,"href":"https:\/\/www.darksky.ch\/dss\/fr\/wp-json\/wp\/v2\/pages\/5769\/revisions"}],"predecessor-version":[{"id":6995,"href":"https:\/\/www.darksky.ch\/dss\/fr\/wp-json\/wp\/v2\/pages\/5769\/revisions\/6995"}],"up":[{"embeddable":true,"href":"https:\/\/www.darksky.ch\/dss\/fr\/wp-json\/wp\/v2\/pages\/3544"}],"wp:attachment":[{"href":"https:\/\/www.darksky.ch\/dss\/fr\/wp-json\/wp\/v2\/media?parent=5769"}],"curies":[{"name":"wp","href":"https:\/\/api.w.org\/{rel}","templated":true}]}}