

{"id":5771,"date":"2016-08-30T17:51:26","date_gmt":"2016-08-30T15:51:26","guid":{"rendered":"http:\/\/www.darksky.ch\/dsx\/fr\/?page_id=5771"},"modified":"2017-04-03T01:02:41","modified_gmt":"2017-04-02T23:02:41","slug":"vermeintliche-sicherheit","status":"publish","type":"page","link":"https:\/\/www.darksky.ch\/dss\/fr\/a-savoir\/limpact-de-la-pollution-lumineuse\/vermeintliche-sicherheit\/","title":{"rendered":"Une s\u00e9curit\u00e9 trompeuse"},"content":{"rendered":"<p>De nuit, la lumi\u00e8re apporte la s\u00e9curit\u00e9. C&#8217;est en tout cas l&#8217;id\u00e9e largement r\u00e9pandue. Mais les apparences sont\u00a0trompeuses. La lumi\u00e8re peut avoir l&#8217;effet inverse. En effet, un aspect\u00a0de la s\u00e9curit\u00e9 consiste en\u00a0la capacit\u00e9 d&#8217;orientation dans l&#8217;obscurit\u00e9, et l&#8217;orientation d\u00e9pend, elle, de la qualit\u00e9 des sources de lumi\u00e8re et d&#8217;un contraste peu \u00e9blouissant.<\/p>\n<p>Les personnes \u00e2g\u00e9es en particuliers sont plus rapidement \u00e9blouies car leurs pupilles ne s&#8217;ouvrent plus aussi largement que chez des personnes jeunes (ce que provoque un contraste \u00e9lev\u00e9), mais aussi parce que le cristallin de l&#8217;oeil peut d\u00e9velopper avec l&#8217;\u00e2ge des opacit\u00e9s qui entra\u00eenent\u00a0des Streureflexe internes.<\/p>\n<p><em>Dark-Sky Switzerland: Plus de lumi\u00e8re ne signifie pas automatiquement plus de s\u00e9curit\u00e9.<\/em><\/p>\n<div id=\"main\">\n<div id=\"col3\">\n<div id=\"col3_content\" class=\"clearfix\">\n<div id=\"c168\" class=\"csc-default\">\n<div class=\"csc-textpic csc-textpic-left csc-textpic-below\">\n<div class=\"csc-textpic-text\">\n<p class=\"bodytext\">Au cours des derni\u00e8res ann\u00e9es, les politiques ont r\u00e9pandu\u00a0la th\u00e8se selon laquelle plus de lumi\u00e8re signifiait aussi plus de s\u00e9curit\u00e9. Certes la lumi\u00e8re apporte effectivement aux hommes un sentiment de s\u00e9curit\u00e9, mais celui-ci reste\u00a0subjectif.<\/p>\n<p class=\"bodytext\">Il n&#8217;existe au contraire aucune preuve d&#8217;une corr\u00e9lation entre lumi\u00e8re et s\u00e9curit\u00e9. L&#8217;exemple le plus criant en est celui des \u00e9clairages dits &#8220;de choc&#8221;, install\u00e9s\u00a0sur les maisons afin de pr\u00e9venir des cambriolages. Le fait est que les cambrioleurs ne sont aucunement stopp\u00e9s\u00a0par ces types de dispositifs.<\/p>\n<p class=\"bodytext\"><b>La lumi\u00e8re, mal utilis\u00e9e, peut m\u00eame diminuer la s\u00e9curit\u00e9: par \u00e9blouissement<\/b><\/p>\n<p class=\"bodytext\"><b>Transport<\/b>: si un automobiliste est aveugl\u00e9 par un \u00e9clairage mal orient\u00e9, des pi\u00e9tons, cyclistes ou autres usagers de la route peuvent \u00eatre s\u00e9rieusement mis en danger.<\/p>\n<p class=\"bodytext\"><b>Voies pi\u00e9tonnes<\/b>: la plupart des \u00e9clairages employ\u00e9s \u00e0 l&#8217;heure actuelle dans les lotissements (par ex. globes, ou lin\u00e9aires) \u00e9blouissent les pi\u00e9tons. La lumi\u00e8re aveuglante a pour effet de faire \u00abdispara\u00eetre\u00bb le chemin, ce qui finalement r\u00e9duit la s\u00e9curit\u00e9.<\/p>\n<p class=\"bodytext\"><b>Distributeurs automatiques<\/b>: les banques sugg\u00e8rent\u00a0\u00e0 leurs clients un sentiment de s\u00e9curit\u00e9, avec des distributeurs illumin\u00e9s la\u00a0nuit. Mais l&#8217;intensit\u00e9 lumineuse est telle qu&#8217;elle \u00e9blouit les clients et a pour effet que les personnes situ\u00e9es en dehors du c\u00f4ne lumineux, dans l&#8217;obscurit\u00e9 donc, sont \u00e0 peine visibles.<\/p>\n<p class=\"bodytext\"><b>Par ailleurs,<\/b>\u00a0avec l&#8217;\u00e2ge, l&#8217;oeil humain a plus de difficult\u00e9s \u00e0 s&#8217;adapter \u00e0 des conditions de luminosit\u00e9 qui changent rapidement.<\/p>\n<figure id=\"attachment_504\" aria-describedby=\"caption-attachment-504\" style=\"width: 799px\" class=\"wp-caption alignleft\"><img loading=\"lazy\" decoding=\"async\" class=\"size-full wp-image-504\" src=\"http:\/\/www.darksky.ch\/dss\/wp-content\/uploads\/2016\/08\/blendenderweg.jpg\" alt=\" Dieser Weg ist denkbar ung\u00fcnstig ausgeleuchtet. Der Boden, der f\u00fcr die Fussg\u00e4nger sichtbar sein sollte, ist nur direkt neben den Lampen gut sichtbar. Dazwischen entstehen Beleuchtungsl\u00fccken. Die Sichtverh\u00e4ltnisse verschlechtern sich zus\u00e4tzlich durch die Blendung.\" width=\"799\" height=\"600\" srcset=\"https:\/\/www.darksky.ch\/dss\/wp-content\/uploads\/2016\/08\/blendenderweg.jpg 799w, https:\/\/www.darksky.ch\/dss\/wp-content\/uploads\/2016\/08\/blendenderweg-300x225.jpg 300w\" sizes=\"auto, (max-width: 799px) 85vw, 799px\" \/><figcaption id=\"caption-attachment-504\" class=\"wp-caption-text\"><br \/>Ce passage est \u00e9clair\u00e9 de la pire mani\u00e8re envisageable. Le sol, qui devrait pourtant \u00eatre visible par les pi\u00e9tons, ne l&#8217;est qu&#8217;\u00e0 proximit\u00e9 directe des \u00e9clairages. Et entre ces derniers, des espaces\u00a0restent non \u00e9clair\u00e9s. De plus, la visibilit\u00e9 est\u00a0d\u00e9grad\u00e9e du fait de l&#8217;\u00e9blouissement.<\/figcaption><\/figure>\n<\/div>\n<p>Consid\u00e9rons aussi ce fait: celui qui\u00a0doit se lever au milieu de la nuit (par ex. pour aller \u00e0 la salle de bain) atteint toujours son but, m\u00eame avec extr\u00eamement\u00a0peu de lumi\u00e8re.<\/p>\n<p>Quiconque\u00a0a d\u00e9j\u00e0 fait l&#8217;exp\u00e9rience d&#8217;une randonn\u00e9e sous la pleine-Lune sait combien notre satellite brille. Il s&#8217;agit au maximum de 0.26 Lux. N&#8217;importe quel\u00a0\u00e9clairage public d\u00e9passe de loin le clair de Lune (5-20 Lux). Ceci d\u00e9montre bien que nous n&#8217;avons besoin que de tr\u00e8s peu de lumi\u00e8re\u00a0pour nous\u00a0orienter.<\/p>\n<p>La lumi\u00e8re du jour peut quant \u00e0 elle atteindre\u00a0plus de 100&#8217;000 Lux.<\/p>\n<\/div>\n<\/div>\n<\/div>\n<\/div>\n<\/div>\n","protected":false},"excerpt":{"rendered":"<p>De nuit, la lumi\u00e8re apporte la s\u00e9curit\u00e9. C&#8217;est en tout cas l&#8217;id\u00e9e largement r\u00e9pandue. Mais les apparences sont\u00a0trompeuses. La lumi\u00e8re peut avoir l&#8217;effet inverse. En effet, un aspect\u00a0de la s\u00e9curit\u00e9 consiste en\u00a0la capacit\u00e9 d&#8217;orientation dans l&#8217;obscurit\u00e9, et l&#8217;orientation d\u00e9pend, elle, de la qualit\u00e9 des sources de lumi\u00e8re et d&#8217;un contraste peu \u00e9blouissant. Les personnes \u00e2g\u00e9es &hellip; <a href=\"https:\/\/www.darksky.ch\/dss\/fr\/a-savoir\/limpact-de-la-pollution-lumineuse\/vermeintliche-sicherheit\/\" class=\"more-link\">Continue reading<span class=\"screen-reader-text\"> &#8220;Une s\u00e9curit\u00e9 trompeuse&#8221;<\/span><\/a><\/p>\n","protected":false},"author":2,"featured_media":0,"parent":3544,"menu_order":4,"comment_status":"closed","ping_status":"closed","template":"","meta":{"_acf_changed":false,"footnotes":""},"class_list":["post-5771","page","type-page","status-publish","hentry"],"acf":[],"_links":{"self":[{"href":"https:\/\/www.darksky.ch\/dss\/fr\/wp-json\/wp\/v2\/pages\/5771","targetHints":{"allow":["GET"]}}],"collection":[{"href":"https:\/\/www.darksky.ch\/dss\/fr\/wp-json\/wp\/v2\/pages"}],"about":[{"href":"https:\/\/www.darksky.ch\/dss\/fr\/wp-json\/wp\/v2\/types\/page"}],"author":[{"embeddable":true,"href":"https:\/\/www.darksky.ch\/dss\/fr\/wp-json\/wp\/v2\/users\/2"}],"replies":[{"embeddable":true,"href":"https:\/\/www.darksky.ch\/dss\/fr\/wp-json\/wp\/v2\/comments?post=5771"}],"version-history":[{"count":7,"href":"https:\/\/www.darksky.ch\/dss\/fr\/wp-json\/wp\/v2\/pages\/5771\/revisions"}],"predecessor-version":[{"id":6993,"href":"https:\/\/www.darksky.ch\/dss\/fr\/wp-json\/wp\/v2\/pages\/5771\/revisions\/6993"}],"up":[{"embeddable":true,"href":"https:\/\/www.darksky.ch\/dss\/fr\/wp-json\/wp\/v2\/pages\/3544"}],"wp:attachment":[{"href":"https:\/\/www.darksky.ch\/dss\/fr\/wp-json\/wp\/v2\/media?parent=5771"}],"curies":[{"name":"wp","href":"https:\/\/api.w.org\/{rel}","templated":true}]}}