

{"id":5773,"date":"2016-08-30T18:04:13","date_gmt":"2016-08-30T16:04:13","guid":{"rendered":"http:\/\/www.darksky.ch\/dsx\/fr\/?page_id=5773"},"modified":"2017-04-03T01:05:09","modified_gmt":"2017-04-02T23:05:09","slug":"kultureller-verlust","status":"publish","type":"page","link":"https:\/\/www.darksky.ch\/dss\/fr\/a-savoir\/limpact-de-la-pollution-lumineuse\/kultureller-verlust\/","title":{"rendered":"Une perte culturelle"},"content":{"rendered":"<p>Pendant des mill\u00e9naires, le ciel \u00e9toil\u00e9 a influenc\u00e9 et interpell\u00e9 les hommes. Depuis toujours il a fa\u00e7onn\u00e9 les d\u00e9veloppements culturels et scientifiques, et a \u00e9t\u00e9 une source d\u2019inspiration pour les po\u00e8tes, les penseurs et les navigateurs.<\/p>\n<p><em>Dark-Sky Switzerland: La source d\u2019inspiration qu\u2019est le ciel \u00e9toil\u00e9 ach\u00e8ve de se tarir\u00a0devant nos yeux, lentement mais s\u00fbrement.<\/em><\/p>\n<p>Les com\u00e8tes, par exemple, \u00e9taient pour certains peuples pr\u00e9sages de calamit\u00e9s qui s\u2019annon\u00e7aient avec l\u2019illumination du spectacle c\u00e9leste. Des conjonctions sp\u00e9ciales d\u2019\u00e9toiles dans le firmament annon\u00e7aient de grands \u00e9v\u00e8nements, comme la naissance de J\u00e9sus dans le christianisme. Plus tard aussi le ciel \u00e9toil\u00e9 a eu une influence significative sur le progr\u00e8s. Les grands explorateurs dirigeaient leurs navires sur des mers immenses en s\u2019aidant entre autres des \u00e9toiles.<\/p>\n<div class=\"csc-textpic-text\">\n<p class=\"bodytext\">Aujourd\u2019hui, le ciel nocturne est de plus en plus noy\u00e9 dans la lumi\u00e8re des grandes villes. Ainsi dispara\u00eet l\u2019un des ph\u00e9nom\u00e8nes naturels les plus impressionnants de notre plan\u00e8te. Si vous voulez encore faire l\u2019exp\u00e9rience d\u2019un ciel nocturne noir, avec ses \u00e9toiles scintillantes, ses galaxies et ses nuages de gaz en filigrane, vous devez aller dans les hautes montagnes ou effectuer un voyage co\u00fbteux dans des r\u00e9gions recul\u00e9es de la plan\u00e8te.<\/p>\n<p class=\"bodytext\"><em>Dark-Sky Switzerland: Alors qu\u2019il suffirait d\u2019\u00e9teindre les lumi\u00e8res pour observer un ciel parsem\u00e9 d\u2019\u00e9toiles.<\/em><\/p>\n<\/div>\n<figure id=\"attachment_512\" aria-describedby=\"caption-attachment-512\" style=\"width: 300px\" class=\"wp-caption alignleft\"><img loading=\"lazy\" decoding=\"async\" class=\"wp-image-512 size-full\" src=\"http:\/\/www.darksky.ch\/dss\/wp-content\/uploads\/2016\/08\/stonehenge.jpg\" alt=\"stonehenge\" width=\"300\" height=\"200\" \/><figcaption id=\"caption-attachment-512\" class=\"wp-caption-text\">Stonehenge<\/figcaption><\/figure>\n<figure id=\"attachment_510\" aria-describedby=\"caption-attachment-510\" style=\"width: 272px\" class=\"wp-caption alignleft\"><img loading=\"lazy\" decoding=\"async\" class=\"size-full wp-image-510\" src=\"http:\/\/www.darksky.ch\/dss\/wp-content\/uploads\/2016\/08\/komet_bayeux.gif\" alt=\"Komet von Bayeux\" width=\"272\" height=\"192\" \/><figcaption id=\"caption-attachment-510\" class=\"wp-caption-text\">Tapisserie de Bayeux repr\u00e9sentant la Com\u00e8te de Halley<\/figcaption><\/figure>\n<figure id=\"attachment_511\" aria-describedby=\"caption-attachment-511\" style=\"width: 287px\" class=\"wp-caption alignleft\"><img loading=\"lazy\" decoding=\"async\" class=\"wp-image-511 size-full\" src=\"http:\/\/www.darksky.ch\/dss\/wp-content\/uploads\/2016\/08\/seefahrer.jpg\" alt=\"Seefahrer\" width=\"287\" height=\"311\" srcset=\"https:\/\/www.darksky.ch\/dss\/wp-content\/uploads\/2016\/08\/seefahrer.jpg 287w, https:\/\/www.darksky.ch\/dss\/wp-content\/uploads\/2016\/08\/seefahrer-277x300.jpg 277w\" sizes=\"auto, (max-width: 287px) 85vw, 287px\" \/><figcaption id=\"caption-attachment-511\" class=\"wp-caption-text\">Navigateur<\/figcaption><\/figure>\n<p>&nbsp;<\/p>\n<p>&nbsp;<\/p>\n<p>&nbsp;<\/p>\n<p>&nbsp;<\/p>\n<p>&nbsp;<\/p>\n<p>&nbsp;<\/p>\n<p>&nbsp;<\/p>\n<p>&nbsp;<\/p>\n<p>&nbsp;<\/p>\n<p>&nbsp;<\/p>\n<p>&nbsp;<\/p>\n<p>&nbsp;<\/p>\n<p>Pour les civilisations primitives, le ciel \u00e9toil\u00e9 avaient une grande signification, comme l\u2019ont par exemple montr\u00e9 les travaux de recherche sur le site de Stonehenge (gauche). La com\u00e8te de Halley est repr\u00e9sent\u00e9e sur la Tapisserie de Bayeux (centre), qui date du Moyen-\u00e2ge. Sans les \u00e9toiles, les anciens navigateurs n\u2019auraient jamais pu atteindre leurs buts (droite).<\/p>\n<p>&nbsp;<\/p>\n","protected":false},"excerpt":{"rendered":"<p>Pendant des mill\u00e9naires, le ciel \u00e9toil\u00e9 a influenc\u00e9 et interpell\u00e9 les hommes. Depuis toujours il a fa\u00e7onn\u00e9 les d\u00e9veloppements culturels et scientifiques, et a \u00e9t\u00e9 une source d\u2019inspiration pour les po\u00e8tes, les penseurs et les navigateurs. Dark-Sky Switzerland: La source d\u2019inspiration qu\u2019est le ciel \u00e9toil\u00e9 ach\u00e8ve de se tarir\u00a0devant nos yeux, lentement mais s\u00fbrement. Les &hellip; <a href=\"https:\/\/www.darksky.ch\/dss\/fr\/a-savoir\/limpact-de-la-pollution-lumineuse\/kultureller-verlust\/\" class=\"more-link\">Continue reading<span class=\"screen-reader-text\"> &#8220;Une perte culturelle&#8221;<\/span><\/a><\/p>\n","protected":false},"author":2,"featured_media":0,"parent":3544,"menu_order":5,"comment_status":"closed","ping_status":"closed","template":"","meta":{"_acf_changed":false,"footnotes":""},"class_list":["post-5773","page","type-page","status-publish","hentry"],"acf":[],"_links":{"self":[{"href":"https:\/\/www.darksky.ch\/dss\/fr\/wp-json\/wp\/v2\/pages\/5773","targetHints":{"allow":["GET"]}}],"collection":[{"href":"https:\/\/www.darksky.ch\/dss\/fr\/wp-json\/wp\/v2\/pages"}],"about":[{"href":"https:\/\/www.darksky.ch\/dss\/fr\/wp-json\/wp\/v2\/types\/page"}],"author":[{"embeddable":true,"href":"https:\/\/www.darksky.ch\/dss\/fr\/wp-json\/wp\/v2\/users\/2"}],"replies":[{"embeddable":true,"href":"https:\/\/www.darksky.ch\/dss\/fr\/wp-json\/wp\/v2\/comments?post=5773"}],"version-history":[{"count":10,"href":"https:\/\/www.darksky.ch\/dss\/fr\/wp-json\/wp\/v2\/pages\/5773\/revisions"}],"predecessor-version":[{"id":6996,"href":"https:\/\/www.darksky.ch\/dss\/fr\/wp-json\/wp\/v2\/pages\/5773\/revisions\/6996"}],"up":[{"embeddable":true,"href":"https:\/\/www.darksky.ch\/dss\/fr\/wp-json\/wp\/v2\/pages\/3544"}],"wp:attachment":[{"href":"https:\/\/www.darksky.ch\/dss\/fr\/wp-json\/wp\/v2\/media?parent=5773"}],"curies":[{"name":"wp","href":"https:\/\/api.w.org\/{rel}","templated":true}]}}