

{"id":11950,"date":"2020-04-20T18:17:00","date_gmt":"2020-04-20T16:17:00","guid":{"rendered":"http:\/\/www.darksky.ch\/dsx\/?page_id=11950"},"modified":"2020-04-27T11:59:04","modified_gmt":"2020-04-27T09:59:04","slug":"paesaggi-notturni","status":"publish","type":"page","link":"https:\/\/www.darksky.ch\/dss\/it\/ispirazione\/paesaggi-notturni\/","title":{"rendered":"Paesaggi Notturni"},"content":{"rendered":"\n<div class=\"wp-block-group\"><div class=\"wp-block-group__inner-container is-layout-flow wp-block-group-is-layout-flow\">\n<table style=\"border-collapse: collapse; width: 100%;\">\n<tbody>\n<tr>\n<td style=\"width: 100%;\">\n<p><em><strong>Paesaggi Notturni\u2013 come ce li sognamo<\/strong><\/em><\/p>\n<p>Oggi Dark-Sky Switzerland si considera un&#8217;organizzazione ambientalista. Tuttavia, sono stati gli astronomi ad accorgersi per primi dell&#8217;aumento dell&#8217;inquinamento luminoso nel loro lavoro. Erano presenti quando \u00e8 stata fondata la International Dark-Sky Association (IDA), di cui fa parte anche la Dark-Sky Switzerland. Sono stati tra i primi a notare la crescente scomparsa della notte &#8211; e con essa la scomparsa del cielo stellato.<\/p>\n<p>Urs Leutenegger \u00e8 chimico, fotografo e membro di Dark-Sky Switzerland. Alle Isole Canarie La Palma e El Hierro ha fotografato il cielo stellato pi\u00f9 e pi\u00f9 volte negli ultimi anni, come possiamo solo sognarlo qui in Svizzera.<\/p>\n<p>Ci ha fornito sette meravigliosi scatti e ci ha fornito dei testi. Questi testi forniscono &#8211; in breve &#8211; informazioni astronomiche, fisiche e biochimiche. Richiamano alla mente dimensioni spaziali e temporali, creando sorprendenti connessioni tra ci\u00f2 che accade in cielo e sulla terra.<\/p>\n<blockquote>\n<p>Piccolo manuale di istruzioni: Guardate le riprese notturne in una stanza piuttosto buia, senza retroilluminazione dietro lo schermo, e cliccate sulle immagini per ingrandirle. In questo modo, la brillantezza delle fotografie prender\u00e0 il sopravvento.<\/p>\n<\/blockquote>\n<p>Chi \u00e8 interessato alla fotografia trover\u00e0 informazioni pi\u00f9 dettagliate su ogni foto.<\/p>\n<p>Siamo lieti di presentare questa stimolante raccolta sul nostro sito web e ringraziamo Urs Leutenegger per il suo lavoro sulle immagini e i testi &#8211; e per l&#8217;interessante collaborazione.<\/p>\n<p style=\"text-align: right;\"><em>Marianne&nbsp; Biedermann<\/em><\/p>\n<pre>Tutte le foto del paesaggio notturno su questa pagina sono cortesia e copyright di Urs Leutenegger, Svizzera. Riproduzione delle immagini solo con il suo permesso.<\/pre>\n<\/td>\n<\/tr>\n<\/tbody>\n<\/table>\n<\/div><\/div>\n\n\n\n<p>In questa calda sera d&#8217;autunno i colori a La Palma sono impazziti. Il panorama mostra il pianeta Giove e la costellazione dello Scorpione insieme a nubi rossastre, arancioni e rosa a diverse altitudini: tre quarti d&#8217;ora dopo il tramonto solo il lato inferiore delle nubi \u00e8 illuminato, il lato superiore \u00e8 in parte in ombra. Nuvole molto alte che sembrano quasi bianche.<\/p>\n<p>Per mantenere la struttura delle nuvole in movimento, \u00e8 stato realizzato un solo panorama a una sola linea ed \u00e8 stata scattata una sola ripresa per ogni posizione della telecamera; la pausa tra un&#8217;inquadratura e l&#8217;altra \u00e8 stata mantenuta il pi\u00f9 breve possibile.<\/p>\n<p><a href=\"\/\/www.darksky.ch\/dss\/wp-content\/uploads\/2020\/04\/6_DSC2037_Panorama_4k.jpg\" target=\"_blank\" rel=\"noopener noreferrer\"><img loading=\"lazy\" decoding=\"async\" class=\"aligncenter wp-image-12004\" src=\"http:\/\/www.darksky.ch\/dss\/wp-content\/uploads\/2020\/04\/6_DSC2037_Panorama_4k-scaled.jpg\" alt=\"Autumn dusk sky on La Palma. Orange-pink clouds, Jupiter in Scorpius.\" width=\"4911\" height=\"2160\" srcset=\"https:\/\/www.darksky.ch\/dss\/wp-content\/uploads\/2020\/04\/6_DSC2037_Panorama_4k-scaled.jpg 2560w, https:\/\/www.darksky.ch\/dss\/wp-content\/uploads\/2020\/04\/6_DSC2037_Panorama_4k-300x132.jpg 300w, https:\/\/www.darksky.ch\/dss\/wp-content\/uploads\/2020\/04\/6_DSC2037_Panorama_4k-1020x449.jpg 1020w, https:\/\/www.darksky.ch\/dss\/wp-content\/uploads\/2020\/04\/6_DSC2037_Panorama_4k-1536x676.jpg 1536w, https:\/\/www.darksky.ch\/dss\/wp-content\/uploads\/2020\/04\/6_DSC2037_Panorama_4k-2048x901.jpg 2048w, https:\/\/www.darksky.ch\/dss\/wp-content\/uploads\/2020\/04\/6_DSC2037_Panorama_4k-1200x528.jpg 1200w\" sizes=\"auto, (max-width: 709px) 85vw, (max-width: 909px) 67vw, (max-width: 1362px) 62vw, 840px\" \/><\/a><\/p>\n<pre>Nightscape panorama \u2013 one row \u2013 four camera positions \u2013 just a single frame per camera position to maintain the texture of the moving clouds and to avoid their smoothing out \u2013 four frames taken at 20:28 on October 15th, 2019 \u2013 Sony A7s not astro-modified, Zeiss Batis 18mm, f\/2.8, ISO 100, 10 sec \u2013 images aligned in PTGui \u2013 White Balance set to 4400K \u2013 reducing colour saturation in Lightroom.<\/pre>\n\n\n\n<p>Questo panorama \u00e8 stato ripreso nell&#8217;agosto 2019 vicino al Roque de los Muchachos (2426 m s.l.m.) a La Palma. Mostra l&#8217;arco della Via Lattea sulla Caldera de Taburiente. Spesso questo enorme bacino di crollo a forma di cratere del vulcano Garaf\u00eda, crollato pi\u00f9 di un milione di anni fa, si riempie di nebbia. Ma non in questa calda sera d&#8217;estate, quando anche alcune luci erano visibili nella Playa de Taburiente.<\/p>\n<p>A sud &#8211; a destra dell&#8217;immagine &#8211; dominano le costellazioni Scorpione e Sagittario, i pianeti Giove e Saturno e il centro della nostra stessa galassia. Sopra le costellazioni Aquila e Cigno il panorama conduce a nord. Un&#8217;immagine cos\u00ec sfumata delle nebulose scure finemente strutturate della nostra Via Lattea \u00e8 possibile solo con un inquinamento luminoso molto basso.<\/p>\n<p><a href=\"\/\/www.darksky.ch\/dss\/wp-content\/uploads\/2020\/04\/1_DSC5094_4k.jpg\" target=\"_blank\" rel=\"noopener noreferrer\"><img loading=\"lazy\" decoding=\"async\" class=\"aligncenter wp-image-12010\" src=\"http:\/\/www.darksky.ch\/dss\/wp-content\/uploads\/2020\/04\/1_DSC5094_4k-scaled.jpg\" alt=\"Summer Milky Way over Caldera de Taburiente, La Palma. Scorpio and Sagittarius in the south with Jupiter and Saturn, constellation Eagle and Swan towards north.\" width=\"3840\" height=\"2160\" srcset=\"https:\/\/www.darksky.ch\/dss\/wp-content\/uploads\/2020\/04\/1_DSC5094_4k-scaled.jpg 2560w, https:\/\/www.darksky.ch\/dss\/wp-content\/uploads\/2020\/04\/1_DSC5094_4k-300x169.jpg 300w, https:\/\/www.darksky.ch\/dss\/wp-content\/uploads\/2020\/04\/1_DSC5094_4k-1020x574.jpg 1020w, https:\/\/www.darksky.ch\/dss\/wp-content\/uploads\/2020\/04\/1_DSC5094_4k-1536x864.jpg 1536w, https:\/\/www.darksky.ch\/dss\/wp-content\/uploads\/2020\/04\/1_DSC5094_4k-2048x1152.jpg 2048w, https:\/\/www.darksky.ch\/dss\/wp-content\/uploads\/2020\/04\/1_DSC5094_4k-1200x675.jpg 1200w\" sizes=\"auto, (max-width: 709px) 85vw, (max-width: 909px) 67vw, (max-width: 1362px) 62vw, 840px\" \/><\/a><\/p>\n<pre>Nightscape panorama \u2013 two rows \u2013 seven camera positions per row \u2013 landscape: one frame per camera position, f\/2.8, ISO 400, 10 sec \u2013 sky: three frames per camera position, f\/2.8, ISO 6400, 10 sec, images noise reduced in Starry Landscape Stacker \u2013 landscape and sky images blended in Photoshop and aligned in PTGui \u2013 Sony A7s not astro-modified, Zeiss Batis 18mm \u2013 landscape: 14 frames taken between 21:43 and 21:47 \u2013 sky: 42 frames taken between 22:13 and 22:23 on August 2nd 2019.<\/pre>\n\n\n\n<p>Nella limpidissima notte del 2 gennaio 2019, la luce zodiacale ha affascinato con impressionante intensit\u00e0: in questo panorama a 300 gradi, il cono di luce diffuso creato dalla diffusione della luce solare sulle particelle di polvere interplanetaria, insieme all&#8217;arco della Via Lattea, adorna la sagoma del Pico de la Cruz (2351 m s.l.m.) su La Palma.<\/p>\n<p>All&#8217;estrema sinistra e alla destra dell&#8217;immagine si possono vedere le luci di Los Llanos de Aridane &#8211; la pi\u00f9 grande citt\u00e0 dell&#8217;isola &#8211; e la vicina isola vicina di Tenerife, inquinata dalla luce, a pi\u00f9 di 100 chilometri di distanza.<\/p>\n<p><strong><a href=\"\/\/www.darksky.ch\/dss\/wp-content\/uploads\/2020\/04\/2A_DSC01783_Panorama_Zodiakallicht_4k.jpg\" target=\"_blank\" rel=\"noopener noreferrer\"><img loading=\"lazy\" decoding=\"async\" class=\"aligncenter wp-image-12009\" src=\"http:\/\/www.darksky.ch\/dss\/wp-content\/uploads\/2020\/04\/2A_DSC01783_Panorama_Zodiakallicht_4k-scaled.jpg\" alt=\"Zodiacal light with Milky Way over silhouette of Pico de la Cruz, La Palma. Light pollution from Los Llanos de Aridane and Tenerife at horizon.\" width=\"5790\" height=\"2160\" srcset=\"https:\/\/www.darksky.ch\/dss\/wp-content\/uploads\/2020\/04\/2A_DSC01783_Panorama_Zodiakallicht_4k-scaled.jpg 2560w, https:\/\/www.darksky.ch\/dss\/wp-content\/uploads\/2020\/04\/2A_DSC01783_Panorama_Zodiakallicht_4k-300x112.jpg 300w, https:\/\/www.darksky.ch\/dss\/wp-content\/uploads\/2020\/04\/2A_DSC01783_Panorama_Zodiakallicht_4k-1020x380.jpg 1020w, https:\/\/www.darksky.ch\/dss\/wp-content\/uploads\/2020\/04\/2A_DSC01783_Panorama_Zodiakallicht_4k-1536x573.jpg 1536w, https:\/\/www.darksky.ch\/dss\/wp-content\/uploads\/2020\/04\/2A_DSC01783_Panorama_Zodiakallicht_4k-2048x764.jpg 2048w, https:\/\/www.darksky.ch\/dss\/wp-content\/uploads\/2020\/04\/2A_DSC01783_Panorama_Zodiakallicht_4k-1200x447.jpg 1200w\" sizes=\"auto, (max-width: 709px) 85vw, (max-width: 909px) 67vw, (max-width: 1362px) 62vw, 840px\" \/><\/a><\/strong><\/p>\n<pre>Nightscape panorama \u2013 two rows \u2013 ten camera positions per row \u2013 one frame per camera position (Sony A7s not astro-modified, Zeiss Batis 18mm, f\/2.8, ISO 10.000, 10 sec) \u2013 20 frames taken between 21:58 and 22:04 on January 2nd 2019 \u2013 images aligned in PTGui.<\/pre>\n<p>Il dipinto di osservazione dell&#8217;astronomo francese Etienne L\u00e9opold Trouvelot \u00e8 stato realizzato nel 1876, in un&#8217;epoca in cui l&#8217;astrofotografia era ancora agli inizi. Mostra la luce zodiacale a forma di V dell&#8217;orizzonte vicino nel cielo serale.<br><a href=\"http:\/\/www.darksky.ch\/dss\/wp-content\/uploads\/2020\/04\/NYPL_The_Zodiakal_Light.jpg\" target=\"_blank\" rel=\"noopener noreferrer\"><img loading=\"lazy\" decoding=\"async\" class=\"size-full wp-image-11924\" src=\"http:\/\/www.darksky.ch\/dss\/wp-content\/uploads\/2020\/04\/NYPL_The_Zodiakal_Light.jpg\" alt=\"\" width=\"1920\" height=\"2498\" srcset=\"https:\/\/www.darksky.ch\/dss\/wp-content\/uploads\/2020\/04\/NYPL_The_Zodiakal_Light.jpg 1920w, https:\/\/www.darksky.ch\/dss\/wp-content\/uploads\/2020\/04\/NYPL_The_Zodiakal_Light-231x300.jpg 231w, https:\/\/www.darksky.ch\/dss\/wp-content\/uploads\/2020\/04\/NYPL_The_Zodiakal_Light-784x1020.jpg 784w, https:\/\/www.darksky.ch\/dss\/wp-content\/uploads\/2020\/04\/NYPL_The_Zodiakal_Light-1181x1536.jpg 1181w, https:\/\/www.darksky.ch\/dss\/wp-content\/uploads\/2020\/04\/NYPL_The_Zodiakal_Light-1574x2048.jpg 1574w, https:\/\/www.darksky.ch\/dss\/wp-content\/uploads\/2020\/04\/NYPL_The_Zodiakal_Light-1200x1561.jpg 1200w\" sizes=\"auto, (max-width: 709px) 85vw, (max-width: 909px) 67vw, (max-width: 1362px) 62vw, 840px\" \/><\/a><\/p>\n<pre>Rare Book Division, The New York Public Library. \"The zodiacal light\" The New York Public Library Digital Collections. 1881 - 1882. <a href=\"\/\/digitalcollections.nypl.org\/items\/510d47dd-e81d-a3d9-e040-e00a18064a99\" target=\"_blank\" rel=\"noopener noreferrer\">\/\/digitalcollections.nypl.org\/items\/510d47dd-e81d-a3d9-e040-e00a18064a99<\/a><\/pre>\n\n\n\n<p>La costa nord-occidentale di La Palma offre molte opportunit\u00e0 per scendere in ampi serpentoni, spesso assicurati da ringhiere, attraverso una ripida parete che scende verso la costa dell&#8217;Oceano Atlantico. Questo panorama \u00e8 stato creato durante il tardo crepuscolo su una lingua di lava piatta con la bassa marea. All&#8217;estrema sinistra dell&#8217;immagine \u00e8 visibile la luce di una casetta costruita nel ripido massiccio roccioso. Il simpaticissimo pescatore che vive l\u00ec avverte i fotografi esuberanti e li invita a osservare bene il mare. L&#8217;Atlantico \u00e8 imprevedibile.<\/p>\n<p>Un po&#8217; oscurata dal massiccio roccioso si vede la delicata luce zodiacale. Accanto ad essa si trovano le costellazioni di Lyre e Swan con le loro stelle principali Vega e Deneb, entrambe riflesse in uno stagno di lava con acqua calma. Proseguendo la &#8220;passeggiata&#8221; verso destra, dal punto pi\u00f9 alto dell&#8217;arco della Via Lattea &#8211; esattamente al centro del panorama dove si trova la costellazione Cassiopeia &#8211; si arriva a un ammasso stellare doppio brillante, poi alla costellazione Perseo e infine alle Pleiadi e alle Iadi, due ammassi stellari aperti facilmente riconoscibili.<\/p>\n<p><a href=\"\/\/www.darksky.ch\/dss\/wp-content\/uploads\/2020\/04\/5_DSC4303-Min_Horizon_Noise_Panorama_with_Orton_sharp_screen_4k.jpg\" target=\"_blank\" rel=\"noopener noreferrer\"><img loading=\"lazy\" decoding=\"async\" class=\"aligncenter wp-image-12005\" src=\"http:\/\/www.darksky.ch\/dss\/wp-content\/uploads\/2020\/04\/5_DSC4303-Min_Horizon_Noise_Panorama_with_Orton_sharp_screen_4k-scaled.jpg\" alt=\"Milky Way over low tide northwest-coast of La Palma. Mirrored stars Vega and Deneb in the sea, Lyra and Swan, Cassiopeia and Pleiades and Hyades in the sky. Zodiacal partly light behind coastal silhouette.\" width=\"4976\" height=\"2160\" srcset=\"https:\/\/www.darksky.ch\/dss\/wp-content\/uploads\/2020\/04\/5_DSC4303-Min_Horizon_Noise_Panorama_with_Orton_sharp_screen_4k-scaled.jpg 2560w, https:\/\/www.darksky.ch\/dss\/wp-content\/uploads\/2020\/04\/5_DSC4303-Min_Horizon_Noise_Panorama_with_Orton_sharp_screen_4k-300x130.jpg 300w, https:\/\/www.darksky.ch\/dss\/wp-content\/uploads\/2020\/04\/5_DSC4303-Min_Horizon_Noise_Panorama_with_Orton_sharp_screen_4k-1020x443.jpg 1020w, https:\/\/www.darksky.ch\/dss\/wp-content\/uploads\/2020\/04\/5_DSC4303-Min_Horizon_Noise_Panorama_with_Orton_sharp_screen_4k-1536x667.jpg 1536w, https:\/\/www.darksky.ch\/dss\/wp-content\/uploads\/2020\/04\/5_DSC4303-Min_Horizon_Noise_Panorama_with_Orton_sharp_screen_4k-2048x889.jpg 2048w, https:\/\/www.darksky.ch\/dss\/wp-content\/uploads\/2020\/04\/5_DSC4303-Min_Horizon_Noise_Panorama_with_Orton_sharp_screen_4k-1200x521.jpg 1200w\" sizes=\"auto, (max-width: 709px) 85vw, (max-width: 909px) 67vw, (max-width: 1362px) 62vw, 840px\" \/><\/a><\/p>\n<pre>Nightscape panorama \u2013 two rows \u2013 nine camera positions per row \u2013 landscape: one frame per camera position, f\/3.2, ISO 800, 30 sec \u2013 sky: three frames per camera position, f\/3.2, ISO 6400, 15 sec, images noise reduced in Starry Landscape Stacker \u2013 landscape and sky images blended in Photoshop and aligned in PTGui \u2013 Sony A7s not astro-modified, Zeiss Batis 18mm \u2013 landscape: 18 frames taken between 19:04 and 19:16 \u2013 sky: 54 frames taken between 19:58 and 20:11 on December 23rd 2019.<\/pre>\n\n\n\n<p>Questo panorama a 180 gradi punta direttamente a nord; al centro dell&#8217;immagine c&#8217;\u00e8 la Stella Polare. Il cielo stellato \u00e8 stato fotografato da sinistra a destra in otto minuti &#8211; questo durante il tramonto della luna in direzione ovest-sud-ovest. La dispersione di Rayleigh della luce lunare ha fatto s\u00ec che il cielo occidentale avesse un debole colore bluastro vicino all&#8217;orizzonte. In questo momento &#8211; alle 03:18 &#8211; il punto pi\u00f9 alto della Via Lattea ha raggiunto un&#8217;altitudine di quasi sessanta gradi e poteva essere catturato in un panorama a due linee senza una forte distorsione ottica delle alte stelle distese. All&#8217;inizio del crepuscolo astronomico alle 06:49 l&#8217;arco della Via Lattea ha raggiunto il suo apice.<\/p>\n<p>L&#8217;intenzione del fotografo era quella di catturare alcune stelle cadenti del flusso di meteoriti dei Draconidi sotto l&#8217;arco della Via Lattea nel tempo rimanente fino al tramonto. Il flusso di meteoriti dovrebbe raggiungere il suo massimo durante questa notte; il suo irraggiamento \u00e8 vicino all&#8217;orizzonte nella costellazione del Drago a sinistra della Polaris. Ma su nessuna delle diverse centinaia di immagini era visibile un meteorite significativo&#8230; Infine, durante l&#8217;alba, il paesaggio straordinariamente impressionante della Cumbrecita e della Caldera de Taburiente a La Palma \u00e8 stato fotografato per immortalarlo insieme all&#8217;impressionante cielo stellato.<\/p>\n<p><a href=\"\/\/www.darksky.ch\/dss\/wp-content\/uploads\/2020\/04\/7_DSC9714_Panorama_RealStars_Tonal_Contrast_Sky_screen_4k.jpg\" target=\"_blank\" rel=\"noopener noreferrer\"><img loading=\"lazy\" decoding=\"async\" class=\"aligncenter wp-image-12003\" src=\"http:\/\/www.darksky.ch\/dss\/wp-content\/uploads\/2020\/04\/7_DSC9714_Panorama_RealStars_Tonal_Contrast_Sky_screen_4k-scaled.jpg\" alt=\"Polaris and the Milky Way after moonset. Wild-romantic landscape of Cumbrecita and Caldera de Taburiente on La Palma.\" width=\"3840\" height=\"2534\"><\/a><\/p>\n<pre>Nightscape panorama \u2013 two rows \u2013 six camera positions per row \u2013 landscape: one frame per camera position, f\/2.8, ISO 800, 2 sec \u2013 sky: three frames per camera position, f\/2.8, ISO 6400, 10 sec, images noise reduced in Starry Landscape Stacker \u2013 landscape and sky images blended in Photoshop and aligned in PTGui \u2013 Sony A7s not astro-modified, Zeiss Batis 18mm \u2013 landscape: 12 frames taken between 07:33 and 07:34 \u2013 sky: 36 frames taken between 03:14 and 03:22 on October 8th 2019.<\/pre>\n\n\n\n<p>La Via Lattea si erge quasi verticalmente dall&#8217;Oceano Atlantico, incastonata in essa \u00e8 la costellazione Cassiopeia, sul suo lato sinistro \u00e8 visibile la galassia di Andromeda. Un&#8217;onda che si rovescia nella zona del surf provoca un&#8217;intensa luce marina per un breve periodo di tempo e allo stesso tempo un meteorite brucia quando entra nell&#8217;atmosfera terrestre. Entrambi gli eventi sono accompagnati da luci verdi e arancioni del cielo notturno.<\/p>\n<p>Questa immagine \u00e8 stata scattata alle 6:53 del mattino &#8211; poco dopo l&#8217;inizio del crepuscolo astronomico &#8211; sulla costa occidentale del nord di La Palma. La luce blu-verde del bagliore del mare \u00e8 causata da microrganismi che sono esposti a maggiori stimoli di contatto nell&#8217;onda di rotolamento ed emettono quindi bioluminescenza. Con un ritardo inferiore al millesimo di secondo, l&#8217;emissione luminosa della meteora e la luce del cielo notturno arrivano nella nostra atmosfera da un&#8217;altitudine di 100-300 chilometri. La luce della stella principale di Cassiopea, Schedir, impiega 230 anni per raggiungerci, e la vicina galassia Andromeda si trova a circa due milioni e mezzo di anni luce di distanza. Passato immediato e tardivo in un&#8217;unica immagine.<\/p>\n<p><strong><a href=\"\/\/www.darksky.ch\/dss\/wp-content\/uploads\/2020\/04\/4_DSC0799_BIOLUMINESCENCE_original_sky_2nd_treat_screen_4k.jpg\" target=\"_blank\" rel=\"noopener noreferrer\"><img loading=\"lazy\" decoding=\"async\" class=\"aligncenter wp-image-12006\" src=\"http:\/\/www.darksky.ch\/dss\/wp-content\/uploads\/2020\/04\/4_DSC0799_BIOLUMINESCENCE_original_sky_2nd_treat_screen_4k-scaled.jpg\" alt=\"Vertical Milky way over Atlantic Ocean, Cassiopeia and Andromeda, bioluminescence in sea wave, single meteor hitting atmosphere close to horizon. Natural night sky glow. Northwest of La Palma.\" width=\"3840\" height=\"2565\" srcset=\"https:\/\/www.darksky.ch\/dss\/wp-content\/uploads\/2020\/04\/4_DSC0799_BIOLUMINESCENCE_original_sky_2nd_treat_screen_4k-scaled.jpg 2560w, https:\/\/www.darksky.ch\/dss\/wp-content\/uploads\/2020\/04\/4_DSC0799_BIOLUMINESCENCE_original_sky_2nd_treat_screen_4k-300x200.jpg 300w, https:\/\/www.darksky.ch\/dss\/wp-content\/uploads\/2020\/04\/4_DSC0799_BIOLUMINESCENCE_original_sky_2nd_treat_screen_4k-1020x681.jpg 1020w, https:\/\/www.darksky.ch\/dss\/wp-content\/uploads\/2020\/04\/4_DSC0799_BIOLUMINESCENCE_original_sky_2nd_treat_screen_4k-1536x1026.jpg 1536w, https:\/\/www.darksky.ch\/dss\/wp-content\/uploads\/2020\/04\/4_DSC0799_BIOLUMINESCENCE_original_sky_2nd_treat_screen_4k-2048x1368.jpg 2048w, https:\/\/www.darksky.ch\/dss\/wp-content\/uploads\/2020\/04\/4_DSC0799_BIOLUMINESCENCE_original_sky_2nd_treat_screen_4k-1200x802.jpg 1200w\" sizes=\"auto, (max-width: 709px) 85vw, (max-width: 909px) 67vw, (max-width: 1362px) 62vw, 840px\" \/><\/a><\/strong><\/p>\n<pre>Sony A7s not astro-modified \u2013 main frame with meteor and bioluminescence taken at 06:53, Zeiss Batis 18mm, f\/2.8, ISO 6400, 10 sec \u2013 additionally eight frames were taken for noise reduction in Starry Landscape Stacker \u2013 altogether 9 frames taken between 06:52 and 06:54 on October 10th 2019.<\/pre>\n\n\n\n<p>Nel luglio 2019 il pianeta Giove si trovava accanto ad Antares, la stella pi\u00f9 luminosa della costellazione dello Scorpione, e il pianeta Saturno nella costellazione del Sagittario. I due pianeti fiancheggiavano il centro galattico nella parte pi\u00f9 luminosa della Via Lattea. Il periodo orbitale siderale di Saturno \u00e8 di 29,5 anni e mezzo; ogni ventinove anni e mezzo Saturno ritorna nello stesso posto nel cielo stellato fisso.<\/p>\n<p>L&#8217;antico ginepro fenicio (ginepro turbinato) visibile in queste due immagini contro la luce delle stelle &#8211; nei secoli \u00e8 stato grottescamente deformato dagli alisei di nord-est su El Hierro &#8211; ha spesso assistito al ritorno del pianeta Saturno nella costellazione del Sagittario; la specie pu\u00f2 vivere fino a mille anni.<\/p>\n<p>Lo scatto A \u00e8 stato scattato senza una buona messa a fuoco. Mostra le molte migliaia di stelle e la struttura della Via Lattea, che si pu\u00f2 vedere in una notte molto buia. L&#8217;uso di una sfocatura nell&#8217;immagine B fa s\u00ec che le stelle pi\u00f9 luminose si distinguano da quelle pi\u00f9 scure; la costellazione dello Scorpione \u00e8 quindi pi\u00f9 facile da vedere. Il treppiede della telecamera ha dovuto essere appesantito con pi\u00f9 di dieci chilogrammi di rocce per resistere al vento di nord-est.<\/p>\n<p><a href=\"\/\/www.darksky.ch\/dss\/wp-content\/uploads\/2020\/04\/3A_DSC5934-sans_diffuseur_4k.jpg\" target=\"_blank\" rel=\"noopener noreferrer\"><img loading=\"lazy\" decoding=\"async\" class=\"aligncenter wp-image-12008\" src=\"http:\/\/www.darksky.ch\/dss\/wp-content\/uploads\/2020\/04\/3A_DSC5934-sans_diffuseur_4k-scaled.jpg\" alt=\"Jupiter close to Antares, Scorpio; Saturn in Sagittarius, galactic center of the Milky Way. Phoenician Juniper silhouette at horizon on El Hierro. No soft focus applied.\" width=\"3840\" height=\"2561\" srcset=\"https:\/\/www.darksky.ch\/dss\/wp-content\/uploads\/2020\/04\/3A_DSC5934-sans_diffuseur_4k-scaled.jpg 2560w, https:\/\/www.darksky.ch\/dss\/wp-content\/uploads\/2020\/04\/3A_DSC5934-sans_diffuseur_4k-300x200.jpg 300w, https:\/\/www.darksky.ch\/dss\/wp-content\/uploads\/2020\/04\/3A_DSC5934-sans_diffuseur_4k-1020x680.jpg 1020w, https:\/\/www.darksky.ch\/dss\/wp-content\/uploads\/2020\/04\/3A_DSC5934-sans_diffuseur_4k-1536x1024.jpg 1536w, https:\/\/www.darksky.ch\/dss\/wp-content\/uploads\/2020\/04\/3A_DSC5934-sans_diffuseur_4k-2048x1365.jpg 2048w, https:\/\/www.darksky.ch\/dss\/wp-content\/uploads\/2020\/04\/3A_DSC5934-sans_diffuseur_4k-1200x800.jpg 1200w\" sizes=\"auto, (max-width: 709px) 85vw, (max-width: 909px) 67vw, (max-width: 1362px) 62vw, 840px\" \/><\/a><\/p>\n<pre>Picture A: Sony A7s not astro-modified, Zeiss Batis 18mm, f\/2.8, ISO 6400, 10 sec \u2013 45 frames taken between 23:51 and 00:01 on July 23rd 2019 \u2013 images noise reduced in Starry Landscape Stacker.<\/pre>\n<p><a href=\"\/\/www.darksky.ch\/dss\/wp-content\/uploads\/2020\/04\/3B_DSC5934-avec-diffuseur_COKIN_Z830_4k.jpg\" target=\"_blank\" rel=\"noopener noreferrer\"><img loading=\"lazy\" decoding=\"async\" class=\"aligncenter wp-image-12007\" src=\"http:\/\/www.darksky.ch\/dss\/wp-content\/uploads\/2020\/04\/3B_DSC5934-avec-diffuseur_COKIN_Z830_4k-scaled.jpg\" alt=\"Soft focus allows for better visibility of the bright against the faint stars. Jupiter close to Antares, Scorpio; Saturn in Sagittarius, galactic center of the Milky Way. Phoenician Juniper silhouette at horizon on El Hierro.\" width=\"3840\" height=\"2561\" srcset=\"https:\/\/www.darksky.ch\/dss\/wp-content\/uploads\/2020\/04\/3B_DSC5934-avec-diffuseur_COKIN_Z830_4k-scaled.jpg 2560w, https:\/\/www.darksky.ch\/dss\/wp-content\/uploads\/2020\/04\/3B_DSC5934-avec-diffuseur_COKIN_Z830_4k-300x200.jpg 300w, https:\/\/www.darksky.ch\/dss\/wp-content\/uploads\/2020\/04\/3B_DSC5934-avec-diffuseur_COKIN_Z830_4k-1020x680.jpg 1020w, https:\/\/www.darksky.ch\/dss\/wp-content\/uploads\/2020\/04\/3B_DSC5934-avec-diffuseur_COKIN_Z830_4k-1536x1024.jpg 1536w, https:\/\/www.darksky.ch\/dss\/wp-content\/uploads\/2020\/04\/3B_DSC5934-avec-diffuseur_COKIN_Z830_4k-2048x1365.jpg 2048w, https:\/\/www.darksky.ch\/dss\/wp-content\/uploads\/2020\/04\/3B_DSC5934-avec-diffuseur_COKIN_Z830_4k-1200x800.jpg 1200w\" sizes=\"auto, (max-width: 709px) 85vw, (max-width: 909px) 67vw, (max-width: 1362px) 62vw, 840px\" \/><\/a><\/p>\n<pre>Picture B: Sony A7s not astro-modified, Zeiss Batis 18mm, f\/2.8, ISO 6400, 10 sec \u2013 19 frames taken between 23:28 and 23:32 on July 23rd 2019 \u2013 using a diffuser to see the constellations more clearly \u2013 images noise reduced in Starry Landscape Stacker.<\/pre>\n","protected":false},"excerpt":{"rendered":"<p>Paesaggi Notturni\u2013 come ce li sognamo Oggi Dark-Sky Switzerland si considera un&#8217;organizzazione ambientalista. Tuttavia, sono stati gli astronomi ad accorgersi per primi dell&#8217;aumento dell&#8217;inquinamento luminoso nel loro lavoro. Erano presenti quando \u00e8 stata fondata la International Dark-Sky Association (IDA), di cui fa parte anche la Dark-Sky Switzerland. Sono stati tra i primi a notare la &hellip; <a href=\"https:\/\/www.darksky.ch\/dss\/it\/ispirazione\/paesaggi-notturni\/\" class=\"more-link\">Continue reading<span class=\"screen-reader-text\"> &#8220;Paesaggi Notturni&#8221;<\/span><\/a><\/p>\n","protected":false},"author":10,"featured_media":0,"parent":208,"menu_order":0,"comment_status":"closed","ping_status":"closed","template":"","meta":{"_acf_changed":false,"footnotes":""},"class_list":["post-11950","page","type-page","status-publish","hentry"],"acf":[],"_links":{"self":[{"href":"https:\/\/www.darksky.ch\/dss\/it\/wp-json\/wp\/v2\/pages\/11950","targetHints":{"allow":["GET"]}}],"collection":[{"href":"https:\/\/www.darksky.ch\/dss\/it\/wp-json\/wp\/v2\/pages"}],"about":[{"href":"https:\/\/www.darksky.ch\/dss\/it\/wp-json\/wp\/v2\/types\/page"}],"author":[{"embeddable":true,"href":"https:\/\/www.darksky.ch\/dss\/it\/wp-json\/wp\/v2\/users\/10"}],"replies":[{"embeddable":true,"href":"https:\/\/www.darksky.ch\/dss\/it\/wp-json\/wp\/v2\/comments?post=11950"}],"version-history":[{"count":30,"href":"https:\/\/www.darksky.ch\/dss\/it\/wp-json\/wp\/v2\/pages\/11950\/revisions"}],"predecessor-version":[{"id":12081,"href":"https:\/\/www.darksky.ch\/dss\/it\/wp-json\/wp\/v2\/pages\/11950\/revisions\/12081"}],"up":[{"embeddable":true,"href":"https:\/\/www.darksky.ch\/dss\/it\/wp-json\/wp\/v2\/pages\/208"}],"wp:attachment":[{"href":"https:\/\/www.darksky.ch\/dss\/it\/wp-json\/wp\/v2\/media?parent=11950"}],"curies":[{"name":"wp","href":"https:\/\/api.w.org\/{rel}","templated":true}]}}